{"id":779,"date":"2020-05-30T09:54:49","date_gmt":"2020-05-30T07:54:49","guid":{"rendered":"https:\/\/agora.xtec.cat\/iestona\/?page_id=779"},"modified":"2023-06-05T19:38:54","modified_gmt":"2023-06-05T17:38:54","slug":"projecte-2n-eso","status":"publish","type":"page","link":"https:\/\/agora.xtec.cat\/iestona\/projectes\/projecte-2n-eso\/","title":{"rendered":"Projecte 2n ESO"},"content":{"rendered":"<p dir=\"ltr\">Els alumnes de 2n d\u2019ESO fan un <strong>primer<\/strong> projecte que \u00e9s la Fiira Medieval de l\u2019Institut de Tona per col\u00b7laborar amb la Marat\u00f3 de TV3.\u00a0 Un projecte que s\u2019emmarca en el treball que fem al voltant de la cultura i els valors i que, a m\u00e9s, ens permet descobrir t\u00e8cniques de construcci\u00f3 i desenvolupament de petites propostes.<\/p>\n<p dir=\"ltr\">Preparar aquesta fira \u00e9s tota una experi\u00e8ncia i tot un aprenentatge. Cal pensar, dissenyar i construir els diferents productes que volien vendre-hi. Hem apr\u00e8s a tallar i cosir per fer-nos un vestuari adient per a l\u2019ocasi\u00f3.<\/p>\n<p dir=\"ltr\">Es prepara la decoraci\u00f3 i distribuci\u00f3 de la Fira. Tamb\u00e9 programen activitats: actuacions musicals, dansa, batuca, espectacles amb foc, parades de menjar,i altres. Per descomptat, ha calgut dissenyar cartells i fer v\u00eddeos promocionals per tal de fer-ne difusi\u00f3.<\/p>\n<p dir=\"ltr\">Tot aix\u00f2 ens ha perm\u00e8s acumular un munt d\u2019experi\u00e8ncies i aprenentatges nous que no oblidarem mai.<\/p>\n<p dir=\"ltr\"><a href=\"https:\/\/drive.google.com\/drive\/folders\/1EUqZXs0Tv5WTfWfhLLyCzWYVb8FKiBuv?usp=share_link\" target=\"_blank\" rel=\"noopener noreferrer\">Aqu\u00ed podeu veure les fotografies del dia de la fira.<\/a><\/p>\n<p>Per\u00f2 no ho vam fer sols, ja que vam comptat amb l\u2019ajuda desinteressada de moltes entitats i persones a les quals estem molt agra\u00efts.<\/p>\n<p>Gr\u00e0cies a aquestes col\u00b7laboracions, vam poder arribar a molta gent i fer de la nostre Fira un esdeveniment col\u00b7laboratiu\u00a0 amb moltes persones de Tona i rodalies: l\u2019Ajuntament de Tona, l\u2019Escola d\u2019Hostaleria d\u2019Osona, les artesanes que ens van ensenyar a fer els productes, i totes les entitats que van venir a animar la fira: l\u2019Escola de M\u00fasica de Tona, la Batuca i l\u2019I\u00f1aki Larrea.<\/p>\n<p>&nbsp;<\/p>\n<p dir=\"ltr\">Estem molt agra\u00efts a tot el poble per l\u2019acollida que va tenir la proposta i tamb\u00e9 per la resposta solid\u00e0ria que va permetre recollir prop de tres mil euros per a la investigaci\u00f3 de les malalties minorit\u00e0ries.<\/p>\n<p dir=\"ltr\">Ja us podeu imaginar que tenim moltes ganes de poder encarar una propera edici\u00f3!\u00e7<\/p>\n<p dir=\"ltr\">El <strong>segon<\/strong> projecte \u00e9s la realitzaci\u00f3 d&#8217;un musical. Aquest curs hem apostat per La Nit de Sant Joan de Dagoll-Dagom. Els alumnes han preparat el seus propis vestits, decoraci\u00f3 i gui\u00f3. Cadasc\u00fa ha pogut participar en el paper que m\u00e9s li encaixava perqu\u00e8 es pogu\u00e9s sentir c\u00f2mode.<\/p>\n<p dir=\"ltr\"><a href=\"https:\/\/drive.google.com\/drive\/folders\/1T-VOK5rxiKueEu_fJpokIncb-jHrOUkF?usp=share_link\">Aqu\u00ed teniu un recull de fotografies.<\/a><\/p>\n<p dir=\"ltr\">\n","protected":false},"excerpt":{"rendered":"<p>Els alumnes de 2n d\u2019ESO fan un primer projecte que \u00e9s la Fiira Medieval de l\u2019Institut de Tona per col\u00b7laborar amb la Marat\u00f3 de TV3.\u00a0 Un projecte que s\u2019emmarca en el treball que fem al voltant de la cultura i els valors i que, a&hellip;  <a href=\"https:\/\/agora.xtec.cat\/iestona\/projectes\/projecte-2n-eso\/\" title=\"Read Projecte 2n ESO\">Llegeix m\u00e9s\u00bb<\/a><\/p>\n","protected":false},"author":1,"featured_media":0,"parent":678,"menu_order":110,"comment_status":"closed","ping_status":"closed","template":"page-templates\/side-menu.php","meta":{"_bbp_topic_count":0,"_bbp_reply_count":0,"_bbp_total_topic_count":0,"_bbp_total_reply_count":0,"_bbp_voice_count":0,"_bbp_anonymous_reply_count":0,"_bbp_topic_count_hidden":0,"_bbp_reply_count_hidden":0,"_bbp_forum_subforum_count":0,"footnotes":""},"class_list":["post-779","page","type-page","status-publish","hentry"],"post_mailing_queue_ids":[],"_links":{"self":[{"href":"https:\/\/agora.xtec.cat\/iestona\/wp-json\/wp\/v2\/pages\/779","targetHints":{"allow":["GET"]}}],"collection":[{"href":"https:\/\/agora.xtec.cat\/iestona\/wp-json\/wp\/v2\/pages"}],"about":[{"href":"https:\/\/agora.xtec.cat\/iestona\/wp-json\/wp\/v2\/types\/page"}],"author":[{"embeddable":true,"href":"https:\/\/agora.xtec.cat\/iestona\/wp-json\/wp\/v2\/users\/1"}],"replies":[{"embeddable":true,"href":"https:\/\/agora.xtec.cat\/iestona\/wp-json\/wp\/v2\/comments?post=779"}],"version-history":[{"count":3,"href":"https:\/\/agora.xtec.cat\/iestona\/wp-json\/wp\/v2\/pages\/779\/revisions"}],"predecessor-version":[{"id":3357,"href":"https:\/\/agora.xtec.cat\/iestona\/wp-json\/wp\/v2\/pages\/779\/revisions\/3357"}],"up":[{"embeddable":true,"href":"https:\/\/agora.xtec.cat\/iestona\/wp-json\/wp\/v2\/pages\/678"}],"wp:attachment":[{"href":"https:\/\/agora.xtec.cat\/iestona\/wp-json\/wp\/v2\/media?parent=779"}],"curies":[{"name":"wp","href":"https:\/\/api.w.org\/{rel}","templated":true}]}}