{"id":777,"date":"2020-05-30T09:54:08","date_gmt":"2020-05-30T07:54:08","guid":{"rendered":"https:\/\/agora.xtec.cat\/iestona\/?page_id=777"},"modified":"2023-06-05T19:30:04","modified_gmt":"2023-06-05T17:30:04","slug":"projecte-1r-eso","status":"publish","type":"page","link":"https:\/\/agora.xtec.cat\/iestona\/projectes\/projecte-1r-eso\/","title":{"rendered":"Projecte 1r ESO"},"content":{"rendered":"<p dir=\"ltr\">Fa ja uns anys que els alumnes de 1r d\u2019ESO treballen per projectes i hi dediquen 3 hores a la setmana tot el curs per desenvolupar-ne un total de dos. Un dels objectius del treball per projectes \u00e9s el desenvolupament de les compet\u00e8ncies per treballar en grup i de l&#8217;\u00e0mbit de cultura i valors.<\/p>\n<p dir=\"ltr\">Els projectes d\u2019aquest curs s\u00f3n \u201cLa volta al m\u00f3n en 24 dies: fira de turisme\u201d i \u201cODS\u201d.<\/p>\n<p dir=\"ltr\">Durant la fira es podien visitar 18 pa\u00efsos i es van poder tastar plats t\u00edpics, descobrir la seva hist\u00f2ria, veure mapes pol\u00edtics i f\u00edsics, com \u00e9s el seu ecosistema, con\u00e8ixer els escriptors i cient\u00edfics m\u00e9s populars i descobrir els seus costums i balls populars.<\/p>\n<p dir=\"ltr\"><a href=\"https:\/\/drive.google.com\/drive\/folders\/19-BfNTvGl6V6jhybaas9L5_AgHENeby5?usp=share_link\">Aqu\u00ed podeu veure les fotografies del primer projecte.<\/a><\/p>\n<p dir=\"ltr\">El segon projecte \u00e9s sobre el tema &#8220;agenda 2030&#8221;. Cada grup ha estat treballant un dels <span class=\"il\">ODS<\/span> (Objectius de Desenvolupament Sostenible). Cada grup presebta l&#8217;ODS\u00a0i l&#8217;ONG escollida associada a l&#8217;<span class=\"il\">ODS<\/span>, han programat jocs de Scratch i han dissenyat una figura en 3D amb el programa Sketchup.<\/p>\n<p dir=\"ltr\">\n","protected":false},"excerpt":{"rendered":"<p>Fa ja uns anys que els alumnes de 1r d\u2019ESO treballen per projectes i hi dediquen 3 hores a la setmana tot el curs per desenvolupar-ne un total de dos. Un dels objectius del treball per projectes \u00e9s el desenvolupament de les compet\u00e8ncies per treballar&hellip;  <a href=\"https:\/\/agora.xtec.cat\/iestona\/projectes\/projecte-1r-eso\/\" title=\"Read Projecte 1r ESO\">Llegeix m\u00e9s\u00bb<\/a><\/p>\n","protected":false},"author":1,"featured_media":0,"parent":678,"menu_order":100,"comment_status":"closed","ping_status":"closed","template":"page-templates\/side-menu.php","meta":{"_bbp_topic_count":0,"_bbp_reply_count":0,"_bbp_total_topic_count":0,"_bbp_total_reply_count":0,"_bbp_voice_count":0,"_bbp_anonymous_reply_count":0,"_bbp_topic_count_hidden":0,"_bbp_reply_count_hidden":0,"_bbp_forum_subforum_count":0,"footnotes":""},"class_list":["post-777","page","type-page","status-publish","hentry"],"post_mailing_queue_ids":[],"_links":{"self":[{"href":"https:\/\/agora.xtec.cat\/iestona\/wp-json\/wp\/v2\/pages\/777","targetHints":{"allow":["GET"]}}],"collection":[{"href":"https:\/\/agora.xtec.cat\/iestona\/wp-json\/wp\/v2\/pages"}],"about":[{"href":"https:\/\/agora.xtec.cat\/iestona\/wp-json\/wp\/v2\/types\/page"}],"author":[{"embeddable":true,"href":"https:\/\/agora.xtec.cat\/iestona\/wp-json\/wp\/v2\/users\/1"}],"replies":[{"embeddable":true,"href":"https:\/\/agora.xtec.cat\/iestona\/wp-json\/wp\/v2\/comments?post=777"}],"version-history":[{"count":3,"href":"https:\/\/agora.xtec.cat\/iestona\/wp-json\/wp\/v2\/pages\/777\/revisions"}],"predecessor-version":[{"id":3355,"href":"https:\/\/agora.xtec.cat\/iestona\/wp-json\/wp\/v2\/pages\/777\/revisions\/3355"}],"up":[{"embeddable":true,"href":"https:\/\/agora.xtec.cat\/iestona\/wp-json\/wp\/v2\/pages\/678"}],"wp:attachment":[{"href":"https:\/\/agora.xtec.cat\/iestona\/wp-json\/wp\/v2\/media?parent=777"}],"curies":[{"name":"wp","href":"https:\/\/api.w.org\/{rel}","templated":true}]}}