{"id":775,"date":"2020-05-30T09:53:07","date_gmt":"2020-05-30T07:53:07","guid":{"rendered":"https:\/\/agora.xtec.cat\/iestona\/?page_id=775"},"modified":"2024-05-01T11:24:34","modified_gmt":"2024-05-01T09:24:34","slug":"tots-som-joves-tots-som-grans","status":"publish","type":"page","link":"https:\/\/agora.xtec.cat\/iestona\/projectes\/tots-som-joves-tots-som-grans\/","title":{"rendered":"Tots som joves tots som grans"},"content":{"rendered":"<p>L&#8217;Aprenentatge Servei, conegut com a APS, \u00e9s una proposta educativa que combina processos d&#8217;aprenentatge i de servei a la comunitat en un sol projecte ben articulat, en el qual els participants aprenen tot treballant en necessitats reals de l&#8217;entorn amb la finalitat de millorar-lo.<\/p>\n<p>Des del curs 2016-2017, a l&#8217;Institut de Tona, amb col\u00b7laboraci\u00f3 amb la Mancomunitat La Plana i l&#8217;Ajuntament de Tona, tenim en marxa: <b><strong>Tots som joves, tots som grans<\/strong><\/b>. Aquest projecte consisteix a realitzar uns tallers per als avis del poble per tal que puguin aprendre aspectes relacionats amb les noves tecnologies.<\/p>\n<p>Aix\u00ed, els alumnes de quart d&#8217;ESO, a trav\u00e9s de les assignatures d&#8217;Inform\u00e0tica, Cultura i valors i Llengua anglesa, han dissenyat quatre sessions per al mes de febrer i quatre m\u00e9s per al maig per tal de poder ensenyar als avis interessats com fer funcionar un <i><em>smartphone,\u00a0<\/em><\/i>un ordinador port\u00e0til o una tauleta.<\/p>\n<p>A cada sessi\u00f3, cada persona gran ha tingut un o dos joves, que el tutoritzaven i el guiaven en el seu aprenentatge. Aix\u00f2 ha perm\u00e8s que els avis s&#8217;apropessin m\u00e9s al m\u00f3n de la comunicaci\u00f3 instant\u00e0nia i que els joves s&#8217;acostessin m\u00e9s a una edat que sovint veuen com a llunyana i a la qual dediquen poc temps.<\/p>\n<p>El projecte ha estat valorat molt positivament per part de tots els participants i organitzadors i esperem poder-ne fer m\u00e9s edicions en cursos propers perqu\u00e8, en definitiva,\u00a0<b><strong>tots som joves i tots som grans!<\/strong><\/b><\/p>\n<p>&nbsp;<\/p>\n<p>&nbsp;<\/p>\n","protected":false},"excerpt":{"rendered":"<p>L&#8217;Aprenentatge Servei, conegut com a APS, \u00e9s una proposta educativa que combina processos d&#8217;aprenentatge i de servei a la comunitat en un sol projecte ben articulat, en el qual els participants aprenen tot treballant en necessitats reals de l&#8217;entorn amb la finalitat de millorar-lo.<br \/>\nDes del&hellip;  <a href=\"https:\/\/agora.xtec.cat\/iestona\/projectes\/tots-som-joves-tots-som-grans\/\" title=\"Read Tots som joves tots som grans\">Llegeix m\u00e9s\u00bb<\/a><\/p>\n","protected":false},"author":1,"featured_media":0,"parent":678,"menu_order":90,"comment_status":"closed","ping_status":"closed","template":"page-templates\/side-menu.php","meta":{"_bbp_topic_count":0,"_bbp_reply_count":0,"_bbp_total_topic_count":0,"_bbp_total_reply_count":0,"_bbp_voice_count":0,"_bbp_anonymous_reply_count":0,"_bbp_topic_count_hidden":0,"_bbp_reply_count_hidden":0,"_bbp_forum_subforum_count":0,"footnotes":""},"class_list":["post-775","page","type-page","status-publish","hentry"],"post_mailing_queue_ids":[],"_links":{"self":[{"href":"https:\/\/agora.xtec.cat\/iestona\/wp-json\/wp\/v2\/pages\/775","targetHints":{"allow":["GET"]}}],"collection":[{"href":"https:\/\/agora.xtec.cat\/iestona\/wp-json\/wp\/v2\/pages"}],"about":[{"href":"https:\/\/agora.xtec.cat\/iestona\/wp-json\/wp\/v2\/types\/page"}],"author":[{"embeddable":true,"href":"https:\/\/agora.xtec.cat\/iestona\/wp-json\/wp\/v2\/users\/1"}],"replies":[{"embeddable":true,"href":"https:\/\/agora.xtec.cat\/iestona\/wp-json\/wp\/v2\/comments?post=775"}],"version-history":[{"count":2,"href":"https:\/\/agora.xtec.cat\/iestona\/wp-json\/wp\/v2\/pages\/775\/revisions"}],"predecessor-version":[{"id":4197,"href":"https:\/\/agora.xtec.cat\/iestona\/wp-json\/wp\/v2\/pages\/775\/revisions\/4197"}],"up":[{"embeddable":true,"href":"https:\/\/agora.xtec.cat\/iestona\/wp-json\/wp\/v2\/pages\/678"}],"wp:attachment":[{"href":"https:\/\/agora.xtec.cat\/iestona\/wp-json\/wp\/v2\/media?parent=775"}],"curies":[{"name":"wp","href":"https:\/\/api.w.org\/{rel}","templated":true}]}}