{"id":771,"date":"2020-05-30T09:50:48","date_gmt":"2020-05-30T07:50:48","guid":{"rendered":"https:\/\/agora.xtec.cat\/iestona\/?page_id=771"},"modified":"2025-02-12T20:51:35","modified_gmt":"2025-02-12T19:51:35","slug":"tei","status":"publish","type":"page","link":"https:\/\/agora.xtec.cat\/iestona\/projectes\/tei\/","title":{"rendered":"TEI\/Mediaci\u00f3"},"content":{"rendered":"<div>\n<p dir=\"ltr\">La <strong>mediaci\u00f3<\/strong>\u00a0entre iguals en l\u2019\u00e0mbit d\u2019un institut \u00e9s un proc\u00e9s de resoluci\u00f3 de conflictes que implica la participaci\u00f3 activa dels mateixos estudiants per gestionar i superar situacions de tensi\u00f3 o desacord. Aquesta iniciativa es basa en el di\u00e0leg i l\u2019escolta activa, on un grup d\u2019estudiants, formats com a mediadors, actuen com a pont entre les parts implicades per facilitar la comunicaci\u00f3 i ajudar a trobar solucions consensuades.<\/p>\n<p dir=\"ltr\">Els principals <strong>objectius de la mediaci\u00f3 entre iguals<\/strong> s\u00f3n:<\/p>\n<ul>\n<li dir=\"ltr\">\n<p dir=\"ltr\" role=\"presentation\"><strong>Fomentar el respecte i la conviv\u00e8ncia<\/strong><\/p>\n<\/li>\n<li dir=\"ltr\">\n<p dir=\"ltr\" role=\"presentation\"><strong>Desenvolupar habilitats socials i emocionals<\/strong><\/p>\n<\/li>\n<li dir=\"ltr\">\n<p dir=\"ltr\" role=\"presentation\"><strong>Refor\u00e7ar la responsabilitat i l\u2019autonomia<\/strong><\/p>\n<\/li>\n<\/ul>\n<p dir=\"ltr\">En aquest proc\u00e9s, els estudiants mediadors no imposen solucions, sin\u00f3 que faciliten que les parts implicades explorin conjuntament les seves diferents perspectives i arribin a acords que satisfacin les seves necessitats. Aix\u00ed, els conflictes es converteixen en oportunitats d\u2019aprenentatge, on es promou el creixement personal i col\u00b7lectiu.<\/p>\n<p dir=\"ltr\">En resum, la mediaci\u00f3 entre iguals a l\u2019institut \u00e9s una eina per transformar els conflictes en espais de di\u00e0leg i comprensi\u00f3, contribuint a la creaci\u00f3 d\u2019un ambient educatiu m\u00e9s inclusiu, pac\u00edfic i enriquidor per a tots.<\/p>\n<p dir=\"ltr\"><strong>El Programa TEI<\/strong>\u00a0\u00e9s una iniciativa de tutoria entre iguals que t\u00e9 com a objectiu principal agermanar l&#8217;alumnat de 1r i 3r d&#8217;ESO per facilitar l&#8217;entrada a l&#8217;institut i prevenir possibles conflictes. Aquest programa crea un pont entre els estudiants m\u00e9s nous i aquells amb m\u00e9s experi\u00e8ncia, promovent un entorn de suport mutu i aprenentatge col\u00b7lectiu.<\/p>\n<p dir=\"ltr\"><strong>Objectius principals del Programa TEI:<\/strong><\/p>\n<ul>\n<li dir=\"ltr\">\n<p dir=\"ltr\" role=\"presentation\"><strong>Facilitar la transici\u00f3<\/strong><\/p>\n<\/li>\n<li dir=\"ltr\">\n<p dir=\"ltr\" role=\"presentation\"><strong>Prevenci\u00f3 de conflictes<\/strong><\/p>\n<\/li>\n<li dir=\"ltr\">\n<p dir=\"ltr\" role=\"presentation\"><strong>Desenvolupament de compet\u00e8ncies socials<\/strong><\/p>\n<\/li>\n<li dir=\"ltr\">\n<p dir=\"ltr\" role=\"presentation\"><strong>Fomentar el sentiment de pertinen\u00e7a<\/strong><\/p>\n<\/li>\n<\/ul>\n<p dir=\"ltr\">En resum, el Programa TEI \u00e9s una eina\u00a0 que no nom\u00e9s acompanya als estudiants en el seu proc\u00e9s d&#8217;adaptaci\u00f3 a l&#8217;institut, sin\u00f3 que tamb\u00e9 contribueix a crear un ambient escolar m\u00e9s segur, inclusiu i enriquidor. Mitjan\u00e7ant el suport entre iguals, es promou el creixement personal i la conviv\u00e8ncia positiva, convertint els reptes de la transici\u00f3 en oportunitats d&#8217;aprenentatge i desenvolupament compartit.<\/p>\n<p dir=\"ltr\"><strong>A manera de conclusi\u00f3, la mediaci\u00f3 entre iguals i el programa TEI s\u00f3n dos pilars que treballen de manera complement\u00e0ria per enriquir el clima educatiu de l\u2019institut. D\u2019una banda, la mediaci\u00f3 entre iguals impulsa la resoluci\u00f3 de conflictes a trav\u00e9s del di\u00e0leg i la participaci\u00f3 activa dels estudiants, convertint cada desafiament en una oportunitat d\u2019aprenentatge i creixement personal. D\u2019altra banda, el programa TEI estableix una tutoria entre iguals que agermana estudiants de 1r i 3r d\u2019ESO, facilitant la transici\u00f3 a la nova etapa educativa i promovent la prevenci\u00f3 de conflictes mitjan\u00e7ant el suport mutu i la consolidaci\u00f3 d\u2019un ambient de respecte i confian\u00e7a.<\/strong><\/p>\n<\/div>\n<div><\/div>\n<table class=\" aligncenter\" style=\"height: 441px; width: 554px; border-style: none;\" width=\"554\">\n<tbody>\n<tr>\n<td style=\"width: 265.6px; border-style: none; text-align: center;\"><a href=\"https:\/\/agora.xtec.cat\/iestona\/wp-content\/uploads\/usu2191\/2020\/12\/20190917_081927-1.jpg\"><img loading=\"lazy\" decoding=\"async\" class=\"alignnone size-large wp-image-1406 aligncenter\" src=\"https:\/\/agora.xtec.cat\/iestona\/wp-content\/uploads\/usu2191\/2020\/12\/20190917_081927-1-1024x768.jpg\" alt=\"\" width=\"1024\" height=\"768\" srcset=\"https:\/\/agora.xtec.cat\/iestona\/wp-content\/uploads\/usu2191\/2020\/12\/20190917_081927-1-1024x768.jpg 1024w, https:\/\/agora.xtec.cat\/iestona\/wp-content\/uploads\/usu2191\/2020\/12\/20190917_081927-1-300x225.jpg 300w, https:\/\/agora.xtec.cat\/iestona\/wp-content\/uploads\/usu2191\/2020\/12\/20190917_081927-1-768x576.jpg 768w, https:\/\/agora.xtec.cat\/iestona\/wp-content\/uploads\/usu2191\/2020\/12\/20190917_081927-1-200x150.jpg 200w, https:\/\/agora.xtec.cat\/iestona\/wp-content\/uploads\/usu2191\/2020\/12\/20190917_081927-1.jpg 1632w\" sizes=\"auto, (max-width: 1024px) 100vw, 1024px\" \/><\/a><\/td>\n<td style=\"width: 281.6px; border-style: none; text-align: center;\"><a href=\"https:\/\/agora.xtec.cat\/iestona\/wp-content\/uploads\/usu2191\/2020\/12\/IMG_9495-1.jpg\"><img loading=\"lazy\" decoding=\"async\" class=\"alignnone size-large wp-image-1407\" src=\"https:\/\/agora.xtec.cat\/iestona\/wp-content\/uploads\/usu2191\/2020\/12\/IMG_9495-1-1024x768.jpg\" alt=\"\" width=\"1024\" height=\"768\" srcset=\"https:\/\/agora.xtec.cat\/iestona\/wp-content\/uploads\/usu2191\/2020\/12\/IMG_9495-1-1024x768.jpg 1024w, https:\/\/agora.xtec.cat\/iestona\/wp-content\/uploads\/usu2191\/2020\/12\/IMG_9495-1-300x225.jpg 300w, https:\/\/agora.xtec.cat\/iestona\/wp-content\/uploads\/usu2191\/2020\/12\/IMG_9495-1-768x576.jpg 768w, https:\/\/agora.xtec.cat\/iestona\/wp-content\/uploads\/usu2191\/2020\/12\/IMG_9495-1-200x150.jpg 200w, https:\/\/agora.xtec.cat\/iestona\/wp-content\/uploads\/usu2191\/2020\/12\/IMG_9495-1.jpg 2016w\" sizes=\"auto, (max-width: 1024px) 100vw, 1024px\" \/><\/a><\/td>\n<\/tr>\n<tr>\n<td style=\"width: 265.6px; border-style: none; text-align: center;\"><a href=\"https:\/\/agora.xtec.cat\/iestona\/wp-content\/uploads\/usu2191\/2020\/12\/IMG_9501-1.jpg\"><img loading=\"lazy\" decoding=\"async\" class=\"alignnone size-large wp-image-1410\" src=\"https:\/\/agora.xtec.cat\/iestona\/wp-content\/uploads\/usu2191\/2020\/12\/IMG_9501-1-1024x768.jpg\" alt=\"\" width=\"1024\" height=\"768\" srcset=\"https:\/\/agora.xtec.cat\/iestona\/wp-content\/uploads\/usu2191\/2020\/12\/IMG_9501-1-1024x768.jpg 1024w, https:\/\/agora.xtec.cat\/iestona\/wp-content\/uploads\/usu2191\/2020\/12\/IMG_9501-1-300x225.jpg 300w, https:\/\/agora.xtec.cat\/iestona\/wp-content\/uploads\/usu2191\/2020\/12\/IMG_9501-1-768x576.jpg 768w, https:\/\/agora.xtec.cat\/iestona\/wp-content\/uploads\/usu2191\/2020\/12\/IMG_9501-1-200x150.jpg 200w, https:\/\/agora.xtec.cat\/iestona\/wp-content\/uploads\/usu2191\/2020\/12\/IMG_9501-1.jpg 2016w\" sizes=\"auto, (max-width: 1024px) 100vw, 1024px\" \/><\/a><\/td>\n<td style=\"width: 281.6px; border-style: none; text-align: center;\"><a href=\"https:\/\/agora.xtec.cat\/iestona\/wp-content\/uploads\/usu2191\/2020\/12\/IMG_9514-1.jpg\"><img loading=\"lazy\" decoding=\"async\" class=\"alignnone size-large wp-image-1409\" src=\"https:\/\/agora.xtec.cat\/iestona\/wp-content\/uploads\/usu2191\/2020\/12\/IMG_9514-1-1024x768.jpg\" alt=\"\" width=\"1024\" height=\"768\" srcset=\"https:\/\/agora.xtec.cat\/iestona\/wp-content\/uploads\/usu2191\/2020\/12\/IMG_9514-1-1024x768.jpg 1024w, https:\/\/agora.xtec.cat\/iestona\/wp-content\/uploads\/usu2191\/2020\/12\/IMG_9514-1-300x225.jpg 300w, https:\/\/agora.xtec.cat\/iestona\/wp-content\/uploads\/usu2191\/2020\/12\/IMG_9514-1-768x576.jpg 768w, https:\/\/agora.xtec.cat\/iestona\/wp-content\/uploads\/usu2191\/2020\/12\/IMG_9514-1-200x150.jpg 200w, https:\/\/agora.xtec.cat\/iestona\/wp-content\/uploads\/usu2191\/2020\/12\/IMG_9514-1.jpg 2016w\" sizes=\"auto, (max-width: 1024px) 100vw, 1024px\" \/><\/a><\/td>\n<\/tr>\n<\/tbody>\n<\/table>\n<p style=\"text-align: justify;\">\n<p>&nbsp;<\/p>\n","protected":false},"excerpt":{"rendered":"<p>La mediaci\u00f3\u00a0entre iguals en l\u2019\u00e0mbit d\u2019un institut \u00e9s un proc\u00e9s de resoluci\u00f3 de conflictes que implica la participaci\u00f3 activa dels mateixos estudiants per gestionar i superar situacions de tensi\u00f3 o desacord. Aquesta iniciativa es basa en el di\u00e0leg i l\u2019escolta activa, on un grup d\u2019estudiants,&hellip;  <a href=\"https:\/\/agora.xtec.cat\/iestona\/projectes\/tei\/\" title=\"Read TEI\/Mediaci\u00f3\">Llegeix m\u00e9s\u00bb<\/a><\/p>\n","protected":false},"author":1,"featured_media":0,"parent":678,"menu_order":70,"comment_status":"closed","ping_status":"closed","template":"page-templates\/side-menu.php","meta":{"_bbp_topic_count":0,"_bbp_reply_count":0,"_bbp_total_topic_count":0,"_bbp_total_reply_count":0,"_bbp_voice_count":0,"_bbp_anonymous_reply_count":0,"_bbp_topic_count_hidden":0,"_bbp_reply_count_hidden":0,"_bbp_forum_subforum_count":0,"footnotes":""},"class_list":["post-771","page","type-page","status-publish","hentry"],"post_mailing_queue_ids":[],"_links":{"self":[{"href":"https:\/\/agora.xtec.cat\/iestona\/wp-json\/wp\/v2\/pages\/771","targetHints":{"allow":["GET"]}}],"collection":[{"href":"https:\/\/agora.xtec.cat\/iestona\/wp-json\/wp\/v2\/pages"}],"about":[{"href":"https:\/\/agora.xtec.cat\/iestona\/wp-json\/wp\/v2\/types\/page"}],"author":[{"embeddable":true,"href":"https:\/\/agora.xtec.cat\/iestona\/wp-json\/wp\/v2\/users\/1"}],"replies":[{"embeddable":true,"href":"https:\/\/agora.xtec.cat\/iestona\/wp-json\/wp\/v2\/comments?post=771"}],"version-history":[{"count":4,"href":"https:\/\/agora.xtec.cat\/iestona\/wp-json\/wp\/v2\/pages\/771\/revisions"}],"predecessor-version":[{"id":1143,"href":"https:\/\/agora.xtec.cat\/iestona\/wp-json\/wp\/v2\/pages\/771\/revisions\/1143"}],"up":[{"embeddable":true,"href":"https:\/\/agora.xtec.cat\/iestona\/wp-json\/wp\/v2\/pages\/678"}],"wp:attachment":[{"href":"https:\/\/agora.xtec.cat\/iestona\/wp-json\/wp\/v2\/media?parent=771"}],"curies":[{"name":"wp","href":"https:\/\/api.w.org\/{rel}","templated":true}]}}