{"id":769,"date":"2020-05-30T09:49:38","date_gmt":"2020-05-30T07:49:38","guid":{"rendered":"https:\/\/agora.xtec.cat\/iestona\/?page_id=769"},"modified":"2025-12-07T20:18:02","modified_gmt":"2025-12-07T19:18:02","slug":"gep","status":"publish","type":"page","link":"https:\/\/agora.xtec.cat\/iestona\/projectes\/gep\/","title":{"rendered":"Aprenentatge de lleng\u00fces estrangeres"},"content":{"rendered":"<p>Potenciem l\u2019aprenentatge de les lleng\u00fces estrangeres perqu\u00e8 considerem que en el m\u00f3n globalitzat en el qual vivim s\u00f3n de gran utilitat en els estudis, en l\u2019\u00e0mbit laboral, en el temps lliure\u2026 Les lleng\u00fces enriqueixen, serveixen com a vehicle de comunicaci\u00f3 capa\u00e7 de connectar cultures i eliminar fronteres.<\/p>\n<p>Per aix\u00f2, a l\u2019Institut de Tona oferim:<\/p>\n<p>\u2013 Mat\u00e8ries no ling\u00fc\u00edstiques en angl\u00e8s (GEP).<\/p>\n<p>\u2013 Programes internacionals: eTwinning, Erasmus +.<\/p>\n<p>\u2013 Auxiliar de conversa nadiu\/a<\/p>\n<p>\u2013 Suport per l\u2019obtenci\u00f3 de certificats de l\u2019Escola Oficial d\u2019idiomes (B1, B2).<\/p>\n<p>\u2013 El franc\u00e8s com a segona llengua estrangera a tots els cursos.<\/p>\n<p>&nbsp;<\/p>\n<h4>AUXILIAR DE CONVERSA<\/h4>\n<p>Des de fa anys tenim la figura de l&#8217;auxiliar de conversa. <span style=\"color: #000000;\">Aquest curs ens acompanya la Julie Bol, que ve de Seattle, Estats Units, ajudar\u00e0 a tots als alumnes del centre (des de 1r d&#8217;ESO fins a 2n de Batxillerat). La Julie acompanya els professors de llengua anglesa a classe i col\u00b7labora de manera activa en les classes, sobretot pel que fa als aspectes de la llengua oral. Moltes vegades treballa fora de l&#8217;aula amb grups d&#8217;alumnes molt redu\u00efts per poder fer una atenci\u00f3 molt m\u00e9s personalitzada. Tamb\u00e9 fa un suport a les classes de matem\u00e0tiques i socials quan aquestes s\u00f3n impartides en llengua anglesa.<\/span><\/p>\n<p>2016-17 Ryan<\/p>\n<p>2019-20 Elizabeth<\/p>\n<p><a href=\"https:\/\/drive.google.com\/file\/d\/1yHctyf3u39uL_teF-hDNaktnRU-Wfyoi\/view?usp=sharing\">2020-21 Michael<\/a><\/p>\n<p><a href=\"https:\/\/drive.google.com\/file\/d\/11prnvbE1eQOj52nO-uMBS6gjaDFyrlNA\/view?usp=sharing\">2021-25 Julie<\/a><\/p>\n<p>&nbsp;<\/p>\n<p>&nbsp;<\/p>\n","protected":false},"excerpt":{"rendered":"<p>Potenciem l\u2019aprenentatge de les lleng\u00fces estrangeres perqu\u00e8 considerem que en el m\u00f3n globalitzat en el qual vivim s\u00f3n de gran utilitat en els estudis, en l\u2019\u00e0mbit laboral, en el temps lliure\u2026 Les lleng\u00fces enriqueixen, serveixen com a vehicle de comunicaci\u00f3 capa\u00e7 de connectar cultures i&hellip;  <a href=\"https:\/\/agora.xtec.cat\/iestona\/projectes\/gep\/\" title=\"Read Aprenentatge de lleng\u00fces estrangeres\">Llegeix m\u00e9s\u00bb<\/a><\/p>\n","protected":false},"author":1,"featured_media":0,"parent":678,"menu_order":60,"comment_status":"closed","ping_status":"closed","template":"page-templates\/side-menu.php","meta":{"_bbp_topic_count":0,"_bbp_reply_count":0,"_bbp_total_topic_count":0,"_bbp_total_reply_count":0,"_bbp_voice_count":0,"_bbp_anonymous_reply_count":0,"_bbp_topic_count_hidden":0,"_bbp_reply_count_hidden":0,"_bbp_forum_subforum_count":0,"footnotes":""},"class_list":["post-769","page","type-page","status-publish","hentry"],"post_mailing_queue_ids":[],"_links":{"self":[{"href":"https:\/\/agora.xtec.cat\/iestona\/wp-json\/wp\/v2\/pages\/769","targetHints":{"allow":["GET"]}}],"collection":[{"href":"https:\/\/agora.xtec.cat\/iestona\/wp-json\/wp\/v2\/pages"}],"about":[{"href":"https:\/\/agora.xtec.cat\/iestona\/wp-json\/wp\/v2\/types\/page"}],"author":[{"embeddable":true,"href":"https:\/\/agora.xtec.cat\/iestona\/wp-json\/wp\/v2\/users\/1"}],"replies":[{"embeddable":true,"href":"https:\/\/agora.xtec.cat\/iestona\/wp-json\/wp\/v2\/comments?post=769"}],"version-history":[{"count":7,"href":"https:\/\/agora.xtec.cat\/iestona\/wp-json\/wp\/v2\/pages\/769\/revisions"}],"predecessor-version":[{"id":6002,"href":"https:\/\/agora.xtec.cat\/iestona\/wp-json\/wp\/v2\/pages\/769\/revisions\/6002"}],"up":[{"embeddable":true,"href":"https:\/\/agora.xtec.cat\/iestona\/wp-json\/wp\/v2\/pages\/678"}],"wp:attachment":[{"href":"https:\/\/agora.xtec.cat\/iestona\/wp-json\/wp\/v2\/media?parent=769"}],"curies":[{"name":"wp","href":"https:\/\/api.w.org\/{rel}","templated":true}]}}