{"id":767,"date":"2020-05-30T09:48:50","date_gmt":"2020-05-30T07:48:50","guid":{"rendered":"https:\/\/agora.xtec.cat\/iestona\/?page_id=767"},"modified":"2024-05-01T11:23:53","modified_gmt":"2024-05-01T09:23:53","slug":"rius","status":"publish","type":"page","link":"https:\/\/agora.xtec.cat\/iestona\/projectes\/rius\/","title":{"rendered":"Rius"},"content":{"rendered":"<p>El Projecte Rius pret\u00e9n apropar als alumnes d&#8217;una forma pr\u00e0ctica i motivadora a l&#8217;aplicaci\u00f3 dels continguts de les ci\u00e8ncies naturals en el nostre dia a dia, aix\u00ed com educar l&#8217;alumnat en els conceptes de participaci\u00f3 i col\u00b7laboraci\u00f3 en la comunitat. Aquesta proposta est\u00e0 adscrita a la Fundaci\u00f3 Projecte Rius.<\/p>\n<p>L&#8217;alumnat analitza la qualitat de l&#8217;aigua de la Riera de Tona, m\u00e9s concretament el tram del Parc Roqueta, i ho fa en dos moments diferents del curs escolar. Aix\u00ed, a trav\u00e9s d&#8217;an\u00e0lisis biol\u00f2giques i fisicoqu\u00edmiques, obtenen uns resultats que, a posteriori, introdueixen a la base de dades de la Fundaci\u00f3 Projecte Rius, on es poden consultar totes les dades referents als rius de Catalunya i Espanya que han estat apadrinats, despertant aix\u00ed l&#8217;inter\u00e8s per la millora i la implicaci\u00f3 en l&#8217;entorn.<\/p>\n<p>En cadascuna d&#8217;aquestes sortides aprofitem per a estudiar la vegetaci\u00f3 de ribera i del parc Roqueta, aix\u00ed com els macroinvertebrats del riu.<\/p>\n<table style=\"height: 279px; border-style: hidden; width: 723px;\" width=\"730\">\n<tbody>\n<tr style=\"height: 140px;\">\n<td style=\"width: 174.4px; border-style: hidden; height: 140px;\"><a href=\"https:\/\/agora.xtec.cat\/iestona\/wp-content\/uploads\/usu2191\/2020\/11\/IMG_20201027_131840-1-1.jpg\"><img loading=\"lazy\" decoding=\"async\" class=\"alignnone size-full wp-image-1264\" src=\"https:\/\/agora.xtec.cat\/iestona\/wp-content\/uploads\/usu2191\/2020\/11\/IMG_20201027_131840-1-1.jpg\" alt=\"\" width=\"1000\" height=\"750\" srcset=\"https:\/\/agora.xtec.cat\/iestona\/wp-content\/uploads\/usu2191\/2020\/11\/IMG_20201027_131840-1-1.jpg 1000w, https:\/\/agora.xtec.cat\/iestona\/wp-content\/uploads\/usu2191\/2020\/11\/IMG_20201027_131840-1-1-300x225.jpg 300w, https:\/\/agora.xtec.cat\/iestona\/wp-content\/uploads\/usu2191\/2020\/11\/IMG_20201027_131840-1-1-768x576.jpg 768w, https:\/\/agora.xtec.cat\/iestona\/wp-content\/uploads\/usu2191\/2020\/11\/IMG_20201027_131840-1-1-200x150.jpg 200w\" sizes=\"auto, (max-width: 1000px) 100vw, 1000px\" \/><\/a><\/td>\n<td style=\"width: 175.2px; height: 140px; border-style: hidden;\"><a href=\"https:\/\/agora.xtec.cat\/iestona\/wp-content\/uploads\/usu2191\/2020\/11\/IMG_20201027_132016-1-1.jpg\"><img loading=\"lazy\" decoding=\"async\" class=\"alignnone size-full wp-image-1265\" src=\"https:\/\/agora.xtec.cat\/iestona\/wp-content\/uploads\/usu2191\/2020\/11\/IMG_20201027_132016-1-1.jpg\" alt=\"\" width=\"1000\" height=\"750\" srcset=\"https:\/\/agora.xtec.cat\/iestona\/wp-content\/uploads\/usu2191\/2020\/11\/IMG_20201027_132016-1-1.jpg 1000w, https:\/\/agora.xtec.cat\/iestona\/wp-content\/uploads\/usu2191\/2020\/11\/IMG_20201027_132016-1-1-300x225.jpg 300w, https:\/\/agora.xtec.cat\/iestona\/wp-content\/uploads\/usu2191\/2020\/11\/IMG_20201027_132016-1-1-768x576.jpg 768w, https:\/\/agora.xtec.cat\/iestona\/wp-content\/uploads\/usu2191\/2020\/11\/IMG_20201027_132016-1-1-200x150.jpg 200w\" sizes=\"auto, (max-width: 1000px) 100vw, 1000px\" \/><\/a><\/td>\n<td style=\"width: 176px; height: 140px; border-style: hidden;\"><a href=\"https:\/\/agora.xtec.cat\/iestona\/wp-content\/uploads\/usu2191\/2020\/11\/IMG_20201027_133316-1-1.jpg\"><img loading=\"lazy\" decoding=\"async\" class=\"alignnone size-full wp-image-1266\" src=\"https:\/\/agora.xtec.cat\/iestona\/wp-content\/uploads\/usu2191\/2020\/11\/IMG_20201027_133316-1-1.jpg\" alt=\"\" width=\"1000\" height=\"750\" srcset=\"https:\/\/agora.xtec.cat\/iestona\/wp-content\/uploads\/usu2191\/2020\/11\/IMG_20201027_133316-1-1.jpg 1000w, https:\/\/agora.xtec.cat\/iestona\/wp-content\/uploads\/usu2191\/2020\/11\/IMG_20201027_133316-1-1-300x225.jpg 300w, https:\/\/agora.xtec.cat\/iestona\/wp-content\/uploads\/usu2191\/2020\/11\/IMG_20201027_133316-1-1-768x576.jpg 768w, https:\/\/agora.xtec.cat\/iestona\/wp-content\/uploads\/usu2191\/2020\/11\/IMG_20201027_133316-1-1-200x150.jpg 200w\" sizes=\"auto, (max-width: 1000px) 100vw, 1000px\" \/><\/a><\/td>\n<td style=\"width: 188.8px; height: 140px; border-style: hidden;\"><a href=\"https:\/\/agora.xtec.cat\/iestona\/wp-content\/uploads\/usu2191\/2020\/11\/IMG_20201028_121744-1-1.jpg\"><img loading=\"lazy\" decoding=\"async\" class=\"alignnone size-full wp-image-1267\" src=\"https:\/\/agora.xtec.cat\/iestona\/wp-content\/uploads\/usu2191\/2020\/11\/IMG_20201028_121744-1-1.jpg\" alt=\"\" width=\"1000\" height=\"750\" srcset=\"https:\/\/agora.xtec.cat\/iestona\/wp-content\/uploads\/usu2191\/2020\/11\/IMG_20201028_121744-1-1.jpg 1000w, https:\/\/agora.xtec.cat\/iestona\/wp-content\/uploads\/usu2191\/2020\/11\/IMG_20201028_121744-1-1-300x225.jpg 300w, https:\/\/agora.xtec.cat\/iestona\/wp-content\/uploads\/usu2191\/2020\/11\/IMG_20201028_121744-1-1-768x576.jpg 768w, https:\/\/agora.xtec.cat\/iestona\/wp-content\/uploads\/usu2191\/2020\/11\/IMG_20201028_121744-1-1-200x150.jpg 200w\" sizes=\"auto, (max-width: 1000px) 100vw, 1000px\" \/><\/a><\/td>\n<\/tr>\n<tr style=\"height: 139px;\">\n<td style=\"width: 174.4px; height: 139px; border-style: hidden;\"><a href=\"https:\/\/agora.xtec.cat\/iestona\/wp-content\/uploads\/usu2191\/2020\/11\/IMG_20201028_123659-1-1.jpg\"><img loading=\"lazy\" decoding=\"async\" class=\"alignnone size-full wp-image-1268\" src=\"https:\/\/agora.xtec.cat\/iestona\/wp-content\/uploads\/usu2191\/2020\/11\/IMG_20201028_123659-1-1.jpg\" alt=\"\" width=\"1000\" height=\"750\" srcset=\"https:\/\/agora.xtec.cat\/iestona\/wp-content\/uploads\/usu2191\/2020\/11\/IMG_20201028_123659-1-1.jpg 1000w, https:\/\/agora.xtec.cat\/iestona\/wp-content\/uploads\/usu2191\/2020\/11\/IMG_20201028_123659-1-1-300x225.jpg 300w, https:\/\/agora.xtec.cat\/iestona\/wp-content\/uploads\/usu2191\/2020\/11\/IMG_20201028_123659-1-1-768x576.jpg 768w, https:\/\/agora.xtec.cat\/iestona\/wp-content\/uploads\/usu2191\/2020\/11\/IMG_20201028_123659-1-1-200x150.jpg 200w\" sizes=\"auto, (max-width: 1000px) 100vw, 1000px\" \/><\/a><\/td>\n<td style=\"width: 175.2px; height: 139px; border-style: hidden;\"><a href=\"https:\/\/agora.xtec.cat\/iestona\/wp-content\/uploads\/usu2191\/2020\/11\/IMG_20201028_134410-1-1.jpg\"><img loading=\"lazy\" decoding=\"async\" class=\"alignnone size-full wp-image-1270\" src=\"https:\/\/agora.xtec.cat\/iestona\/wp-content\/uploads\/usu2191\/2020\/11\/IMG_20201028_134410-1-1.jpg\" alt=\"\" width=\"1000\" height=\"750\" srcset=\"https:\/\/agora.xtec.cat\/iestona\/wp-content\/uploads\/usu2191\/2020\/11\/IMG_20201028_134410-1-1.jpg 1000w, https:\/\/agora.xtec.cat\/iestona\/wp-content\/uploads\/usu2191\/2020\/11\/IMG_20201028_134410-1-1-300x225.jpg 300w, https:\/\/agora.xtec.cat\/iestona\/wp-content\/uploads\/usu2191\/2020\/11\/IMG_20201028_134410-1-1-768x576.jpg 768w, https:\/\/agora.xtec.cat\/iestona\/wp-content\/uploads\/usu2191\/2020\/11\/IMG_20201028_134410-1-1-200x150.jpg 200w\" sizes=\"auto, (max-width: 1000px) 100vw, 1000px\" \/><\/a><\/td>\n<td style=\"width: 176px; height: 139px; border-style: hidden;\"><\/td>\n<td style=\"width: 188.8px; height: 139px; border-style: hidden;\"><\/td>\n<\/tr>\n<\/tbody>\n<\/table>\n<p>&nbsp;<\/p>\n","protected":false},"excerpt":{"rendered":"<p>El Projecte Rius pret\u00e9n apropar als alumnes d&#8217;una forma pr\u00e0ctica i motivadora a l&#8217;aplicaci\u00f3 dels continguts de les ci\u00e8ncies naturals en el nostre dia a dia, aix\u00ed com educar l&#8217;alumnat en els conceptes de participaci\u00f3 i col\u00b7laboraci\u00f3 en la comunitat. Aquesta proposta est\u00e0 adscrita a&hellip;  <a href=\"https:\/\/agora.xtec.cat\/iestona\/projectes\/rius\/\" title=\"Read Rius\">Llegeix m\u00e9s\u00bb<\/a><\/p>\n","protected":false},"author":1,"featured_media":0,"parent":678,"menu_order":50,"comment_status":"closed","ping_status":"closed","template":"page-templates\/side-menu.php","meta":{"_bbp_topic_count":0,"_bbp_reply_count":0,"_bbp_total_topic_count":0,"_bbp_total_reply_count":0,"_bbp_voice_count":0,"_bbp_anonymous_reply_count":0,"_bbp_topic_count_hidden":0,"_bbp_reply_count_hidden":0,"_bbp_forum_subforum_count":0,"footnotes":""},"class_list":["post-767","page","type-page","status-publish","hentry"],"post_mailing_queue_ids":[],"_links":{"self":[{"href":"https:\/\/agora.xtec.cat\/iestona\/wp-json\/wp\/v2\/pages\/767","targetHints":{"allow":["GET"]}}],"collection":[{"href":"https:\/\/agora.xtec.cat\/iestona\/wp-json\/wp\/v2\/pages"}],"about":[{"href":"https:\/\/agora.xtec.cat\/iestona\/wp-json\/wp\/v2\/types\/page"}],"author":[{"embeddable":true,"href":"https:\/\/agora.xtec.cat\/iestona\/wp-json\/wp\/v2\/users\/1"}],"replies":[{"embeddable":true,"href":"https:\/\/agora.xtec.cat\/iestona\/wp-json\/wp\/v2\/comments?post=767"}],"version-history":[{"count":4,"href":"https:\/\/agora.xtec.cat\/iestona\/wp-json\/wp\/v2\/pages\/767\/revisions"}],"predecessor-version":[{"id":4196,"href":"https:\/\/agora.xtec.cat\/iestona\/wp-json\/wp\/v2\/pages\/767\/revisions\/4196"}],"up":[{"embeddable":true,"href":"https:\/\/agora.xtec.cat\/iestona\/wp-json\/wp\/v2\/pages\/678"}],"wp:attachment":[{"href":"https:\/\/agora.xtec.cat\/iestona\/wp-json\/wp\/v2\/media?parent=767"}],"curies":[{"name":"wp","href":"https:\/\/api.w.org\/{rel}","templated":true}]}}