{"id":763,"date":"2020-05-30T09:47:29","date_gmt":"2020-05-30T07:47:29","guid":{"rendered":"https:\/\/agora.xtec.cat\/iestona\/?page_id=763"},"modified":"2020-05-30T09:48:01","modified_gmt":"2020-05-30T07:48:01","slug":"perfils","status":"publish","type":"page","link":"https:\/\/agora.xtec.cat\/iestona\/projectes\/perfils\/","title":{"rendered":"Perfils"},"content":{"rendered":"<p>El projecte\u00a0Perfils\u00a0\u00e9s un treball educatiu centrat en la interculturalitat i el coneixement de la diversitat cultural del nostre propi institut, aix\u00ed com de Tona i d&#8217;altres pobles de la comarca d&#8217;Osona.<\/p>\n<p>&nbsp;<\/p>\n<p>Aquest projecte es fa en col.laboraci\u00f3 amb la Mancomunitat La Plana i amb l&#8217;EA de Vic. El seu objectiu \u00e9s fer un apropament al fet migratori des d&#8217;una vessant acad\u00e8mica i humana.<\/p>\n<p>El treball es realitza a 3r curs d&#8217;ESO dins de l&#8217;\u00e0rea de ci\u00e8ncies socials.<\/p>\n<p>El projecte comen\u00e7a amb una xerrada als alumnes en la qual es detecten els seus coneixements sobre el fet migratori a la nostra comarca i es donen dades concretes sobre poblaci\u00f3, motius de les migracions&#8230;, alhora que s&#8217;intenten eliminar diversos mites sobre aquesta realitat.<\/p>\n<p>&nbsp;<\/p>\n<p>Posteriorment, cada grup d&#8217;alumnes (4-6 persones) enregistra en v\u00eddeo una entrevista a un ciutad\u00e0\/na que ells mateixos han escollit. Es tracta de persones que, en algun moment de la seva vida, van canviar tot el que tenien al seu pa\u00eds d&#8217;origen per la comarca d&#8217;Osona i la seva gent.<\/p>\n<p>&nbsp;<\/p>\n<p>El treball conclou amb el visionat dels v\u00eddeos per part de tot el curs de 3r d&#8217;ESO, una xerrada &#8211; col.loqui per posar en com\u00fa tot all\u00f2 que s&#8217;ha apr\u00e8s i una petita exposici\u00f3 que ens parlar\u00e0 sobre les persones que hem conegut i els seus pa\u00efsos d&#8217;origen.<\/p>\n","protected":false},"excerpt":{"rendered":"<p>El projecte\u00a0Perfils\u00a0\u00e9s un treball educatiu centrat en la interculturalitat i el coneixement de la diversitat cultural del nostre propi institut, aix\u00ed com de Tona i d&#8217;altres pobles de la comarca d&#8217;Osona.<br \/>\n&nbsp;<br \/>\nAquest projecte es fa en col.laboraci\u00f3 amb la Mancomunitat La Plana i amb l&#8217;EA de&hellip;  <a href=\"https:\/\/agora.xtec.cat\/iestona\/projectes\/perfils\/\" title=\"Read Perfils\">Llegeix m\u00e9s\u00bb<\/a><\/p>\n","protected":false},"author":1,"featured_media":0,"parent":678,"menu_order":40,"comment_status":"closed","ping_status":"closed","template":"page-templates\/side-menu.php","meta":{"_bbp_topic_count":0,"_bbp_reply_count":0,"_bbp_total_topic_count":0,"_bbp_total_reply_count":0,"_bbp_voice_count":0,"_bbp_anonymous_reply_count":0,"_bbp_topic_count_hidden":0,"_bbp_reply_count_hidden":0,"_bbp_forum_subforum_count":0,"footnotes":""},"class_list":["post-763","page","type-page","status-publish","hentry"],"post_mailing_queue_ids":[],"_links":{"self":[{"href":"https:\/\/agora.xtec.cat\/iestona\/wp-json\/wp\/v2\/pages\/763","targetHints":{"allow":["GET"]}}],"collection":[{"href":"https:\/\/agora.xtec.cat\/iestona\/wp-json\/wp\/v2\/pages"}],"about":[{"href":"https:\/\/agora.xtec.cat\/iestona\/wp-json\/wp\/v2\/types\/page"}],"author":[{"embeddable":true,"href":"https:\/\/agora.xtec.cat\/iestona\/wp-json\/wp\/v2\/users\/1"}],"replies":[{"embeddable":true,"href":"https:\/\/agora.xtec.cat\/iestona\/wp-json\/wp\/v2\/comments?post=763"}],"version-history":[{"count":2,"href":"https:\/\/agora.xtec.cat\/iestona\/wp-json\/wp\/v2\/pages\/763\/revisions"}],"predecessor-version":[{"id":765,"href":"https:\/\/agora.xtec.cat\/iestona\/wp-json\/wp\/v2\/pages\/763\/revisions\/765"}],"up":[{"embeddable":true,"href":"https:\/\/agora.xtec.cat\/iestona\/wp-json\/wp\/v2\/pages\/678"}],"wp:attachment":[{"href":"https:\/\/agora.xtec.cat\/iestona\/wp-json\/wp\/v2\/media?parent=763"}],"curies":[{"name":"wp","href":"https:\/\/api.w.org\/{rel}","templated":true}]}}