{"id":761,"date":"2020-05-30T09:46:56","date_gmt":"2020-05-30T07:46:56","guid":{"rendered":"https:\/\/agora.xtec.cat\/iestona\/?page_id=761"},"modified":"2024-05-01T10:58:14","modified_gmt":"2024-05-01T08:58:14","slug":"programa-dexcel%c2%b7lencia","status":"publish","type":"page","link":"https:\/\/agora.xtec.cat\/iestona\/projectes\/programa-dexcel%c2%b7lencia\/","title":{"rendered":"Programa d&#8217;Excel.l\u00e8ncia"},"content":{"rendered":"<p style=\"text-align: justify;\">El Programa d&#8217;Excel\u00b7l\u00e8ncia a l&#8217;Institut de Tona neix fruit d&#8217;una inquietud compartida pel Claustre de professors del centre, per tal d&#8217;oferir un element de millora i motivaci\u00f3 a l&#8217;alumnat que fins al moment ha tingut un bon rendiment acad\u00e8mic.<\/p>\n<p style=\"text-align: justify;\">El programa compr\u00e8n diferents propostes per donar-hi acc\u00e9s al major nombre d&#8217;alumnes possibles; per aix\u00f2, hi ha plantejaments adre\u00e7ats als alumnes d&#8217;ESO i d&#8217;altres adre\u00e7ats als alumnes de Batxillerat.<\/p>\n<h4 style=\"text-align: justify;\">ALUMNAT D&#8217;ESO<\/h4>\n<p style=\"text-align: justify;\">L&#8217;alumnat tria una de les \u00e0rees en la qual no obt\u00e9 resultats \u00f2ptims i pot fer un treball, dissenyat pels professors de cadascuna de les \u00e0rees, per tal de millorar la seva nota mitjana a final de curs.<strong>\u00a0<\/strong><\/p>\n<h4 style=\"text-align: justify;\">ALUMNAT DE BATXILLERAT<\/h4>\n<p style=\"text-align: justify;\">El projecte va destinat a 6 alumnes que cursin 1r de Batxillerat, tenint en compte els dos millors expedients de la primera avaluaci\u00f3. Aquests alumnes faran classes de suport a un total de 8 alumnes de 1r i 2n d&#8217;ESO un dia a la setmana durant 2 hores, i formaran part del projecte <a href=\"https:\/\/agora.xtec.cat\/iestona\/projectes\/estudi-assistit\/\">Estudi Assistit<\/a>.<\/p>\n<p style=\"text-align: justify;\">Les recompenses que obtindran una beca per formaci\u00f3 i\/o material escolar.<\/p>\n<h4 style=\"text-align: justify;\">TREBALLS DE RECERCA<\/h4>\n<p style=\"text-align: justify;\">Els millors treballs de recerca es proposen per presentar-los als diferents premis que es convoquen a Catalunya.<\/p>\n<p style=\"text-align: justify;\">Els dos o tres treballs amb notes m\u00e9s altes es presenten en un acte p\u00fablic i obtenen una compensaci\u00f3 per part del centre.<\/p>\n","protected":false},"excerpt":{"rendered":"<p>El Programa d&#8217;Excel\u00b7l\u00e8ncia a l&#8217;Institut de Tona neix fruit d&#8217;una inquietud compartida pel Claustre de professors del centre, per tal d&#8217;oferir un element de millora i motivaci\u00f3 a l&#8217;alumnat que fins al moment ha tingut un bon rendiment acad\u00e8mic.<br \/>\nEl programa compr\u00e8n diferents propostes per donar-hi&hellip;  <a href=\"https:\/\/agora.xtec.cat\/iestona\/projectes\/programa-dexcel%c2%b7lencia\/\" title=\"Read Programa d&#8217;Excel.l\u00e8ncia\">Llegeix m\u00e9s\u00bb<\/a><\/p>\n","protected":false},"author":1,"featured_media":0,"parent":678,"menu_order":30,"comment_status":"closed","ping_status":"closed","template":"page-templates\/side-menu.php","meta":{"_bbp_topic_count":0,"_bbp_reply_count":0,"_bbp_total_topic_count":0,"_bbp_total_reply_count":0,"_bbp_voice_count":0,"_bbp_anonymous_reply_count":0,"_bbp_topic_count_hidden":0,"_bbp_reply_count_hidden":0,"_bbp_forum_subforum_count":0,"footnotes":""},"class_list":["post-761","page","type-page","status-publish","hentry"],"post_mailing_queue_ids":[],"_links":{"self":[{"href":"https:\/\/agora.xtec.cat\/iestona\/wp-json\/wp\/v2\/pages\/761","targetHints":{"allow":["GET"]}}],"collection":[{"href":"https:\/\/agora.xtec.cat\/iestona\/wp-json\/wp\/v2\/pages"}],"about":[{"href":"https:\/\/agora.xtec.cat\/iestona\/wp-json\/wp\/v2\/types\/page"}],"author":[{"embeddable":true,"href":"https:\/\/agora.xtec.cat\/iestona\/wp-json\/wp\/v2\/users\/1"}],"replies":[{"embeddable":true,"href":"https:\/\/agora.xtec.cat\/iestona\/wp-json\/wp\/v2\/comments?post=761"}],"version-history":[{"count":5,"href":"https:\/\/agora.xtec.cat\/iestona\/wp-json\/wp\/v2\/pages\/761\/revisions"}],"predecessor-version":[{"id":4194,"href":"https:\/\/agora.xtec.cat\/iestona\/wp-json\/wp\/v2\/pages\/761\/revisions\/4194"}],"up":[{"embeddable":true,"href":"https:\/\/agora.xtec.cat\/iestona\/wp-json\/wp\/v2\/pages\/678"}],"wp:attachment":[{"href":"https:\/\/agora.xtec.cat\/iestona\/wp-json\/wp\/v2\/media?parent=761"}],"curies":[{"name":"wp","href":"https:\/\/api.w.org\/{rel}","templated":true}]}}