{"id":681,"date":"2020-05-30T00:52:24","date_gmt":"2020-05-29T22:52:24","guid":{"rendered":"https:\/\/agora.xtec.cat\/iestona\/?page_id=681"},"modified":"2024-05-01T11:00:34","modified_gmt":"2024-05-01T09:00:34","slug":"lectura","status":"publish","type":"page","link":"https:\/\/agora.xtec.cat\/iestona\/projectes\/lectura\/","title":{"rendered":"Pla lector"},"content":{"rendered":"<p align=\"JUSTIFY\"><span style=\"color: #444444;\"><span style=\"font-family: inherit;\"><span style=\"font-size: medium;\">Des del curs 2012-2013, l&#8217;Institut es va marcar com a objectiu b\u00e0sic l\u2019Impuls de la lectura (ILEC) entre l\u2019alumnat d\u2019ESO perqu\u00e8 partim de la idea que llegir b\u00e9 aporta m\u00faltiples beneficis: obre les portes de l\u2019\u00e8xit educatiu, ens fa cr\u00e9ixer com a persones, millora la concentraci\u00f3, la mem\u00f2ria, redueix l&#8217;estr\u00e8s, invita a la reflexi\u00f3&#8230;<\/span><\/span><\/span><\/p>\n<p align=\"JUSTIFY\">Per aconseguir-ho, dediquem una hora setmanal rotativa a la lectura des de 1r a 4t d\u2019ESO i promovem altres activitats de caire voluntari com s\u00f3n el concurs de fotografia \u201cCataclic\u201d, l&#8217;intercanvi i pr\u00e9stec de llibres i les tert\u00falies liter\u00e0ries. En aquests dos \u00faltims casos, sempre amb la col\u00b7laboraci\u00f3 de la biblioteca Caterina Figueras i l&#8217;AFA.<\/p>\n<p align=\"JUSTIFY\"><span style=\"color: #444444;\"><span style=\"font-family: inherit;\"><span style=\"font-size: medium;\">La bona acceptaci\u00f3 de tot plegat per part d&#8217;alumnes, professors i professores i altres persones vinculades amb l&#8217;institut, fa que vagin sorgint noves iniciatives i que la lectura cada vegada es faci m\u00e9s present en el nostre dia a dia.<\/span><\/span><\/span><\/p>\n<p align=\"JUSTIFY\">Des de fa un parell de cursos es va iniciar el concurs Escape Room literari. Troba el llibre amagat. I entre tots els encertants, es sorteja un llibre durant el certamen literari de Sant Jordi<\/p>\n<p align=\"JUSTIFY\">Tamb\u00e9 hem creat\u00a0dos padlets, un per cada cicle d\u2019ESO, on els alumnes escriuen les seves recomanacions liter\u00e0ries.<\/p>\n<p align=\"JUSTIFY\"><a href=\"https:\/\/es.padlet.com\/lectura2\/77etpmtk8x71ckd8\">Primer cicle d&#8217;ESO.<\/a><\/p>\n<p align=\"JUSTIFY\"><a href=\"https:\/\/es.padlet.com\/lectura2\/s28gvpwww26eyvzf\">Segon cicle d&#8217;ESO.<\/a><\/p>\n","protected":false},"excerpt":{"rendered":"<p>Des del curs 2012-2013, l&#8217;Institut es va marcar com a objectiu b\u00e0sic l\u2019Impuls de la lectura (ILEC) entre l\u2019alumnat d\u2019ESO perqu\u00e8 partim de la idea que llegir b\u00e9 aporta m\u00faltiples beneficis: obre les portes de l\u2019\u00e8xit educatiu, ens fa cr\u00e9ixer com a persones, millora la&hellip;  <a href=\"https:\/\/agora.xtec.cat\/iestona\/projectes\/lectura\/\" title=\"Read Pla lector\">Llegeix m\u00e9s\u00bb<\/a><\/p>\n","protected":false},"author":1,"featured_media":0,"parent":678,"menu_order":0,"comment_status":"closed","ping_status":"closed","template":"page-templates\/side-menu.php","meta":{"_bbp_topic_count":0,"_bbp_reply_count":0,"_bbp_total_topic_count":0,"_bbp_total_reply_count":0,"_bbp_voice_count":0,"_bbp_anonymous_reply_count":0,"_bbp_topic_count_hidden":0,"_bbp_reply_count_hidden":0,"_bbp_forum_subforum_count":0,"footnotes":""},"class_list":["post-681","page","type-page","status-publish","hentry"],"post_mailing_queue_ids":[],"_links":{"self":[{"href":"https:\/\/agora.xtec.cat\/iestona\/wp-json\/wp\/v2\/pages\/681","targetHints":{"allow":["GET"]}}],"collection":[{"href":"https:\/\/agora.xtec.cat\/iestona\/wp-json\/wp\/v2\/pages"}],"about":[{"href":"https:\/\/agora.xtec.cat\/iestona\/wp-json\/wp\/v2\/types\/page"}],"author":[{"embeddable":true,"href":"https:\/\/agora.xtec.cat\/iestona\/wp-json\/wp\/v2\/users\/1"}],"replies":[{"embeddable":true,"href":"https:\/\/agora.xtec.cat\/iestona\/wp-json\/wp\/v2\/comments?post=681"}],"version-history":[{"count":4,"href":"https:\/\/agora.xtec.cat\/iestona\/wp-json\/wp\/v2\/pages\/681\/revisions"}],"predecessor-version":[{"id":4195,"href":"https:\/\/agora.xtec.cat\/iestona\/wp-json\/wp\/v2\/pages\/681\/revisions\/4195"}],"up":[{"embeddable":true,"href":"https:\/\/agora.xtec.cat\/iestona\/wp-json\/wp\/v2\/pages\/678"}],"wp:attachment":[{"href":"https:\/\/agora.xtec.cat\/iestona\/wp-json\/wp\/v2\/media?parent=681"}],"curies":[{"name":"wp","href":"https:\/\/api.w.org\/{rel}","templated":true}]}}