{"id":667,"date":"2020-05-30T00:36:25","date_gmt":"2020-05-29T22:36:25","guid":{"rendered":"https:\/\/agora.xtec.cat\/iestona\/?page_id=667"},"modified":"2021-10-07T15:07:56","modified_gmt":"2021-10-07T13:07:56","slug":"departaments","status":"publish","type":"page","link":"https:\/\/agora.xtec.cat\/iestona\/linstitut\/departaments\/","title":{"rendered":"Departaments"},"content":{"rendered":"<p><strong><a href=\"https:\/\/agora.xtec.cat\/iestona\/linstitut\/departaments\/ambit-ciencies-socials-i-expressions\/\">\u00c0mbit Ci\u00e8ncies Socials i Expressions<\/a><\/strong><\/p>\n<p><strong><a href=\"https:\/\/agora.xtec.cat\/iestona\/linstitut\/departaments\/ambit-cientific-i-tecnologic\/\">\u00c0mbit Cient\u00edfic<\/a><\/strong><\/p>\n<p><strong><a href=\"https:\/\/agora.xtec.cat\/iestona\/linstitut\/departaments\/ambit-didiomes\/\">\u00c0mbit d&#8217;Idiomes<\/a><\/strong><\/p>\n<p><strong><a href=\"https:\/\/agora.xtec.cat\/iestona\/linstitut\/departaments\/ambit-linguistic\/\">\u00c0mbit Ling\u00fc\u00edstic<\/a><\/strong><\/p>\n<p><strong><a href=\"https:\/\/agora.xtec.cat\/iestona\/linstitut\/departaments\/ambit-matematic\/\">\u00c0mbit Matem\u00e0tic-Tecnol\u00f2gic<\/a><\/strong><\/p>\n<p><strong><a href=\"https:\/\/agora.xtec.cat\/iestona\/linstitut\/departaments\/equip-de-psicopedagogia\/\">Equip de Psicopedagogia<\/a><\/strong><\/p>\n","protected":false},"excerpt":{"rendered":"<p><a href=\"https:\/\/agora.xtec.cat\/iestona\/linstitut\/departaments\/ambit-ciencies-socials-i-expressions\/\">\u00c0mbit Ci\u00e8ncies Socials i Expressions<\/a><br \/>\n<a href=\"https:\/\/agora.xtec.cat\/iestona\/linstitut\/departaments\/ambit-cientific-i-tecnologic\/\">\u00c0mbit Cient\u00edfic<\/a><br \/>\n<a href=\"https:\/\/agora.xtec.cat\/iestona\/linstitut\/departaments\/ambit-didiomes\/\">\u00c0mbit d&#8217;Idiomes<\/a><br \/>\n<a href=\"https:\/\/agora.xtec.cat\/iestona\/linstitut\/departaments\/ambit-linguistic\/\">\u00c0mbit Ling\u00fc\u00edstic<\/a><br \/>\n<a href=\"https:\/\/agora.xtec.cat\/iestona\/linstitut\/departaments\/ambit-matematic\/\">\u00c0mbit Matem\u00e0tic-Tecnol\u00f2gic<\/a><br \/>\n<a href=\"https:\/\/agora.xtec.cat\/iestona\/linstitut\/departaments\/equip-de-psicopedagogia\/\">Equip de Psicopedagogia<\/a><\/p>\n","protected":false},"author":1,"featured_media":0,"parent":19,"menu_order":60,"comment_status":"closed","ping_status":"closed","template":"","meta":{"_bbp_topic_count":0,"_bbp_reply_count":0,"_bbp_total_topic_count":0,"_bbp_total_reply_count":0,"_bbp_voice_count":0,"_bbp_anonymous_reply_count":0,"_bbp_topic_count_hidden":0,"_bbp_reply_count_hidden":0,"_bbp_forum_subforum_count":0,"footnotes":""},"class_list":["post-667","page","type-page","status-publish","hentry"],"post_mailing_queue_ids":[],"_links":{"self":[{"href":"https:\/\/agora.xtec.cat\/iestona\/wp-json\/wp\/v2\/pages\/667","targetHints":{"allow":["GET"]}}],"collection":[{"href":"https:\/\/agora.xtec.cat\/iestona\/wp-json\/wp\/v2\/pages"}],"about":[{"href":"https:\/\/agora.xtec.cat\/iestona\/wp-json\/wp\/v2\/types\/page"}],"author":[{"embeddable":true,"href":"https:\/\/agora.xtec.cat\/iestona\/wp-json\/wp\/v2\/users\/1"}],"replies":[{"embeddable":true,"href":"https:\/\/agora.xtec.cat\/iestona\/wp-json\/wp\/v2\/comments?post=667"}],"version-history":[{"count":4,"href":"https:\/\/agora.xtec.cat\/iestona\/wp-json\/wp\/v2\/pages\/667\/revisions"}],"predecessor-version":[{"id":2199,"href":"https:\/\/agora.xtec.cat\/iestona\/wp-json\/wp\/v2\/pages\/667\/revisions\/2199"}],"up":[{"embeddable":true,"href":"https:\/\/agora.xtec.cat\/iestona\/wp-json\/wp\/v2\/pages\/19"}],"wp:attachment":[{"href":"https:\/\/agora.xtec.cat\/iestona\/wp-json\/wp\/v2\/media?parent=667"}],"curies":[{"name":"wp","href":"https:\/\/api.w.org\/{rel}","templated":true}]}}