{"id":6217,"date":"2026-01-24T18:15:23","date_gmt":"2026-01-24T17:15:23","guid":{"rendered":"https:\/\/agora.xtec.cat\/iestona\/?page_id=6217"},"modified":"2026-01-24T18:21:33","modified_gmt":"2026-01-24T17:21:33","slug":"portes-obertes-batxillerat","status":"publish","type":"page","link":"https:\/\/agora.xtec.cat\/iestona\/linstitut\/estudis\/batxillerat\/portes-obertes-batxillerat\/","title":{"rendered":"Portes Obertes Batxillerat 2026"},"content":{"rendered":"<h4>Visita presencial<\/h4>\n<ul>\n<li>Visita de les instal\u00b7lacions del centre amb cita pr\u00e8via. Podeu reservar hora clicant aqu\u00ed o b\u00e9 trucant al 93.812.57.23<\/li>\n<\/ul>\n<h4>Xerrada informativa Batxillerat a les 11.45<\/h4>\n<ul>\n<li>Tr\u00edptic Informatiu Batx<\/li>\n<li><a href=\"https:\/\/webinstituttona.wixsite.com\/portesobertesiestona\">Web informatiu<\/a><\/li>\n<\/ul>\n<h5><a href=\"https:\/\/agora.xtec.cat\/iestona\/preinscripcio-i-matricula-batxillerat\/\">INFORMACI\u00d3 PREINSCRIPCI\u00d3 (cliqueu per a m\u00e9s informaci\u00f3)<\/a><\/h5>\n<p><strong>Preinscripcions Batxillerat<\/strong>: 9 al 16 d&#8217;abril<\/p>\n<p>&nbsp;<\/p>\n<p>&nbsp;<\/p>\n","protected":false},"excerpt":{"rendered":"<p>Visita presencial<\/p>\n<ul>\n<li>Visita de les instal\u00b7lacions del centre amb cita pr\u00e8via. Podeu reservar hora clicant aqu\u00ed o b\u00e9 trucant al 93.812.57.23<\/li>\n<\/ul>\n<p>Xerrada informativa Batxillerat a les 11.45<\/p>\n<ul>\n<li>Tr\u00edptic Informatiu Batx<\/li>\n<li><a href=\"https:\/\/webinstituttona.wixsite.com\/portesobertesiestona\">Web informatiu<\/a><\/li>\n<\/ul>\n<p><a href=\"https:\/\/agora.xtec.cat\/iestona\/preinscripcio-i-matricula-batxillerat\/\">INFORMACI\u00d3 PREINSCRIPCI\u00d3 (cliqueu per a m\u00e9s informaci\u00f3)<\/a><br \/>\nPreinscripcions Batxillerat: 9 al 16 d&#8217;abril<br \/>\n&nbsp;<br \/>\n&nbsp;<\/p>\n","protected":false},"author":1,"featured_media":0,"parent":4155,"menu_order":0,"comment_status":"closed","ping_status":"closed","template":"page-templates\/side-menu.php","meta":{"_bbp_topic_count":0,"_bbp_reply_count":0,"_bbp_total_topic_count":0,"_bbp_total_reply_count":0,"_bbp_voice_count":0,"_bbp_anonymous_reply_count":0,"_bbp_topic_count_hidden":0,"_bbp_reply_count_hidden":0,"_bbp_forum_subforum_count":0,"footnotes":""},"class_list":["post-6217","page","type-page","status-publish","hentry"],"post_mailing_queue_ids":[],"_links":{"self":[{"href":"https:\/\/agora.xtec.cat\/iestona\/wp-json\/wp\/v2\/pages\/6217","targetHints":{"allow":["GET"]}}],"collection":[{"href":"https:\/\/agora.xtec.cat\/iestona\/wp-json\/wp\/v2\/pages"}],"about":[{"href":"https:\/\/agora.xtec.cat\/iestona\/wp-json\/wp\/v2\/types\/page"}],"author":[{"embeddable":true,"href":"https:\/\/agora.xtec.cat\/iestona\/wp-json\/wp\/v2\/users\/1"}],"replies":[{"embeddable":true,"href":"https:\/\/agora.xtec.cat\/iestona\/wp-json\/wp\/v2\/comments?post=6217"}],"version-history":[{"count":4,"href":"https:\/\/agora.xtec.cat\/iestona\/wp-json\/wp\/v2\/pages\/6217\/revisions"}],"predecessor-version":[{"id":6222,"href":"https:\/\/agora.xtec.cat\/iestona\/wp-json\/wp\/v2\/pages\/6217\/revisions\/6222"}],"up":[{"embeddable":true,"href":"https:\/\/agora.xtec.cat\/iestona\/wp-json\/wp\/v2\/pages\/4155"}],"wp:attachment":[{"href":"https:\/\/agora.xtec.cat\/iestona\/wp-json\/wp\/v2\/media?parent=6217"}],"curies":[{"name":"wp","href":"https:\/\/api.w.org\/{rel}","templated":true}]}}