{"id":5129,"date":"2025-01-18T15:53:40","date_gmt":"2025-01-18T14:53:40","guid":{"rendered":"https:\/\/agora.xtec.cat\/iestona\/?page_id=5129"},"modified":"2026-01-30T18:18:12","modified_gmt":"2026-01-30T17:18:12","slug":"proves-geso","status":"publish","type":"page","link":"https:\/\/agora.xtec.cat\/iestona\/proves-geso\/","title":{"rendered":"Proves GESO &#8211; Graduat en ESO"},"content":{"rendered":"<p>Tens pendent d\u2019aprovar el graduat en Educaci\u00f3 Secund\u00e0ria Obligat\u00f2ria perqu\u00e8 en el seu moment no vas superar algunes mat\u00e8ries?<\/p>\n<p><strong>ALUMNES<\/strong> <strong>QUE S\u2019HI PODEN PRESENTAR<\/strong><\/p>\n<p>Els alumnes han de complir els dos requisits seg\u00fcents per poder presentar-se a aquesta prova l\u2019any 2026:<\/p>\n<ul class=\"wp-block-list\">\n<li>Tenir almenys 18 anys o complir-los dins de l\u2019any 2026. L\u2019edat requerida es podr\u00e0 rebaixar fins als setze anys sempre que l\u2019alumne o alumna compleixi alguna de les condicions seg\u00fcents:\n<ul class=\"wp-block-list\">\n<li>Tenir un contracte laboral que l\u2019impedeixi assistir al centre en r\u00e8gim ordinari.<\/li>\n<li>Trobar-se en proc\u00e9s d\u2019obtenci\u00f3 d\u2019un perm\u00eds de treball.<\/li>\n<li>Ser esportista d\u2019alt rendiment. En aquest cas, caldr\u00e0 presentar una certificaci\u00f3 del Consell Catal\u00e0 de l\u2019Esport que acrediti que aquests esportistes figuren en el programa de tecnificaci\u00f3 (ARC) de la federaci\u00f3 catalana corresponent.<\/li>\n<li>Tenir un expedient d\u2019homologaci\u00f3 obert d\u2019estudis estrangers al t\u00edtol de GESO.<\/li>\n<li>Haver finalitzat l\u2019ESO l\u2019any 2024 o 2025 sense haver obtingut el t\u00edtol.<\/li>\n<\/ul>\n<\/li>\n<li>Haver finalitzat l\u2019equivalent del 4t curs de l\u2019ESO en un sistema educatiu estranger amb mat\u00e8ries amb avaluaci\u00f3 negativa en cursos anteriors.<\/li>\n<li>De manera excepcional, tamb\u00e9 s\u2019hi poden acollir alumnes amb informe de reconeixement de necessitats educatives especials, em\u00e8s per l\u2019equip d\u2019assessorament psicopedag\u00f2gic (EAP), per als quals es va elaborar un pla de suport individualitzat durant el per\u00edode compr\u00e8s entre els cursos 2017-2018 i 2022-2023.<\/li>\n<\/ul>\n<p>En aplicaci\u00f3 d\u2019aquests requisits, queden exclosos de la prova els alumnes inscrits per repetir 4t d\u2019ESO en el present curs 2025-2026.<\/p>\n<p>D\u2019altra banda, els alumnes que estan matriculats en ensenyaments d\u2019adults o a l\u2019Institut Obert de Catalunya hi poden conc\u00f3rrer, sempre que compleixin els requisits abans esmentats.<\/p>\n<p>Pots presentar la sol\u00b7licitud de preinscripci\u00f3, degudament emplenada, del <strong>2 al 13 de febrer<\/strong> en l\u2019horari habitual de secretaria, de 09:00 a 14:00h. Si vols acreditar que tens un contracte laboral o ets esportista d\u2019alt nivell, cal que aportis tamb\u00e9 la documentaci\u00f3 corresponent.<\/p>\n<p>Les\u00a0<strong>proves<\/strong> es faran els dies <strong>2, 3, 4 i 5 de mar\u00e7\u00a0a l\u2019Institut de Tona<\/strong>. Podr\u00e0s portar calculadora, si \u00e9s necessari.<\/p>\n<p>Les\u00a0<strong>qualificacions<\/strong>\u00a0obtingudes es podran passar a recollir per secretaria\u00a0<strong>a partir del 20 de mar\u00e7<\/strong>.<\/p>\n<p>T\u2019animem a aprofitar aquesta nova oportunitat d\u2019obtenir el t\u00edtol de GESO, amb el qual podr\u00e0s tenir acc\u00e9s a ensenyaments postobligatoris, alhora que incrementar\u00e0s les teves possibilitats en el m\u00f3n laboral.<\/p>\n<p><a href=\"https:\/\/agora.xtec.cat\/iestona\/wp-content\/uploads\/usu2191\/2025\/01\/Sollicitud_GESO.pdf\">Sol.licitud_GESO<\/a><\/p>\n","protected":false},"excerpt":{"rendered":"<p>Tens pendent d\u2019aprovar el graduat en Educaci\u00f3 Secund\u00e0ria Obligat\u00f2ria perqu\u00e8 en el seu moment no vas superar algunes mat\u00e8ries?<br \/>\nALUMNES QUE S\u2019HI PODEN PRESENTAR<br \/>\nEls alumnes han de complir els dos requisits seg\u00fcents per poder presentar-se a aquesta prova l\u2019any 2026:<\/p>\n<ul class=\"wp-block-list\">\n<li>Tenir almenys 18 anys o complir-los&hellip;  <a href=\"https:\/\/agora.xtec.cat\/iestona\/proves-geso\/\" title=\"Read Proves GESO &#8211; Graduat en ESO\">Llegeix m\u00e9s\u00bb<\/a><br \/>\n","protected":false},"author":1,"featured_media":0,"parent":0,"menu_order":0,"comment_status":"closed","ping_status":"closed","template":"","meta":{"_bbp_topic_count":0,"_bbp_reply_count":0,"_bbp_total_topic_count":0,"_bbp_total_reply_count":0,"_bbp_voice_count":0,"_bbp_anonymous_reply_count":0,"_bbp_topic_count_hidden":0,"_bbp_reply_count_hidden":0,"_bbp_forum_subforum_count":0,"footnotes":""},"class_list":["post-5129","page","type-page","status-publish","hentry"],"post_mailing_queue_ids":[],"_links":{"self":[{"href":"https:\/\/agora.xtec.cat\/iestona\/wp-json\/wp\/v2\/pages\/5129","targetHints":{"allow":["GET"]}}],"collection":[{"href":"https:\/\/agora.xtec.cat\/iestona\/wp-json\/wp\/v2\/pages"}],"about":[{"href":"https:\/\/agora.xtec.cat\/iestona\/wp-json\/wp\/v2\/types\/page"}],"author":[{"embeddable":true,"href":"https:\/\/agora.xtec.cat\/iestona\/wp-json\/wp\/v2\/users\/1"}],"replies":[{"embeddable":true,"href":"https:\/\/agora.xtec.cat\/iestona\/wp-json\/wp\/v2\/comments?post=5129"}],"version-history":[{"count":6,"href":"https:\/\/agora.xtec.cat\/iestona\/wp-json\/wp\/v2\/pages\/5129\/revisions"}],"predecessor-version":[{"id":6274,"href":"https:\/\/agora.xtec.cat\/iestona\/wp-json\/wp\/v2\/pages\/5129\/revisions\/6274"}],"wp:attachment":[{"href":"https:\/\/agora.xtec.cat\/iestona\/wp-json\/wp\/v2\/media?parent=5129"}],"curies":[{"name":"wp","href":"https:\/\/api.w.org\/{rel}","templated":true}]}}