{"id":507,"date":"2020-05-29T15:37:58","date_gmt":"2020-05-29T13:37:58","guid":{"rendered":"https:\/\/agora.xtec.cat\/iestona\/?page_id=507"},"modified":"2026-04-15T19:08:31","modified_gmt":"2026-04-15T17:08:31","slug":"preinscripcio-i-matricula-eso","status":"publish","type":"page","link":"https:\/\/agora.xtec.cat\/iestona\/preinscripcio-i-matricula-eso\/","title":{"rendered":"Preinscripci\u00f3 i matricula ESO"},"content":{"rendered":"<h5><span style=\"text-decoration: underline;\"><span style=\"color: #339966; text-decoration: underline;\">INFORMACI\u00d3 GENERAL:<\/span><\/span><\/h5>\n<p>Tota la informaci\u00f3 del proc\u00e9s de preinscripci\u00f3 i matr\u00edcula: (Clica la imatge)<\/p>\n<p><a href=\"https:\/\/preinscripcio.gencat.cat\/ca\/estudis\/eso\/inici\/\"><img loading=\"lazy\" decoding=\"async\" class=\"alignnone wp-image-3681 size-full\" src=\"https:\/\/agora.xtec.cat\/iestona\/wp-content\/uploads\/usu2191\/2024\/01\/eso-sm.png_2147148254.png\" alt=\"\" width=\"271\" height=\"271\" srcset=\"https:\/\/agora.xtec.cat\/iestona\/wp-content\/uploads\/usu2191\/2024\/01\/eso-sm.png_2147148254.png 271w, https:\/\/agora.xtec.cat\/iestona\/wp-content\/uploads\/usu2191\/2024\/01\/eso-sm.png_2147148254-150x150.png 150w\" sizes=\"auto, (max-width: 271px) 100vw, 271px\" \/><\/a><\/p>\n<ul>\n<li><a href=\"https:\/\/agora.xtec.cat\/iestona\/wp-content\/uploads\/usu2191\/2026\/03\/oferta-inicial.pdf\">Oferta inicial ESO 2026-27<\/a><\/li>\n<li><a href=\"https:\/\/agora.xtec.cat\/iestona\/wp-content\/uploads\/usu2191\/2026\/02\/Calendari-26-27.pdf\">Calendari 2026-2027<\/a><\/li>\n<li><a href=\"https:\/\/agora.xtec.cat\/iestona\/wp-content\/uploads\/usu2191\/2026\/01\/Preus-publics-i-aportacions-anuals-2026-27_ESO-i-Batxillerat.pdf\">Informaci\u00f3 de les quotes pel curs 2026-27<\/a><\/li>\n<li><a href=\"https:\/\/agora.xtec.cat\/iestona\/wp-content\/uploads\/usu2191\/2026\/04\/INFORME_BAREM_PROVISIONAL_BAREM.pdf\">Llista barem provisional<\/a><\/li>\n<li>Llista Barem provisional amb reclamacions resoltes<\/li>\n<li>Llista ordenada ESO primera petici\u00f3<\/li>\n<li>Llista admesos 1r ESO<\/li>\n<li>Alumnes en llista d&#8217;espera<\/li>\n<\/ul>\n<p><strong>Matr\u00edcula: 22 al 30 de juny.<\/strong><\/p>\n","protected":false},"excerpt":{"rendered":"<p>INFORMACI\u00d3 GENERAL:<br \/>\nTota la informaci\u00f3 del proc\u00e9s de preinscripci\u00f3 i matr\u00edcula: (Clica la imatge)<br \/>\n<a href=\"https:\/\/preinscripcio.gencat.cat\/ca\/estudis\/eso\/inici\/\"><\/a><\/p>\n<ul>\n<li><a href=\"https:\/\/agora.xtec.cat\/iestona\/wp-content\/uploads\/usu2191\/2026\/03\/oferta-inicial.pdf\">Oferta inicial ESO 2026-27<\/a><\/li>\n<li><a href=\"https:\/\/agora.xtec.cat\/iestona\/wp-content\/uploads\/usu2191\/2026\/02\/Calendari-26-27.pdf\">Calendari 2026-2027<\/a><\/li>\n<li><a href=\"https:\/\/agora.xtec.cat\/iestona\/wp-content\/uploads\/usu2191\/2026\/01\/Preus-publics-i-aportacions-anuals-2026-27_ESO-i-Batxillerat.pdf\">Informaci\u00f3 de les quotes pel curs 2026-27<\/a><\/li>\n<li><a href=\"https:\/\/agora.xtec.cat\/iestona\/wp-content\/uploads\/usu2191\/2026\/04\/INFORME_BAREM_PROVISIONAL_BAREM.pdf\">Llista barem provisional<\/a><\/li>\n<li>Llista Barem provisional amb reclamacions resoltes<\/li>\n<li>Llista ordenada ESO primera petici\u00f3<\/li>\n<li>Llista admesos 1r ESO<\/li>\n<li>Alumnes en llista d&#8217;espera<\/li>\n<\/ul>\n<p>Matr\u00edcula:&hellip;  <a href=\"https:\/\/agora.xtec.cat\/iestona\/preinscripcio-i-matricula-eso\/\" title=\"Read Preinscripci\u00f3 i matricula ESO\">Llegeix m\u00e9s\u00bb<\/a><\/p>\n","protected":false},"author":1,"featured_media":0,"parent":0,"menu_order":10,"comment_status":"closed","ping_status":"closed","template":"","meta":{"_bbp_topic_count":0,"_bbp_reply_count":0,"_bbp_total_topic_count":0,"_bbp_total_reply_count":0,"_bbp_voice_count":0,"_bbp_anonymous_reply_count":0,"_bbp_topic_count_hidden":0,"_bbp_reply_count_hidden":0,"_bbp_forum_subforum_count":0,"footnotes":""},"class_list":["post-507","page","type-page","status-publish","hentry"],"post_mailing_queue_ids":[],"_links":{"self":[{"href":"https:\/\/agora.xtec.cat\/iestona\/wp-json\/wp\/v2\/pages\/507","targetHints":{"allow":["GET"]}}],"collection":[{"href":"https:\/\/agora.xtec.cat\/iestona\/wp-json\/wp\/v2\/pages"}],"about":[{"href":"https:\/\/agora.xtec.cat\/iestona\/wp-json\/wp\/v2\/types\/page"}],"author":[{"embeddable":true,"href":"https:\/\/agora.xtec.cat\/iestona\/wp-json\/wp\/v2\/users\/1"}],"replies":[{"embeddable":true,"href":"https:\/\/agora.xtec.cat\/iestona\/wp-json\/wp\/v2\/comments?post=507"}],"version-history":[{"count":6,"href":"https:\/\/agora.xtec.cat\/iestona\/wp-json\/wp\/v2\/pages\/507\/revisions"}],"predecessor-version":[{"id":6943,"href":"https:\/\/agora.xtec.cat\/iestona\/wp-json\/wp\/v2\/pages\/507\/revisions\/6943"}],"wp:attachment":[{"href":"https:\/\/agora.xtec.cat\/iestona\/wp-json\/wp\/v2\/media?parent=507"}],"curies":[{"name":"wp","href":"https:\/\/api.w.org\/{rel}","templated":true}]}}