{"id":4231,"date":"2024-05-01T12:41:31","date_gmt":"2024-05-01T10:41:31","guid":{"rendered":"https:\/\/agora.xtec.cat\/iestona\/?page_id=4231"},"modified":"2024-05-01T13:56:09","modified_gmt":"2024-05-01T11:56:09","slug":"pas-de-primaria-a-secundaria","status":"publish","type":"page","link":"https:\/\/agora.xtec.cat\/iestona\/pas-de-primaria-a-secundaria\/","title":{"rendered":"Canvis d&#8217;etapa"},"content":{"rendered":"<p>L&#8217;Institut de Tona vetlla per fer un acompanyament a l&#8217;alumnat que fa el pas de prim\u00e0ria a secund\u00e0ria com els que ho fan de 4t a 1r de Batxillerat.<\/p>\n<ul>\n<li><strong>Pas de prim\u00e0ria a secund\u00e0ria<\/strong>:\n<ul>\n<li>coordinaci\u00f3 amb les escoles de prim\u00e0ria;<\/li>\n<li>1r dia presentaci\u00f3 de l\u2019equip directiu, els tutors, el professorat;<\/li>\n<li>activitats de cohesi\u00f3 les primeres setmanes.<\/li>\n<li>els grups de 1r ESO s\u00f3n heterogenis; hi ha equilibri entre nois-noies, d\u2019acord amb la proposta de prim\u00e0ria.<\/li>\n<li>tutories intensives durant les primeres setmanes.<\/li>\n<\/ul>\n<\/li>\n<li><strong>Pas de secund\u00e0ria a Batxillerat o Cicles:<\/strong><\/li>\n<\/ul>\n<ul>\n<li style=\"list-style-type: none;\">\n<ul style=\"list-style-type: circle;\">\n<li>A 4t d\u2019ESO, dins l\u2019acci\u00f3 tutorial, els alumnes reben la informaci\u00f3 necess\u00e0ria per orientar els seus estudis de batxillerat i l\u2019elecci\u00f3 de les mat\u00e8ries de modalitat com tamb\u00e9 de l&#8217;oferta educativa de Cicles Formatius.<\/li>\n<li>Els alumnes visiten l&#8217;Escola d&#8217;Hostaleria per familiaritzar-se amb els estudis de Cicles Formatius.<\/li>\n<li>A l\u2019inici de curs es convoca una reuni\u00f3 informativa, en qu\u00e8 el tutor\/a, coordinadors i equip directiu entra en contacte amb les fami\u0301lies i els explica la din\u00e0mica del curs i de l\u2019institut..<\/li>\n<li>A part del tutor de grup, els alumnes tenen tutors individuals que permeten un seguiment tutorial m\u00e9s personalitzat.<\/li>\n<\/ul>\n<\/li>\n<\/ul>\n","protected":false},"excerpt":{"rendered":"<p>L&#8217;Institut de Tona vetlla per fer un acompanyament a l&#8217;alumnat que fa el pas de prim\u00e0ria a secund\u00e0ria com els que ho fan de 4t a 1r de Batxillerat.<\/p>\n<ul>\n<li>Pas de prim\u00e0ria a secund\u00e0ria:\n<ul>\n<li>coordinaci\u00f3 amb les escoles de prim\u00e0ria;<\/li>\n<li>1r dia presentaci\u00f3 de l\u2019equip directiu, els tutors,&hellip;  <a href=\"https:\/\/agora.xtec.cat\/iestona\/pas-de-primaria-a-secundaria\/\" title=\"Read Canvis d&#8217;etapa\">Llegeix m\u00e9s\u00bb<\/a><br \/>\n","protected":false},"author":1,"featured_media":0,"parent":0,"menu_order":0,"comment_status":"closed","ping_status":"closed","template":"","meta":{"_bbp_topic_count":0,"_bbp_reply_count":0,"_bbp_total_topic_count":0,"_bbp_total_reply_count":0,"_bbp_voice_count":0,"_bbp_anonymous_reply_count":0,"_bbp_topic_count_hidden":0,"_bbp_reply_count_hidden":0,"_bbp_forum_subforum_count":0,"footnotes":""},"class_list":["post-4231","page","type-page","status-publish","hentry"],"post_mailing_queue_ids":[],"_links":{"self":[{"href":"https:\/\/agora.xtec.cat\/iestona\/wp-json\/wp\/v2\/pages\/4231","targetHints":{"allow":["GET"]}}],"collection":[{"href":"https:\/\/agora.xtec.cat\/iestona\/wp-json\/wp\/v2\/pages"}],"about":[{"href":"https:\/\/agora.xtec.cat\/iestona\/wp-json\/wp\/v2\/types\/page"}],"author":[{"embeddable":true,"href":"https:\/\/agora.xtec.cat\/iestona\/wp-json\/wp\/v2\/users\/1"}],"replies":[{"embeddable":true,"href":"https:\/\/agora.xtec.cat\/iestona\/wp-json\/wp\/v2\/comments?post=4231"}],"version-history":[{"count":4,"href":"https:\/\/agora.xtec.cat\/iestona\/wp-json\/wp\/v2\/pages\/4231\/revisions"}],"predecessor-version":[{"id":4235,"href":"https:\/\/agora.xtec.cat\/iestona\/wp-json\/wp\/v2\/pages\/4231\/revisions\/4235"}],"wp:attachment":[{"href":"https:\/\/agora.xtec.cat\/iestona\/wp-json\/wp\/v2\/media?parent=4231"}],"curies":[{"name":"wp","href":"https:\/\/api.w.org\/{rel}","templated":true}]}}