{"id":4227,"date":"2024-05-01T12:34:25","date_gmt":"2024-05-01T10:34:25","guid":{"rendered":"https:\/\/agora.xtec.cat\/iestona\/?page_id=4227"},"modified":"2024-05-01T12:37:03","modified_gmt":"2024-05-01T10:37:03","slug":"projecte-de-qualitat-i-millora-continua","status":"publish","type":"page","link":"https:\/\/agora.xtec.cat\/iestona\/projecte-de-qualitat-i-millora-continua\/","title":{"rendered":"Projecte de Qualitat i Millora continua"},"content":{"rendered":"<p>El Projecte de Qualitat i Millora Cont\u00ednua -PQiMC- creat per l\u2019 Ordre EDU\/432\/2006, t\u00e9 com a objectiu ajudar als centres educatius a dissenyar, implementar, avaluar i millorar cont\u00ednuament els seus sistemes de gesti\u00f3. Les metodologies utilitzades es fonamenten en els principis de la gesti\u00f3 de la qualitat i d\u2019acord amb models basats en normes internacionals (ISO 9001 i EFQM).<\/p>\n<p>El novembre de 2021 l\u2019Institut de Tona va rebre al campus de la Universitat Aut\u00f2noma de Barcelona a Bellaterra, i de mans del Director General de Formaci\u00f3 Professional, el certificat ISO 9001 que ens acreditava com a centre de qualitat i millora en els ensenyaments d\u2019ESO, BAT i Cicles Formatius.<\/p>\n<p>La feina no acaba aqu\u00ed, ja que cada any anirem passant auditories internes i externes per mantenir aquesta acreditaci\u00f3.<\/p>\n","protected":false},"excerpt":{"rendered":"<p>El Projecte de Qualitat i Millora Cont\u00ednua -PQiMC- creat per l\u2019 Ordre EDU\/432\/2006, t\u00e9 com a objectiu ajudar als centres educatius a dissenyar, implementar, avaluar i millorar cont\u00ednuament els seus sistemes de gesti\u00f3. Les metodologies utilitzades es fonamenten en els principis de la gesti\u00f3 de&hellip;  <a href=\"https:\/\/agora.xtec.cat\/iestona\/projecte-de-qualitat-i-millora-continua\/\" title=\"Read Projecte de Qualitat i Millora continua\">Llegeix m\u00e9s\u00bb<\/a><\/p>\n","protected":false},"author":1,"featured_media":0,"parent":0,"menu_order":0,"comment_status":"closed","ping_status":"closed","template":"","meta":{"_bbp_topic_count":0,"_bbp_reply_count":0,"_bbp_total_topic_count":0,"_bbp_total_reply_count":0,"_bbp_voice_count":0,"_bbp_anonymous_reply_count":0,"_bbp_topic_count_hidden":0,"_bbp_reply_count_hidden":0,"_bbp_forum_subforum_count":0,"footnotes":""},"class_list":["post-4227","page","type-page","status-publish","hentry"],"post_mailing_queue_ids":[],"_links":{"self":[{"href":"https:\/\/agora.xtec.cat\/iestona\/wp-json\/wp\/v2\/pages\/4227","targetHints":{"allow":["GET"]}}],"collection":[{"href":"https:\/\/agora.xtec.cat\/iestona\/wp-json\/wp\/v2\/pages"}],"about":[{"href":"https:\/\/agora.xtec.cat\/iestona\/wp-json\/wp\/v2\/types\/page"}],"author":[{"embeddable":true,"href":"https:\/\/agora.xtec.cat\/iestona\/wp-json\/wp\/v2\/users\/1"}],"replies":[{"embeddable":true,"href":"https:\/\/agora.xtec.cat\/iestona\/wp-json\/wp\/v2\/comments?post=4227"}],"version-history":[{"count":2,"href":"https:\/\/agora.xtec.cat\/iestona\/wp-json\/wp\/v2\/pages\/4227\/revisions"}],"predecessor-version":[{"id":4229,"href":"https:\/\/agora.xtec.cat\/iestona\/wp-json\/wp\/v2\/pages\/4227\/revisions\/4229"}],"wp:attachment":[{"href":"https:\/\/agora.xtec.cat\/iestona\/wp-json\/wp\/v2\/media?parent=4227"}],"curies":[{"name":"wp","href":"https:\/\/api.w.org\/{rel}","templated":true}]}}