{"id":4184,"date":"2024-05-01T10:46:13","date_gmt":"2024-05-01T08:46:13","guid":{"rendered":"https:\/\/agora.xtec.cat\/iestona\/?page_id=4184"},"modified":"2024-05-01T10:46:29","modified_gmt":"2024-05-01T08:46:29","slug":"generacio-plurilingue-gep","status":"publish","type":"page","link":"https:\/\/agora.xtec.cat\/iestona\/generacio-plurilingue-gep\/","title":{"rendered":"Generaci\u00f3 pluriling\u00fce (GEP)"},"content":{"rendered":"<p style=\"text-align: justify;\"><span style=\"color: #000000;\">A l&#8217;Institut de Tona som conscients que cal garantir les oportunitats de comunicaci\u00f3\u00a0 i d\u2019aprenentatge a tot l\u2019alumnat, per aquest motiu una de les prioritats \u00e9s la millora de la compet\u00e8ncia en lleng\u00fces estrangeres dels seus alumnes. Per assolir aquest objectiu, el centre en el curs 2015-2016 va\u00a0entrar a formar part del GEP (Grup d&#8217;Experimentaci\u00f3 del Pluriling\u00fcisme).<\/span><\/p>\n<p style=\"text-align: justify;\"><span style=\"color: #000000;\">El nou model d\u2019ensenyament pluriling\u00fce est\u00e0 basat en l\u2019ampliaci\u00f3 del temps d\u2019exposici\u00f3 ling\u00fc\u00edstica dels alumnes a una llengua estrangera, en el nostre cas l\u2019angl\u00e8s, en un context curricular i de projectes transversals.<\/span><\/p>\n<p style=\"text-align: justify;\"><span style=\"color: #000000;\">La implicaci\u00f3 global de l\u2019Institut de Tona en aquest projecte suposa una aposta decidida per la millora de la compet\u00e8ncia ling\u00fc\u00edstica dels alumnes i, \u00a0per tant, una millora del seu futur professional.<\/span><\/p>\n<p style=\"text-align: justify;\"><span style=\"color: #000000;\">L\u2019aposta per aquest nou projecte pret\u00e9n revertir en:<\/span><\/p>\n<p style=\"text-align: justify;\"><span style=\"color: #000000;\">&#8211; Una millora dels resultats en llengua anglesa i com a conseq\u00fc\u00e8ncia, una millora de la compet\u00e8ncia ling\u00fc\u00edstica en angl\u00e8s.<\/span><\/p>\n<p style=\"text-align: justify;\"><span style=\"color: #000000;\">&#8211; Un canvi de metodologia d\u2019ensenyament a l\u2019aula<\/span><\/p>\n<p style=\"text-align: justify;\"><span style=\"color: #000000;\">&#8211; Aquest curs s&#8217;imparteixen en angl\u00e8s algunes hores de Socials de 1r, 2n i 3r d&#8217;ESO.<\/span><\/p>\n<p style=\"text-align: justify;\"><span style=\"color: #000000;\">Esperem, doncs, que amb aquest projecte l\u2019angl\u00e8s esdevingui m\u00e9s present al dia a dia del nostre alumnat i millori la seva compet\u00e8ncia.<\/span><\/p>\n<p>&nbsp;<\/p>\n<p><img loading=\"lazy\" decoding=\"async\" src=\"https:\/\/encrypted-tbn1.gstatic.com\/images?q=tbn:ANd9GcTYTP3jhB6isiDXC_zhxcpkDxI2m8S57CU_9dNFqC1DNvKbRwGb\" alt=\"Resultado de imagen de english language\" width=\"380\" height=\"156\" \/><\/p>\n<table style=\"height: 187px; border-style: hidden; width: 25.4408%;\" width=\"659\">\n<tbody>\n<tr>\n<td style=\"width: 49.5468%; border-style: hidden; text-align: center;\"><a href=\"https:\/\/agora.xtec.cat\/iestona\/wp-content\/uploads\/usu2191\/2021\/02\/Michael-history-3-1.jpg\"><img loading=\"lazy\" decoding=\"async\" class=\"alignnone size-large wp-image-1660\" src=\"https:\/\/agora.xtec.cat\/iestona\/wp-content\/uploads\/usu2191\/2021\/02\/Michael-history-3-1-1024x964.jpg\" alt=\"\" width=\"1024\" height=\"964\" srcset=\"https:\/\/agora.xtec.cat\/iestona\/wp-content\/uploads\/usu2191\/2021\/02\/Michael-history-3-1-1024x964.jpg 1024w, https:\/\/agora.xtec.cat\/iestona\/wp-content\/uploads\/usu2191\/2021\/02\/Michael-history-3-1-300x282.jpg 300w, https:\/\/agora.xtec.cat\/iestona\/wp-content\/uploads\/usu2191\/2021\/02\/Michael-history-3-1-768x723.jpg 768w, https:\/\/agora.xtec.cat\/iestona\/wp-content\/uploads\/usu2191\/2021\/02\/Michael-history-3-1.jpg 1915w\" sizes=\"auto, (max-width: 1024px) 100vw, 1024px\" \/><\/a><\/td>\n<td style=\"width: 1.58479%; border-style: hidden; text-align: center;\"><\/td>\n<\/tr>\n<\/tbody>\n<\/table>\n<p>&nbsp;<\/p>\n","protected":false},"excerpt":{"rendered":"<p>A l&#8217;Institut de Tona som conscients que cal garantir les oportunitats de comunicaci\u00f3\u00a0 i d\u2019aprenentatge a tot l\u2019alumnat, per aquest motiu una de les prioritats \u00e9s la millora de la compet\u00e8ncia en lleng\u00fces estrangeres dels seus alumnes. Per assolir aquest objectiu, el centre en el&hellip;  <a href=\"https:\/\/agora.xtec.cat\/iestona\/generacio-plurilingue-gep\/\" title=\"Read Generaci\u00f3 pluriling\u00fce (GEP)\">Llegeix m\u00e9s\u00bb<\/a><\/p>\n","protected":false},"author":1,"featured_media":0,"parent":0,"menu_order":0,"comment_status":"closed","ping_status":"closed","template":"","meta":{"_bbp_topic_count":0,"_bbp_reply_count":0,"_bbp_total_topic_count":0,"_bbp_total_reply_count":0,"_bbp_voice_count":0,"_bbp_anonymous_reply_count":0,"_bbp_topic_count_hidden":0,"_bbp_reply_count_hidden":0,"_bbp_forum_subforum_count":0,"footnotes":""},"class_list":["post-4184","page","type-page","status-publish","hentry"],"post_mailing_queue_ids":[],"_links":{"self":[{"href":"https:\/\/agora.xtec.cat\/iestona\/wp-json\/wp\/v2\/pages\/4184","targetHints":{"allow":["GET"]}}],"collection":[{"href":"https:\/\/agora.xtec.cat\/iestona\/wp-json\/wp\/v2\/pages"}],"about":[{"href":"https:\/\/agora.xtec.cat\/iestona\/wp-json\/wp\/v2\/types\/page"}],"author":[{"embeddable":true,"href":"https:\/\/agora.xtec.cat\/iestona\/wp-json\/wp\/v2\/users\/1"}],"replies":[{"embeddable":true,"href":"https:\/\/agora.xtec.cat\/iestona\/wp-json\/wp\/v2\/comments?post=4184"}],"version-history":[{"count":2,"href":"https:\/\/agora.xtec.cat\/iestona\/wp-json\/wp\/v2\/pages\/4184\/revisions"}],"predecessor-version":[{"id":4186,"href":"https:\/\/agora.xtec.cat\/iestona\/wp-json\/wp\/v2\/pages\/4184\/revisions\/4186"}],"wp:attachment":[{"href":"https:\/\/agora.xtec.cat\/iestona\/wp-json\/wp\/v2\/media?parent=4184"}],"curies":[{"name":"wp","href":"https:\/\/api.w.org\/{rel}","templated":true}]}}