{"id":4172,"date":"2024-05-01T10:29:00","date_gmt":"2024-05-01T08:29:00","guid":{"rendered":"https:\/\/agora.xtec.cat\/iestona\/?page_id=4172"},"modified":"2026-01-30T18:48:04","modified_gmt":"2026-01-30T17:48:04","slug":"centres-adscrits","status":"publish","type":"page","link":"https:\/\/agora.xtec.cat\/iestona\/linstitut\/estudis\/eso\/centres-adscrits\/","title":{"rendered":"Centres adscrits"},"content":{"rendered":"<p><strong>CENTRES ADSCRITS A L\u2019INSTITUT DE TONA<\/strong><\/p>\n<p><strong>\u00a0<\/strong><strong>Educaci\u00f3 Prim\u00e0ria a Educaci\u00f3 Secund\u00e0ria Obligat\u00f2ria<\/strong><\/p>\n<p>&#8211; Escola Les Basseroles (08041714) Sant Miquel de Baleny\u00e0 (Seva)<\/p>\n<p>&#8211; Escola L&#8217;Era de Dalt (08030421) Tona<\/p>\n<p>&#8211; Escola Farigola (08029027) Seva<\/p>\n<p>El mapa escolar dels municipis, tant d\u2019infantil i prim\u00e0ria com de secund\u00e0ria es pot consultar a l\u2019enlla\u00e7 seg\u00fcent:<\/p>\n<p><a href=\"http:\/\/mapaescolar.gencat.cat\/\">http:\/\/mapaescolar.gencat.cat\/<\/a><\/p>\n","protected":false},"excerpt":{"rendered":"<p>CENTRES ADSCRITS A L\u2019INSTITUT DE TONA<br \/>\n\u00a0Educaci\u00f3 Prim\u00e0ria a Educaci\u00f3 Secund\u00e0ria Obligat\u00f2ria<br \/>\n&#8211; Escola Les Basseroles (08041714) Sant Miquel de Baleny\u00e0 (Seva)<br \/>\n&#8211; Escola L&#8217;Era de Dalt (08030421) Tona<br \/>\n&#8211; Escola Farigola (08029027) Seva<br \/>\nEl mapa escolar dels municipis, tant d\u2019infantil i prim\u00e0ria com de secund\u00e0ria es pot consultar a&hellip;  <a href=\"https:\/\/agora.xtec.cat\/iestona\/linstitut\/estudis\/eso\/centres-adscrits\/\" title=\"Read Centres adscrits\">Llegeix m\u00e9s\u00bb<\/a><\/p>\n","protected":false},"author":1,"featured_media":0,"parent":4150,"menu_order":0,"comment_status":"closed","ping_status":"closed","template":"","meta":{"_bbp_topic_count":0,"_bbp_reply_count":0,"_bbp_total_topic_count":0,"_bbp_total_reply_count":0,"_bbp_voice_count":0,"_bbp_anonymous_reply_count":0,"_bbp_topic_count_hidden":0,"_bbp_reply_count_hidden":0,"_bbp_forum_subforum_count":0,"footnotes":""},"class_list":["post-4172","page","type-page","status-publish","hentry"],"post_mailing_queue_ids":[],"_links":{"self":[{"href":"https:\/\/agora.xtec.cat\/iestona\/wp-json\/wp\/v2\/pages\/4172","targetHints":{"allow":["GET"]}}],"collection":[{"href":"https:\/\/agora.xtec.cat\/iestona\/wp-json\/wp\/v2\/pages"}],"about":[{"href":"https:\/\/agora.xtec.cat\/iestona\/wp-json\/wp\/v2\/types\/page"}],"author":[{"embeddable":true,"href":"https:\/\/agora.xtec.cat\/iestona\/wp-json\/wp\/v2\/users\/1"}],"replies":[{"embeddable":true,"href":"https:\/\/agora.xtec.cat\/iestona\/wp-json\/wp\/v2\/comments?post=4172"}],"version-history":[{"count":5,"href":"https:\/\/agora.xtec.cat\/iestona\/wp-json\/wp\/v2\/pages\/4172\/revisions"}],"predecessor-version":[{"id":6292,"href":"https:\/\/agora.xtec.cat\/iestona\/wp-json\/wp\/v2\/pages\/4172\/revisions\/6292"}],"up":[{"embeddable":true,"href":"https:\/\/agora.xtec.cat\/iestona\/wp-json\/wp\/v2\/pages\/4150"}],"wp:attachment":[{"href":"https:\/\/agora.xtec.cat\/iestona\/wp-json\/wp\/v2\/media?parent=4172"}],"curies":[{"name":"wp","href":"https:\/\/api.w.org\/{rel}","templated":true}]}}