{"id":4150,"date":"2024-05-01T08:33:57","date_gmt":"2024-05-01T06:33:57","guid":{"rendered":"https:\/\/agora.xtec.cat\/iestona\/?page_id=4150"},"modified":"2024-05-01T08:37:37","modified_gmt":"2024-05-01T06:37:37","slug":"eso","status":"publish","type":"page","link":"https:\/\/agora.xtec.cat\/iestona\/linstitut\/estudis\/eso\/","title":{"rendered":"ESO"},"content":{"rendered":"<h5 style=\"font-weight: 400; text-align: justify;\"><strong>ASSIGNATURES<\/strong><\/h5>\n<p style=\"font-weight: 400; text-align: justify;\">A cada curs, hi ha assignatures obligat\u00f2ries (es fan al llarg de tot el curs) i assignatures optatives, que poden ser trimestrals, quadrimestrals o anuals. Totes s&#8217;avaluen trimestralment. Aix\u00ed mateix, en finalitzar els cursos de 1r, 2n i 3r es fa el treball de s\u00edntesi, que t\u00e9 una durada d\u2019una setmana. A 4t curs, durant tot el curs escolar, es fa un projecte de recerca.<\/p>\n<p style=\"font-weight: 400; text-align: justify;\">A 1r i 2n d&#8217;ESO tamb\u00e9 hi ha una franja de 3 hores de Treball per Projectes.<\/p>\n<h5 style=\"font-weight: 400; text-align: justify;\"><strong>ACTIVITATS COMPLEMENT\u00c0RIES<\/strong><\/h5>\n<p style=\"font-weight: 400; text-align: justify;\">Els diferents departaments did\u00e0ctics i la comissi\u00f3 de Projecci\u00f3 de centre organitzen un seguit d\u2019activitats que complementen els continguts que es treballen a classe. En s\u00f3n bons exemples, el viatge ludicocultural a finals de 4t d&#8217;ESO, la jornada esportiva, sortides al teatre, xerrades diverses, visites a museus i exposicions, participaci\u00f3 en tallers\u2026<\/p>\n<h5 style=\"font-weight: 400; text-align: justify;\"><strong>LLENGUA VEHICULAR I IDIOMES<\/strong><\/h5>\n<p style=\"font-weight: 400; text-align: justify;\">Tot l\u2019ensenyament es fa en llengua catalana. L\u2019angl\u00e8s t\u00e9 la consideraci\u00f3 de primera llengua estrangera, tot i que tamb\u00e9 es pot fer franc\u00e8s com a segona llengua estrangera.<\/p>\n<h5 style=\"font-weight: 400; text-align: justify;\"><strong>MESURES D&#8217;ATENCI\u00d3 A LA DIVERSITAT<\/strong><\/h5>\n<p style=\"font-weight: 400; text-align: justify;\">El centre disposa de diferents mesures per atendre tots els alumnes segons les seves possibilitats i necessitats:<\/p>\n<p style=\"font-weight: 400; text-align: justify;\">&#8211; Atencions individualitzades<\/p>\n<p style=\"font-weight: 400; text-align: justify;\">&#8211; Codoc\u00e8ncia, reducci\u00f3 de r\u00e0tios creant un grup m\u00e9s, desdoblaments a tecnologia i ci\u00e8ncies naturals.<\/p>\n<p style=\"font-weight: 400; text-align: justify;\">&#8211; Aula Oberta, pensat per facilitar l\u2019acreditaci\u00f3 d\u2019ESO del major nombre possible d\u2019alumnes i que combina les classes te\u00f2riques amb pr\u00e0ctiques en empreses del poble.<\/p>\n<h5 style=\"font-weight: 400; text-align: justify;\"><strong>TUTORIES INDIVIDUALITZADES<\/strong><\/h5>\n<p style=\"font-weight: 400; text-align: justify;\">Per tal d&#8217;atendre el millor possible tot l\u2019alumnat i de facilitar la relaci\u00f3 amb les fam\u00edlies, ja fa diversos cursos que hem iniciat una experi\u00e8ncia de tutories compartides, de manera que cada grup-classe t\u00e9 un professor\/tutor que vetlla per la cohesi\u00f3 i les activitats del grup. Paral\u00b7lelament, la tutoria personalitzada de cada noi\/a es reparteix entre tots els membres de l\u2019equip docent del nivell.<\/p>\n","protected":false},"excerpt":{"rendered":"<p>ASSIGNATURES<br \/>\nA cada curs, hi ha assignatures obligat\u00f2ries (es fan al llarg de tot el curs) i assignatures optatives, que poden ser trimestrals, quadrimestrals o anuals. Totes s&#8217;avaluen trimestralment. Aix\u00ed mateix, en finalitzar els cursos de 1r, 2n i 3r es fa el treball de s\u00edntesi,&hellip;  <a href=\"https:\/\/agora.xtec.cat\/iestona\/linstitut\/estudis\/eso\/\" title=\"Read ESO\">Llegeix m\u00e9s\u00bb<\/a><\/p>\n","protected":false},"author":1,"featured_media":0,"parent":195,"menu_order":0,"comment_status":"closed","ping_status":"closed","template":"page-templates\/side-menu.php","meta":{"_bbp_topic_count":0,"_bbp_reply_count":0,"_bbp_total_topic_count":0,"_bbp_total_reply_count":0,"_bbp_voice_count":0,"_bbp_anonymous_reply_count":0,"_bbp_topic_count_hidden":0,"_bbp_reply_count_hidden":0,"_bbp_forum_subforum_count":0,"footnotes":""},"class_list":["post-4150","page","type-page","status-publish","hentry"],"post_mailing_queue_ids":[],"_links":{"self":[{"href":"https:\/\/agora.xtec.cat\/iestona\/wp-json\/wp\/v2\/pages\/4150","targetHints":{"allow":["GET"]}}],"collection":[{"href":"https:\/\/agora.xtec.cat\/iestona\/wp-json\/wp\/v2\/pages"}],"about":[{"href":"https:\/\/agora.xtec.cat\/iestona\/wp-json\/wp\/v2\/types\/page"}],"author":[{"embeddable":true,"href":"https:\/\/agora.xtec.cat\/iestona\/wp-json\/wp\/v2\/users\/1"}],"replies":[{"embeddable":true,"href":"https:\/\/agora.xtec.cat\/iestona\/wp-json\/wp\/v2\/comments?post=4150"}],"version-history":[{"count":2,"href":"https:\/\/agora.xtec.cat\/iestona\/wp-json\/wp\/v2\/pages\/4150\/revisions"}],"predecessor-version":[{"id":4153,"href":"https:\/\/agora.xtec.cat\/iestona\/wp-json\/wp\/v2\/pages\/4150\/revisions\/4153"}],"up":[{"embeddable":true,"href":"https:\/\/agora.xtec.cat\/iestona\/wp-json\/wp\/v2\/pages\/195"}],"wp:attachment":[{"href":"https:\/\/agora.xtec.cat\/iestona\/wp-json\/wp\/v2\/media?parent=4150"}],"curies":[{"name":"wp","href":"https:\/\/api.w.org\/{rel}","templated":true}]}}