{"id":2985,"date":"2022-11-30T17:50:55","date_gmt":"2022-11-30T16:50:55","guid":{"rendered":"https:\/\/agora.xtec.cat\/iestona\/?page_id=2985"},"modified":"2026-02-11T22:02:08","modified_gmt":"2026-02-11T21:02:08","slug":"pfi-auxiliar-en-activitats-forestals-2","status":"publish","type":"page","link":"https:\/\/agora.xtec.cat\/iestona\/pfi-auxiliar-en-activitats-forestals-2\/","title":{"rendered":"PFI Auxiliar en Activitats Forestals"},"content":{"rendered":"<p>La ubicaci\u00f3 d\u2019aquests estudis \u00e9s a la Mancomunitat La Plana.\u00a0<span class=\"LrzXr\">Sector El Quadro, s\/n 08519, Malla.<\/span><\/p>\n<p>Els estudis tenen una durada total de 1.000 hores distribu\u00efdes en un curs acad\u00e8mic i es vol proporcionar a joves de 16 a 21 anys que no hagin obtingut el t\u00edtol de l\u2019ESO la possibilitat de continuar estudis de formaci\u00f3 professional.<\/p>\n<p>Inclou m\u00f2duls de formaci\u00f3 general i m\u00f2duls de formaci\u00f3 professional i dins d\u2019aquests \u00faltims trobem les pr\u00e0ctiques en empresa. Per veure els m\u00f2duls que inclou el programa cliqueu\u00a0<strong><a href=\"https:\/\/agora.xtec.cat\/iestona\/wp-content\/uploads\/usu2191\/2025\/05\/fitxaresumcurriculum.docx\">AQU\u00cd<\/a><\/strong><\/p>\n<p><a href=\"https:\/\/agora.xtec.cat\/iestona\/wp-content\/uploads\/usu2191\/2026\/02\/Triptic-PTT-forestal-Manco-INS-Tona-26-27.pdf\">Tr\u00edptic PTT forestal Manco INS Tona 26-27<\/a><\/p>\n<p>Per m\u00e9s informaci\u00f3:<\/p>\n<p>674 79 06 23 \/ 697 45 56 51 \/ 93 812 41 67<\/p>\n<p>&nbsp;<\/p>\n<p><a href=\"https:\/\/agora.xtec.cat\/iestona\/wp-content\/uploads\/usu2191\/2025\/05\/IMG-20241128-WA0015-scaled.jpg\"><img loading=\"lazy\" decoding=\"async\" class=\"alignnone size-thumbnail wp-image-5406\" src=\"https:\/\/agora.xtec.cat\/iestona\/wp-content\/uploads\/usu2191\/2025\/05\/IMG-20241128-WA0015-150x150.jpg\" alt=\"\" width=\"150\" height=\"150\" \/><\/a> <a href=\"https:\/\/agora.xtec.cat\/iestona\/wp-content\/uploads\/usu2191\/2025\/05\/IMG-20250218-WA0034-scaled.jpg\"><img loading=\"lazy\" decoding=\"async\" class=\"alignnone size-thumbnail wp-image-5407\" src=\"https:\/\/agora.xtec.cat\/iestona\/wp-content\/uploads\/usu2191\/2025\/05\/IMG-20250218-WA0034-150x150.jpg\" alt=\"\" width=\"150\" height=\"150\" \/><\/a><\/p>\n","protected":false},"excerpt":{"rendered":"<p>La ubicaci\u00f3 d\u2019aquests estudis \u00e9s a la Mancomunitat La Plana.\u00a0Sector El Quadro, s\/n 08519, Malla.<br \/>\nEls estudis tenen una durada total de 1.000 hores distribu\u00efdes en un curs acad\u00e8mic i es vol proporcionar a joves de 16 a 21 anys que no hagin obtingut el t\u00edtol&hellip;  <a href=\"https:\/\/agora.xtec.cat\/iestona\/pfi-auxiliar-en-activitats-forestals-2\/\" title=\"Read PFI Auxiliar en Activitats Forestals\">Llegeix m\u00e9s\u00bb<\/a><\/p>\n","protected":false},"author":1,"featured_media":0,"parent":0,"menu_order":0,"comment_status":"closed","ping_status":"closed","template":"","meta":{"_bbp_topic_count":0,"_bbp_reply_count":0,"_bbp_total_topic_count":0,"_bbp_total_reply_count":0,"_bbp_voice_count":0,"_bbp_anonymous_reply_count":0,"_bbp_topic_count_hidden":0,"_bbp_reply_count_hidden":0,"_bbp_forum_subforum_count":0,"footnotes":""},"class_list":["post-2985","page","type-page","status-publish","hentry"],"post_mailing_queue_ids":[],"_links":{"self":[{"href":"https:\/\/agora.xtec.cat\/iestona\/wp-json\/wp\/v2\/pages\/2985","targetHints":{"allow":["GET"]}}],"collection":[{"href":"https:\/\/agora.xtec.cat\/iestona\/wp-json\/wp\/v2\/pages"}],"about":[{"href":"https:\/\/agora.xtec.cat\/iestona\/wp-json\/wp\/v2\/types\/page"}],"author":[{"embeddable":true,"href":"https:\/\/agora.xtec.cat\/iestona\/wp-json\/wp\/v2\/users\/1"}],"replies":[{"embeddable":true,"href":"https:\/\/agora.xtec.cat\/iestona\/wp-json\/wp\/v2\/comments?post=2985"}],"version-history":[{"count":7,"href":"https:\/\/agora.xtec.cat\/iestona\/wp-json\/wp\/v2\/pages\/2985\/revisions"}],"predecessor-version":[{"id":6371,"href":"https:\/\/agora.xtec.cat\/iestona\/wp-json\/wp\/v2\/pages\/2985\/revisions\/6371"}],"wp:attachment":[{"href":"https:\/\/agora.xtec.cat\/iestona\/wp-json\/wp\/v2\/media?parent=2985"}],"curies":[{"name":"wp","href":"https:\/\/api.w.org\/{rel}","templated":true}]}}