{"id":2841,"date":"2022-07-03T13:59:20","date_gmt":"2022-07-03T11:59:20","guid":{"rendered":"https:\/\/agora.xtec.cat\/iestona\/?page_id=2841"},"modified":"2024-03-12T23:05:26","modified_gmt":"2024-03-12T22:05:26","slug":"pfi-auxiliar-en-activitats-forestals","status":"publish","type":"page","link":"https:\/\/agora.xtec.cat\/iestona\/pfi-auxiliar-en-activitats-forestals\/","title":{"rendered":"Preinscripci\u00f3 i matr\u00edcula PFI Auxiliar en Activitats Forestals"},"content":{"rendered":"<p>El Programa de Formaci\u00f3 i Inserci\u00f3 (PFI) d\u2019<b>auxiliar d\u2019activitats forestals e<\/b>s portar\u00e0 a terme en la seva totalitat a les depend\u00e8ncies de la Mancomunitat La Plana, per\u00f2 dep\u00e8n a nivell administratiu de l\u2019Institut de Tona.<\/p>\n<div>\n<div>\n<p>T\u00e9 una durada total de 1.000 hores distribu\u00efdes en un curs acad\u00e8mic amb l\u2019objectiu de proporcionar a joves de 16 a 21 anys que no hagin obtingut el t\u00edtol de l\u2019ESO la possibilitat de continuar estudis de formaci\u00f3 professional.<\/p>\n<p>Inclou m\u00f2duls de formaci\u00f3 general i m\u00f2duls de formaci\u00f3 professional i dins d\u2019aquest \u00faltim trobem les pr\u00e0ctiques en empresa.<\/p>\n<p>Les dates de preinscripci\u00f3 s\u00f3n del\u00a0 <b>2 al 9 de maig 2024. <\/b>Per a m\u00e9s informaci\u00f3 podeu enviar un correu a <a href=\"mailto:pttmancoplana@iestona.net\" target=\"_blank\" rel=\"noopener\">pttmancoplana@iestona.net<\/a> o b\u00e9 trucar a<b>:<\/b><\/p>\n<p style=\"font-weight: 400;\">697 45 56 51 \u2013 Mariona Bigas (coordinadora del PFI de la Mancomunitat La Plana)<\/p>\n<p style=\"font-weight: 400;\">674 79 06 23 \u2013 Laura Sol\u00e0 (tutora del PFI)<\/p>\n<p style=\"font-weight: 400;\">93 812 41 67 \u2013 Mancomunitat La Plana<\/p>\n<p style=\"font-weight: 400;\">93 812 57 23 \u2013 Institut de Tona<\/p>\n<p><a href=\"https:\/\/agora.xtec.cat\/iestona\/wp-content\/uploads\/usu2191\/2024\/03\/Triptic-PTT-Manco-24-25.pdf\">Tr\u00edptic informatiu<\/a><\/p>\n<p><a href=\"https:\/\/agora.xtec.cat\/iestona\/wp-content\/uploads\/usu2191\/2024\/03\/Infografia-PFI-alumnat.pdf\">Infografia PFI alumnat<\/a><\/p>\n<p>Barem provisional<\/p>\n<\/div>\n<p>Llistat admesos<\/p>\n<\/div>\n","protected":false},"excerpt":{"rendered":"<p>El Programa de Formaci\u00f3 i Inserci\u00f3 (PFI) d\u2019auxiliar d\u2019activitats forestals es portar\u00e0 a terme en la seva totalitat a les depend\u00e8ncies de la Mancomunitat La Plana, per\u00f2 dep\u00e8n a nivell administratiu de l\u2019Institut de Tona.<\/p>\n<p>T\u00e9 una durada total de 1.000 hores distribu\u00efdes en un curs&hellip;  <a href=\"https:\/\/agora.xtec.cat\/iestona\/pfi-auxiliar-en-activitats-forestals\/\" title=\"Read Preinscripci\u00f3 i matr\u00edcula PFI Auxiliar en Activitats Forestals\">Llegeix m\u00e9s\u00bb<\/a><\/p>\n","protected":false},"author":1,"featured_media":0,"parent":0,"menu_order":0,"comment_status":"closed","ping_status":"closed","template":"","meta":{"_bbp_topic_count":0,"_bbp_reply_count":0,"_bbp_total_topic_count":0,"_bbp_total_reply_count":0,"_bbp_voice_count":0,"_bbp_anonymous_reply_count":0,"_bbp_topic_count_hidden":0,"_bbp_reply_count_hidden":0,"_bbp_forum_subforum_count":0,"footnotes":""},"class_list":["post-2841","page","type-page","status-publish","hentry"],"post_mailing_queue_ids":[],"_links":{"self":[{"href":"https:\/\/agora.xtec.cat\/iestona\/wp-json\/wp\/v2\/pages\/2841","targetHints":{"allow":["GET"]}}],"collection":[{"href":"https:\/\/agora.xtec.cat\/iestona\/wp-json\/wp\/v2\/pages"}],"about":[{"href":"https:\/\/agora.xtec.cat\/iestona\/wp-json\/wp\/v2\/types\/page"}],"author":[{"embeddable":true,"href":"https:\/\/agora.xtec.cat\/iestona\/wp-json\/wp\/v2\/users\/1"}],"replies":[{"embeddable":true,"href":"https:\/\/agora.xtec.cat\/iestona\/wp-json\/wp\/v2\/comments?post=2841"}],"version-history":[{"count":6,"href":"https:\/\/agora.xtec.cat\/iestona\/wp-json\/wp\/v2\/pages\/2841\/revisions"}],"predecessor-version":[{"id":3918,"href":"https:\/\/agora.xtec.cat\/iestona\/wp-json\/wp\/v2\/pages\/2841\/revisions\/3918"}],"wp:attachment":[{"href":"https:\/\/agora.xtec.cat\/iestona\/wp-json\/wp\/v2\/media?parent=2841"}],"curies":[{"name":"wp","href":"https:\/\/api.w.org\/{rel}","templated":true}]}}