{"id":2769,"date":"2022-06-06T18:24:37","date_gmt":"2022-06-06T16:24:37","guid":{"rendered":"https:\/\/agora.xtec.cat\/iestona\/?page_id=2769"},"modified":"2022-06-06T18:26:35","modified_gmt":"2022-06-06T16:26:35","slug":"programa-salut-i-escola","status":"publish","type":"page","link":"https:\/\/agora.xtec.cat\/iestona\/programa-salut-i-escola\/","title":{"rendered":"Programa Salut i Escola"},"content":{"rendered":"<p>El Programa Salut i Escola, impulsat pel Departament d\u2019Educaci\u00f3 i pel Departament de Salut, t\u00e9 la finalitat de millorar la salut dels adolescents mitjan\u00e7ant accions que promocionen h\u00e0bits saludables,\u00a0 prevenir\u00a0 situacions de risc, i ajudar a detectar preco\u00e7ment\u00a0 problemes relacionats amb la salut.<\/p>\n<p>El centre compta amb una\u00a0<strong>Consulta Oberta\u00a0<\/strong>d\u2019una professional d\u2019infermeria un dia al mes, que at\u00e9n les demanades sobre problemes de salut amb garanties de privacitat, confidencialitat i proximitat.<\/p>\n<p><a href=\"https:\/\/agora.xtec.cat\/iestona\/wp-content\/uploads\/usu2191\/2022\/06\/images.jpg\"><img loading=\"lazy\" decoding=\"async\" class=\"alignnone size-full wp-image-2774\" src=\"https:\/\/agora.xtec.cat\/iestona\/wp-content\/uploads\/usu2191\/2022\/06\/images.jpg\" alt=\"\" width=\"237\" height=\"213\" \/><\/a><\/p>\n","protected":false},"excerpt":{"rendered":"<p>El Programa Salut i Escola, impulsat pel Departament d\u2019Educaci\u00f3 i pel Departament de Salut, t\u00e9 la finalitat de millorar la salut dels adolescents mitjan\u00e7ant accions que promocionen h\u00e0bits saludables,\u00a0 prevenir\u00a0 situacions de risc, i ajudar a detectar preco\u00e7ment\u00a0 problemes relacionats amb la salut.<br \/>\nEl centre compta&hellip;  <a href=\"https:\/\/agora.xtec.cat\/iestona\/programa-salut-i-escola\/\" title=\"Read Programa Salut i Escola\">Llegeix m\u00e9s\u00bb<\/a><\/p>\n","protected":false},"author":1,"featured_media":0,"parent":0,"menu_order":0,"comment_status":"closed","ping_status":"closed","template":"","meta":{"_bbp_topic_count":0,"_bbp_reply_count":0,"_bbp_total_topic_count":0,"_bbp_total_reply_count":0,"_bbp_voice_count":0,"_bbp_anonymous_reply_count":0,"_bbp_topic_count_hidden":0,"_bbp_reply_count_hidden":0,"_bbp_forum_subforum_count":0,"footnotes":""},"class_list":["post-2769","page","type-page","status-publish","hentry"],"post_mailing_queue_ids":[],"_links":{"self":[{"href":"https:\/\/agora.xtec.cat\/iestona\/wp-json\/wp\/v2\/pages\/2769","targetHints":{"allow":["GET"]}}],"collection":[{"href":"https:\/\/agora.xtec.cat\/iestona\/wp-json\/wp\/v2\/pages"}],"about":[{"href":"https:\/\/agora.xtec.cat\/iestona\/wp-json\/wp\/v2\/types\/page"}],"author":[{"embeddable":true,"href":"https:\/\/agora.xtec.cat\/iestona\/wp-json\/wp\/v2\/users\/1"}],"replies":[{"embeddable":true,"href":"https:\/\/agora.xtec.cat\/iestona\/wp-json\/wp\/v2\/comments?post=2769"}],"version-history":[{"count":3,"href":"https:\/\/agora.xtec.cat\/iestona\/wp-json\/wp\/v2\/pages\/2769\/revisions"}],"predecessor-version":[{"id":2775,"href":"https:\/\/agora.xtec.cat\/iestona\/wp-json\/wp\/v2\/pages\/2769\/revisions\/2775"}],"wp:attachment":[{"href":"https:\/\/agora.xtec.cat\/iestona\/wp-json\/wp\/v2\/media?parent=2769"}],"curies":[{"name":"wp","href":"https:\/\/api.w.org\/{rel}","templated":true}]}}