{"id":2761,"date":"2022-06-06T18:16:02","date_gmt":"2022-06-06T16:16:02","guid":{"rendered":"https:\/\/agora.xtec.cat\/iestona\/?page_id=2761"},"modified":"2025-09-03T21:35:30","modified_gmt":"2025-09-03T19:35:30","slug":"centre-formador","status":"publish","type":"page","link":"https:\/\/agora.xtec.cat\/iestona\/centre-formador\/","title":{"rendered":"Centre Formador d&#8217;estudiants en pr\u00e0ctiques dels MUFPS"},"content":{"rendered":"<p>L\u2019Institut de Tona som Centre formador d\u2019estudiants en pr\u00e0ctiques de M\u00e0ster de professorat.<\/p>\n<p>El Departament d\u2019Educaci\u00f3 considera fonamental que els futurs mestres i professors facin les pr\u00e0ctiques en centres educatius sostinguts amb fons p\u00fablics, per tal que puguin assolir les compet\u00e8ncies necess\u00e0ries per exercir una doc\u00e8ncia de qualitat. L\u2019organitzaci\u00f3 de les pr\u00e0ctiques en centres formadors permet la simultane\u00eftat entre la teoria i la pr\u00e0ctica, i facilita l\u2019acompanyament professional des de la universitat i des del centre educatiu.<\/p>\n<p>Aquestes pr\u00e0ctiques es realitzen en el marc de convenis de col\u00b7laboraci\u00f3 entre el Departament d\u2019Educaci\u00f3 i les universitats.<\/p>\n<p>La finalitat del programa \u00e9s millorar i avan\u00e7ar en el model de pr\u00e0ctiques dels estudiants universitaris amb la implicaci\u00f3 directa de la universitat i del centre formador en relaci\u00f3 amb els aspectes qualitatius que caracteritzen la formaci\u00f3 inicial dels nous docents. Formar part d\u2019aquest programa ens permetr\u00e0:<\/p>\n<p>\u2013 Assignar valor al centre en la formaci\u00f3 inicial de la funci\u00f3 docent<\/p>\n<p>\u2013 Professionalitzar i recon\u00e8ixer la tasca d\u2019acompanyament dels mentors de centre i dels tutors de les universitats<\/p>\n<p>\u2013 Incorporar l\u2019estudiant universitari al centre formador com a agent actiu que col\u00b7labora en el desenvolupament del projecte educatiu de centre.<\/p>\n<p>\u2013 Promoure la col\u00b7laboraci\u00f3 en projectes de recerca i de transformaci\u00f3 educativa entre les universitats i els centres formadors.<\/p>\n<p>El grup Impulsor de l\u2019Institut de Tona el formem 4 professors i aquest curs 2025-26 encetem una segona edici\u00f3 del programa un cop hem transferit els coneixements a la resta del claustre mitjan\u00e7ant una formaci\u00f3 de 20 hores.<\/p>\n<p><a href=\"https:\/\/agora.xtec.cat\/iestona\/wp-content\/uploads\/usu2191\/2022\/06\/LOGO-CF-DEF-scaled.jpg\"><img loading=\"lazy\" decoding=\"async\" class=\"wp-image-2767 alignleft\" src=\"https:\/\/agora.xtec.cat\/iestona\/wp-content\/uploads\/usu2191\/2022\/06\/LOGO-CF-DEF-1011x1024.jpg\" alt=\"\" width=\"208\" height=\"211\" srcset=\"https:\/\/agora.xtec.cat\/iestona\/wp-content\/uploads\/usu2191\/2022\/06\/LOGO-CF-DEF-1011x1024.jpg 1011w, https:\/\/agora.xtec.cat\/iestona\/wp-content\/uploads\/usu2191\/2022\/06\/LOGO-CF-DEF-296x300.jpg 296w, https:\/\/agora.xtec.cat\/iestona\/wp-content\/uploads\/usu2191\/2022\/06\/LOGO-CF-DEF-768x778.jpg 768w, https:\/\/agora.xtec.cat\/iestona\/wp-content\/uploads\/usu2191\/2022\/06\/LOGO-CF-DEF-1517x1536.jpg 1517w, https:\/\/agora.xtec.cat\/iestona\/wp-content\/uploads\/usu2191\/2022\/06\/LOGO-CF-DEF-2022x2048.jpg 2022w\" sizes=\"auto, (max-width: 208px) 100vw, 208px\" \/><\/a><\/p>\n<p>&nbsp;<\/p>\n","protected":false},"excerpt":{"rendered":"<p>L\u2019Institut de Tona som Centre formador d\u2019estudiants en pr\u00e0ctiques de M\u00e0ster de professorat.<br \/>\nEl Departament d\u2019Educaci\u00f3 considera fonamental que els futurs mestres i professors facin les pr\u00e0ctiques en centres educatius sostinguts amb fons p\u00fablics, per tal que puguin assolir les compet\u00e8ncies necess\u00e0ries per exercir una doc\u00e8ncia&hellip;  <a href=\"https:\/\/agora.xtec.cat\/iestona\/centre-formador\/\" title=\"Read Centre Formador d&#8217;estudiants en pr\u00e0ctiques dels MUFPS\">Llegeix m\u00e9s\u00bb<\/a><\/p>\n","protected":false},"author":1,"featured_media":0,"parent":0,"menu_order":0,"comment_status":"closed","ping_status":"closed","template":"","meta":{"_bbp_topic_count":0,"_bbp_reply_count":0,"_bbp_total_topic_count":0,"_bbp_total_reply_count":0,"_bbp_voice_count":0,"_bbp_anonymous_reply_count":0,"_bbp_topic_count_hidden":0,"_bbp_reply_count_hidden":0,"_bbp_forum_subforum_count":0,"footnotes":""},"class_list":["post-2761","page","type-page","status-publish","hentry"],"post_mailing_queue_ids":[],"_links":{"self":[{"href":"https:\/\/agora.xtec.cat\/iestona\/wp-json\/wp\/v2\/pages\/2761","targetHints":{"allow":["GET"]}}],"collection":[{"href":"https:\/\/agora.xtec.cat\/iestona\/wp-json\/wp\/v2\/pages"}],"about":[{"href":"https:\/\/agora.xtec.cat\/iestona\/wp-json\/wp\/v2\/types\/page"}],"author":[{"embeddable":true,"href":"https:\/\/agora.xtec.cat\/iestona\/wp-json\/wp\/v2\/users\/1"}],"replies":[{"embeddable":true,"href":"https:\/\/agora.xtec.cat\/iestona\/wp-json\/wp\/v2\/comments?post=2761"}],"version-history":[{"count":6,"href":"https:\/\/agora.xtec.cat\/iestona\/wp-json\/wp\/v2\/pages\/2761\/revisions"}],"predecessor-version":[{"id":5550,"href":"https:\/\/agora.xtec.cat\/iestona\/wp-json\/wp\/v2\/pages\/2761\/revisions\/5550"}],"wp:attachment":[{"href":"https:\/\/agora.xtec.cat\/iestona\/wp-json\/wp\/v2\/media?parent=2761"}],"curies":[{"name":"wp","href":"https:\/\/api.w.org\/{rel}","templated":true}]}}