{"id":27,"date":"2014-09-17T16:24:03","date_gmt":"2014-09-17T16:24:03","guid":{"rendered":"http:\/\/agora.xtec.cat\/iestona\/?page_id=27"},"modified":"2024-05-01T07:59:55","modified_gmt":"2024-05-01T05:59:55","slug":"historia","status":"publish","type":"page","link":"https:\/\/agora.xtec.cat\/iestona\/linstitut\/historia\/","title":{"rendered":"Hist\u00f2ria"},"content":{"rendered":"<p>L&#8217;Institut de Tona \u00e9s un centre p\u00fablic d&#8217;educaci\u00f3 secund\u00e0ria que va iniciar la seva activitat el curs 96-97 com a SES Tona, impartint el 1r curs d&#8217;ESO. D&#8217;aleshores en\u00e7\u00e0, hem anat creixent tant en persones com en oferta educativa. El gener de 2007 v\u00e0rem estrenar l&#8217;edifici actual i l&#8217;any 2008 ens v\u00e0rem transformar en Institut impartint, tamb\u00e9, Batxillerat.<\/p>\n<p>L&#8217;activitat es desenvolupa en dues seus: al carrer Torres i Bages s&#8217;imparteixen l&#8217;ESO i el Batxillerat, mentre que, al passeig de la Su\u00efssa, a l&#8217;edifici que anomenem Escola d&#8217;Hostaleria d&#8217;Osona, s&#8217;imparteixen els cicles formatius.<\/p>\n<p>Actualment a l&#8217;Institut hi ha quasi 600 alumnes, m\u00e9s de 70 professors i 5 persones de l&#8217;\u00e0rea d&#8217;administraci\u00f3 i serveis.<\/p>\n<p>La majoria dels nostres alumnes s\u00f3n de Tona, per\u00f2 tamb\u00e9 en v\u00e9nen de Sant Miquel de Baleny\u00e0, Seva, Muntanyola i, espor\u00e0dicament, d&#8217;altres poblacions de la comarca.<\/p>\n<p>Pel que fa als cicles formatius, la proced\u00e8ncia de l&#8217;alumnat \u00e9s molt \u00e0mplia i s&#8217;est\u00e9n a les comarques m\u00e9s properes (Vall\u00e8s, Bages&#8230;).<\/p>\n<p>Treballem, tal i com diu el nostre Projecte Educatiu, per ser un centre:<\/p>\n<ul>\n<li>Democr\u00e0tic, plural i aconfessional, fonamentat en els valors propis d&#8217;una societat democr\u00e0tica<\/li>\n<li>Catal\u00e0, coeducador i integrador de la diversitat<\/li>\n<li>Participatiu i vinculat al poble.<\/li>\n<\/ul>\n<p>Ens esforcem per crear un Institut on tothom tingui cabuda, on cada alumne\/a pugui aprendre i ser valorat\/da; en definitiva, un lloc on es faci del proc\u00e9s educatiu una experi\u00e8ncia gratificant.<\/p>\n<p><a href=\"https:\/\/agora.xtec.cat\/iestona\/wp-content\/uploads\/usu2191\/2020\/05\/5.jpg\"><img loading=\"lazy\" decoding=\"async\" class=\"wp-image-683 aligncenter\" src=\"https:\/\/agora.xtec.cat\/iestona\/wp-content\/uploads\/usu2191\/2020\/05\/5-1024x269.jpg\" alt=\"\" width=\"790\" height=\"208\" srcset=\"https:\/\/agora.xtec.cat\/iestona\/wp-content\/uploads\/usu2191\/2020\/05\/5-1024x269.jpg 1024w, https:\/\/agora.xtec.cat\/iestona\/wp-content\/uploads\/usu2191\/2020\/05\/5-300x79.jpg 300w, https:\/\/agora.xtec.cat\/iestona\/wp-content\/uploads\/usu2191\/2020\/05\/5-768x202.jpg 768w\" sizes=\"auto, (max-width: 790px) 100vw, 790px\" \/><\/a><\/p>\n<p>&nbsp;<\/p>\n<p><a href=\"https:\/\/agora.xtec.cat\/iestona\/wp-content\/uploads\/usu2191\/2020\/05\/EHO.jpg\"><img loading=\"lazy\" decoding=\"async\" class=\"wp-image-697 aligncenter\" src=\"https:\/\/agora.xtec.cat\/iestona\/wp-content\/uploads\/usu2191\/2020\/05\/EHO-1024x768.jpg\" alt=\"\" width=\"417\" height=\"312\" srcset=\"https:\/\/agora.xtec.cat\/iestona\/wp-content\/uploads\/usu2191\/2020\/05\/EHO-1024x768.jpg 1024w, https:\/\/agora.xtec.cat\/iestona\/wp-content\/uploads\/usu2191\/2020\/05\/EHO-300x225.jpg 300w, https:\/\/agora.xtec.cat\/iestona\/wp-content\/uploads\/usu2191\/2020\/05\/EHO-768x576.jpg 768w, https:\/\/agora.xtec.cat\/iestona\/wp-content\/uploads\/usu2191\/2020\/05\/EHO-200x150.jpg 200w, https:\/\/agora.xtec.cat\/iestona\/wp-content\/uploads\/usu2191\/2020\/05\/EHO.jpg 1067w\" sizes=\"auto, (max-width: 417px) 100vw, 417px\" \/><\/a><\/p>\n<p>&nbsp;<\/p>\n<p>&nbsp;<\/p>\n","protected":false},"excerpt":{"rendered":"<p>L&#8217;Institut de Tona \u00e9s un centre p\u00fablic d&#8217;educaci\u00f3 secund\u00e0ria que va iniciar la seva activitat el curs 96-97 com a SES Tona, impartint el 1r curs d&#8217;ESO. D&#8217;aleshores en\u00e7\u00e0, hem anat creixent tant en persones com en oferta educativa. El gener de 2007 v\u00e0rem estrenar&hellip;  <a href=\"https:\/\/agora.xtec.cat\/iestona\/linstitut\/historia\/\" title=\"Read Hist\u00f2ria\">Llegeix m\u00e9s\u00bb<\/a><\/p>\n","protected":false},"author":1,"featured_media":0,"parent":19,"menu_order":20,"comment_status":"closed","ping_status":"closed","template":"page-templates\/side-menu.php","meta":{"_bbp_topic_count":0,"_bbp_reply_count":0,"_bbp_total_topic_count":0,"_bbp_total_reply_count":0,"_bbp_voice_count":0,"_bbp_anonymous_reply_count":0,"_bbp_topic_count_hidden":0,"_bbp_reply_count_hidden":0,"_bbp_forum_subforum_count":0,"footnotes":""},"class_list":["post-27","page","type-page","status-publish","hentry"],"post_mailing_queue_ids":[],"_links":{"self":[{"href":"https:\/\/agora.xtec.cat\/iestona\/wp-json\/wp\/v2\/pages\/27","targetHints":{"allow":["GET"]}}],"collection":[{"href":"https:\/\/agora.xtec.cat\/iestona\/wp-json\/wp\/v2\/pages"}],"about":[{"href":"https:\/\/agora.xtec.cat\/iestona\/wp-json\/wp\/v2\/types\/page"}],"author":[{"embeddable":true,"href":"https:\/\/agora.xtec.cat\/iestona\/wp-json\/wp\/v2\/users\/1"}],"replies":[{"embeddable":true,"href":"https:\/\/agora.xtec.cat\/iestona\/wp-json\/wp\/v2\/comments?post=27"}],"version-history":[{"count":4,"href":"https:\/\/agora.xtec.cat\/iestona\/wp-json\/wp\/v2\/pages\/27\/revisions"}],"predecessor-version":[{"id":4143,"href":"https:\/\/agora.xtec.cat\/iestona\/wp-json\/wp\/v2\/pages\/27\/revisions\/4143"}],"up":[{"embeddable":true,"href":"https:\/\/agora.xtec.cat\/iestona\/wp-json\/wp\/v2\/pages\/19"}],"wp:attachment":[{"href":"https:\/\/agora.xtec.cat\/iestona\/wp-json\/wp\/v2\/media?parent=27"}],"curies":[{"name":"wp","href":"https:\/\/api.w.org\/{rel}","templated":true}]}}