{"id":2044,"date":"2021-06-21T13:50:39","date_gmt":"2021-06-21T11:50:39","guid":{"rendered":"https:\/\/agora.xtec.cat\/iestona\/?page_id=2044"},"modified":"2021-06-21T13:53:14","modified_gmt":"2021-06-21T11:53:14","slug":"estudi-assistit","status":"publish","type":"page","link":"https:\/\/agora.xtec.cat\/iestona\/projectes\/projecte-poefa\/estudi-assistit\/","title":{"rendered":"Estudi Assistit &#8211; Pauta"},"content":{"rendered":"<p style=\"text-align: justify;\">Aquest mes de maig han finalitzat les classes d&#8217;estudi assistit que aquest curs s&#8217;han portat a terme a l&#8217;acad\u00e8mia Pauta.\u00a0\u00a0Aquestes classes de refor\u00e7 extraescolar, pensades per alumnes majorit\u00e0riament amb pocs recursos econ\u00f2mics, ha perm\u00e8s en els alumnes participants refor\u00e7ar i millorar els resultats acad\u00e8mics.<\/p>\n<table style=\"height: 298px; border-style: hidden; width: 525px;\" width=\"525\">\n<tbody>\n<tr>\n<td style=\"width: 519.8px; border-style: hidden;\"><a href=\"https:\/\/agora.xtec.cat\/iestona\/wp-content\/uploads\/usu2191\/2021\/06\/Estudi-assistit.jpg\"><img loading=\"lazy\" decoding=\"async\" class=\"alignnone size-large wp-image-2045\" src=\"https:\/\/agora.xtec.cat\/iestona\/wp-content\/uploads\/usu2191\/2021\/06\/Estudi-assistit-1024x768.jpg\" alt=\"\" width=\"1024\" height=\"768\" srcset=\"https:\/\/agora.xtec.cat\/iestona\/wp-content\/uploads\/usu2191\/2021\/06\/Estudi-assistit-1024x768.jpg 1024w, https:\/\/agora.xtec.cat\/iestona\/wp-content\/uploads\/usu2191\/2021\/06\/Estudi-assistit-300x225.jpg 300w, https:\/\/agora.xtec.cat\/iestona\/wp-content\/uploads\/usu2191\/2021\/06\/Estudi-assistit-768x576.jpg 768w, https:\/\/agora.xtec.cat\/iestona\/wp-content\/uploads\/usu2191\/2021\/06\/Estudi-assistit-200x150.jpg 200w, https:\/\/agora.xtec.cat\/iestona\/wp-content\/uploads\/usu2191\/2021\/06\/Estudi-assistit.jpg 2000w\" sizes=\"auto, (max-width: 1024px) 100vw, 1024px\" \/><\/a><\/td>\n<\/tr>\n<\/tbody>\n<\/table>\n","protected":false},"excerpt":{"rendered":"<p>Aquest mes de maig han finalitzat les classes d&#8217;estudi assistit que aquest curs s&#8217;han portat a terme a l&#8217;acad\u00e8mia Pauta.\u00a0\u00a0Aquestes classes de refor\u00e7 extraescolar, pensades per alumnes majorit\u00e0riament amb pocs recursos econ\u00f2mics, ha perm\u00e8s en els alumnes participants refor\u00e7ar i millorar els resultats acad\u00e8mics.<\/p>\n<p><a href=\"https:\/\/agora.xtec.cat\/iestona\/wp-content\/uploads\/usu2191\/2021\/06\/Estudi-assistit.jpg\"><\/a><\/p>\n","protected":false},"author":1,"featured_media":0,"parent":1476,"menu_order":0,"comment_status":"closed","ping_status":"closed","template":"","meta":{"_bbp_topic_count":0,"_bbp_reply_count":0,"_bbp_total_topic_count":0,"_bbp_total_reply_count":0,"_bbp_voice_count":0,"_bbp_anonymous_reply_count":0,"_bbp_topic_count_hidden":0,"_bbp_reply_count_hidden":0,"_bbp_forum_subforum_count":0,"footnotes":""},"class_list":["post-2044","page","type-page","status-publish","hentry"],"post_mailing_queue_ids":[],"_links":{"self":[{"href":"https:\/\/agora.xtec.cat\/iestona\/wp-json\/wp\/v2\/pages\/2044","targetHints":{"allow":["GET"]}}],"collection":[{"href":"https:\/\/agora.xtec.cat\/iestona\/wp-json\/wp\/v2\/pages"}],"about":[{"href":"https:\/\/agora.xtec.cat\/iestona\/wp-json\/wp\/v2\/types\/page"}],"author":[{"embeddable":true,"href":"https:\/\/agora.xtec.cat\/iestona\/wp-json\/wp\/v2\/users\/1"}],"replies":[{"embeddable":true,"href":"https:\/\/agora.xtec.cat\/iestona\/wp-json\/wp\/v2\/comments?post=2044"}],"version-history":[{"count":2,"href":"https:\/\/agora.xtec.cat\/iestona\/wp-json\/wp\/v2\/pages\/2044\/revisions"}],"predecessor-version":[{"id":2048,"href":"https:\/\/agora.xtec.cat\/iestona\/wp-json\/wp\/v2\/pages\/2044\/revisions\/2048"}],"up":[{"embeddable":true,"href":"https:\/\/agora.xtec.cat\/iestona\/wp-json\/wp\/v2\/pages\/1476"}],"wp:attachment":[{"href":"https:\/\/agora.xtec.cat\/iestona\/wp-json\/wp\/v2\/media?parent=2044"}],"curies":[{"name":"wp","href":"https:\/\/api.w.org\/{rel}","templated":true}]}}