{"id":1662,"date":"2021-02-15T10:20:34","date_gmt":"2021-02-15T09:20:34","guid":{"rendered":"https:\/\/agora.xtec.cat\/iestona\/?page_id=1662"},"modified":"2024-05-01T10:44:32","modified_gmt":"2024-05-01T08:44:32","slug":"eoi","status":"publish","type":"page","link":"https:\/\/agora.xtec.cat\/iestona\/projectes\/eoi\/","title":{"rendered":"Programa experimental de suport a la certificaci\u00f3 dels coneixements de lleng\u00fces estrangeres"},"content":{"rendered":"<p>L\u2019Institut de Tona segueix forma part del <strong>Programa experimental de suport a la certificaci\u00f3 dels coneixements de lleng\u00fces estrangeres<\/strong>, que t\u00e9 l\u2019objectiu d\u2019impulsar i ajudar a<strong> l\u2019alumnat per a les proves oficials de les EOI <\/strong>des dels centres de secund\u00e0ria amb el suport de l\u2019EOI de refer\u00e8ncia, que en el nostre cas \u00e9s l\u2019EOI d\u2019Osona.<\/p>\n<p>Les escoles oficials d&#8217;idiomes gestionen i administren les proves per a l&#8217;obtenci\u00f3 de dos certificats oficials, el de <strong>B1 <\/strong>i el de <strong>B2 <\/strong>del marc europeu com\u00fa de refer\u00e8ncia per a les lleng\u00fces. Des del Departament de Lleng\u00fces Estrangeres de l\u2019institut creiem que aquestes proves s\u00f3n una molt bona oportunitat per al nostre alumnat i per aix\u00f2 us animem a inscriure-us-hi. Des del centre oferim suport als alumnes que es volen presentar oferint-los seguiment setmanal de l&#8217;evoluci\u00f3 de l&#8217;expressi\u00f3 oral i escrita amb l&#8217;assessorament de l&#8217;auxiliar de conversa, tamb\u00e9 proporcionem material nivell B1 i B2 per tal de poder practicar aquest tipus de model d&#8217;examen tot i que cal tenir en compte que \u00e9s necessari molt de treball a casa. Aquest pla s&#8217;ofereix als nostres alumnes a partir de 15 anys.<\/p>\n<p>&nbsp;<\/p>\n","protected":false},"excerpt":{"rendered":"<p>L\u2019Institut de Tona segueix forma part del Programa experimental de suport a la certificaci\u00f3 dels coneixements de lleng\u00fces estrangeres, que t\u00e9 l\u2019objectiu d\u2019impulsar i ajudar a l\u2019alumnat per a les proves oficials de les EOI des dels centres de secund\u00e0ria amb el suport de l\u2019EOI&hellip;  <a href=\"https:\/\/agora.xtec.cat\/iestona\/projectes\/eoi\/\" title=\"Read Programa experimental de suport a la certificaci\u00f3 dels coneixements de lleng\u00fces estrangeres\">Llegeix m\u00e9s\u00bb<\/a><\/p>\n","protected":false},"author":1,"featured_media":0,"parent":678,"menu_order":0,"comment_status":"closed","ping_status":"closed","template":"","meta":{"_bbp_topic_count":0,"_bbp_reply_count":0,"_bbp_total_topic_count":0,"_bbp_total_reply_count":0,"_bbp_voice_count":0,"_bbp_anonymous_reply_count":0,"_bbp_topic_count_hidden":0,"_bbp_reply_count_hidden":0,"_bbp_forum_subforum_count":0,"footnotes":""},"class_list":["post-1662","page","type-page","status-publish","hentry"],"post_mailing_queue_ids":[],"_links":{"self":[{"href":"https:\/\/agora.xtec.cat\/iestona\/wp-json\/wp\/v2\/pages\/1662","targetHints":{"allow":["GET"]}}],"collection":[{"href":"https:\/\/agora.xtec.cat\/iestona\/wp-json\/wp\/v2\/pages"}],"about":[{"href":"https:\/\/agora.xtec.cat\/iestona\/wp-json\/wp\/v2\/types\/page"}],"author":[{"embeddable":true,"href":"https:\/\/agora.xtec.cat\/iestona\/wp-json\/wp\/v2\/users\/1"}],"replies":[{"embeddable":true,"href":"https:\/\/agora.xtec.cat\/iestona\/wp-json\/wp\/v2\/comments?post=1662"}],"version-history":[{"count":5,"href":"https:\/\/agora.xtec.cat\/iestona\/wp-json\/wp\/v2\/pages\/1662\/revisions"}],"predecessor-version":[{"id":4183,"href":"https:\/\/agora.xtec.cat\/iestona\/wp-json\/wp\/v2\/pages\/1662\/revisions\/4183"}],"up":[{"embeddable":true,"href":"https:\/\/agora.xtec.cat\/iestona\/wp-json\/wp\/v2\/pages\/678"}],"wp:attachment":[{"href":"https:\/\/agora.xtec.cat\/iestona\/wp-json\/wp\/v2\/media?parent=1662"}],"curies":[{"name":"wp","href":"https:\/\/api.w.org\/{rel}","templated":true}]}}