{"id":1617,"date":"2021-02-11T18:21:24","date_gmt":"2021-02-11T17:21:24","guid":{"rendered":"https:\/\/agora.xtec.cat\/iestona\/?page_id=1617"},"modified":"2025-02-18T22:14:32","modified_gmt":"2025-02-18T21:14:32","slug":"politica-de-qualitat","status":"publish","type":"page","link":"https:\/\/agora.xtec.cat\/iestona\/linstitut\/politica-de-qualitat\/","title":{"rendered":"Pol\u00edtica de Qualitat"},"content":{"rendered":"<p style=\"text-align: justify;\"><strong>L\u2019INSTITUT DE TONA, CENTRE AMB CERTIFICACI\u00d3 ISO9001:2015<\/strong><\/p>\n<p style=\"text-align: justify;\"><span style=\"font-weight: 400;\">L\u2019Institut de Tona, en el curs 2019-2020, va entrar a formar part del\u00a0Projecte de\u00a0 Qualitat i Millora Cont\u00ednua (PQiMC) per a la millora de la qualitat dels centres educatius. Aquest projecte, est\u00e0 regulat per l\u2019Ordre EDU\/432\/2006, de 30 d&#8217;agost i les corresponents resolucions anuals.\u00a0El Projecte t\u00e9 com a refer\u00e8ncia la recomanaci\u00f3 que estableix el Marc de Refer\u00e8ncia Europeu aprovada pel Parlament Europeu i el Consell, de 18 de juny de 2009 i el Reial Decret 1147\/2011, de 30 de juliol, d\u2019ordenaci\u00f3 general de la formaci\u00f3 professional del sistema educatiu on s\u2019estableix el Marc de Refer\u00e8ncia de la Garantia de la Qualitat en la Formaci\u00f3 Professional del Sistema Educatiu.\u00a0<\/span><\/p>\n<p style=\"text-align: justify;\"><span style=\"font-weight: 400;\">Aquest projecte es desenvolupa a trav\u00e9s de cursos i seminaris espec\u00edfics, de jornades d\u2019intercanvi d\u2019experi\u00e8ncies i, sobretot, de l\u2019agrupaci\u00f3 dels centres en xarxes de treball, organitzades en nivells, amb l\u2019objectiu de donar-se suport m\u00fatuament i compartir experi\u00e8ncies, metodologies i noves eines de gesti\u00f3 i millora.\u00a0<\/span><\/p>\n<p style=\"text-align: justify;\"><span style=\"font-weight: 400;\">Mitjan\u00e7ant aquest sistema de gesti\u00f3, l\u2019Institut de Tona vol orientar les actuacions per donar resposta a les necessitats formatives de l&#8217;alumnat, les fam\u00edlies, les empreses, l&#8217;entorn social i els requeriments establerts; potenciar estrat\u00e8gies de desenvolupament i implicaci\u00f3 de les persones que hi treballen; gestionar, de manera sistem\u00e0tica i transparent, els processos que es desenvolupen; fonamentar la gesti\u00f3 dels processos en els fets, la mesura i la informaci\u00f3; fomentar la cultura de la millora cont\u00ednua, la innovaci\u00f3 i l&#8217;intercanvi de bones pr\u00e0ctiques amb altres centres; promoure el comprom\u00eds col\u00b7lectiu i la coher\u00e8ncia d&#8217;objectius en la definici\u00f3 i el desenvolupament dels valors, les pol\u00edtiques i les estrat\u00e8gies de centre, i orientar el centre cap a la consecuci\u00f3 de bons resultats en relaci\u00f3 amb els seus objectius.<\/span><\/p>\n<p class=\"Direccininterior\">El centre ha obtingut la certificaci\u00f3 la ISO 9001 el maig de 2022.<\/p>\n<p style=\"text-align: justify;\"><b>Pol\u00edtica de Qualitat<\/b><\/p>\n<p style=\"text-align: justify;\"><i><span style=\"font-weight: 400;\">L\u2019Institut de Tona<\/span><\/i><span style=\"font-weight: 400;\"> es compromet a portar el centre cap a un sistema de qualitat dels serveis i dels ensenyaments que s\u2019imparteixen, amb la intenci\u00f3 de convertir el centre en un referent de formaci\u00f3.<\/span><\/p>\n<p style=\"text-align: justify;\"><span style=\"font-weight: 400;\">El desplegament de la pol\u00edtica de qualitat\u00a0 implica el compliment de la legislaci\u00f3 vigent i la implantaci\u00f3 de la Norma ISO 9001 com a eina de refer\u00e8ncia, per a la millora cont\u00ednua de l\u2019ensenyament a secund\u00e0ria (ESO, Batxillerat i cicles formatius de grau mitj\u00e0 i superior).<\/span><\/p>\n<p style=\"text-align: justify;\"><span style=\"font-weight: 400;\">El comprom\u00eds amb la qualitat afecta tota l\u2019organitzaci\u00f3, i la millora cont\u00ednua \u00e9s una responsabilitat de tot l\u2019equip professional del centre. L\u2019equip directiu vetllar\u00e0 i facilitar\u00e0 el seu assoliment a trav\u00e9s de la seva gesti\u00f3 i amb tots els mitjans al seu abast.\u00a0<\/span><\/p>\n<p style=\"text-align: justify;\"><span style=\"font-weight: 400;\">La cerca de la qualitat \u00e9s el punt de partida per proposar innovacions en el centre educatiu. Per a aix\u00f2 considerem imprescindible la implicaci\u00f3 de tot l\u2019equip hum\u00e0 del centre, les fam\u00edlies, alumnes, empreses i entitats col\u00b7laboradores.\u00a0<\/span><\/p>\n<p style=\"text-align: justify;\"><b>Missi\u00f3<\/b><\/p>\n<p style=\"text-align: justify;\"><span style=\"font-weight: 400;\">L\u2019Institut de Tona \u00e9s un centre educatiu p\u00fablic d\u2019ensenyament secundari on s\u2019imparteixen estudis d\u2019ESO, batxillerat i cicles formatius de grau mig i superior, de les fam\u00edlies d\u2019Hoteleria i turisme i Ind\u00fastries aliment\u00e0ries. T\u00e9 com a missi\u00f3 prestar un servei p\u00fablic educatiu de qualitat a l\u2019alumnat per tal que pugui obtenir els millors resultats possibles segons les seves capacitats, necessitats i interessos.<\/span><\/p>\n<p style=\"text-align: justify;\"><span style=\"font-weight: 400;\">Impulsar la cultura de la millora cont\u00ednua i estrat\u00e8gies enfocades a preparar l\u2019alumnat per a la seva incorporaci\u00f3 al m\u00f3n laboral i\/o per continuar altres estudis.<\/span><\/p>\n<p style=\"text-align: justify;\"><span style=\"font-weight: 400;\">Desenvolupar un entorn de treball participatiu i motivador, que faciliti la implicaci\u00f3 de l\u2019equip hum\u00e0 de l\u2019Institut en el seu projecte, alhora que en el seu funcionament com a instituci\u00f3 educativa; establir mecanismes que posin a disposici\u00f3 de tota la comunitat els instruments i recursos per a la millora de la seva professionalitat aix\u00ed com per a la revisi\u00f3 i perfeccionament de tots els processos vinculats a la millora cont\u00ednua del centre.<\/span><\/p>\n<p style=\"text-align: justify;\"><b>Visi\u00f3<\/b><\/p>\n<p style=\"text-align: justify;\"><span style=\"font-weight: 400;\">L\u2019Institut de Tona vol ser un centre<\/span><span style=\"font-weight: 400;\">:<\/span><\/p>\n<ul style=\"text-align: justify;\">\n<li style=\"font-weight: 400; text-align: justify;\" aria-level=\"1\"><span style=\"font-weight: 400;\">Que afavoreix l\u2019\u00e8xit acad\u00e8mic i personal dels estudiants a trav\u00e9s de la millora cont\u00ednua en la seva manera de fer o treballar.<\/span><\/li>\n<li style=\"font-weight: 400; text-align: justify;\" aria-level=\"1\"><span style=\"font-weight: 400;\">Amb voluntat de participar i col\u00b7laborar en els projectes i les iniciatives que contribueixen al desenvolupament social, econ\u00f2mic i cultural de la nostra comarca i del pa\u00eds.<\/span><\/li>\n<li style=\"font-weight: 400; text-align: justify;\" aria-level=\"1\"><span style=\"font-weight: 400;\">Col\u00b7laborador amb l\u2019entorn, tant a inst\u00e0ncies municipals com, en el cas de cicles formatius, amb empreses del sector de la restauraci\u00f3, hoteleria i ind\u00fastria aliment\u00e0ria; i tamb\u00e9 amb projectes innovadors i que fomentin l\u2019emprenedoria.<\/span><\/li>\n<li style=\"font-weight: 400; text-align: justify;\" aria-level=\"1\"><span style=\"font-weight: 400;\">Que aposta per la introducci\u00f3 de l\u2019angl\u00e8s com a llengua vehicular en algunes mat\u00e8ries.<\/span><\/li>\n<li style=\"font-weight: 400; text-align: justify;\" aria-level=\"1\"><span style=\"font-weight: 400;\">Que ofereix les m\u00e0ximes possibilitats de desenvolupament professional al personal del centre, amb participaci\u00f3 en projectes propis i formaci\u00f3 externa, interna i compartida; fent possible la conflu\u00e8ncia dels interessos, capacitats i habilitats de l\u2019equip hum\u00e0 amb la planificaci\u00f3 estrat\u00e8gica de l\u2019organitzaci\u00f3.<\/span><\/li>\n<li style=\"font-weight: 400; text-align: justify;\" aria-level=\"1\"><span style=\"font-weight: 400;\">Que fomenta l\u2019\u00fas quotidi\u00e0 de les Tecnologies de l\u2019Aprenentatge i del Coneixement (TAC) com a eina de treball tant a l\u2019aula com en els processos de gesti\u00f3 de centre.<\/span><\/li>\n<li style=\"font-weight: 400; text-align: justify;\" aria-level=\"1\"><span style=\"font-weight: 400;\">Que implanta un sistema de qualitat i millora cont\u00ednua que permeti una gesti\u00f3 eficient, efica\u00e7 i una comunicaci\u00f3 \u00e0gil, facilitant la presa d\u2019acords i decisions de forma transversal i consensuada.\u00a0<\/span><\/li>\n<li style=\"font-weight: 400; text-align: justify;\" aria-level=\"1\"><span style=\"font-weight: 400;\">De refer\u00e8ncia en el sector de la gastronomia a nivell catal\u00e0.<\/span><\/li>\n<\/ul>\n<p style=\"text-align: justify;\"><b>Valors<\/b><\/p>\n<p style=\"text-align: justify;\"><span style=\"font-weight: 400;\">L&#8217;Institut de Tona fomenta entre tots els seus membres els valors de:<\/span><\/p>\n<ul>\n<li style=\"font-weight: 400; text-align: justify;\" aria-level=\"1\"><span style=\"font-weight: 400;\">La cooperaci\u00f3 i la solidaritat.<\/span><\/li>\n<li style=\"font-weight: 400; text-align: justify;\" aria-level=\"1\"><span style=\"font-weight: 400;\">L\u2019esfor\u00e7 i la responsabilitat personal.<\/span><\/li>\n<li style=\"font-weight: 400; text-align: justify;\" aria-level=\"1\"><span style=\"font-weight: 400;\">La revisi\u00f3 i la millora cont\u00ednua de les actuacions.<\/span><\/li>\n<li style=\"font-weight: 400; text-align: justify;\" aria-level=\"1\"><span style=\"font-weight: 400;\">L\u2019adaptaci\u00f3 al canvi i a les noves tecnologies.<\/span><\/li>\n<li style=\"font-weight: 400; text-align: justify;\" aria-level=\"1\"><span style=\"font-weight: 400;\">La transpar\u00e8ncia informativa.<\/span><\/li>\n<li style=\"font-weight: 400; text-align: justify;\" aria-level=\"1\"><span style=\"font-weight: 400;\">La conviv\u00e8ncia amb toler\u00e0ncia i respecte per les persones i la seva diversitat.<\/span><\/li>\n<li style=\"font-weight: 400; text-align: justify;\" aria-level=\"1\"><span style=\"font-weight: 400;\">El respecte al medi ambient i la utilitzaci\u00f3 \u00f2ptima dels recursos.<\/span><\/li>\n<li style=\"font-weight: 400; text-align: justify;\" aria-level=\"1\"><span style=\"font-weight: 400;\">La participaci\u00f3 positiva i responsable.<\/span><\/li>\n<li style=\"font-weight: 400; text-align: justify;\" aria-level=\"1\"><span style=\"font-weight: 400;\">La formaci\u00f3 permanent del professorat per disposar de la millor actualitzaci\u00f3 <\/span>pedag\u00f2gica possible.<\/li>\n<li style=\"font-weight: 400; text-align: justify;\" aria-level=\"1\"><span style=\"font-weight: 400;\">Inclusi\u00f3, per fomentar la cohesi\u00f3 social i la justificaci\u00f3 social.<\/span><\/li>\n<li style=\"font-weight: 400; text-align: justify;\" aria-level=\"1\"><span style=\"font-weight: 400;\">Qualitat, aplicada a la gesti\u00f3 del centre que permet ordenar i sistematitzar el <\/span>funcionament del centre.<\/li>\n<\/ul>\n<p>Aprovat per la Direcci\u00f3 del centre, febrer 2025<\/p>\n<table style=\"height: 117px; border-style: hidden; width: 519px;\" width=\"519\">\n<tbody>\n<tr>\n<td style=\"width: 513.6px; border-style: hidden;\"><a href=\"https:\/\/agora.xtec.cat\/iestona\/wp-content\/uploads\/usu2191\/2021\/02\/ge.jpg\"><img loading=\"lazy\" decoding=\"async\" class=\"size-full wp-image-1618 aligncenter\" src=\"https:\/\/agora.xtec.cat\/iestona\/wp-content\/uploads\/usu2191\/2021\/02\/ge.jpg\" alt=\"\" width=\"595\" height=\"80\" srcset=\"https:\/\/agora.xtec.cat\/iestona\/wp-content\/uploads\/usu2191\/2021\/02\/ge.jpg 595w, https:\/\/agora.xtec.cat\/iestona\/wp-content\/uploads\/usu2191\/2021\/02\/ge-300x40.jpg 300w\" sizes=\"auto, (max-width: 595px) 100vw, 595px\" \/><\/a><\/td>\n<\/tr>\n<\/tbody>\n<\/table>\n","protected":false},"excerpt":{"rendered":"<p>L\u2019INSTITUT DE TONA, CENTRE AMB CERTIFICACI\u00d3 ISO9001:2015<br \/>\nL\u2019Institut de Tona, en el curs 2019-2020, va entrar a formar part del\u00a0Projecte de\u00a0 Qualitat i Millora Cont\u00ednua (PQiMC) per a la millora de la qualitat dels centres educatius. Aquest projecte, est\u00e0 regulat per l\u2019Ordre EDU\/432\/2006, de 30 d&#8217;agost&hellip;  <a href=\"https:\/\/agora.xtec.cat\/iestona\/linstitut\/politica-de-qualitat\/\" title=\"Read Pol\u00edtica de Qualitat\">Llegeix m\u00e9s\u00bb<\/a><\/p>\n","protected":false},"author":1,"featured_media":0,"parent":19,"menu_order":0,"comment_status":"closed","ping_status":"closed","template":"","meta":{"_bbp_topic_count":0,"_bbp_reply_count":0,"_bbp_total_topic_count":0,"_bbp_total_reply_count":0,"_bbp_voice_count":0,"_bbp_anonymous_reply_count":0,"_bbp_topic_count_hidden":0,"_bbp_reply_count_hidden":0,"_bbp_forum_subforum_count":0,"footnotes":""},"class_list":["post-1617","page","type-page","status-publish","hentry"],"post_mailing_queue_ids":[],"_links":{"self":[{"href":"https:\/\/agora.xtec.cat\/iestona\/wp-json\/wp\/v2\/pages\/1617","targetHints":{"allow":["GET"]}}],"collection":[{"href":"https:\/\/agora.xtec.cat\/iestona\/wp-json\/wp\/v2\/pages"}],"about":[{"href":"https:\/\/agora.xtec.cat\/iestona\/wp-json\/wp\/v2\/types\/page"}],"author":[{"embeddable":true,"href":"https:\/\/agora.xtec.cat\/iestona\/wp-json\/wp\/v2\/users\/1"}],"replies":[{"embeddable":true,"href":"https:\/\/agora.xtec.cat\/iestona\/wp-json\/wp\/v2\/comments?post=1617"}],"version-history":[{"count":4,"href":"https:\/\/agora.xtec.cat\/iestona\/wp-json\/wp\/v2\/pages\/1617\/revisions"}],"predecessor-version":[{"id":5247,"href":"https:\/\/agora.xtec.cat\/iestona\/wp-json\/wp\/v2\/pages\/1617\/revisions\/5247"}],"up":[{"embeddable":true,"href":"https:\/\/agora.xtec.cat\/iestona\/wp-json\/wp\/v2\/pages\/19"}],"wp:attachment":[{"href":"https:\/\/agora.xtec.cat\/iestona\/wp-json\/wp\/v2\/media?parent=1617"}],"curies":[{"name":"wp","href":"https:\/\/api.w.org\/{rel}","templated":true}]}}