{"id":1544,"date":"2021-01-28T22:03:43","date_gmt":"2021-01-28T21:03:43","guid":{"rendered":"https:\/\/agora.xtec.cat\/iestona\/?page_id=1544"},"modified":"2026-01-24T18:22:24","modified_gmt":"2026-01-24T17:22:24","slug":"portes-obertes-virtuals-eso","status":"publish","type":"page","link":"https:\/\/agora.xtec.cat\/iestona\/portes-obertes-virtuals-eso\/","title":{"rendered":"Portes Obertes ESO 2026"},"content":{"rendered":"<h4>Visita presencial<\/h4>\n<ul>\n<li>Visita de les instal\u00b7lacions del centre amb cita pr\u00e8via. Podeu reservar hora clicant aqu\u00ed o b\u00e9 trucant al 93.812.57.23<\/li>\n<\/ul>\n<h4>Xerrada informativa ESO a les 10.00<\/h4>\n<ul>\n<li style=\"text-align: justify;\"><a href=\"https:\/\/agora.xtec.cat\/iestona\/wp-content\/uploads\/usu2191\/2026\/01\/Triptic-ESO.pdf\">Tr\u00edptic informatiu ESO<\/a><\/li>\n<\/ul>\n<h5><a href=\"https:\/\/agora.xtec.cat\/iestona\/preinscripcio-i-matricula-eso\/\">INFORMACI\u00d3 PREINSCRIPCI\u00d3 (cliqueu per a m\u00e9s informaci\u00f3)<\/a><\/h5>\n<p><strong>Preinscripcions ESO: <\/strong>6 al 18 de mar\u00e7<\/p>\n<p>ATENCI\u00d3: El proc\u00e9s de preinscripci\u00f3 ser\u00e0 totalment telem\u00e0tic. L&#8217;Ajuntament de Tona ofereix un servei d&#8217;acompanyament.<\/p>\n<p><strong>OFICINA\u00a0<\/strong><strong>D\u2019ORIENTACI\u00d3 ACAD\u00c8MICA I LABORAL.<\/strong><\/p>\n<p style=\"font-weight: 400;\">Per a totes les persones que necessiten un acompanyament o ordinador per fer les preinscripcions pel curs 2026-27. (ESO)<\/p>\n<p style=\"font-weight: 400;\"><strong>Quan:\u00a0<\/strong><\/p>\n<p><strong>Horari<\/strong>:<\/p>\n<p><strong>Lloc<\/strong>:\u00a0ESPAI MURIEL CASALS<\/p>\n","protected":false},"excerpt":{"rendered":"<p>Visita presencial<\/p>\n<ul>\n<li>Visita de les instal\u00b7lacions del centre amb cita pr\u00e8via. Podeu reservar hora clicant aqu\u00ed o b\u00e9 trucant al 93.812.57.23<\/li>\n<\/ul>\n<p>Xerrada informativa ESO a les 10.00<\/p>\n<ul>\n<li style=\"text-align: justify;\"><a href=\"https:\/\/agora.xtec.cat\/iestona\/wp-content\/uploads\/usu2191\/2026\/01\/Triptic-ESO.pdf\">Tr\u00edptic informatiu ESO<\/a><\/li>\n<\/ul>\n<p><a href=\"https:\/\/agora.xtec.cat\/iestona\/preinscripcio-i-matricula-eso\/\">INFORMACI\u00d3 PREINSCRIPCI\u00d3 (cliqueu per a m\u00e9s informaci\u00f3)<\/a><br \/>\nPreinscripcions ESO: 6 al 18 de mar\u00e7<br \/>\nATENCI\u00d3: El proc\u00e9s&hellip;  <a href=\"https:\/\/agora.xtec.cat\/iestona\/portes-obertes-virtuals-eso\/\" title=\"Read Portes Obertes ESO 2026\">Llegeix m\u00e9s\u00bb<\/a><\/p>\n","protected":false},"author":1,"featured_media":0,"parent":0,"menu_order":0,"comment_status":"closed","ping_status":"closed","template":"","meta":{"_bbp_topic_count":0,"_bbp_reply_count":0,"_bbp_total_topic_count":0,"_bbp_total_reply_count":0,"_bbp_voice_count":0,"_bbp_anonymous_reply_count":0,"_bbp_topic_count_hidden":0,"_bbp_reply_count_hidden":0,"_bbp_forum_subforum_count":0,"footnotes":""},"class_list":["post-1544","page","type-page","status-publish","hentry"],"post_mailing_queue_ids":[],"_links":{"self":[{"href":"https:\/\/agora.xtec.cat\/iestona\/wp-json\/wp\/v2\/pages\/1544","targetHints":{"allow":["GET"]}}],"collection":[{"href":"https:\/\/agora.xtec.cat\/iestona\/wp-json\/wp\/v2\/pages"}],"about":[{"href":"https:\/\/agora.xtec.cat\/iestona\/wp-json\/wp\/v2\/types\/page"}],"author":[{"embeddable":true,"href":"https:\/\/agora.xtec.cat\/iestona\/wp-json\/wp\/v2\/users\/1"}],"replies":[{"embeddable":true,"href":"https:\/\/agora.xtec.cat\/iestona\/wp-json\/wp\/v2\/comments?post=1544"}],"version-history":[{"count":7,"href":"https:\/\/agora.xtec.cat\/iestona\/wp-json\/wp\/v2\/pages\/1544\/revisions"}],"predecessor-version":[{"id":6223,"href":"https:\/\/agora.xtec.cat\/iestona\/wp-json\/wp\/v2\/pages\/1544\/revisions\/6223"}],"wp:attachment":[{"href":"https:\/\/agora.xtec.cat\/iestona\/wp-json\/wp\/v2\/media?parent=1544"}],"curies":[{"name":"wp","href":"https:\/\/api.w.org\/{rel}","templated":true}]}}