{"id":1476,"date":"2021-01-11T19:05:58","date_gmt":"2021-01-11T18:05:58","guid":{"rendered":"https:\/\/agora.xtec.cat\/iestona\/?page_id=1476"},"modified":"2024-05-01T11:40:54","modified_gmt":"2024-05-01T09:40:54","slug":"projecte-poefa","status":"publish","type":"page","link":"https:\/\/agora.xtec.cat\/iestona\/projectes\/projecte-poefa\/","title":{"rendered":"Projecte POEFA"},"content":{"rendered":"<p class=\"gmail_default\" style=\"text-align: justify;\">PROJECTE POEFA\u00a02020\/21<\/p>\n<p class=\"gmail_default\" style=\"text-align: justify;\">L&#8217;Institut de Tona va estar seleccionat per implementar durant el curs 2020-21 un projecte amb oportunitats d&#8217;\u00e8xit educatiu a favor de l&#8217;alumnat d&#8217;ESO i Batxillerat en el marc del Programa Operativo de empleo, Formaci\u00f3n y Educaci\u00f3n, FSE 2014-2020. El nostre projecte COP (Compet\u00e8ncies, oportunitats i Participaci\u00f3) t\u00e9 com a objectiu incidir en dos eixos d&#8217;actuaci\u00f3:<\/p>\n<p class=\"gmail_default\" style=\"text-align: justify;\">&#8211; Afavorir l&#8217;assoliment de les compet\u00e8ncies amb accions de refor\u00e7 educatiu extern que orientin l&#8217;atenci\u00f3 personalitzada a la diversitat. Millora de les compet\u00e8ncies b\u00e0siques amb el projecte d&#8217;Estudi Assistit.<\/p>\n<p style=\"text-align: justify;\"><span class=\"gmail_default\">&#8211;\u00a0<\/span>Garantir la igualtat d&#8217;oportunitats en l&#8217;acc\u00e9s a activitats educatives amb un component l\u00fadic i socialitzador, que incideixen en el desenvolupament equilibrat de les seves habilitats socials i personals, i de la seva autonomia. Millora en l&#8217;\u00e0mbit de la compet\u00e8ncia personal i social.<\/p>\n<table style=\"height: 365px; width: 62.3231%; border-collapse: collapse; border-style: hidden;\">\n<tbody>\n<tr>\n<td style=\"width: 100%; border-style: hidden;\"><a href=\"https:\/\/agora.xtec.cat\/iestona\/wp-content\/uploads\/usu2191\/2021\/10\/Cartell_page-0001.jpg\"><img loading=\"lazy\" decoding=\"async\" class=\"alignnone wp-image-2233\" src=\"https:\/\/agora.xtec.cat\/iestona\/wp-content\/uploads\/usu2191\/2021\/10\/Cartell_page-0001-1024x724.jpg\" alt=\"\" width=\"453\" height=\"320\" srcset=\"https:\/\/agora.xtec.cat\/iestona\/wp-content\/uploads\/usu2191\/2021\/10\/Cartell_page-0001-1024x724.jpg 1024w, https:\/\/agora.xtec.cat\/iestona\/wp-content\/uploads\/usu2191\/2021\/10\/Cartell_page-0001-300x212.jpg 300w, https:\/\/agora.xtec.cat\/iestona\/wp-content\/uploads\/usu2191\/2021\/10\/Cartell_page-0001-768x543.jpg 768w, https:\/\/agora.xtec.cat\/iestona\/wp-content\/uploads\/usu2191\/2021\/10\/Cartell_page-0001-1536x1086.jpg 1536w, https:\/\/agora.xtec.cat\/iestona\/wp-content\/uploads\/usu2191\/2021\/10\/Cartell_page-0001.jpg 1755w\" sizes=\"auto, (max-width: 453px) 100vw, 453px\" \/><\/a><\/td>\n<\/tr>\n<\/tbody>\n<\/table>\n","protected":false},"excerpt":{"rendered":"<p>PROJECTE POEFA\u00a02020\/21<br \/>\nL&#8217;Institut de Tona va estar seleccionat per implementar durant el curs 2020-21 un projecte amb oportunitats d&#8217;\u00e8xit educatiu a favor de l&#8217;alumnat d&#8217;ESO i Batxillerat en el marc del Programa Operativo de empleo, Formaci\u00f3n y Educaci\u00f3n, FSE 2014-2020. El nostre projecte COP (Compet\u00e8ncies, oportunitats&hellip;  <a href=\"https:\/\/agora.xtec.cat\/iestona\/projectes\/projecte-poefa\/\" title=\"Read Projecte POEFA\">Llegeix m\u00e9s\u00bb<\/a><\/p>\n","protected":false},"author":1,"featured_media":0,"parent":678,"menu_order":0,"comment_status":"closed","ping_status":"closed","template":"page-templates\/side-menu.php","meta":{"_bbp_topic_count":0,"_bbp_reply_count":0,"_bbp_total_topic_count":0,"_bbp_total_reply_count":0,"_bbp_voice_count":0,"_bbp_anonymous_reply_count":0,"_bbp_topic_count_hidden":0,"_bbp_reply_count_hidden":0,"_bbp_forum_subforum_count":0,"footnotes":""},"class_list":["post-1476","page","type-page","status-publish","hentry"],"post_mailing_queue_ids":[],"_links":{"self":[{"href":"https:\/\/agora.xtec.cat\/iestona\/wp-json\/wp\/v2\/pages\/1476","targetHints":{"allow":["GET"]}}],"collection":[{"href":"https:\/\/agora.xtec.cat\/iestona\/wp-json\/wp\/v2\/pages"}],"about":[{"href":"https:\/\/agora.xtec.cat\/iestona\/wp-json\/wp\/v2\/types\/page"}],"author":[{"embeddable":true,"href":"https:\/\/agora.xtec.cat\/iestona\/wp-json\/wp\/v2\/users\/1"}],"replies":[{"embeddable":true,"href":"https:\/\/agora.xtec.cat\/iestona\/wp-json\/wp\/v2\/comments?post=1476"}],"version-history":[{"count":4,"href":"https:\/\/agora.xtec.cat\/iestona\/wp-json\/wp\/v2\/pages\/1476\/revisions"}],"predecessor-version":[{"id":4209,"href":"https:\/\/agora.xtec.cat\/iestona\/wp-json\/wp\/v2\/pages\/1476\/revisions\/4209"}],"up":[{"embeddable":true,"href":"https:\/\/agora.xtec.cat\/iestona\/wp-json\/wp\/v2\/pages\/678"}],"wp:attachment":[{"href":"https:\/\/agora.xtec.cat\/iestona\/wp-json\/wp\/v2\/media?parent=1476"}],"curies":[{"name":"wp","href":"https:\/\/api.w.org\/{rel}","templated":true}]}}