{"id":1285,"date":"2020-11-15T15:38:46","date_gmt":"2020-11-15T14:38:46","guid":{"rendered":"https:\/\/agora.xtec.cat\/iestona\/?page_id=1285"},"modified":"2025-09-24T11:24:24","modified_gmt":"2025-09-24T09:24:24","slug":"ambit-matematic","status":"publish","type":"page","link":"https:\/\/agora.xtec.cat\/iestona\/linstitut\/departaments\/ambit-matematic\/","title":{"rendered":"\u00c0mbit Matem\u00e0tic-Tecnol\u00f2gic"},"content":{"rendered":"<p>\u200b<\/p>\n<table style=\"height: 1135px; border-style: hidden; width: 76.92501770538243%;\" width=\"706\">\n<tbody>\n<tr style=\"height: 431px;\">\n<td style=\"width: 700.8px; border-style: hidden; height: 431px;\"><a href=\"https:\/\/agora.xtec.cat\/iestona\/wp-content\/uploads\/usu2191\/2025\/09\/PHOTO-2025-09-24-09-53-02.jpg\"><img loading=\"lazy\" decoding=\"async\" class=\"alignnone size-full wp-image-5627\" src=\"https:\/\/agora.xtec.cat\/iestona\/wp-content\/uploads\/usu2191\/2025\/09\/PHOTO-2025-09-24-09-53-02.jpg\" alt=\"\" width=\"2048\" height=\"1536\" srcset=\"https:\/\/agora.xtec.cat\/iestona\/wp-content\/uploads\/usu2191\/2025\/09\/PHOTO-2025-09-24-09-53-02.jpg 2048w, https:\/\/agora.xtec.cat\/iestona\/wp-content\/uploads\/usu2191\/2025\/09\/PHOTO-2025-09-24-09-53-02-300x225.jpg 300w, https:\/\/agora.xtec.cat\/iestona\/wp-content\/uploads\/usu2191\/2025\/09\/PHOTO-2025-09-24-09-53-02-1024x768.jpg 1024w, https:\/\/agora.xtec.cat\/iestona\/wp-content\/uploads\/usu2191\/2025\/09\/PHOTO-2025-09-24-09-53-02-768x576.jpg 768w, https:\/\/agora.xtec.cat\/iestona\/wp-content\/uploads\/usu2191\/2025\/09\/PHOTO-2025-09-24-09-53-02-1536x1152.jpg 1536w, https:\/\/agora.xtec.cat\/iestona\/wp-content\/uploads\/usu2191\/2025\/09\/PHOTO-2025-09-24-09-53-02-200x150.jpg 200w\" sizes=\"auto, (max-width: 2048px) 100vw, 2048px\" \/><\/a><\/td>\n<\/tr>\n<tr style=\"height: 152px;\">\n<td style=\"width: 700.8px; border-style: hidden; height: 152px;\">\n<h4 style=\"text-align: center;\"><strong>A tots els que ens feu la pregunta: \u00a8 Per a qu\u00e8 serveixen les matem\u00e0tiques? \u00a8 i tamb\u00e9 als que teniu clara la resposta convidem a veure el documental:<\/strong><\/h4>\n<h4 style=\"font-weight: 400; text-align: center;\"><strong><a href=\"https:\/\/www.youtube.com\/watch?v=2sW1IENs8fc\" data-saferedirecturl=\"https:\/\/www.google.com\/url?q=https:\/\/www.youtube.com\/watch?v%3D2sW1IENs8fc&amp;source=gmail&amp;ust=1605342035683000&amp;usg=AFQjCNH8hybpwtNpgSe3nfUM_L4UFdXi2Q\">https:\/\/www.youtube.com\/watch?v=2sW1IENs8fc<\/a><\/strong><\/h4>\n<\/td>\n<\/tr>\n<tr style=\"height: 552px;\">\n<td style=\"width: 700.8px; border-style: hidden; height: 552px;\"><b>Albert Alejandre<\/b><\/p>\n<ul>\n<li><span style=\"font-weight: 400;\"> \u00a0 \u00a0 \u00a0 <\/span><span style=\"font-weight: 400;\">Matem\u00e0tiques<\/span><\/li>\n<li><span style=\"font-weight: 400;\"> \u00a0 \u00a0 \u00a0 <\/span><span style=\"font-weight: 400;\">Dibuix t\u00e8cnic<\/span><\/li>\n<li><span style=\"font-weight: 400;\"> \u00a0 \u00a0 \u00a0 <\/span><span style=\"font-weight: 400;\">Tutor 4t d\u2019ESO A<\/span><\/li>\n<\/ul>\n<p><b>Marta Alsina<\/b><\/p>\n<ul>\n<li><span style=\"font-weight: 400;\"> \u00a0 \u00a0 \u00a0 <\/span><span style=\"font-weight: 400;\">Tecnologia 1r d&#8217;ESO<\/span><\/li>\n<li><span style=\"font-weight: 400;\"> \u00a0 \u00a0 \u00a0 <\/span><span style=\"font-weight: 400;\">Tecnologia i Enginyeria II<\/span><\/li>\n<li><span style=\"font-weight: 400;\"> \u00a0 \u00a0 \u00a0 <\/span><span style=\"font-weight: 400;\">Projectes 1r d\u2019ESO<\/span><\/li>\n<li><span style=\"font-weight: 400;\">\u00a0 \u00a0 \u00a0 Optativa Rob\u00f2tica 2n d&#8217;ESO<\/span><\/li>\n<li>\u00a0 \u00a0 \u00a0 <span style=\"font-weight: 400;\">Tutora 1r d\u2019ESO A<\/span><\/li>\n<\/ul>\n<p><b>Anna Bach<\/b><\/p>\n<ul>\n<li><span style=\"font-weight: 400;\"> \u00a0 \u00a0 \u00a0 <\/span><span style=\"font-weight: 400;\">Cap d\u2019Estudis<\/span><\/li>\n<li><span style=\"font-weight: 400;\"> \u00a0 \u00a0 \u00a0 <\/span><span style=\"font-weight: 400;\">Optativa Inform\u00e0tica 1r ESO<\/span><\/li>\n<li><span style=\"font-weight: 400;\"> \u00a0 \u00a0 \u00a0 <\/span><span style=\"font-weight: 400;\">Optativa Inform\u00e0tica 4t d\u2019ESO<\/span><\/li>\n<li><span style=\"font-weight: 400;\"> \u00a0 \u00a0 \u00a0 <\/span><span style=\"font-weight: 400;\">Tutora individual 4t d\u2019ESO<\/span><\/li>\n<\/ul>\n<p><b>Jordi Benet<\/b><\/p>\n<ul>\n<li><span style=\"font-weight: 400;\"> \u00a0 \u00a0 \u00a0 <\/span><span style=\"font-weight: 400;\">Coordinador digital<\/span><\/li>\n<li><span style=\"font-weight: 400;\"> \u00a0 \u00a0 \u00a0 <\/span><span style=\"font-weight: 400;\">Tecnologia i digitalitzaci\u00f3<\/span><\/li>\n<li><span style=\"font-weight: 400;\">\u00a0 \u00a0 \u00a0 Tecnologia i enginyeria.<\/span><\/li>\n<li><span style=\"font-weight: 400;\">\u00a0 \u00a0 \u00a0 Tutor individual 1r\u00a0 de batxillerat<\/span><\/li>\n<\/ul>\n<p><b>Marta L\u00f3pez<\/b><\/p>\n<ul>\n<li><span style=\"font-weight: 400;\"> \u00a0 \u00a0 \u00a0 <\/span><span style=\"font-weight: 400;\">Matem\u00e0tiques<\/span><\/li>\n<li><span style=\"font-weight: 400;\"> \u00a0 \u00a0 \u00a0 <\/span><span style=\"font-weight: 400;\">Tutora 2n d\u2019ESO C<\/span><\/li>\n<\/ul>\n<p><b>Alba Mas<\/b><\/p>\n<ul>\n<li><span style=\"font-weight: 400;\"> \u00a0 \u00a0 <\/span><span style=\"font-weight: 400;\">Tecnologia 2n ESO<\/span><\/li>\n<li><span style=\"font-weight: 400;\">\u00a0 \u00a0 Optativa Tecnologia Pr\u00e0ctica 4t ESO<\/span><\/li>\n<li><span style=\"font-weight: 400;\"> \u00a0 \u00a0 \u00a0 <\/span><span style=\"font-weight: 400;\">Projectes 2n ESO<\/span><\/li>\n<li><span style=\"font-weight: 400;\"> \u00a0 \u00a0 \u00a0 <\/span><span style=\"font-weight: 400;\">Tutora 2n d\u2019ESO B<\/span><\/li>\n<li><span style=\"font-weight: 400;\">\u00a0 \u00a0 \u00a0 Projecci\u00f3 del centre<\/span><\/li>\n<\/ul>\n<p><b>N\u00faria Prat<\/b><\/p>\n<ul>\n<li><span style=\"font-weight: 400;\"> \u00a0 \u00a0 \u00a0 <\/span><span style=\"font-weight: 400;\">Matem\u00e0tiques<\/span><\/li>\n<li><span style=\"font-weight: 400;\"> \u00a0 \u00a0 \u00a0 <\/span><span style=\"font-weight: 400;\">Optativa matem\u00e0tiques 3r d\u2019ESO<\/span><\/li>\n<li><span style=\"font-weight: 400;\"> \u00a0 \u00a0 \u00a0 <\/span><span style=\"font-weight: 400;\">Tutora 4t d\u2019ESO C<\/span><\/li>\n<\/ul>\n<p><b>Bibiana Sala<\/b><\/p>\n<ul>\n<li><span style=\"font-weight: 400;\"> \u00a0 \u00a0 \u00a0 \u00a0 <\/span><span style=\"font-weight: 400;\">Cap d\u2019\u00e0mbit<\/span><\/li>\n<li><span style=\"font-family: inherit; font-size: 1em;\">\u00a0 \u00a0 \u00a0 \u00a0 Matem\u00e0tiques<\/span>1r d\u2019ESO<\/li>\n<li><span style=\"font-weight: 400;\">\u00a0 \u00a0 \u00a0 \u00a0 1r de Batxillerat Cient\u00edfic Tecnol\u00f2gic<\/span><\/li>\n<li><span style=\"font-weight: 400;\">\u00a0 \u00a0 \u00a0 \u00a0 2n de Batxillerat Cient\u00edfic Tecnol\u00f2gic<\/span><\/li>\n<li><span style=\"font-weight: 400;\">\u00a0 \u00a0 \u00a0 \u00a0 Optativa matem\u00e0tiques 1r de Batxillerat<\/span><\/li>\n<li><span style=\"font-weight: 400;\">\u00a0 \u00a0 \u00a0 \u00a0 <\/span><span style=\"font-weight: 400;\">Tutora individual 2n de Batxillerat<\/span><\/li>\n<\/ul>\n<p><b>Sandra P\u00e9rez de Le\u00f3n<\/b><\/p>\n<ul>\n<li style=\"font-weight: 400;\" aria-level=\"1\"><span style=\"font-weight: 400;\">Optativa 4rt Tecnologia Aplicada<\/span><\/li>\n<li style=\"font-weight: 400;\" aria-level=\"1\"><span style=\"font-weight: 400;\">Projectes 1r ESO<\/span><\/li>\n<li style=\"font-weight: 400;\" aria-level=\"1\"><span style=\"font-weight: 400;\">Projecte 2n ESO C<\/span><\/li>\n<li style=\"font-weight: 400;\" aria-level=\"1\"><span style=\"font-weight: 400;\">Tutora individual 1r ESO<\/span><\/li>\n<\/ul>\n<h5><\/h5>\n<\/td>\n<\/tr>\n<\/tbody>\n<\/table>\n","protected":false},"excerpt":{"rendered":"<p>\u200b<\/p>\n<p><a href=\"https:\/\/agora.xtec.cat\/iestona\/wp-content\/uploads\/usu2191\/2025\/09\/PHOTO-2025-09-24-09-53-02.jpg\"><\/a><\/p>\n<p>A tots els que ens feu la pregunta: \u00a8 Per a qu\u00e8 serveixen les matem\u00e0tiques? \u00a8 i tamb\u00e9 als que teniu clara la resposta convidem a veure el documental:<br \/>\n<a href=\"https:\/\/www.youtube.com\/watch?v=2sW1IENs8fc\" data-saferedirecturl=\"https:\/\/www.google.com\/url?q=https:\/\/www.youtube.com\/watch?v%3D2sW1IENs8fc&amp;source=gmail&amp;ust=1605342035683000&amp;usg=AFQjCNH8hybpwtNpgSe3nfUM_L4UFdXi2Q\">https:\/\/www.youtube.com\/watch?v=2sW1IENs8fc<\/a><\/p>\n<p>Albert Alejandre<\/p>\n<ul>\n<li> \u00a0 \u00a0 \u00a0 Matem\u00e0tiques<\/li>\n<li> \u00a0 \u00a0 \u00a0 Dibuix t\u00e8cnic<\/li>\n<li> \u00a0 \u00a0 \u00a0&hellip;  <a href=\"https:\/\/agora.xtec.cat\/iestona\/linstitut\/departaments\/ambit-matematic\/\" title=\"Read \u00c0mbit Matem\u00e0tic-Tecnol\u00f2gic\">Llegeix m\u00e9s\u00bb<\/a><br \/>\n","protected":false},"author":1,"featured_media":0,"parent":667,"menu_order":0,"comment_status":"closed","ping_status":"closed","template":"","meta":{"_bbp_topic_count":0,"_bbp_reply_count":0,"_bbp_total_topic_count":0,"_bbp_total_reply_count":0,"_bbp_voice_count":0,"_bbp_anonymous_reply_count":0,"_bbp_topic_count_hidden":0,"_bbp_reply_count_hidden":0,"_bbp_forum_subforum_count":0,"footnotes":""},"class_list":["post-1285","page","type-page","status-publish","hentry"],"post_mailing_queue_ids":[],"_links":{"self":[{"href":"https:\/\/agora.xtec.cat\/iestona\/wp-json\/wp\/v2\/pages\/1285","targetHints":{"allow":["GET"]}}],"collection":[{"href":"https:\/\/agora.xtec.cat\/iestona\/wp-json\/wp\/v2\/pages"}],"about":[{"href":"https:\/\/agora.xtec.cat\/iestona\/wp-json\/wp\/v2\/types\/page"}],"author":[{"embeddable":true,"href":"https:\/\/agora.xtec.cat\/iestona\/wp-json\/wp\/v2\/users\/1"}],"replies":[{"embeddable":true,"href":"https:\/\/agora.xtec.cat\/iestona\/wp-json\/wp\/v2\/comments?post=1285"}],"version-history":[{"count":6,"href":"https:\/\/agora.xtec.cat\/iestona\/wp-json\/wp\/v2\/pages\/1285\/revisions"}],"predecessor-version":[{"id":5628,"href":"https:\/\/agora.xtec.cat\/iestona\/wp-json\/wp\/v2\/pages\/1285\/revisions\/5628"}],"up":[{"embeddable":true,"href":"https:\/\/agora.xtec.cat\/iestona\/wp-json\/wp\/v2\/pages\/667"}],"wp:attachment":[{"href":"https:\/\/agora.xtec.cat\/iestona\/wp-json\/wp\/v2\/media?parent=1285"}],"curies":[{"name":"wp","href":"https:\/\/api.w.org\/{rel}","templated":true}]}}