{"id":1261,"date":"2020-11-15T15:40:22","date_gmt":"2020-11-15T14:40:22","guid":{"rendered":"https:\/\/agora.xtec.cat\/iestona\/?page_id=1261"},"modified":"2025-09-17T12:02:47","modified_gmt":"2025-09-17T10:02:47","slug":"equip-de-psicopedagogia","status":"publish","type":"page","link":"https:\/\/agora.xtec.cat\/iestona\/linstitut\/departaments\/equip-de-psicopedagogia\/","title":{"rendered":"Equip de Psicopedagogia"},"content":{"rendered":"<table style=\"height: 517px; border-style: hidden; width: 648px;\" width=\"648\">\n<tbody>\n<tr>\n<td style=\"width: 643.2px; border-style: hidden;\"><a href=\"https:\/\/agora.xtec.cat\/iestona\/wp-content\/uploads\/usu2191\/2025\/09\/IMG-20250917-WA0002.jpg\"><img loading=\"lazy\" decoding=\"async\" class=\"alignnone size-full wp-image-5608\" src=\"https:\/\/agora.xtec.cat\/iestona\/wp-content\/uploads\/usu2191\/2025\/09\/IMG-20250917-WA0002.jpg\" alt=\"\" width=\"900\" height=\"2000\" srcset=\"https:\/\/agora.xtec.cat\/iestona\/wp-content\/uploads\/usu2191\/2025\/09\/IMG-20250917-WA0002.jpg 900w, https:\/\/agora.xtec.cat\/iestona\/wp-content\/uploads\/usu2191\/2025\/09\/IMG-20250917-WA0002-135x300.jpg 135w, https:\/\/agora.xtec.cat\/iestona\/wp-content\/uploads\/usu2191\/2025\/09\/IMG-20250917-WA0002-461x1024.jpg 461w, https:\/\/agora.xtec.cat\/iestona\/wp-content\/uploads\/usu2191\/2025\/09\/IMG-20250917-WA0002-768x1707.jpg 768w, https:\/\/agora.xtec.cat\/iestona\/wp-content\/uploads\/usu2191\/2025\/09\/IMG-20250917-WA0002-691x1536.jpg 691w\" sizes=\"auto, (max-width: 900px) 100vw, 900px\" \/><\/a><\/p>\n<h5><\/h5>\n<\/td>\n<\/tr>\n<tr>\n<td style=\"width: 643.2px; border-style: hidden;\">\n<h4 style=\"text-align: center;\"><em>L&#8217;infant no \u00e9s una ampolla que cal omplir, sin\u00f3 un foc que cal encendre<\/em> &#8211; Michael de Montaigne<\/h4>\n<\/td>\n<\/tr>\n<tr>\n<td style=\"width: 643.2px; border-style: hidden;\"><\/td>\n<\/tr>\n<\/tbody>\n<\/table>\n<p>&nbsp;<\/p>\n<table>\n<tbody>\n<tr>\n<td><span style=\"font-weight: 400;\">Nom i cognom<\/span><\/td>\n<td><span style=\"font-weight: 400;\">C\u00e0rrecs i funcions<\/span><\/td>\n<\/tr>\n<tr>\n<td><span style=\"font-weight: 400;\">Cristina Barnils<\/span><\/td>\n<td><span style=\"font-weight: 400;\">Cocobe<\/span><\/p>\n<p><span style=\"font-weight: 400;\">Tutoria AO<\/span><\/p>\n<p><span style=\"font-weight: 400;\">Doc\u00e8ncia \u00e0mbit de lleng\u00fces 4t AO<\/span><\/p>\n<p><span style=\"font-weight: 400;\">Doc\u00e8ncia projectes 2n ESO<\/span><\/p>\n<p><span style=\"font-weight: 400;\">SIEI tots els nivells<\/span><\/p>\n<p><span style=\"font-weight: 400;\">Coordinaci\u00f3 Henka<\/span><\/p>\n<p><span style=\"font-weight: 400;\">Equip Impulsor #Aqu\u00edprouBullying<\/span><\/td>\n<\/tr>\n<tr>\n<td><span style=\"font-weight: 400;\">Marta Camprub\u00ed<\/span><\/td>\n<td><span style=\"font-weight: 400;\">Coordinadora 1r i 2n d\u2019ESO<\/span><\/p>\n<p><span style=\"font-weight: 400;\">Orientadora referent 2n d\u2019ESO<\/span><\/p>\n<p><span style=\"font-weight: 400;\">Doc\u00e8ncia Psicologia 1r Batxillerat<\/span><\/p>\n<p><span style=\"font-weight: 400;\">Doc\u00e8ncia optativa Millorem les compet\u00e8ncies 2n ESO<\/span><\/p>\n<p><span style=\"font-weight: 400;\">SIEI 2n<\/span><\/p>\n<p><span style=\"font-weight: 400;\">Coordinaci\u00f3 TEI<\/span><\/p>\n<p><span style=\"font-weight: 400;\">Coordinaci\u00f3 HENKA<\/span><\/td>\n<\/tr>\n<tr>\n<td><span style=\"font-weight: 400;\">Maria Camps<\/span><\/td>\n<td><span style=\"font-weight: 400;\">Cap Departament d\u2019Orientaci\u00f3 Educativa<\/span><\/p>\n<p><span style=\"font-weight: 400;\">Orientadora referent de 3rB i 3rC<\/span><\/p>\n<p><span style=\"font-weight: 400;\">Coordinaci\u00f3 TEI<\/span><\/p>\n<p><span style=\"font-weight: 400;\">Coordinaci\u00f3 HENKA<\/span><\/p>\n<p><span style=\"font-weight: 400;\">Equip impulsor #aqu\u00edproubullying<\/span><\/p>\n<p><span style=\"font-weight: 400;\">SIEI 3r<\/span><\/p>\n<p><span style=\"font-weight: 400;\">Doc\u00e8ncia optativa Millorem les compet\u00e8ncies 3r ESO<\/span><\/p>\n<p><span style=\"font-weight: 400;\">Doc\u00e8ncia optativa Conviv\u00e8ncia i Mediaci\u00f3 3r ESO<\/span><\/td>\n<\/tr>\n<tr>\n<td><span style=\"font-weight: 400;\">Maria Musach<\/span><\/td>\n<td><span style=\"font-weight: 400;\">Orientadora referent de 1r<\/span><\/p>\n<p><span style=\"font-weight: 400;\">Optativa de T\u00e8cniques d\u2019Estudi<\/span><\/p>\n<p><span style=\"font-weight: 400;\">SIEI tots els nivells<\/span><\/td>\n<\/tr>\n<tr>\n<td><span style=\"font-weight: 400;\">Ferran Piella<\/span><\/td>\n<td><span style=\"font-weight: 400;\">Orientador referent 4rt, 3erA i Batxillerat<\/span><\/p>\n<p><span style=\"font-weight: 400;\">Atenci\u00f3 SIEI\u00a0 3er i 4rt<\/span><\/p>\n<p><span style=\"font-weight: 400;\">Doc\u00e8ncia Psicologia Batxillerat<\/span><\/p>\n<p><span style=\"font-weight: 400;\">Doc\u00e8ncia Matem\u00e0tiques AO<\/span><\/td>\n<\/tr>\n<tr>\n<td><span style=\"font-weight: 400;\">Elsa Busquet<\/span><\/td>\n<td><span style=\"font-weight: 400;\">Auxiliar d\u2019educaci\u00f3 especial a 1r i 2n d\u2019ESO<\/span><\/td>\n<\/tr>\n<tr>\n<td><span style=\"font-weight: 400;\">Anna Pla<\/span><\/td>\n<td><span style=\"font-weight: 400;\">Educadora Educaci\u00f3 Especial SIEI<\/span><\/td>\n<\/tr>\n<\/tbody>\n<\/table>\n","protected":false},"excerpt":{"rendered":"<p><a href=\"https:\/\/agora.xtec.cat\/iestona\/wp-content\/uploads\/usu2191\/2025\/09\/IMG-20250917-WA0002.jpg\"><\/a><\/p>\n<p>L&#8217;infant no \u00e9s una ampolla que cal omplir, sin\u00f3 un foc que cal encendre &#8211; Michael de Montaigne<\/p>\n<p>&nbsp;<\/p>\n<p>Nom i cognom<br \/>\nC\u00e0rrecs i funcions<\/p>\n<p>Cristina Barnils<br \/>\nCocobe<br \/>\nTutoria AO<br \/>\nDoc\u00e8ncia \u00e0mbit de lleng\u00fces 4t AO<br \/>\nDoc\u00e8ncia projectes 2n ESO<br \/>\nSIEI tots els nivells<br \/>\nCoordinaci\u00f3 Henka<br \/>\nEquip Impulsor #Aqu\u00edprouBullying<\/p>\n<p>Marta Camprub\u00ed<br \/>\nCoordinadora 1r i 2n d\u2019ESO<br \/>\nOrientadora referent&hellip;  <a href=\"https:\/\/agora.xtec.cat\/iestona\/linstitut\/departaments\/equip-de-psicopedagogia\/\" title=\"Read Equip de Psicopedagogia\">Llegeix m\u00e9s\u00bb<\/a><\/p>\n","protected":false},"author":1,"featured_media":0,"parent":667,"menu_order":0,"comment_status":"closed","ping_status":"closed","template":"","meta":{"_bbp_topic_count":0,"_bbp_reply_count":0,"_bbp_total_topic_count":0,"_bbp_total_reply_count":0,"_bbp_voice_count":0,"_bbp_anonymous_reply_count":0,"_bbp_topic_count_hidden":0,"_bbp_reply_count_hidden":0,"_bbp_forum_subforum_count":0,"footnotes":""},"class_list":["post-1261","page","type-page","status-publish","hentry"],"post_mailing_queue_ids":[],"_links":{"self":[{"href":"https:\/\/agora.xtec.cat\/iestona\/wp-json\/wp\/v2\/pages\/1261","targetHints":{"allow":["GET"]}}],"collection":[{"href":"https:\/\/agora.xtec.cat\/iestona\/wp-json\/wp\/v2\/pages"}],"about":[{"href":"https:\/\/agora.xtec.cat\/iestona\/wp-json\/wp\/v2\/types\/page"}],"author":[{"embeddable":true,"href":"https:\/\/agora.xtec.cat\/iestona\/wp-json\/wp\/v2\/users\/1"}],"replies":[{"embeddable":true,"href":"https:\/\/agora.xtec.cat\/iestona\/wp-json\/wp\/v2\/comments?post=1261"}],"version-history":[{"count":7,"href":"https:\/\/agora.xtec.cat\/iestona\/wp-json\/wp\/v2\/pages\/1261\/revisions"}],"predecessor-version":[{"id":2171,"href":"https:\/\/agora.xtec.cat\/iestona\/wp-json\/wp\/v2\/pages\/1261\/revisions\/2171"}],"up":[{"embeddable":true,"href":"https:\/\/agora.xtec.cat\/iestona\/wp-json\/wp\/v2\/pages\/667"}],"wp:attachment":[{"href":"https:\/\/agora.xtec.cat\/iestona\/wp-json\/wp\/v2\/media?parent=1261"}],"curies":[{"name":"wp","href":"https:\/\/api.w.org\/{rel}","templated":true}]}}