{"id":1252,"date":"2020-11-15T15:30:48","date_gmt":"2020-11-15T14:30:48","guid":{"rendered":"https:\/\/agora.xtec.cat\/iestona\/?page_id=1252"},"modified":"2025-09-15T13:35:32","modified_gmt":"2025-09-15T11:35:32","slug":"ambit-cientific-i-tecnologic","status":"publish","type":"page","link":"https:\/\/agora.xtec.cat\/iestona\/linstitut\/departaments\/ambit-cientific-i-tecnologic\/","title":{"rendered":"\u00c0mbit Cient\u00edfic"},"content":{"rendered":"<p><a href=\"https:\/\/agora.xtec.cat\/iestona\/wp-content\/uploads\/usu2191\/2025\/09\/imatge-ciencies-scaled.jpg\"><img loading=\"lazy\" decoding=\"async\" class=\"alignnone size-full wp-image-5605\" src=\"https:\/\/agora.xtec.cat\/iestona\/wp-content\/uploads\/usu2191\/2025\/09\/imatge-ciencies-scaled.jpg\" alt=\"\" width=\"1920\" height=\"2560\" srcset=\"https:\/\/agora.xtec.cat\/iestona\/wp-content\/uploads\/usu2191\/2025\/09\/imatge-ciencies-scaled.jpg 1920w, https:\/\/agora.xtec.cat\/iestona\/wp-content\/uploads\/usu2191\/2025\/09\/imatge-ciencies-225x300.jpg 225w, https:\/\/agora.xtec.cat\/iestona\/wp-content\/uploads\/usu2191\/2025\/09\/imatge-ciencies-768x1024.jpg 768w, https:\/\/agora.xtec.cat\/iestona\/wp-content\/uploads\/usu2191\/2025\/09\/imatge-ciencies-1152x1536.jpg 1152w, https:\/\/agora.xtec.cat\/iestona\/wp-content\/uploads\/usu2191\/2025\/09\/imatge-ciencies-1536x2048.jpg 1536w\" sizes=\"auto, (max-width: 1920px) 100vw, 1920px\" \/><\/a><\/p>\n<table style=\"width: 100%; border-collapse: collapse; border-style: hidden;\">\n<tbody>\n<tr>\n<td style=\"width: 100%; border-style: hidden;\"><\/td>\n<\/tr>\n<tr>\n<td style=\"width: 100%; border-style: hidden;\">\n<h3 dir=\"ltr\"><strong><span style=\"color: #3366ff;\">Hi ha una for\u00e7a motriu m\u00e9s poderosa que el vapor, l&#8217;electricitat i l&#8217;energia at\u00f2mica, la voluntat.<\/span><\/strong><\/h3>\n<p dir=\"ltr\"><strong>Albert Einstein<\/strong><\/p>\n<\/td>\n<\/tr>\n<tr>\n<td style=\"width: 100%;\">\n<div>\n<div dir=\"ltr\" align=\"left\">\n<table>\n<colgroup>\n<col width=\"166\" \/>\n<col width=\"235\" \/>\n<col width=\"201\" \/><\/colgroup>\n<tbody>\n<tr>\n<td style=\"text-align: center;\">\n<h4 dir=\"ltr\"><strong>Nom i Cognoms<\/strong><\/h4>\n<\/td>\n<td style=\"text-align: center;\">\n<h4 dir=\"ltr\"><strong>C\u00e0rrec<\/strong><\/h4>\n<\/td>\n<td style=\"text-align: center;\">\n<h4 dir=\"ltr\"><strong>Especialitat<\/strong><\/h4>\n<\/td>\n<\/tr>\n<tr>\n<td>\n<p dir=\"ltr\"><strong>M\u00f2nica Piella\u00a0<\/strong><\/p>\n<\/td>\n<td>\n<p dir=\"ltr\">Tutora 1r ESO A<\/p>\n<p dir=\"ltr\">Coordinadora Projecte TEI<\/p>\n<p dir=\"ltr\">Biologia i geologia 1r ESO A i B<\/p>\n<p dir=\"ltr\">Projectes 1r<\/p>\n<p dir=\"ltr\">Biologia I<\/p>\n<p dir=\"ltr\">Reptes de biologia opt 1r Bat<\/p>\n<p dir=\"ltr\">Suport Geologia i Ci\u00e8ncies ambientals I\/ II<\/p>\n<\/td>\n<td>\n<p dir=\"ltr\">Biologia i Geologia<\/p>\n<\/td>\n<\/tr>\n<tr>\n<td>\n<p dir=\"ltr\"><strong>Montse Camps\u00a0<\/strong><\/p>\n<\/td>\n<td>\n<p dir=\"ltr\">Cap de departament<\/p>\n<p dir=\"ltr\">Tutora 3r ESO C<\/p>\n<p dir=\"ltr\">Coordinadora d\u2019Escola Verda<\/p>\n<p dir=\"ltr\">Biologia II<\/p>\n<p dir=\"ltr\">Biologia 4t ESO<\/p>\n<p dir=\"ltr\">Biologia\/ Qu\u00edmica\u00a0 3r C<\/p>\n<\/td>\n<td>\n<p dir=\"ltr\">Biologia i Geologia<\/p>\n<\/td>\n<\/tr>\n<tr>\n<td>\n<p dir=\"ltr\"><strong>Josep Mas\u00a0<\/strong><\/p>\n<\/td>\n<td>\n<p dir=\"ltr\">Tutor individual<\/p>\n<p dir=\"ltr\">Optativa F i Q 4t ESO<\/p>\n<p dir=\"ltr\">Biologia i F\u00edsica i qu\u00edmica 3r A\/ B<\/p>\n<p dir=\"ltr\">Optativa 2n ESO<\/p>\n<p dir=\"ltr\">F\u00edsica i qu\u00edmica 2n\u00a0<span class=\"gmail_default\">C<\/span><\/p>\n<\/td>\n<td>\n<p dir=\"ltr\">F\u00edsica i qu\u00edmica<\/p>\n<\/td>\n<\/tr>\n<tr>\n<td>\n<p dir=\"ltr\"><strong>Montse Marginet\u00a0<\/strong><\/p>\n<\/td>\n<td>\n<p dir=\"ltr\">Coordinadora de Batxillerat<\/p>\n<p dir=\"ltr\">Tutora 1r Batxillerat A<\/p>\n<p dir=\"ltr\">Qu\u00edmica I<\/p>\n<p dir=\"ltr\">F\u00edsica II<\/p>\n<p dir=\"ltr\">F\u00edsica i qu\u00edmica 2n A\/ B<\/p>\n<\/td>\n<td>\n<p dir=\"ltr\">F\u00edsica i qu\u00edmica<\/p>\n<\/td>\n<\/tr>\n<tr>\n<td>\n<p dir=\"ltr\"><strong>Magda Teixidor<\/strong><\/p>\n<\/td>\n<td>\n<p dir=\"ltr\">Coordinadora projectes 1r ESO<\/p>\n<p dir=\"ltr\">Optativa 1r BATX<\/p>\n<p dir=\"ltr\">Qu\u00edmica II<\/p>\n<p dir=\"ltr\">F\u00edsica I<\/p>\n<p dir=\"ltr\">Projectes 1r<\/p>\n<\/td>\n<td>\n<p dir=\"ltr\">F\u00edsica i qu\u00edmica<\/p>\n<\/td>\n<\/tr>\n<\/tbody>\n<\/table>\n<\/div>\n<\/div>\n<\/td>\n<\/tr>\n<\/tbody>\n<\/table>\n","protected":false},"excerpt":{"rendered":"<p><a href=\"https:\/\/agora.xtec.cat\/iestona\/wp-content\/uploads\/usu2191\/2025\/09\/imatge-ciencies-scaled.jpg\"><\/a><\/p>\n<p>Hi ha una for\u00e7a motriu m\u00e9s poderosa que el vapor, l&#8217;electricitat i l&#8217;energia at\u00f2mica, la voluntat.<br \/>\nAlbert Einstein<\/p>\n<p>Nom i Cognoms<\/p>\n<p>C\u00e0rrec<\/p>\n<p>Especialitat<\/p>\n<p>M\u00f2nica Piella\u00a0<\/p>\n<p>Tutora 1r ESO A<br \/>\nCoordinadora Projecte TEI<br \/>\nBiologia i geologia 1r ESO A i B<br \/>\nProjectes 1r<br \/>\nBiologia I<br \/>\nReptes de biologia opt 1r Bat<br \/>\nSuport Geologia i Ci\u00e8ncies ambientals I\/&hellip;  <a href=\"https:\/\/agora.xtec.cat\/iestona\/linstitut\/departaments\/ambit-cientific-i-tecnologic\/\" title=\"Read \u00c0mbit Cient\u00edfic\">Llegeix m\u00e9s\u00bb<\/a><\/p>\n","protected":false},"author":1,"featured_media":0,"parent":667,"menu_order":0,"comment_status":"closed","ping_status":"closed","template":"","meta":{"_bbp_topic_count":0,"_bbp_reply_count":0,"_bbp_total_topic_count":0,"_bbp_total_reply_count":0,"_bbp_voice_count":0,"_bbp_anonymous_reply_count":0,"_bbp_topic_count_hidden":0,"_bbp_reply_count_hidden":0,"_bbp_forum_subforum_count":0,"footnotes":""},"class_list":["post-1252","page","type-page","status-publish","hentry"],"post_mailing_queue_ids":[],"_links":{"self":[{"href":"https:\/\/agora.xtec.cat\/iestona\/wp-json\/wp\/v2\/pages\/1252","targetHints":{"allow":["GET"]}}],"collection":[{"href":"https:\/\/agora.xtec.cat\/iestona\/wp-json\/wp\/v2\/pages"}],"about":[{"href":"https:\/\/agora.xtec.cat\/iestona\/wp-json\/wp\/v2\/types\/page"}],"author":[{"embeddable":true,"href":"https:\/\/agora.xtec.cat\/iestona\/wp-json\/wp\/v2\/users\/1"}],"replies":[{"embeddable":true,"href":"https:\/\/agora.xtec.cat\/iestona\/wp-json\/wp\/v2\/comments?post=1252"}],"version-history":[{"count":7,"href":"https:\/\/agora.xtec.cat\/iestona\/wp-json\/wp\/v2\/pages\/1252\/revisions"}],"predecessor-version":[{"id":2160,"href":"https:\/\/agora.xtec.cat\/iestona\/wp-json\/wp\/v2\/pages\/1252\/revisions\/2160"}],"up":[{"embeddable":true,"href":"https:\/\/agora.xtec.cat\/iestona\/wp-json\/wp\/v2\/pages\/667"}],"wp:attachment":[{"href":"https:\/\/agora.xtec.cat\/iestona\/wp-json\/wp\/v2\/media?parent=1252"}],"curies":[{"name":"wp","href":"https:\/\/api.w.org\/{rel}","templated":true}]}}