{"id":1005,"date":"2020-09-05T09:43:11","date_gmt":"2020-09-05T07:43:11","guid":{"rendered":"https:\/\/agora.xtec.cat\/iestona\/?page_id=1005"},"modified":"2025-09-03T21:36:46","modified_gmt":"2025-09-03T19:36:46","slug":"convalidacions","status":"publish","type":"page","link":"https:\/\/agora.xtec.cat\/iestona\/secretaria\/convalidacions\/","title":{"rendered":"Convalidacions"},"content":{"rendered":"<p>Perm\u00eds dels pares per sortir del centre: <a href=\"https:\/\/agora.xtec.cat\/iestona\/wp-content\/uploads\/usu2191\/2025\/09\/Permis-sortida-centre-convalidacions.pdf\">Perm\u00eds sortida centre<\/a><\/p>\n<h4><span style=\"text-decoration: underline;\"><strong>Mesures i suports adre\u00e7ats a alumnes que simultaniegen l\u2019ESO o el batxillerat amb m\u00fasica, dansa o esport<\/strong><\/span><\/h4>\n<p>Els alumnes d\u2019ESO o batxillerat que cursin estudis de m\u00fasica o de dansa poden sol\u00b7licitar la convalidaci\u00f3 o el reconeixement de les mat\u00e8ries optatives Educaci\u00f3 F\u00edsica i\/o M\u00fasica, les quals es poden convalidar segons el procediment que s\u2019especifica en els documents \u201cSimultane\u00eftat d\u2019estudis d\u2019ESO o de batxillerat amb estudis de m\u00fasica\u201d i \u201cSimultane\u00eftat d\u2019estudis d\u2019ESO o de batxillerat amb estudis de dansa\u201d.<\/p>\n<p>La resoluci\u00f3 del director o directora del centre\u00a0 serveix com a document acreditatiu del pla de suport individualitzat de simultane\u00eftat (\u201cSim.\u201d) de l\u2019alumne i n\u2019acredita la convalidaci\u00f3.<\/p>\n<p><strong>Convalidaci\u00f3 d\u2019hores curriculars perqu\u00e8 es cursa simult\u00e0niament estudis de m\u00fasica<\/strong><\/p>\n<p>Els alumnes que cursen l\u2019ESO o batxillerat i, simult\u00e0niament, estudis de m\u00fasica en \u00a0conservatoris, centres professionals o escoles de m\u00fasica autoritzades, poden sol\u00b7licitar la convalidaci\u00f3 o el reconeixement de mat\u00e8ries.<\/p>\n<p>Podeu consultar les instruccions en els seg\u00fcents documents publicats pel departament d\u2019ensenyament.<\/p>\n<p><a href=\"https:\/\/documents.espai.educacio.gencat.cat\/IPCNormativa\/DOIGC\/CUR_Simultaneitat_musica.pdf\" target=\"_blank\" rel=\"noopener noreferrer\">Simultane\u00eftat d\u2019estudis d\u2019ESO o de batxillerat amb estudis de m\u00fasica<\/a><\/p>\n<p>Aquest convalidaci\u00f3 s\u2019ha de demanar presentant la documentaci\u00f3 necess\u00e0ria a secretaria durant els dos primers mesos de classe. <strong>NO S\u2019ADMETRAN SOL\u00b7LICITUDS PASSADA AQUESTA DATA i <\/strong>l\u2019alumnat assistir\u00e0 a les classes fins que sigui efectiva la resoluci\u00f3<\/p>\n<p><strong>Alumnes d&#8217;ESO que cursen estudis de m\u00fasica en un conservatori o en un centre professional o en una escola de m\u00fasica autoritzada<\/strong><\/p>\n<p>Mat\u00e8ries convalidables<\/p>\n<ul>\n<li>M\u00fasica (de 1r a 3r d&#8217;ESO)<\/li>\n<li>Les mat\u00e8ries optatives de primer a tercer d&#8217;ESO (2 hores setmanals per curs)<\/li>\n<li>Una mat\u00e8ria optativa de 4t d&#8217;ESO (fins a un m\u00e0xim de 4 hores setmanals)<\/li>\n<\/ul>\n<p>Les mat\u00e8ries d&#8217;ESO es poden recon\u00e8ixer d&#8217;acord amb dues situacions diferents, segons les c\u00e0rregues hor\u00e0ries:<\/p>\n<p><strong>Situaci\u00f3 1:<\/strong> Alumnes amb una dedicaci\u00f3 hor\u00e0ria a l&#8217;escola de m\u00fasica d&#8217;entre 3 i 4 hores setmanals. Se&#8217;ls poden recon\u00e8ixer les mat\u00e8ries seg\u00fcents:<\/p>\n<ul>\n<li>Les mat\u00e8ries optatives de primer a tercer curs d&#8217;ESO<\/li>\n<li>Una mat\u00e8ria optativa de 4t d&#8217;ESO (fins a un m\u00e0xim de 2 hores setmanals)<\/li>\n<\/ul>\n<p>Situaci\u00f3 2: Alumnes amb una dedicaci\u00f3 hor\u00e0ria a l&#8217;escola de m\u00fasica de 4 hores setmanals o m\u00e9s. Se&#8217;ls poden recon\u00e8ixer les mat\u00e8ries seg\u00fcents:<\/p>\n<ul>\n<li>M\u00fasica (de 1r a 3r d&#8217;ESO)<\/li>\n<li>Les mat\u00e8ries optatives de primer a tercer curs d&#8217;ESO<\/li>\n<li>Una mat\u00e8ria optativa de 4t d&#8217;ESO (fins a un m\u00e0xim de 4 hores setmanals)<\/li>\n<\/ul>\n<p><strong>Documentaci\u00f3<\/strong><\/p>\n<ul>\n<li><a href=\"https:\/\/agora.xtec.cat\/iesjaumecallis\/docs\/convalidacions\/?bp-attachment=EMU1-Sol.licitud-convalidaci%C3%B3-m%C3%BAsica.pdf\" target=\"_blank\" rel=\"noopener noreferrer\">Sol.licitud convalidaci\u00f3 m\u00fasica alumnes (EMU1)<\/a><\/li>\n<li><a href=\"https:\/\/agora.xtec.cat\/iestona\/wp-content\/uploads\/usu2191\/2020\/09\/A136.pdf\" target=\"_blank\" rel=\"noopener noreferrer\">Certificat conservatori o centre professional (CMU1)<\/a><\/li>\n<li><a href=\"https:\/\/agora.xtec.cat\/iestona\/wp-content\/uploads\/usu2191\/2020\/09\/A155.pdf\">Certificat escola de m\u00fasica (CMU2)<\/a><\/li>\n<\/ul>\n<p><strong>Alumnes de Batxillerat que cursen estudis de m\u00fasica en un conservatori o en un centre professional o en una escola de m\u00fasica autoritzada<\/strong><\/p>\n<p>Les mat\u00e8ries que es poden convalidar s\u00f3n les de la franja d&#8217;optatives fins a un m\u00e0xim de 6 hores setmanals a primer de Batxillerat i fins a un m\u00e0xim de 4 hores setmanals a 2n de Batxillerat.<\/p>\n<p>En el cas dels alumnes de primer de Batxillerat, la convalidaci\u00f3 de 6 hores de mat\u00e8ries de la franja d&#8217;optatives pot ser de qualsevol de les tres franges optatives i t\u00e9 car\u00e0cter anual.<\/p>\n<p>Les mat\u00e8ries que s&#8217;han convalidat no tenen qualificaci\u00f3 ni computen a l&#8217;efecte de c\u00e0lcul de la nota mitjana. Si l&#8217;alumne o alumna deixa els estudis de m\u00fasica, el conservatori o centre professional ho ha de comunicar al centre de secund\u00e0ria, que ha de prendre les mesures oportunes amb relaci\u00f3 a les mat\u00e8ries convalidades.<\/p>\n<ul>\n<li><a href=\"https:\/\/agora.xtec.cat\/iestona\/wp-content\/uploads\/usu2191\/2020\/09\/BMU1.pdf\">Sol\u00b7licitud de reducci\u00f3 de mat\u00e8ries de la franja d\u2019espec\u00edfiques de batxillerat basant-se en estudis de m\u00fasica en un conservatori o en un centre professional. (BMU1)<\/a><\/li>\n<li><a href=\"https:\/\/agora.xtec.cat\/iestona\/wp-content\/uploads\/usu2191\/2020\/09\/BMU3.pdf\">Sol\u00b7licitud de reducci\u00f3 de mat\u00e8ries de batxillerat basant-se en estudis de m\u00fasica en una escola de m\u00fasica autoritzada. (BMU3)<\/a><\/li>\n<li><a href=\"https:\/\/agora.xtec.cat\/iestona\/wp-content\/uploads\/usu2191\/2020\/09\/A136-3.pdf\">Certificat expedit pel conservatori o pel centre professional de m\u00fasica (CMU1)<\/a><\/li>\n<li><a href=\"https:\/\/agora.xtec.cat\/iestona\/wp-content\/uploads\/usu2191\/2020\/09\/CMu3.pdf\">Certificat expedit per l\u2019escola de m\u00fasica autoritzada \u00a0(CMU3)<\/a><\/li>\n<\/ul>\n<p><strong>Convalidaci\u00f3 d\u2019hores curriculars perqu\u00e8 es cursa simult\u00e0niament estudis de dansa<\/strong><\/p>\n<p>Els alumnes que cursen l\u2019ESO o batxillerat i, simult\u00e0niament, estudis de dansa en conservatoris, centres professionals o escoles de dansa autoritzades, poden sol\u00b7licitar la convalidaci\u00f3 o el reconeixement de mat\u00e8ries.<\/p>\n<p>Podeu consultar les instruccions en els seg\u00fcents documents publicats pel Departament d\u2019Educaci\u00f3. .<\/p>\n<p><a href=\"https:\/\/documents.espai.educacio.gencat.cat\/IPCNormativa\/DOIGC\/CUR_Simultaneitat_dansa.pdf\" target=\"_blank\" rel=\"noopener noreferrer\">Simultane\u00eftat d\u2019estudis d\u2019ESO o de batxillerat amb estudis de dansa<\/a><\/p>\n<p>Aquest convalidaci\u00f3 s\u2019ha de demanar presentant la documentaci\u00f3 necess\u00e0ria a secretaria durant els dos primers mesos de classe. <strong>NO S\u2019ADMETRAN SOL\u00b7LICITUDS PASSADA AQUESTA DATA i <\/strong>l\u2019alumnat assistir\u00e0 a les classes fins que sigui efectiva la resoluci\u00f3.<\/p>\n<p>Es poden convalidar les mat\u00e8ries seg\u00fcents:<\/p>\n<ul>\n<li>Educaci\u00f3 F\u00edsica.<\/li>\n<li>M\u00fasica (la mat\u00e8ria comuna de primer a tercer curs d&#8217;ESO).<\/li>\n<li>Les mat\u00e8ries optatives de primer a tercer curs d&#8217;ESO (2 hores setmanals per curs).<\/li>\n<li>Una mat\u00e8ria optativa de quart curs d&#8217;ESO (fins a un m\u00e0xim de 4 hores setmanals)<\/li>\n<\/ul>\n<p>Les mat\u00e8ries es poden recon\u00e8ixer d&#8217;acord amb dues situacions diferents, segons les c\u00e0rregues hor\u00e0ries:<\/p>\n<p><strong>Situaci\u00f3 1.<\/strong> Alumnes amb una dedicaci\u00f3 hor\u00e0ria als estudis de dansa d&#8217;entre 5 i 7 hores setmanals. Se&#8217;ls pot recon\u00e8ixer la mat\u00e8ria seg\u00fcent:<\/p>\n<p>Educaci\u00f3 F\u00edsica<\/p>\n<p><strong>Situaci\u00f3 2.<\/strong> Alumnes amb una dedicaci\u00f3 hor\u00e0ria als estudis de dansa de 7 hores setmanals o m\u00e9s. Se&#8217;ls poden recon\u00e8ixer les mat\u00e8ries seg\u00fcents:<\/p>\n<ul>\n<li>Educaci\u00f3 F\u00edsica<\/li>\n<li>Les mat\u00e8ries optatives de primer a tercer curs d&#8217;ESO (2 hores setmanals per curs).<\/li>\n<li>Una mat\u00e8ria optativa de quart curs d&#8217;ESO (fins a un m\u00e0xim de 4 hores setmanals).<\/li>\n<\/ul>\n<p><strong>Documentaci\u00f3<\/strong><\/p>\n<ul>\n<li><a href=\"https:\/\/agora.xtec.cat\/iesjaumecallis\/docs\/convalidacions\/?bp-attachment=Sol.licitud-convalidaci%C3%B3-EF-dansa.pdf\" target=\"_blank\" rel=\"noopener noreferrer\">Sol.licitud convalidaci\u00f3 EF (EDA1)<\/a><\/li>\n<li><a href=\"https:\/\/agora.xtec.cat\/iestona\/wp-content\/uploads\/usu2191\/2020\/09\/CDA1.pdf\">Certificat conservatori o centre professional (CDA1)<\/a><\/li>\n<li><a href=\"https:\/\/agora.xtec.cat\/iestona\/wp-content\/uploads\/usu2191\/2020\/09\/CDA2.pdf\" target=\"_blank\" rel=\"noopener noreferrer\">Certificat escola de dansa autoritzada (CDA2)<\/a><\/li>\n<li><a href=\"https:\/\/agora.xtec.cat\/iestona\/wp-content\/uploads\/usu2191\/2020\/09\/BDA1.pdf\">Sol\u00b7licitud de reducci\u00f3 de mat\u00e8ries de la franja d\u2019espec\u00edfiques i\/o de l\u2019educaci\u00f3 f\u00edsica de batxillerat basant-se en estudis de dansa en un conservatori o en un centre professional. (BDA1)<\/a><\/li>\n<li><a href=\"https:\/\/agora.xtec.cat\/iestona\/wp-content\/uploads\/usu2191\/2020\/09\/BDA3.pdf\">Sol\u00b7licitud de reducci\u00f3 de mat\u00e8ries de la franja d\u2019espec\u00edfiques i\/o de l\u2019educaci\u00f3 f\u00edsica de batxillerat basant-se en estudis de dansa en una escola de dansa autoritzada. (BDA3)<\/a><\/li>\n<li><a href=\"https:\/\/agora.xtec.cat\/iestona\/wp-content\/uploads\/usu2191\/2020\/09\/CDA1.pdf\">Certificat conservatori o centre professional (CDA1)<\/a><\/li>\n<li><a href=\"https:\/\/agora.xtec.cat\/iestona\/wp-content\/uploads\/usu2191\/2020\/09\/CDA2.pdf\" target=\"_blank\" rel=\"noopener noreferrer\">Certificat escola de dansa autoritzada (CDA2)<\/a><\/li>\n<li><a href=\"https:\/\/agora.xtec.cat\/iestona\/wp-content\/uploads\/usu2191\/2020\/09\/CDA3.pdf\">Certificat expedit per l\u2019escola de dansa autoritzada per tal que l\u2019alumne\/a pugui acollir-se al reconeixement amb reducci\u00f3 de mat\u00e8ries de batxillerat de la franja d\u2019espec\u00edfiques i\/o de l\u2019educaci\u00f3 f\u00edsica. (CDA3)<\/a><\/li>\n<\/ul>\n<h3><span style=\"text-decoration: underline;\"><strong>Convalidaci\u00f3 d\u2019hores curriculars per una dedicaci\u00f3 intensiva a l\u2019esport<\/strong><\/span><\/h3>\n<p><strong>Alumnes d\u2019ESO amb dedicaci\u00f3 significativa a l\u2019esport<\/strong><\/p>\n<p>Els alumnes amb dedicaci\u00f3 significativa a l\u2019esport avalada pel Consell Catal\u00e0 de l\u2019Esport, matriculats en centres que no pertanyin a la xarxa de centres educatius d\u2019especial atenci\u00f3 a la pr\u00e0ctica esportiva, poden sol\u00b7licitar al director o directora del centre educatiu, en el primer trimestre del curs, que se\u2019ls reconegui la mat\u00e8ria Educaci\u00f3 F\u00edsica.<\/p>\n<p>Per sol\u00b7licitar-ho, cal adjuntar a la <strong>sol\u00b7licitud<\/strong>, que ha d\u2019estar signada pel pare, mare o tutors legals de l\u2019alumne, <strong>el certificat del Consell Catal\u00e0 de l\u2019Esport<\/strong> (av. dels Pa\u00efsos Catalans, 12. 08950, Esplugues de Llobregat). Els alumnes poden obtenir aquest certificat quan siguin esportistes que figuren en el programa de tecnificaci\u00f3 (ARC) de la federaci\u00f3 catalana corresponent.<\/p>\n<div class=\"page\" title=\"Page 67\">\n<div class=\"layoutArea\">\n<div class=\"column\">\n<p>Per als alumnes que per motius de participaci\u00f3 en tornejos, competicions o finals esportives, que impliquin una abs\u00e8ncia al centre educatiu superior a 15 dies i inferior a 30 de forma continuada, el centre ha d&#8217;establir un PI que faciliti compaginar la pr\u00e0ctica esportiva amb l&#8217;activitat acad\u00e8mica. En aquest PI cal concretar les activitats de seguiment i els criteris d&#8217;avaluaci\u00f3 per a cada mat\u00e8ria durant aquest per\u00edode.<\/p>\n<p>Per fer efectiu aquest PI, cal que els pares, mares o tutors legals presentin, al centre on l&#8217;alumna o alumne cursa l&#8217;ESO, la documentaci\u00f3 seg\u00fcent:<\/p>\n<p>\u25cf \u00a0El certificat acreditatiu de les jornades esportives, les competicions o les finals en qu\u00e8 participa amb el segell del Consell Catal\u00e0 de l&#8217;Esport o de la federaci\u00f3 esportiva corresponent.<\/p>\n<p>\u25cf \u00a0Escrit de comprom\u00eds dels pares, mares o tutors legals pel que fa a col\u00b7laborar en el seguiment acad\u00e8mic durant aquest per\u00edode d&#8217;abs\u00e8ncia al centre.<\/p>\n<p>\u25cf \u00a0En cas que l&#8217;alumne o alumna deixi l&#8217;activitat esportiva, la fam\u00edlia ho ha de comunicar al centre de secund\u00e0ria, que prendr\u00e0 les mesures oportunes.<\/p>\n<\/div>\n<\/div>\n<\/div>\n<p><a href=\"https:\/\/agora.xtec.cat\/iestona\/wp-content\/uploads\/usu2191\/2020\/09\/Sol.licitud-Esports-ESO-1.pdf\">Sol.licitud esport ESO<\/a><\/p>\n<p>Podeu consultar les instruccions en els seg\u00fcents documents publicats pel departament d\u2019ensenyament .<\/p>\n<p><a href=\"https:\/\/agora.xtec.cat\/iestona\/wp-content\/uploads\/usu2191\/2020\/09\/Normativa-esports-ESO.pdf\">Normativa ESO<\/a><\/p>\n<p><strong>Convalidaci\u00f3 de mat\u00e8ries de batxillerat per als alumnes que compaginen els estudis de batxillerat amb la pr\u00e0ctica intensiva de l\u2019esport<\/strong><\/p>\n<p><span class=\"Apple-converted-space\">\u00a0<\/span>Els i les alumnes amb dedicaci\u00f3 significativa a l&#8217;esport, avalada pel Consell Catal\u00e0 de l&#8217;Esport i matriculats en centres que no pertanyen als centres educatius d&#8217;especial atenci\u00f3 a la pr\u00e0ctica esportiva, poden sol\u00b7licitar al director o directora del centre educatiu, durant el primer trimestre del curs, que se&#8217;ls apliqui un PI que inclogui el reconeixement de la mat\u00e8ria d&#8217;Educaci\u00f3 F\u00edsica i de les mat\u00e8ries espec\u00edfiques tant de primer com de segon de batxillerat. En aquest PI, cal adjuntar-hi la documentaci\u00f3 seg\u00fcent:<span class=\"Apple-converted-space\">\u00a0<\/span><\/p>\n<ul>\n<li><a href=\"https:\/\/agora.xtec.cat\/iestona\/wp-content\/uploads\/usu2191\/2020\/09\/Sol.licitud-Esports-Batxillerat.pdf\">Sol\u00b7licitud signada per l&#8217;alumne o alumna, o pel pare, la mare o el tutor o tutora legal de l&#8217;alumne si \u00e9s menor d&#8217;edat.\u00a0<\/a><\/li>\n<li>Certificat del Consell Catal\u00e0 de l&#8217;Esport. Els alumnes han d&#8217;obtenir aquest certificat quan figurin en el programa de tecnificaci\u00f3 (ARC) de la federaci\u00f3 catalana corresponent.<span class=\"Apple-converted-space\">\u00a0<\/span><\/li>\n<\/ul>\n<p>El director o directora del centre educatiu aprova el PI, que comporta la convalidaci\u00f3 de la mat\u00e8ria d&#8217;Educaci\u00f3 F\u00edsica i de la franja de mat\u00e8ries espec\u00edfiques de primer o b\u00e9 de la franja de mat\u00e8ries espec\u00edfiques de segon curs. El pla s&#8217;ha de renovar cada curs.<span class=\"Apple-converted-space\">\u00a0<\/span><\/p>\n<p>A l&#8217;efecte de la convalidaci\u00f3 de la franja de mat\u00e8ries espec\u00edfiques, cal tenir en compte que es consideren espec\u00edfiques tamb\u00e9 les mat\u00e8ries de modalitat que excedeixin de les mat\u00e8ries de modalitat que l&#8217;alumne o alumna ha de cursar en cada curs de batxillerat.<span class=\"Apple-converted-space\">\u00a0<\/span><\/p>\n<p><strong>\u00a0<\/strong>Podeu consultar les instruccions en els seg\u00fcents documents publicats pel departament d\u2019ensenyament .<\/p>\n<p><a href=\"https:\/\/agora.xtec.cat\/iestona\/wp-content\/uploads\/usu2191\/2020\/09\/Normativa-esports-Batxillerat.pdf\">Normativa esports Batxillerat<\/a><\/p>\n<p>&nbsp;<\/p>\n","protected":false},"excerpt":{"rendered":"<p>Perm\u00eds dels pares per sortir del centre: <a href=\"https:\/\/agora.xtec.cat\/iestona\/wp-content\/uploads\/usu2191\/2025\/09\/Permis-sortida-centre-convalidacions.pdf\">Perm\u00eds sortida centre<\/a><br \/>\nMesures i suports adre\u00e7ats a alumnes que simultaniegen l\u2019ESO o el batxillerat amb m\u00fasica, dansa o esport<br \/>\nEls alumnes d\u2019ESO o batxillerat que cursin estudis de m\u00fasica o de dansa poden sol\u00b7licitar la convalidaci\u00f3 o el&hellip;  <a href=\"https:\/\/agora.xtec.cat\/iestona\/secretaria\/convalidacions\/\" title=\"Read Convalidacions\">Llegeix m\u00e9s\u00bb<\/a><\/p>\n","protected":false},"author":1,"featured_media":0,"parent":728,"menu_order":0,"comment_status":"closed","ping_status":"closed","template":"","meta":{"_bbp_topic_count":0,"_bbp_reply_count":0,"_bbp_total_topic_count":0,"_bbp_total_reply_count":0,"_bbp_voice_count":0,"_bbp_anonymous_reply_count":0,"_bbp_topic_count_hidden":0,"_bbp_reply_count_hidden":0,"_bbp_forum_subforum_count":0,"footnotes":""},"class_list":["post-1005","page","type-page","status-publish","hentry"],"post_mailing_queue_ids":[],"_links":{"self":[{"href":"https:\/\/agora.xtec.cat\/iestona\/wp-json\/wp\/v2\/pages\/1005","targetHints":{"allow":["GET"]}}],"collection":[{"href":"https:\/\/agora.xtec.cat\/iestona\/wp-json\/wp\/v2\/pages"}],"about":[{"href":"https:\/\/agora.xtec.cat\/iestona\/wp-json\/wp\/v2\/types\/page"}],"author":[{"embeddable":true,"href":"https:\/\/agora.xtec.cat\/iestona\/wp-json\/wp\/v2\/users\/1"}],"replies":[{"embeddable":true,"href":"https:\/\/agora.xtec.cat\/iestona\/wp-json\/wp\/v2\/comments?post=1005"}],"version-history":[{"count":6,"href":"https:\/\/agora.xtec.cat\/iestona\/wp-json\/wp\/v2\/pages\/1005\/revisions"}],"predecessor-version":[{"id":5552,"href":"https:\/\/agora.xtec.cat\/iestona\/wp-json\/wp\/v2\/pages\/1005\/revisions\/5552"}],"up":[{"embeddable":true,"href":"https:\/\/agora.xtec.cat\/iestona\/wp-json\/wp\/v2\/pages\/728"}],"wp:attachment":[{"href":"https:\/\/agora.xtec.cat\/iestona\/wp-json\/wp\/v2\/media?parent=1005"}],"curies":[{"name":"wp","href":"https:\/\/api.w.org\/{rel}","templated":true}]}}