{"id":812,"date":"2019-04-07T12:10:34","date_gmt":"2019-04-07T10:10:34","guid":{"rendered":"https:\/\/agora.xtec.cat\/iesthalassa\/?page_id=812"},"modified":"2019-04-07T13:12:11","modified_gmt":"2019-04-07T11:12:11","slug":"departament-de-matematiques","status":"publish","type":"page","link":"https:\/\/agora.xtec.cat\/iesthalassa\/departaments\/departament-de-matematiques\/","title":{"rendered":"Matem\u00e0tiques"},"content":{"rendered":"<p>DEPARTAMENT de MATEM\u00c0TIQUES<\/p>\n<p>CONCURSOS MATEM\u00c0TICS: Fem matem\u00e0tiques i proves cangur<\/p>\n<hr \/>\n<h3><em>Fem Matem\u00e1tiques<\/em><\/h3>\n<p><a href=\"https:\/\/agora.xtec.cat\/iesthalassa\/wp-content\/uploads\/usu2025\/2019\/04\/fenmateasLogo-2019.jpg\"><img loading=\"lazy\" decoding=\"async\" class=\"alignleft size-medium wp-image-844\" src=\"https:\/\/agora.xtec.cat\/iesthalassa\/wp-content\/uploads\/usu2025\/2019\/04\/fenmateasLogo-2019-300x123.jpg\" alt=\"\" width=\"300\" height=\"123\" srcset=\"https:\/\/agora.xtec.cat\/iesthalassa\/wp-content\/uploads\/usu2025\/2019\/04\/fenmateasLogo-2019-300x123.jpg 300w, https:\/\/agora.xtec.cat\/iesthalassa\/wp-content\/uploads\/usu2025\/2019\/04\/fenmateasLogo-2019.jpg 558w\" sizes=\"auto, (max-width: 300px) 100vw, 300px\" \/><\/a>Cada any el nostre alumnat de 1r i 2n d&#8217;ESO participa en el consurs matem\u00e0tic <a href=\"http:\/\/fm.feemcat.org\/\" target=\"_blank\" rel=\"noopener\">FEM MATEM\u00c0TIQUES<\/a><\/p>\n<p>El FEM MATEM\u00c0TIQUES \u00e9s una activitat que t\u00e9 la finalitat de contribuir a desenvolupar la compet\u00e8ncia matem\u00e0tica, permet intercanviar experi\u00e8ncies i compartir propostes per part del professorat de les diferents comarques de Catalunya i vol sensibilitzar la societat catalana en general sobre la necessitat de millora d\u2019una educaci\u00f3 matem\u00e0tica que afavoreixi el desenvolupament personal i la integraci\u00f3 social d\u2019uns ciutadans i ciutadanes lliures i responsables.<\/p>\n<p>Es tracta d\u2019una activitat organitzada anualment per la <a href=\"http:\/\/feemcat.org\/\" target=\"_blank\" rel=\"noopener\">FEEMCAT<\/a> amb el suport del <a href=\"http:\/\/www.gencat.net\/educacio\/\" target=\"_blank\" rel=\"noopener\">Departament d\u2019Ensenyament<\/a>.<\/p>\n<hr \/>\n<h3><em>Proves\u00a0 Cangur<\/em><\/h3>\n<p><a href=\"https:\/\/agora.xtec.cat\/iesthalassa\/wp-content\/uploads\/usu2025\/2019\/04\/logo2019petit.jpg\"><img loading=\"lazy\" decoding=\"async\" class=\"alignleft size-full wp-image-842\" src=\"https:\/\/agora.xtec.cat\/iesthalassa\/wp-content\/uploads\/usu2025\/2019\/04\/logo2019petit.jpg\" alt=\"\" width=\"200\" height=\"142\" \/><\/a>En nostre alumnat participa tamb\u00e9 anualment en les <a href=\"http:\/\/www.cangur.org\/\" target=\"_blank\" rel=\"noopener\"><em>Proves Cangur<\/em><\/a>.<\/p>\n<p>Aquestes proves s\u00f3n una activitat matem\u00e0tica impulsada per la societat internacional <em>Le Kangourou sans Fronti\u00e8res<\/em> per estimular i motivar una \u00e0mplia majoria de l\u2019alumnat i que a Catalunya organitza des de 1996 la Societat Catalana de Matem\u00e0tiques.<\/p>\n<p>Amb un format de concurs individual, l\u2019objectiu aut\u00e8ntic del<em> Cangur<\/em> \u00e9s que l\u2019alumnat participi i dediqui una estona especial a divertir-se tot resolent els reptes plantejats. Els problemes es basen m\u00e9s en el raonament i l\u2019enginy que en coneixements matem\u00e0tics espec\u00edfics.<\/p>\n","protected":false},"excerpt":{"rendered":"<p>DEPARTAMENT de MATEM\u00c0TIQUES<br \/>\nCONCURSOS MATEM\u00c0TICS: Fem matem\u00e0tiques i proves cangur<\/p>\n<p>Fem Matem\u00e1tiques<br \/>\n<a href=\"https:\/\/agora.xtec.cat\/iesthalassa\/wp-content\/uploads\/usu2025\/2019\/04\/fenmateasLogo-2019.jpg\"><\/a>Cada any el nostre alumnat de 1r i 2n d&#8217;ESO participa en el consurs matem\u00e0tic <a href=\"http:\/\/fm.feemcat.org\/\" target=\"_blank\" rel=\"noopener\">FEM MATEM\u00c0TIQUES<\/a><br \/>\nEl FEM MATEM\u00c0TIQUES \u00e9s una activitat que t\u00e9 la finalitat de contribuir a desenvolupar la compet\u00e8ncia&hellip;  <a href=\"https:\/\/agora.xtec.cat\/iesthalassa\/departaments\/departament-de-matematiques\/\" title=\"Read Matem\u00e0tiques\">Llegeix m\u00e9s\u00bb<\/a><\/p>\n","protected":false},"author":1,"featured_media":0,"parent":793,"menu_order":0,"comment_status":"closed","ping_status":"closed","template":"page-templates\/side-menu.php","meta":{"_bbp_topic_count":0,"_bbp_reply_count":0,"_bbp_total_topic_count":0,"_bbp_total_reply_count":0,"_bbp_voice_count":0,"_bbp_anonymous_reply_count":0,"_bbp_topic_count_hidden":0,"_bbp_reply_count_hidden":0,"_bbp_forum_subforum_count":0,"footnotes":""},"class_list":["post-812","page","type-page","status-publish","hentry"],"post_mailing_queue_ids":[],"_links":{"self":[{"href":"https:\/\/agora.xtec.cat\/iesthalassa\/wp-json\/wp\/v2\/pages\/812","targetHints":{"allow":["GET"]}}],"collection":[{"href":"https:\/\/agora.xtec.cat\/iesthalassa\/wp-json\/wp\/v2\/pages"}],"about":[{"href":"https:\/\/agora.xtec.cat\/iesthalassa\/wp-json\/wp\/v2\/types\/page"}],"author":[{"embeddable":true,"href":"https:\/\/agora.xtec.cat\/iesthalassa\/wp-json\/wp\/v2\/users\/1"}],"replies":[{"embeddable":true,"href":"https:\/\/agora.xtec.cat\/iesthalassa\/wp-json\/wp\/v2\/comments?post=812"}],"version-history":[{"count":3,"href":"https:\/\/agora.xtec.cat\/iesthalassa\/wp-json\/wp\/v2\/pages\/812\/revisions"}],"predecessor-version":[{"id":846,"href":"https:\/\/agora.xtec.cat\/iesthalassa\/wp-json\/wp\/v2\/pages\/812\/revisions\/846"}],"up":[{"embeddable":true,"href":"https:\/\/agora.xtec.cat\/iesthalassa\/wp-json\/wp\/v2\/pages\/793"}],"wp:attachment":[{"href":"https:\/\/agora.xtec.cat\/iesthalassa\/wp-json\/wp\/v2\/media?parent=812"}],"curies":[{"name":"wp","href":"https:\/\/api.w.org\/{rel}","templated":true}]}}