{"id":675,"date":"2019-04-01T15:32:23","date_gmt":"2019-04-01T13:32:23","guid":{"rendered":"https:\/\/agora.xtec.cat\/iesthalassa\/?page_id=675"},"modified":"2019-10-16T13:45:44","modified_gmt":"2019-10-16T11:45:44","slug":"e-twinning","status":"publish","type":"page","link":"https:\/\/agora.xtec.cat\/iesthalassa\/projectes\/e-twinning\/","title":{"rendered":"E-Twinning"},"content":{"rendered":"<h2 style=\"text-align: center;\"><em>E-TWINNING<\/em> 2019<\/h2>\n<h3><em>This course 2019-20 we are taking part in 3 etwinning projects:<\/em><\/h3>\n<p>-The European Day of Languages. 1st of ESO.<\/p>\n<p>-The Beauty of Languages.\u00a0 2nd ESO.<\/p>\n<p><span style=\"font-family: inherit; font-size: 1em;\">-The spring of hope, the winter of despair. Charles Dickens. 2nd ESO.<\/span><\/p>\n<p><span style=\"color: #003300;\">If you want to more information, go to the <a href=\"https:\/\/foreignlanguagesthalassa.wordpress.com\/etwinning-2019-20-1st-of-eso-day-of-european-languages\/\">Ins Thalassa Foreign Languages blog<\/a>.<\/span><\/p>\n<h2><img loading=\"lazy\" decoding=\"async\" class=\"size-thumbnail wp-image-1369 aligncenter\" style=\"font-size: 16px; font-weight: 400;\" src=\"https:\/\/agora.xtec.cat\/iesthalassa\/wp-content\/uploads\/usu2025\/2019\/09\/european-day-of-languages-150x150.jpg\" alt=\"\" width=\"150\" height=\"150\" srcset=\"https:\/\/agora.xtec.cat\/iesthalassa\/wp-content\/uploads\/usu2025\/2019\/09\/european-day-of-languages-150x150.jpg 150w, https:\/\/agora.xtec.cat\/iesthalassa\/wp-content\/uploads\/usu2025\/2019\/09\/european-day-of-languages.jpg 219w\" sizes=\"auto, (max-width: 150px) 100vw, 150px\" \/><\/h2>\n<h2><\/h2>\n<h2 style=\"text-align: center;\"><em>E-TWINNING<\/em> 2018<\/h2>\n<h3 style=\"text-align: center;\">\u00a0<em>Celebrating the Day of European Languages<\/em><\/h3>\n<p><a href=\"https:\/\/agora.xtec.cat\/iesthalassa\/wp-content\/uploads\/usu2025\/2019\/04\/etwinning01.jpg\"><img loading=\"lazy\" decoding=\"async\" class=\"alignleft size-medium wp-image-680\" src=\"https:\/\/agora.xtec.cat\/iesthalassa\/wp-content\/uploads\/usu2025\/2019\/04\/etwinning01-300x145.jpg\" alt=\"\" width=\"300\" height=\"145\" srcset=\"https:\/\/agora.xtec.cat\/iesthalassa\/wp-content\/uploads\/usu2025\/2019\/04\/etwinning01-300x145.jpg 300w, https:\/\/agora.xtec.cat\/iesthalassa\/wp-content\/uploads\/usu2025\/2019\/04\/etwinning01.jpg 415w\" sizes=\"auto, (max-width: 300px) 100vw, 300px\" \/><\/a>Els alumnes de 1r d\u2019ESO de l\u2019Institut Thalassa participen en un projecte <em>E-Twinning<\/em> amb alumnes d&#8217;altres 15 pa\u00efsos d\u2019Europa (Fran\u00e7a, Portugal, Finl\u00e0ndia, Gr\u00e8cia, Romania, Litu\u00e0nia, It\u00e0lia, Pol\u00f2nia, Est\u00f2nia, Hungria, Let\u00f2nia, Eslov\u00e0quia, Maced\u00f2nia, Pol\u00f2nia i Rep\u00fablica Txeca). Aquest projecte s\u2019anomena \u201cCelebrating the Day of European Languages\u201d. El dia europeu de les lleng\u00fces \u00e9s el dia 26 de setembre.<\/p>\n<p>Els nostres partners s\u00f3n:<br \/>\nFran\u00e7a:<br \/>\nColl\u00e8ge Diderot, Cherbourg en Cotentin, France<br \/>\n\u00c9cole Marcel Pagnol, Montaroux, France<br \/>\nColl\u00e8ge Fran\u00e7ois Vi\u00e8te, Fontenay-le-Comte, France<br \/>\nColl\u00e8ge La Source, Mouthe, France<br \/>\nColl\u00e8ge Paul Fort, Is-sur-Tille, France<br \/>\nPortugal:<br \/>\nAgrupamento de escolas de Pombal, Almagreira Pombal, Portugal<br \/>\nEscola 2,3 Professor Jos\u00e9 Bu\u00edsel, Portim\u00e3o, Portugal<br \/>\nAgrupamento de Escolas de Vieira de Leiria, Portugal<br \/>\nFinlandia:<br \/>\nV\u00e4\u00e4ksyn Yhteiskoulu, V\u00e4\u00e4ksy, Finland<br \/>\nGr\u00e8cia:<br \/>\nGymnasium of Kanithos, Chalkida, Greece<br \/>\nRomania:<br \/>\n\u0218coala Gimnazial\u0103 &#8221; \u0218tefan cel Mare &#8221; Boto\u0219ani, Romania<br \/>\nLiceul Teoretic &#8220;Vasile Alecsandri&#8221;, Iasi, Romania<br \/>\nLituania:<br \/>\n\u0160iauliai &#8220;Juventos&#8221; progymnasium, \u0160iauliai, Lithuania<br \/>\nIt\u00e0lia:<br \/>\nScuola secondaria di primo gradp F. Montanari, Mirandola, Italy<br \/>\nIc Cirie&#8217; 1, Cirie&#8217;, Italy<br \/>\nIstituto comprensivo Montebello, Parma, Italy<br \/>\nIstituto comprensivo Sanvitale, Parma, Italy.<br \/>\nPol\u00f2nia:<br \/>\nSzko\u0142a Podstawowa, Wroclaw, Poland<br \/>\nEst\u00f2nia:<br \/>\nJ\u00e4rve Tammiku P\u00f5hikool, J\u00e4rve, Estonia<br \/>\nHungria:<br \/>\nK\u0151r\u00f6si Csoma S\u00e1ndor Primary School, Dunakeszi, Hungary<br \/>\nLet\u00f2nia:<br \/>\nOgre School, Ogres county, Latvia<br \/>\nEslov\u00e0quia:<br \/>\nZakladna skola, Ziar nad Hronom, Slovakia<br \/>\nZ\u00e1kladn\u00e1 \u0161kola, \u017dilina, Slovakia<br \/>\nMaced\u00f2nia:<br \/>\nLjuben Lape Primary school, Skopje, R.Macedonia<br \/>\nPol\u00f2nia:<br \/>\nSzko\u0142a Podstawowa nr 36, Katowice, Poland<br \/>\nSzko\u0142a Podstawowa, Gliwice, Poland<br \/>\nRep\u00fablica Txeca:<br \/>\nZS a MS Hranice, Hranice, The Czech Republic<\/p>\n<p>Primera activitat:<\/p>\n<p>Al setembre per tal de celebrar el dia europeu de les lleng\u00fces, els estudiants d&#8217;aquests 14 pa\u00efsos europeus van intercanviar-se postals amb un missatge com\u00fa en la seva llengua materna, \u00e9s a dir, en 15 idiomes europeus. El missatge consistia en escriure el nom, l&#8217;edat, el pa\u00eds i la llengua que parlaven. Com tots escrivien el mateix missatge, tots han pogut entendre el significat de les postals.<\/p>\n<p><em>My name is..<\/em><br \/>\n<em> I am &#8230;. years old.<\/em><\/p>\n<p><em>I am from&#8230; in &#8230;<\/em><\/p>\n<p><em>I like &#8230;&#8230; (translate into English)<\/em><\/p>\n<p><em>We speak &#8230;. (translate into English)<\/em><\/p>\n<p><em>Happy Day of the European Languages!<\/em><\/p>\n<p>A m\u00e9s, cada pa\u00eds va gravar v\u00eddeos amb el missatge per tal que tothom pogu\u00e9s sentir com zona cada llengua i el vam compartir al nostre twinspace. Podeu veure les exposicions que tots els pa\u00efsos amb fet amb les postals i tamb\u00e9 els videos al nostre twinspace.<\/p>\n<p><a href=\"https:\/\/twinspace.etwinning.net\/\" target=\"_blank\" rel=\"noopener noreferrer\">https:\/\/twinspace.etwinning.net\/<\/a><\/p>\n<p><em>Username:<\/em> guest.2019<\/p>\n<p><em>Password:<\/em> guest2019<\/p>\n<p>Cliqueu a la pestany<em>a p\u00e0g<\/em><em>ines<\/em> i trieu a <em>Poastcard displays<\/em> el pa\u00eds que voleu veure.<\/p>\n<p><a href=\"https:\/\/agora.xtec.cat\/iesthalassa\/wp-content\/uploads\/usu2025\/2019\/06\/e1.jpg\"><img loading=\"lazy\" decoding=\"async\" class=\"aligncenter wp-image-1148 size-medium\" src=\"https:\/\/agora.xtec.cat\/iesthalassa\/wp-content\/uploads\/usu2025\/2019\/06\/e1-300x225.jpg\" alt=\"\" width=\"300\" height=\"225\" srcset=\"https:\/\/agora.xtec.cat\/iesthalassa\/wp-content\/uploads\/usu2025\/2019\/06\/e1-300x225.jpg 300w, https:\/\/agora.xtec.cat\/iesthalassa\/wp-content\/uploads\/usu2025\/2019\/06\/e1-200x150.jpg 200w, https:\/\/agora.xtec.cat\/iesthalassa\/wp-content\/uploads\/usu2025\/2019\/06\/e1.jpg 449w\" sizes=\"auto, (max-width: 300px) 100vw, 300px\" \/><\/a><\/p>\n<div>\n<p><span style=\"font-family: trebuchet ms, sans-serif; font-size: medium;\"><span style=\"font-family: helvetica, arial, sans-serif;\"><b>2\u00aa activitat:<\/b><\/span><\/span><\/p>\n<p><span style=\"font-family: helvetica, arial, sans-serif;\">Al mes de novembre els alumnes de les diferents escoles van crear les seves postals de nadal desitjant unes bones vacances de nadal i un feli\u00e7 any nou en la seva lLengua materna a tots les altres. Aqu\u00ed teniu algunes fetes pels nostres alumnes, cliqueu:<\/span><\/p>\n<p>&nbsp;<\/p>\n<\/div>\n<div style=\"text-align: center;\"><span style=\"font-family: trebuchet ms, sans-serif; font-size: medium;\"><a href=\"https:\/\/padlet.com\/monicathalassa\/cvm79vuwzpk\" rel=\"nofollow\">INS Thalassa. Our Xmas cards<\/a><\/span><\/div>\n<div><\/div>\n<div><a href=\"https:\/\/agora.xtec.cat\/iesthalassa\/wp-content\/uploads\/usu2025\/2019\/06\/e2.jpg\"><img loading=\"lazy\" decoding=\"async\" class=\"aligncenter wp-image-1150 size-medium\" src=\"https:\/\/agora.xtec.cat\/iesthalassa\/wp-content\/uploads\/usu2025\/2019\/06\/e2-300x202.jpg\" alt=\"\" width=\"300\" height=\"202\" srcset=\"https:\/\/agora.xtec.cat\/iesthalassa\/wp-content\/uploads\/usu2025\/2019\/06\/e2-300x202.jpg 300w, https:\/\/agora.xtec.cat\/iesthalassa\/wp-content\/uploads\/usu2025\/2019\/06\/e2.jpg 406w\" sizes=\"auto, (max-width: 300px) 100vw, 300px\" \/><\/a><\/div>\n<div><\/div>\n<div><\/div>\n<div>\n<p>Tamb\u00e9 vam gravar-nos felicitant les festes als altres pa\u00efsos. Podeu veure els nostres v\u00eddeos al twinspace.<\/p>\n<p>I vam fer-nos fotos amb les postals de nadal que vam rebre.<\/p>\n<\/div>\n<p style=\"text-align: center;\">\r\n\t<div class=\"slideshow_container slideshow_container_style-light\" style=\"height: 300px; \" data-slideshow-id=\"1152\" data-style-name=\"style-light\" data-style-version=\"2.3.1\" >\r\n\r\n\t\t\t\t\t<div class=\"slideshow_loading_icon\"><\/div>\r\n\t\t\r\n\t\t<div class=\"slideshow_content\" style=\"display: none;\">\r\n\r\n\t\t\t<div class=\"slideshow_view\">\r\n\t\t\t\t<div class=\"slideshow_slide slideshow_slide_image\">\r\n\t\t\t\t\t\t\t\t\t\t\t<img src=\"https:\/\/agora.xtec.cat\/iesthalassa\/wp-content\/uploads\/usu2025\/2019\/06\/20190214_101711-min.jpg\" alt=\"20190214_101711-min\" width=\"3984\" height=\"2976\" \/>\r\n\t\t\t\t\t\t\t\t\t\t<div class=\"slideshow_description_box slideshow_transparent\">\r\n\t\t\t\t\t\t<div class=\"slideshow_title\">20190214_101711-min<\/div>\t\t\t\t\t\t\t\t\t\t\t<\/div>\r\n\t\t\t\t<\/div>\r\n\r\n\t\t\t\t\t\t<div style=\"clear: both;\"><\/div><\/div><div class=\"slideshow_view\">\r\n\t\t\t\t<div class=\"slideshow_slide slideshow_slide_image\">\r\n\t\t\t\t\t\t\t\t\t\t\t<img src=\"https:\/\/agora.xtec.cat\/iesthalassa\/wp-content\/uploads\/usu2025\/2019\/06\/20190208_144954-min.jpg\" alt=\"20190208_144954-min\" width=\"3984\" height=\"2976\" \/>\r\n\t\t\t\t\t\t\t\t\t\t<div class=\"slideshow_description_box slideshow_transparent\">\r\n\t\t\t\t\t\t<div class=\"slideshow_title\">20190208_144954-min<\/div>\t\t\t\t\t\t\t\t\t\t\t<\/div>\r\n\t\t\t\t<\/div>\r\n\r\n\t\t\t\t\t\t<div style=\"clear: both;\"><\/div><\/div><div class=\"slideshow_view\">\r\n\t\t\t\t<div class=\"slideshow_slide slideshow_slide_image\">\r\n\t\t\t\t\t\t\t\t\t\t\t<img src=\"https:\/\/agora.xtec.cat\/iesthalassa\/wp-content\/uploads\/usu2025\/2019\/06\/20190208_124636-min.jpg\" alt=\"20190208_124636-min\" width=\"3984\" height=\"2976\" \/>\r\n\t\t\t\t\t\t\t\t\t\t<div class=\"slideshow_description_box slideshow_transparent\">\r\n\t\t\t\t\t\t<div class=\"slideshow_title\">20190208_124636-min<\/div>\t\t\t\t\t\t\t\t\t\t\t<\/div>\r\n\t\t\t\t<\/div>\r\n\r\n\t\t\t\t\t\t<div style=\"clear: both;\"><\/div><\/div>\r\n\t\t<\/div>\r\n\r\n\t\t<div class=\"slideshow_controlPanel slideshow_transparent\" style=\"display: none;\"><ul><li class=\"slideshow_togglePlay\" data-play-text=\"Visualitza\" data-pause-text=\"Pausa\"><\/li><\/ul><\/div>\r\n\r\n\t\t<div class=\"slideshow_button slideshow_previous slideshow_transparent\" role=\"button\" data-previous-text=\"Anterior\" style=\"display: none;\"><\/div>\r\n\t\t<div class=\"slideshow_button slideshow_next slideshow_transparent\" role=\"button\" data-next-text=\"Seg\u00fcent\" style=\"display: none;\"><\/div>\r\n\r\n\t\t<div class=\"slideshow_pagination\" style=\"display: none;\" data-go-to-text=\"V\u00e9s a la diapositiva\"><div class=\"slideshow_pagination_center\"><\/div><\/div>\r\n\r\n\t\t<!-- WordPress Slideshow Version 2.3.1 -->\r\n\r\n\t\t\t<\/div>\r\n\r\n<\/p>\n<p>Si voleu veure les postals que els altres pa\u00efsos van rebre, entreu al twinspace i cliqueu a la pestanya \u201cpages\u201d i despr\u00e9s, \u201cour Xmas cards\u201d<\/p>\n<p><b>3a activitat:<\/b><\/p>\n<p>Al mes de desembre i gener el alumnes van fer un powerpoint o v\u00eddeo sobre la seva tradici\u00f3 navidenya preferida. Vam fer un padlet amb els millors treballs. Cliqueu per veure\u2019l.<\/p>\n<p style=\"text-align: center;\"><a href=\"https:\/\/es.padlet.com\/monicathalassa\/rd3kotd3sb0u\" rel=\"nofollow\">My favourite Xmas tradition padlet<\/a><\/p>\n<p><a href=\"https:\/\/agora.xtec.cat\/iesthalassa\/wp-content\/uploads\/usu2025\/2019\/06\/e3.jpg\"><img loading=\"lazy\" decoding=\"async\" class=\"aligncenter wp-image-1156 size-medium\" src=\"https:\/\/agora.xtec.cat\/iesthalassa\/wp-content\/uploads\/usu2025\/2019\/06\/e3-300x142.jpg\" alt=\"\" width=\"300\" height=\"142\" srcset=\"https:\/\/agora.xtec.cat\/iesthalassa\/wp-content\/uploads\/usu2025\/2019\/06\/e3-300x142.jpg 300w, https:\/\/agora.xtec.cat\/iesthalassa\/wp-content\/uploads\/usu2025\/2019\/06\/e3.jpg 563w\" sizes=\"auto, (max-width: 300px) 100vw, 300px\" \/><\/a><\/p>\n<p><b>4a activitat:<\/b><br \/>\nAl mes de febrer els alumnes van descriure el seu lloc preferit de Montgat i vam enviar-lo als alumnes de les altres escoles.<\/p>\n<p><b>5\u00aa activitat:\u00a0<\/b><br \/>\nAra comencem a fer un diccionari b\u00e0sic per a tots els idiomas que participen al projecte. L\u2019acabarem al mes de juny.<\/p>\n","protected":false},"excerpt":{"rendered":"<p>E-TWINNING 2019<br \/>\nThis course 2019-20 we are taking part in 3 etwinning projects:<br \/>\n-The European Day of Languages. 1st of ESO.<br \/>\n-The Beauty of Languages.\u00a0 2nd ESO.<br \/>\n-The spring of hope, the winter of despair. Charles Dickens. 2nd ESO.<br \/>\nIf you want to more information, go to the <a href=\"https:\/\/foreignlanguagesthalassa.wordpress.com\/etwinning-2019-20-1st-of-eso-day-of-european-languages\/\">Ins&hellip;  <a href=\"https:\/\/agora.xtec.cat\/iesthalassa\/projectes\/e-twinning\/\" title=\"Read E-Twinning\">Llegeix m\u00e9s\u00bb<\/a><\/p>\n","protected":false},"author":1,"featured_media":0,"parent":642,"menu_order":9,"comment_status":"closed","ping_status":"closed","template":"page-templates\/side-menu.php","meta":{"_bbp_topic_count":0,"_bbp_reply_count":0,"_bbp_total_topic_count":0,"_bbp_total_reply_count":0,"_bbp_voice_count":0,"_bbp_anonymous_reply_count":0,"_bbp_topic_count_hidden":0,"_bbp_reply_count_hidden":0,"_bbp_forum_subforum_count":0,"footnotes":""},"class_list":["post-675","page","type-page","status-publish","hentry"],"post_mailing_queue_ids":[],"_links":{"self":[{"href":"https:\/\/agora.xtec.cat\/iesthalassa\/wp-json\/wp\/v2\/pages\/675","targetHints":{"allow":["GET"]}}],"collection":[{"href":"https:\/\/agora.xtec.cat\/iesthalassa\/wp-json\/wp\/v2\/pages"}],"about":[{"href":"https:\/\/agora.xtec.cat\/iesthalassa\/wp-json\/wp\/v2\/types\/page"}],"author":[{"embeddable":true,"href":"https:\/\/agora.xtec.cat\/iesthalassa\/wp-json\/wp\/v2\/users\/1"}],"replies":[{"embeddable":true,"href":"https:\/\/agora.xtec.cat\/iesthalassa\/wp-json\/wp\/v2\/comments?post=675"}],"version-history":[{"count":3,"href":"https:\/\/agora.xtec.cat\/iesthalassa\/wp-json\/wp\/v2\/pages\/675\/revisions"}],"predecessor-version":[{"id":1456,"href":"https:\/\/agora.xtec.cat\/iesthalassa\/wp-json\/wp\/v2\/pages\/675\/revisions\/1456"}],"up":[{"embeddable":true,"href":"https:\/\/agora.xtec.cat\/iesthalassa\/wp-json\/wp\/v2\/pages\/642"}],"wp:attachment":[{"href":"https:\/\/agora.xtec.cat\/iesthalassa\/wp-json\/wp\/v2\/media?parent=675"}],"curies":[{"name":"wp","href":"https:\/\/api.w.org\/{rel}","templated":true}]}}