{"id":667,"date":"2019-03-31T20:12:58","date_gmt":"2019-03-31T18:12:58","guid":{"rendered":"https:\/\/agora.xtec.cat\/iesthalassa\/?page_id=667"},"modified":"2019-06-25T10:31:40","modified_gmt":"2019-06-25T08:31:40","slug":"uec-de-jardineria","status":"publish","type":"page","link":"https:\/\/agora.xtec.cat\/iesthalassa\/projectes\/uec-de-jardineria\/","title":{"rendered":"Projecte Connecta&#8217;t"},"content":{"rendered":"<p><b>PROGRAMA DE DIVERSIFICACI\u00d3 CURRICLAR DE 3r i 4t d&#8217;ESO<\/b><\/p>\n<p>&nbsp;<\/p>\n<p><a href=\"https:\/\/agora.xtec.cat\/iesthalassa\/wp-content\/uploads\/usu2025\/2019\/03\/jardineria.jpeg\"><img loading=\"lazy\" decoding=\"async\" class=\"alignleft size-full wp-image-668\" src=\"https:\/\/agora.xtec.cat\/iesthalassa\/wp-content\/uploads\/usu2025\/2019\/03\/jardineria.jpeg\" alt=\"\" width=\"186\" height=\"166\" \/><\/a><\/p>\n<p><span style=\"font-weight: 400;\">El Projecte Connecta\u2019t!\u00a0 \u00e9s un recurs d\u2019inclusi\u00f3 educativa, integraci\u00f3 social i pre-laboral que respon a diferents estils i ritmes d\u2019aprenentatge.\u00a0 Ofereix una atenci\u00f3 educativa a la diversitat de l\u2019alumnat de 3r i 4t d\u2019ESO de l\u2019institut Thalassa. Est\u00e0 organitzat de manera conjunta entre el Departament d\u2019Educaci\u00f3 i l&#8217;Ajuntament de Montgat. Es presenta com una nova oportunitat per \u201cconnectar\u201d amb el m\u00f3n educatiu per a aquells alumnes de la franja d\u2019edat entre 14 i 16 anys que estan en risc d\u2019abandonament escolar.\u00a0<\/span><\/p>\n<p>&nbsp;<\/p>\n<p><span style=\"font-weight: 400;\">El programa est\u00e0 adre\u00e7at a alumnes que presenten dificultats generalitzades d\u2019aprenentatge, una manca de motivaci\u00f3 i un baix nivell de compet\u00e8ncies en la majoria de mat\u00e8ries. T\u00e9 com a finalitat afavorir a l\u2019alumnat en la consecuci\u00f3 dels objectius i les compet\u00e8ncies b\u00e0siques de l&#8217;etapa i obtenir el t\u00edtol de graduat en educaci\u00f3 secund\u00e0ria obligat\u00f2ria mitjan\u00e7ant una organitzaci\u00f3 de continguts i mat\u00e8ries del curr\u00edculum diferent a l\u2019establerta amb una metodologia espec\u00edfica i personalitzada.\u00a0<\/span><\/p>\n<p><span style=\"font-weight: 400;\">Els alumnes cursen un 60 % de les hores lectives al nostre centre i l\u2019altre 40% realitzen una part de l\u2019\u00e0mbit pr\u00e0ctic amb activitats externes al centre. A 3r d\u2019ESO l\u2019alumnat participa d\u2019activitats d\u2019 Agroecologia en diferents espais de la comunitat educativa de Montgat ( institut, escola d\u2019adults, escoles bressols, escoles de prim\u00e0ria, iniciatives de medi ambient&#8230;)\u00a0 i a 4t d\u2019ESO fan una formaci\u00f3 pr\u00e0ctica a empreses del nostre municipi relacionades als seus interessos acad\u00e8mics i laborals.<\/span><\/p>\n<p><span style=\"font-weight: 400;\">El Projecte Connecta\u2019t d\u00f3na resposta a un grup d\u2019alumnes que necessiten altra manera de fer i d\u2019aprendre. La majoria del nostre alumnat es mant\u00e9 vinculat amb el sistema educatiu i aposta per una continu\u00eftat formativa en acabar els estudis de l\u2019ESO.\u00a0<\/span><\/p>\n<p><strong><a href=\"http:\/\/www.montgat.cat\/ajuntament-seu-electronica\/serveis-i-tramits\/serveis\/ensenyament\/uec-de-jardineria-i-projecte-labarca.html\" target=\"_blank\" rel=\"noopener noreferrer\">WEB DEL PROJECTE<\/a><\/strong><\/p>\n","protected":false},"excerpt":{"rendered":"<p>PROGRAMA DE DIVERSIFICACI\u00d3 CURRICLAR DE 3r i 4t d&#8217;ESO<br \/>\n&nbsp;<br \/>\n<a href=\"https:\/\/agora.xtec.cat\/iesthalassa\/wp-content\/uploads\/usu2025\/2019\/03\/jardineria.jpeg\"><\/a><br \/>\nEl Projecte Connecta\u2019t!\u00a0 \u00e9s un recurs d\u2019inclusi\u00f3 educativa, integraci\u00f3 social i pre-laboral que respon a diferents estils i ritmes d\u2019aprenentatge.\u00a0 Ofereix una atenci\u00f3 educativa a la diversitat de l\u2019alumnat de 3r i 4t d\u2019ESO de l\u2019institut&hellip;  <a href=\"https:\/\/agora.xtec.cat\/iesthalassa\/projectes\/uec-de-jardineria\/\" title=\"Read Projecte Connecta&#8217;t\">Llegeix m\u00e9s\u00bb<\/a><\/p>\n","protected":false},"author":1,"featured_media":0,"parent":642,"menu_order":6,"comment_status":"closed","ping_status":"closed","template":"page-templates\/side-menu.php","meta":{"_bbp_topic_count":0,"_bbp_reply_count":0,"_bbp_total_topic_count":0,"_bbp_total_reply_count":0,"_bbp_voice_count":0,"_bbp_anonymous_reply_count":0,"_bbp_topic_count_hidden":0,"_bbp_reply_count_hidden":0,"_bbp_forum_subforum_count":0,"footnotes":""},"class_list":["post-667","page","type-page","status-publish","hentry"],"post_mailing_queue_ids":[],"_links":{"self":[{"href":"https:\/\/agora.xtec.cat\/iesthalassa\/wp-json\/wp\/v2\/pages\/667","targetHints":{"allow":["GET"]}}],"collection":[{"href":"https:\/\/agora.xtec.cat\/iesthalassa\/wp-json\/wp\/v2\/pages"}],"about":[{"href":"https:\/\/agora.xtec.cat\/iesthalassa\/wp-json\/wp\/v2\/types\/page"}],"author":[{"embeddable":true,"href":"https:\/\/agora.xtec.cat\/iesthalassa\/wp-json\/wp\/v2\/users\/1"}],"replies":[{"embeddable":true,"href":"https:\/\/agora.xtec.cat\/iesthalassa\/wp-json\/wp\/v2\/comments?post=667"}],"version-history":[{"count":3,"href":"https:\/\/agora.xtec.cat\/iesthalassa\/wp-json\/wp\/v2\/pages\/667\/revisions"}],"predecessor-version":[{"id":1318,"href":"https:\/\/agora.xtec.cat\/iesthalassa\/wp-json\/wp\/v2\/pages\/667\/revisions\/1318"}],"up":[{"embeddable":true,"href":"https:\/\/agora.xtec.cat\/iesthalassa\/wp-json\/wp\/v2\/pages\/642"}],"wp:attachment":[{"href":"https:\/\/agora.xtec.cat\/iesthalassa\/wp-json\/wp\/v2\/media?parent=667"}],"curies":[{"name":"wp","href":"https:\/\/api.w.org\/{rel}","templated":true}]}}