{"id":655,"date":"2019-03-31T19:53:24","date_gmt":"2019-03-31T17:53:24","guid":{"rendered":"https:\/\/agora.xtec.cat\/iesthalassa\/?page_id=655"},"modified":"2024-03-05T10:21:45","modified_gmt":"2024-03-05T09:21:45","slug":"montgosgat","status":"publish","type":"page","link":"https:\/\/agora.xtec.cat\/iesthalassa\/projectes\/montgosgat\/","title":{"rendered":"Qui s\u00f3c i qu\u00e8 faig"},"content":{"rendered":"<h3>PROJECTE &#8216;Qui s\u00f3c i qu\u00e8 faig&#8217;<\/h3>\n<p style=\"font-weight: 400;\">Aquest curs 23\/24, els grups de 2n d&#8217;ESO, estan\u00a0realitzant l\u2019assignatura nova de\u00a0<strong>Projectes<\/strong> sota el nom de \u2018<em>Qui s\u00f3c i qu\u00e8 faig\u2019.<\/em><\/p>\n<p class=\"Standard\">\u00c9s un projecte transversal de 2<span style=\"font-size: 13.3333px;\">n<\/span>\u00a0d\u2019ESO, on es treballen conjuntament l\u2019\u00e0mbit de lleng\u00fces ( catal\u00e0 i angl\u00e8s) amb l&#8217;\u00e0mbit social ( ci\u00e8ncies socials, filo i cultura i valors). A m\u00e9s a m\u00e9s, se li dona un pes molt important a les compet\u00e8ncies transversals del nou curr\u00edculum.<\/p>\n<p class=\"Standard\">\u00c9s un projecte que neix de les necessitats de centre per abordar problemes que veiem reflectits en el nostre alumnat. Consta de 3 parts diferenciats:<\/p>\n<p><a href=\"https:\/\/agora.xtec.cat\/iesthalassa\/wp-content\/uploads\/usu2025\/2024\/03\/projectes.jpg\"><img loading=\"lazy\" decoding=\"async\" class=\"aligncenter wp-image-3446 size-full\" src=\"https:\/\/agora.xtec.cat\/iesthalassa\/wp-content\/uploads\/usu2025\/2024\/03\/projectes.jpg\" alt=\"\" width=\"642\" height=\"284\" srcset=\"https:\/\/agora.xtec.cat\/iesthalassa\/wp-content\/uploads\/usu2025\/2024\/03\/projectes.jpg 642w, https:\/\/agora.xtec.cat\/iesthalassa\/wp-content\/uploads\/usu2025\/2024\/03\/projectes-300x133.jpg 300w\" sizes=\"auto, (max-width: 642px) 100vw, 642px\" \/><\/a><\/p>\n<p><strong><u>En busca de les Arrels<\/u><\/strong><\/p>\n<p style=\"font-weight: 400;\">Aquest apartat est\u00e0 interrelacionant amb els avis i \u00e0vies del Casal de la Gent Gran de Montgat.<\/p>\n<p style=\"font-weight: 400;\">\u00c9s un projecte innovador, el qual t\u00e9 un impacte social a l&#8217;entorn on viu el nostre alumnat, i ens permet treballar i ser conscients d&#8217;un problema socialment rellevant com \u00e9s el de l&#8217;envelliment de la poblaci\u00f3. A m\u00e9s, \u00e9s una oportunitat que oferim als joves d&#8217;afavorir vincles entre generacions tot oferint a la gent gran una s\u00e8rie d&#8217;activitats dirigides de diferent caire.<\/p>\n<p>Aqu\u00ed us deixem algunes fotos:<\/p>\n\r\n\t<div class=\"slideshow_container slideshow_container_style-light\" style=\"height: 300px; \" data-slideshow-id=\"3420\" data-style-name=\"style-light\" data-style-version=\"2.3.1\" >\r\n\r\n\t\t\t\t\t<div class=\"slideshow_loading_icon\"><\/div>\r\n\t\t\r\n\t\t<div class=\"slideshow_content\" style=\"display: none;\">\r\n\r\n\t\t\t<div class=\"slideshow_view\">\r\n\t\t\t\t<div class=\"slideshow_slide slideshow_slide_image\">\r\n\t\t\t\t\t\t\t\t\t\t\t<img src=\"https:\/\/agora.xtec.cat\/iesthalassa\/wp-content\/uploads\/usu2025\/2024\/02\/IMG_8813-scaled.jpg\" alt=\"IMG_8813\" width=\"1920\" height=\"2560\" \/>\r\n\t\t\t\t\t\t\t\t\t\t<div class=\"slideshow_description_box slideshow_transparent\">\r\n\t\t\t\t\t\t<div class=\"slideshow_title\">IMG_8813<\/div>\t\t\t\t\t\t\t\t\t\t\t<\/div>\r\n\t\t\t\t<\/div>\r\n\r\n\t\t\t\t\t\t<div style=\"clear: both;\"><\/div><\/div><div class=\"slideshow_view\">\r\n\t\t\t\t<div class=\"slideshow_slide slideshow_slide_image\">\r\n\t\t\t\t\t\t\t\t\t\t\t<img src=\"https:\/\/agora.xtec.cat\/iesthalassa\/wp-content\/uploads\/usu2025\/2024\/02\/IMG_8811-scaled.jpg\" alt=\"IMG_8811\" width=\"1920\" height=\"2560\" \/>\r\n\t\t\t\t\t\t\t\t\t\t<div class=\"slideshow_description_box slideshow_transparent\">\r\n\t\t\t\t\t\t<div class=\"slideshow_title\">IMG_8811<\/div>\t\t\t\t\t\t\t\t\t\t\t<\/div>\r\n\t\t\t\t<\/div>\r\n\r\n\t\t\t\t\t\t<div style=\"clear: both;\"><\/div><\/div><div class=\"slideshow_view\">\r\n\t\t\t\t<div class=\"slideshow_slide slideshow_slide_image\">\r\n\t\t\t\t\t\t\t\t\t\t\t<img src=\"https:\/\/agora.xtec.cat\/iesthalassa\/wp-content\/uploads\/usu2025\/2024\/02\/IMG_8805-scaled.jpg\" alt=\"IMG_8805\" width=\"2560\" height=\"1920\" \/>\r\n\t\t\t\t\t\t\t\t\t\t<div class=\"slideshow_description_box slideshow_transparent\">\r\n\t\t\t\t\t\t<div class=\"slideshow_title\">IMG_8805<\/div>\t\t\t\t\t\t\t\t\t\t\t<\/div>\r\n\t\t\t\t<\/div>\r\n\r\n\t\t\t\t\t\t<div style=\"clear: both;\"><\/div><\/div><div class=\"slideshow_view\">\r\n\t\t\t\t<div class=\"slideshow_slide slideshow_slide_image\">\r\n\t\t\t\t\t\t\t\t\t\t\t<img src=\"https:\/\/agora.xtec.cat\/iesthalassa\/wp-content\/uploads\/usu2025\/2024\/02\/IMG_4848-scaled.jpg\" alt=\"IMG_4848\" width=\"2560\" height=\"1920\" \/>\r\n\t\t\t\t\t\t\t\t\t\t<div class=\"slideshow_description_box slideshow_transparent\">\r\n\t\t\t\t\t\t<div class=\"slideshow_title\">IMG_4848<\/div>\t\t\t\t\t\t\t\t\t\t\t<\/div>\r\n\t\t\t\t<\/div>\r\n\r\n\t\t\t\t\t\t<div style=\"clear: both;\"><\/div><\/div><div class=\"slideshow_view\">\r\n\t\t\t\t<div class=\"slideshow_slide slideshow_slide_image\">\r\n\t\t\t\t\t\t\t\t\t\t\t<img src=\"https:\/\/agora.xtec.cat\/iesthalassa\/wp-content\/uploads\/usu2025\/2024\/02\/IMG_4847-scaled.jpg\" alt=\"IMG_4847\" width=\"2560\" height=\"1920\" \/>\r\n\t\t\t\t\t\t\t\t\t\t<div class=\"slideshow_description_box slideshow_transparent\">\r\n\t\t\t\t\t\t<div class=\"slideshow_title\">IMG_4847<\/div>\t\t\t\t\t\t\t\t\t\t\t<\/div>\r\n\t\t\t\t<\/div>\r\n\r\n\t\t\t\t\t\t<div style=\"clear: both;\"><\/div><\/div><div class=\"slideshow_view\">\r\n\t\t\t\t<div class=\"slideshow_slide slideshow_slide_image\">\r\n\t\t\t\t\t\t\t\t\t\t\t<img src=\"https:\/\/agora.xtec.cat\/iesthalassa\/wp-content\/uploads\/usu2025\/2024\/02\/IMG_4846-scaled.jpg\" alt=\"IMG_4846\" width=\"1920\" height=\"2560\" \/>\r\n\t\t\t\t\t\t\t\t\t\t<div class=\"slideshow_description_box slideshow_transparent\">\r\n\t\t\t\t\t\t<div class=\"slideshow_title\">IMG_4846<\/div>\t\t\t\t\t\t\t\t\t\t\t<\/div>\r\n\t\t\t\t<\/div>\r\n\r\n\t\t\t\t\t\t<div style=\"clear: both;\"><\/div><\/div><div class=\"slideshow_view\">\r\n\t\t\t\t<div class=\"slideshow_slide slideshow_slide_image\">\r\n\t\t\t\t\t\t\t\t\t\t\t<img src=\"https:\/\/agora.xtec.cat\/iesthalassa\/wp-content\/uploads\/usu2025\/2024\/02\/IMG_4845-1-scaled.jpg\" alt=\"IMG_4845\" width=\"1920\" height=\"2560\" \/>\r\n\t\t\t\t\t\t\t\t\t\t<div class=\"slideshow_description_box slideshow_transparent\">\r\n\t\t\t\t\t\t<div class=\"slideshow_title\">IMG_4845<\/div>\t\t\t\t\t\t\t\t\t\t\t<\/div>\r\n\t\t\t\t<\/div>\r\n\r\n\t\t\t\t\t\t<div style=\"clear: both;\"><\/div><\/div><div class=\"slideshow_view\">\r\n\t\t\t\t<div class=\"slideshow_slide slideshow_slide_image\">\r\n\t\t\t\t\t\t\t\t\t\t\t<img src=\"https:\/\/agora.xtec.cat\/iesthalassa\/wp-content\/uploads\/usu2025\/2024\/02\/IMG_4843-scaled.jpg\" alt=\"IMG_4843\" width=\"2560\" height=\"1920\" \/>\r\n\t\t\t\t\t\t\t\t\t\t<div class=\"slideshow_description_box slideshow_transparent\">\r\n\t\t\t\t\t\t<div class=\"slideshow_title\">IMG_4843<\/div>\t\t\t\t\t\t\t\t\t\t\t<\/div>\r\n\t\t\t\t<\/div>\r\n\r\n\t\t\t\t\t\t<div style=\"clear: both;\"><\/div><\/div><div class=\"slideshow_view\">\r\n\t\t\t\t<div class=\"slideshow_slide slideshow_slide_image\">\r\n\t\t\t\t\t\t\t\t\t\t\t<img src=\"https:\/\/agora.xtec.cat\/iesthalassa\/wp-content\/uploads\/usu2025\/2024\/02\/IMG_4842-scaled.jpg\" alt=\"IMG_4842\" width=\"1920\" height=\"2560\" \/>\r\n\t\t\t\t\t\t\t\t\t\t<div class=\"slideshow_description_box slideshow_transparent\">\r\n\t\t\t\t\t\t<div class=\"slideshow_title\">IMG_4842<\/div>\t\t\t\t\t\t\t\t\t\t\t<\/div>\r\n\t\t\t\t<\/div>\r\n\r\n\t\t\t\t\t\t<div style=\"clear: both;\"><\/div><\/div><div class=\"slideshow_view\">\r\n\t\t\t\t<div class=\"slideshow_slide slideshow_slide_image\">\r\n\t\t\t\t\t\t\t\t\t\t\t<img src=\"https:\/\/agora.xtec.cat\/iesthalassa\/wp-content\/uploads\/usu2025\/2024\/02\/IMG_4839-scaled.jpg\" alt=\"IMG_4839\" width=\"2560\" height=\"1920\" \/>\r\n\t\t\t\t\t\t\t\t\t\t<div class=\"slideshow_description_box slideshow_transparent\">\r\n\t\t\t\t\t\t<div class=\"slideshow_title\">IMG_4839<\/div>\t\t\t\t\t\t\t\t\t\t\t<\/div>\r\n\t\t\t\t<\/div>\r\n\r\n\t\t\t\t\t\t<div style=\"clear: both;\"><\/div><\/div><div class=\"slideshow_view\">\r\n\t\t\t\t<div class=\"slideshow_slide slideshow_slide_image\">\r\n\t\t\t\t\t\t\t\t\t\t\t<img src=\"https:\/\/agora.xtec.cat\/iesthalassa\/wp-content\/uploads\/usu2025\/2024\/02\/iloveimg-compressed-1-1.zip\" alt=\"iloveimg-compressed (1)\"   \/>\r\n\t\t\t\t\t\t\t\t\t\t<div class=\"slideshow_description_box slideshow_transparent\">\r\n\t\t\t\t\t\t<div class=\"slideshow_title\">iloveimg-compressed (1)<\/div>\t\t\t\t\t\t\t\t\t\t\t<\/div>\r\n\t\t\t\t<\/div>\r\n\r\n\t\t\t\t\t\t<div style=\"clear: both;\"><\/div><\/div>\r\n\t\t<\/div>\r\n\r\n\t\t<div class=\"slideshow_controlPanel slideshow_transparent\" style=\"display: none;\"><ul><li class=\"slideshow_togglePlay\" data-play-text=\"Visualitza\" data-pause-text=\"Pausa\"><\/li><\/ul><\/div>\r\n\r\n\t\t<div class=\"slideshow_button slideshow_previous slideshow_transparent\" role=\"button\" data-previous-text=\"Anterior\" style=\"display: none;\"><\/div>\r\n\t\t<div class=\"slideshow_button slideshow_next slideshow_transparent\" role=\"button\" data-next-text=\"Seg\u00fcent\" style=\"display: none;\"><\/div>\r\n\r\n\t\t<div class=\"slideshow_pagination\" style=\"display: none;\" data-go-to-text=\"V\u00e9s a la diapositiva\"><div class=\"slideshow_pagination_center\"><\/div><\/div>\r\n\r\n\t\t<!-- WordPress Slideshow Version 2.3.1 -->\r\n\r\n\t\t\t<\/div>\r\n\r\n\n<p>&nbsp;<\/p>\n<p><strong><u>Fem tribu<\/u><\/strong><\/p>\n<p>Un viatge per discriminar el discurs de l\u2019odi. L\u2019objectiu \u00e9s ajudar a l\u2019alumnat en el seu proc\u00e9s maduratiu i donar eines per desenvolupar un pensament cr\u00edtic sobretot davant l\u2019exposici\u00f3 de les xarxes socials i el fenomen medi\u00e0tic de les f<em>ake news.<\/em><\/p>\n<p>Es tracta de con\u00e8ixer que va suposar el feixisme per la nostra societat, parlar dels conceptes de moviments de masses a trav\u00e9s dels s\u00edmbols. Saber discernir el discurs de l\u2019odi en els titulars de premsa. Descobrim els drets humans i aprofundim sobre el valor que tenen.<\/p>\n<p><strong><u>Deconstruir-nos per tornar a construir-nos<\/u><\/strong><\/p>\n<p>Aquest projecte implica una mirada interna que partir\u00e0 d\u2019una mirada cap a la realitat que ens envolta.<\/p>\n<p>Vivim en una societat on se\u2019ns diu com hem de ser, com hem de pensar, com ens hem de relacionar, qu\u00e8 hem de sentir i com ens hem de relacionar amb els altres en funci\u00f3 del g\u00e8nere, el conjunt de comportaments que s\u2019associen al nostre sexe de naixement.<\/p>\n<p>Aquestes directrius ens condicionen com som, per\u00f2 aix\u00f2 no vol dir que ens obliguin a actuar d\u2019una manera determinada. Simplement, cal que en comencem a ser conscients per poder decidir com volem ser i com volem viure i deixar espai per fer florir qui som.<\/p>\n<p>Parlem del g\u00e8nere, l\u2019orientaci\u00f3 sexual, aprofundim i reflexionem sobre les relacions de desigualtat que es generen actualment en la societat que vivim, sempre partint des del seu context m\u00e9s immediat. Fem una introducci\u00f3 a la sexualitat i els canvis que experimentem a aquesta etapa (l&#8217;adolesc\u00e8ncia), tamb\u00e9 reflexionem sobre les relacions sexo-efectives i per identificar accions insanes.<\/p>\n","protected":false},"excerpt":{"rendered":"<p>PROJECTE &#8216;Qui s\u00f3c i qu\u00e8 faig&#8217;<br \/>\nAquest curs 23\/24, els grups de 2n d&#8217;ESO, estan\u00a0realitzant l\u2019assignatura nova de\u00a0Projectes sota el nom de \u2018Qui s\u00f3c i qu\u00e8 faig\u2019.<br \/>\n\u00c9s un projecte transversal de 2n\u00a0d\u2019ESO, on es treballen conjuntament l\u2019\u00e0mbit de lleng\u00fces ( catal\u00e0 i angl\u00e8s) amb l&#8217;\u00e0mbit social&hellip;  <a href=\"https:\/\/agora.xtec.cat\/iesthalassa\/projectes\/montgosgat\/\" title=\"Read Qui s\u00f3c i qu\u00e8 faig\">Llegeix m\u00e9s\u00bb<\/a><\/p>\n","protected":false},"author":1,"featured_media":0,"parent":642,"menu_order":5,"comment_status":"closed","ping_status":"closed","template":"page-templates\/side-menu.php","meta":{"_bbp_topic_count":0,"_bbp_reply_count":0,"_bbp_total_topic_count":0,"_bbp_total_reply_count":0,"_bbp_voice_count":0,"_bbp_anonymous_reply_count":0,"_bbp_topic_count_hidden":0,"_bbp_reply_count_hidden":0,"_bbp_forum_subforum_count":0,"footnotes":""},"class_list":["post-655","page","type-page","status-publish","hentry"],"post_mailing_queue_ids":[],"_links":{"self":[{"href":"https:\/\/agora.xtec.cat\/iesthalassa\/wp-json\/wp\/v2\/pages\/655","targetHints":{"allow":["GET"]}}],"collection":[{"href":"https:\/\/agora.xtec.cat\/iesthalassa\/wp-json\/wp\/v2\/pages"}],"about":[{"href":"https:\/\/agora.xtec.cat\/iesthalassa\/wp-json\/wp\/v2\/types\/page"}],"author":[{"embeddable":true,"href":"https:\/\/agora.xtec.cat\/iesthalassa\/wp-json\/wp\/v2\/users\/1"}],"replies":[{"embeddable":true,"href":"https:\/\/agora.xtec.cat\/iesthalassa\/wp-json\/wp\/v2\/comments?post=655"}],"version-history":[{"count":6,"href":"https:\/\/agora.xtec.cat\/iesthalassa\/wp-json\/wp\/v2\/pages\/655\/revisions"}],"predecessor-version":[{"id":3448,"href":"https:\/\/agora.xtec.cat\/iesthalassa\/wp-json\/wp\/v2\/pages\/655\/revisions\/3448"}],"up":[{"embeddable":true,"href":"https:\/\/agora.xtec.cat\/iesthalassa\/wp-json\/wp\/v2\/pages\/642"}],"wp:attachment":[{"href":"https:\/\/agora.xtec.cat\/iesthalassa\/wp-json\/wp\/v2\/media?parent=655"}],"curies":[{"name":"wp","href":"https:\/\/api.w.org\/{rel}","templated":true}]}}