{"id":640,"date":"2019-03-31T19:32:14","date_gmt":"2019-03-31T17:32:14","guid":{"rendered":"https:\/\/agora.xtec.cat\/iesthalassa\/?page_id=640"},"modified":"2023-06-09T12:50:27","modified_gmt":"2023-06-09T10:50:27","slug":"ruscultura","status":"publish","type":"page","link":"https:\/\/agora.xtec.cat\/iesthalassa\/projectes\/ruscultura\/","title":{"rendered":"Ruscultura"},"content":{"rendered":"<h3>UNA BARREJA D&#8217;ART I CI\u00c8NCIA<\/h3>\n<p>&nbsp;<\/p>\n<p><a href=\"https:\/\/agora.xtec.cat\/iesthalassa\/wp-content\/uploads\/usu2025\/2014\/09\/ruscultura-1-e1554030021623.jpg\"><img loading=\"lazy\" decoding=\"async\" class=\"alignleft size-full wp-image-584\" src=\"https:\/\/agora.xtec.cat\/iesthalassa\/wp-content\/uploads\/usu2025\/2014\/09\/ruscultura-1-e1554030021623.jpg\" alt=\"\" width=\"186\" height=\"196\" \/><\/a>Aquest taller-activitat surt amb la idea de fusionar l\u2019art (pintura, escultura, m\u00fasica, literatura..) amb la ci\u00e8ncia (matem\u00e0tiques, experimentals, tecnologia, educaci\u00f3 f\u00edsica&#8230;) amb la intenci\u00f3 d\u2019expressar com a conjunt totes les mat\u00e8ries que s\u2019imparteixen al centre i posar en evid\u00e8ncia la interconnexi\u00f3 de tots els coneixements impartits pels diferents departaments, per tal de que els alumnes reconeguin la import\u00e0ncia dels diferents aprenentatges aplicats a un concepte concret, en aquest cas al m\u00f3n de les abelles.<\/p>\n<p>Hem triat aquest tema degut a la versatilitat inherent. Ens permetr\u00e0 enfocar totes les mat\u00e8ries en l\u2019aprenentatge del que la natura aporta a l\u2019\u00e9sser hum\u00e0 mitjan\u00e7ant les abelles.<\/p>\n<p>L\u2019estudi geom\u00e8tric, el de materials, el de productes, l\u2019onomatopeic, la dansa &#8230; s\u00f3n alguns exemples del que podem extreure amb aquesta activitat. M\u00e9s endavant estendrem els conceptes a estudiar a cada mat\u00e8ria.<\/p>\n<p>Tot aix\u00f2 entenent la import\u00e0ncia del treball per projectes que poc a poc hem d\u2019anar incorporant a la nostra manera de fer i entendre l\u2019ensenyament i la import\u00e0ncia de poder engrescar l\u2019alumnat en aquests projectes m\u00e9s participatius i manipuladors, fent una distribuci\u00f3 de la feina i al mateix temps possibilitant la comunicaci\u00f3 entre els diferents grups potenciant la transmissi\u00f3 de coneixements i les relacions socials, creant un espai de treball cooperatiu i de coneixement.<\/p>\n<p>Hem plantejat l\u2019activitat per a 1r d&#8217;ESO.<\/p>\n<p>Exposarem primer la idea, el lloc, el temps i la manera de treballar, a m\u00e9s dels materials necessaris. Sempre tenint en compte que \u00e9s un esb\u00f3s i que ser\u00e0 prec\u00eds la participaci\u00f3 dels diferents departaments per acabar de concretar els punts. Cal dir que aquest document \u00e9s un document de treball i no pas un document tancat.<\/p>\n\n","protected":false},"excerpt":{"rendered":"<p>UNA BARREJA D&#8217;ART I CI\u00c8NCIA<br \/>\n&nbsp;<br \/>\n<a href=\"https:\/\/agora.xtec.cat\/iesthalassa\/wp-content\/uploads\/usu2025\/2014\/09\/ruscultura-1-e1554030021623.jpg\"><\/a>Aquest taller-activitat surt amb la idea de fusionar l\u2019art (pintura, escultura, m\u00fasica, literatura..) amb la ci\u00e8ncia (matem\u00e0tiques, experimentals, tecnologia, educaci\u00f3 f\u00edsica&#8230;) amb la intenci\u00f3 d\u2019expressar com a conjunt totes les mat\u00e8ries que s\u2019imparteixen al centre i posar en evid\u00e8ncia la&hellip;  <a href=\"https:\/\/agora.xtec.cat\/iesthalassa\/projectes\/ruscultura\/\" title=\"Read Ruscultura\">Llegeix m\u00e9s\u00bb<\/a><\/p>\n","protected":false},"author":1,"featured_media":0,"parent":642,"menu_order":0,"comment_status":"closed","ping_status":"closed","template":"page-templates\/side-menu.php","meta":{"_bbp_topic_count":0,"_bbp_reply_count":0,"_bbp_total_topic_count":0,"_bbp_total_reply_count":0,"_bbp_voice_count":0,"_bbp_anonymous_reply_count":0,"_bbp_topic_count_hidden":0,"_bbp_reply_count_hidden":0,"_bbp_forum_subforum_count":0,"footnotes":""},"class_list":["post-640","page","type-page","status-publish","hentry"],"post_mailing_queue_ids":[],"_links":{"self":[{"href":"https:\/\/agora.xtec.cat\/iesthalassa\/wp-json\/wp\/v2\/pages\/640","targetHints":{"allow":["GET"]}}],"collection":[{"href":"https:\/\/agora.xtec.cat\/iesthalassa\/wp-json\/wp\/v2\/pages"}],"about":[{"href":"https:\/\/agora.xtec.cat\/iesthalassa\/wp-json\/wp\/v2\/types\/page"}],"author":[{"embeddable":true,"href":"https:\/\/agora.xtec.cat\/iesthalassa\/wp-json\/wp\/v2\/users\/1"}],"replies":[{"embeddable":true,"href":"https:\/\/agora.xtec.cat\/iesthalassa\/wp-json\/wp\/v2\/comments?post=640"}],"version-history":[{"count":3,"href":"https:\/\/agora.xtec.cat\/iesthalassa\/wp-json\/wp\/v2\/pages\/640\/revisions"}],"predecessor-version":[{"id":3287,"href":"https:\/\/agora.xtec.cat\/iesthalassa\/wp-json\/wp\/v2\/pages\/640\/revisions\/3287"}],"up":[{"embeddable":true,"href":"https:\/\/agora.xtec.cat\/iesthalassa\/wp-json\/wp\/v2\/pages\/642"}],"wp:attachment":[{"href":"https:\/\/agora.xtec.cat\/iesthalassa\/wp-json\/wp\/v2\/media?parent=640"}],"curies":[{"name":"wp","href":"https:\/\/api.w.org\/{rel}","templated":true}]}}