{"id":611,"date":"2019-03-31T16:53:47","date_gmt":"2019-03-31T14:53:47","guid":{"rendered":"https:\/\/agora.xtec.cat\/iesthalassa\/?page_id=611"},"modified":"2025-07-10T13:44:06","modified_gmt":"2025-07-10T11:44:06","slug":"ieducatokapp","status":"publish","type":"page","link":"https:\/\/agora.xtec.cat\/iesthalassa\/families\/ieducatokapp\/","title":{"rendered":"iEduca Tokapp"},"content":{"rendered":"<h3>L&#8217;aplicaci\u00f3\u00a0<em>iEduca Tokapp<\/em><\/h3>\n<p>&nbsp;<\/p>\n<p>El nostre Institut fa la tramesa de diferents informacions (avisos, notificacions, etc.) per a les fam\u00edlies a trav\u00e9s de la plataforma de comunicaci\u00f3<strong><em> iEduca Tokapp<\/em><\/strong>. Per tal de poder dur a terme aquesta comunicaci\u00f3 \u00e9s imprescindible que els pares\/mares dels alumnes us descarregueu aquesta aplicaci\u00f3 en els vostres m\u00f2bils i doneu les dades amb les quals us heu donat d&#8217;alta (m\u00f2bil o mail) al centre. Aquesta aplicaci\u00f3 permet accedir a l&#8217;horari del fill\/a, al control d&#8217;assist\u00e8ncia i observacions d&#8217;aula de l&#8217;alumne, permet justificar les faltes d&#8217;assist\u00e8ncia i permet rebre les notificacions fetes pel centre.<\/p>\n<p>Setmanalment les fam\u00edlies rebran un informe amb les observacions de la setmana.<\/p>\n<p>Us podeu descarregar l&#8217;aplicaci\u00f3 <em><strong>iEduca Tokapp<\/strong><\/em>\u00a0en el <b><a href=\"https:\/\/apps.apple.com\/es\/app\/ieduca-tokapp\/id1082664178\" target=\"_blank\" rel=\"nofollow noopener noreferrer\">App Store<\/a><\/b>\u00a0o\u00a0<b><a href=\"https:\/\/play.google.com\/store\/apps\/details?id=com.MultiExpo.ieduca&amp;pcampaignid=web_share\" target=\"_blank\" rel=\"noopener noreferrer\">Google Play<\/a>\u00a0<\/b>\u00a0del vostre tel\u00e8fon m\u00f2bil de forma gratu\u00efta.<\/p>\n<p>&nbsp;<\/p>\n<ul>\n<li>Com instal\u00b7lar iEduca Tokapp<\/li>\n<li><iframe loading=\"lazy\" title=\"FAM - Com instal\u00b7lar Tokapp.\" width=\"500\" height=\"281\" src=\"https:\/\/www.youtube.com\/embed\/rnFTwePxLpc?feature=oembed\" frameborder=\"0\" allow=\"accelerometer; autoplay; clipboard-write; encrypted-media; gyroscope; picture-in-picture; web-share\" referrerpolicy=\"strict-origin-when-cross-origin\" allowfullscreen><\/iframe><\/li>\n<li>Com justificar faltes del vostre fill\/filla amb iEduca<\/li>\n<\/ul>\n<p><iframe loading=\"lazy\" title=\"FAM - Com justificar una falta d&#039;assist\u00e8ncia?\" width=\"500\" height=\"281\" src=\"https:\/\/www.youtube.com\/embed\/uXd3RJxJ8m8?feature=oembed\" frameborder=\"0\" allow=\"accelerometer; autoplay; clipboard-write; encrypted-media; gyroscope; picture-in-picture; web-share\" referrerpolicy=\"strict-origin-when-cross-origin\" allowfullscreen><\/iframe><\/p>\n<p>&nbsp;<\/p>\n<p>&nbsp;<\/p>\n<p>&nbsp;<\/p>\n","protected":false},"excerpt":{"rendered":"<p>L&#8217;aplicaci\u00f3\u00a0iEduca Tokapp<br \/>\n&nbsp;<br \/>\nEl nostre Institut fa la tramesa de diferents informacions (avisos, notificacions, etc.) per a les fam\u00edlies a trav\u00e9s de la plataforma de comunicaci\u00f3 iEduca Tokapp. Per tal de poder dur a terme aquesta comunicaci\u00f3 \u00e9s imprescindible que els pares\/mares dels alumnes us descarregueu aquesta&hellip;  <a href=\"https:\/\/agora.xtec.cat\/iesthalassa\/families\/ieducatokapp\/\" title=\"Read iEduca Tokapp\">Llegeix m\u00e9s\u00bb<\/a><\/p>\n","protected":false},"author":1,"featured_media":0,"parent":546,"menu_order":8,"comment_status":"closed","ping_status":"closed","template":"page-templates\/side-menu.php","meta":{"_bbp_topic_count":0,"_bbp_reply_count":0,"_bbp_total_topic_count":0,"_bbp_total_reply_count":0,"_bbp_voice_count":0,"_bbp_anonymous_reply_count":0,"_bbp_topic_count_hidden":0,"_bbp_reply_count_hidden":0,"_bbp_forum_subforum_count":0,"footnotes":""},"class_list":["post-611","page","type-page","status-publish","hentry"],"post_mailing_queue_ids":[],"_links":{"self":[{"href":"https:\/\/agora.xtec.cat\/iesthalassa\/wp-json\/wp\/v2\/pages\/611","targetHints":{"allow":["GET"]}}],"collection":[{"href":"https:\/\/agora.xtec.cat\/iesthalassa\/wp-json\/wp\/v2\/pages"}],"about":[{"href":"https:\/\/agora.xtec.cat\/iesthalassa\/wp-json\/wp\/v2\/types\/page"}],"author":[{"embeddable":true,"href":"https:\/\/agora.xtec.cat\/iesthalassa\/wp-json\/wp\/v2\/users\/1"}],"replies":[{"embeddable":true,"href":"https:\/\/agora.xtec.cat\/iesthalassa\/wp-json\/wp\/v2\/comments?post=611"}],"version-history":[{"count":6,"href":"https:\/\/agora.xtec.cat\/iesthalassa\/wp-json\/wp\/v2\/pages\/611\/revisions"}],"predecessor-version":[{"id":3771,"href":"https:\/\/agora.xtec.cat\/iesthalassa\/wp-json\/wp\/v2\/pages\/611\/revisions\/3771"}],"up":[{"embeddable":true,"href":"https:\/\/agora.xtec.cat\/iesthalassa\/wp-json\/wp\/v2\/pages\/546"}],"wp:attachment":[{"href":"https:\/\/agora.xtec.cat\/iesthalassa\/wp-json\/wp\/v2\/media?parent=611"}],"curies":[{"name":"wp","href":"https:\/\/api.w.org\/{rel}","templated":true}]}}