{"id":540,"date":"2019-03-30T20:08:46","date_gmt":"2019-03-30T19:08:46","guid":{"rendered":"https:\/\/agora.xtec.cat\/iesthalassa\/?page_id=540"},"modified":"2023-06-09T09:38:08","modified_gmt":"2023-06-09T07:38:08","slug":"dades-de-proves-externes","status":"publish","type":"page","link":"https:\/\/agora.xtec.cat\/iesthalassa\/linstitut\/dades-de-proves-externes\/","title":{"rendered":"Dades de proves externes"},"content":{"rendered":"<hr \/>\n<p><span style=\"font-size: medium;\"><b>RESULTATS DE LES PROVES EXTERNES<\/b><\/span><\/p>\n<hr \/>\n<p><span style=\"font-size: medium;\">\u00a0<\/span><\/p>\n<ul>\n<li>Resultats de les proves d&#8217;avaluaci\u00f3 diagn\u00f2stica de 4td&#8217;ESO, batxillerat i PAU dels \u00faltims cursos:<\/li>\n<\/ul>\n<p>&nbsp;<\/p>\n<div><\/div>\n","protected":false},"excerpt":{"rendered":"<p>RESULTATS DE LES PROVES EXTERNES<\/p>\n<p>\u00a0<\/p>\n<ul>\n<li>Resultats de les proves d&#8217;avaluaci\u00f3 diagn\u00f2stica de 4td&#8217;ESO, batxillerat i PAU dels \u00faltims cursos:<\/li>\n<\/ul>\n<p>&nbsp;<\/p>\n","protected":false},"author":1,"featured_media":0,"parent":19,"menu_order":70,"comment_status":"closed","ping_status":"closed","template":"page-templates\/side-menu.php","meta":{"_bbp_topic_count":0,"_bbp_reply_count":0,"_bbp_total_topic_count":0,"_bbp_total_reply_count":0,"_bbp_voice_count":0,"_bbp_anonymous_reply_count":0,"_bbp_topic_count_hidden":0,"_bbp_reply_count_hidden":0,"_bbp_forum_subforum_count":0,"footnotes":""},"class_list":["post-540","page","type-page","status-publish","hentry"],"post_mailing_queue_ids":[],"_links":{"self":[{"href":"https:\/\/agora.xtec.cat\/iesthalassa\/wp-json\/wp\/v2\/pages\/540","targetHints":{"allow":["GET"]}}],"collection":[{"href":"https:\/\/agora.xtec.cat\/iesthalassa\/wp-json\/wp\/v2\/pages"}],"about":[{"href":"https:\/\/agora.xtec.cat\/iesthalassa\/wp-json\/wp\/v2\/types\/page"}],"author":[{"embeddable":true,"href":"https:\/\/agora.xtec.cat\/iesthalassa\/wp-json\/wp\/v2\/users\/1"}],"replies":[{"embeddable":true,"href":"https:\/\/agora.xtec.cat\/iesthalassa\/wp-json\/wp\/v2\/comments?post=540"}],"version-history":[{"count":3,"href":"https:\/\/agora.xtec.cat\/iesthalassa\/wp-json\/wp\/v2\/pages\/540\/revisions"}],"predecessor-version":[{"id":3281,"href":"https:\/\/agora.xtec.cat\/iesthalassa\/wp-json\/wp\/v2\/pages\/540\/revisions\/3281"}],"up":[{"embeddable":true,"href":"https:\/\/agora.xtec.cat\/iesthalassa\/wp-json\/wp\/v2\/pages\/19"}],"wp:attachment":[{"href":"https:\/\/agora.xtec.cat\/iesthalassa\/wp-json\/wp\/v2\/media?parent=540"}],"curies":[{"name":"wp","href":"https:\/\/api.w.org\/{rel}","templated":true}]}}