{"id":530,"date":"2019-03-30T19:36:38","date_gmt":"2019-03-30T18:36:38","guid":{"rendered":"https:\/\/agora.xtec.cat\/iesthalassa\/?page_id=530"},"modified":"2024-07-15T12:16:11","modified_gmt":"2024-07-15T10:16:11","slug":"que-fem","status":"publish","type":"page","link":"https:\/\/agora.xtec.cat\/iesthalassa\/linstitut\/que-fem\/","title":{"rendered":"Qu\u00e8 fem?"},"content":{"rendered":"<div style=\"text-align: center;\"><b><span style=\"font-size: large;\">QU\u00c8 FEM?<\/span><\/b><\/div>\n<div>\n<hr style=\"text-align: center;\" \/>\n<p><span style=\"font-size: medium; font-family: inherit;\">Al nostre Centre, durant aquest curs escolar, hi estudiaran uns 450 alumnes d\u2019ESO i Batxillerat. 50 professors i professores s\u2019encarregaran de la part acad\u00e8mica, conjuntament amb altres professionals de la psicopedagogia. Tamb\u00e9 cal esmentar el treball del personal d\u2019administraci\u00f3 i de consergeria.<\/span><\/p>\n<\/div>\n<table style=\"text-align: center; width: 300px; border-collapse: collapse; border-color: #888888; border-width: 1px; margin: 0 auto;\" border=\"1\" cellspacing=\"0\">\n<tbody>\n<tr>\n<td style=\"width: 150px;\"><b><a href=\"#eso\"><span style=\"font-size: medium;\">ESO<\/span><\/a><\/b><\/td>\n<td style=\"width: 150px;\"><b><a href=\"#batx\"><span style=\"font-size: medium;\">BATXILLERAT<\/span><\/a><\/b><\/td>\n<\/tr>\n<\/tbody>\n<\/table>\n<p><a name=\"eso\"><\/a><\/p>\n<h2 style=\"text-align: center;\"><b><span style=\"font-size: medium;\">ESO\u00a0<\/span><\/b><\/h2>\n<hr \/>\n<div><span style=\"font-size: medium; font-family: inherit;\">Des del curs 2024-2025 ha estat implantada la <\/span><i style=\"font-size: medium; font-family: inherit;\">LOMLOE <\/i><span style=\"font-size: medium; font-family: inherit;\">en tots els cursos de l\u2019<a href=\"https:\/\/dogc.gencat.cat\/ca\/document-del-dogc\/?documentId=938401\">ESO<\/a> i <a href=\"https:\/\/dogc.gencat.cat\/ca\/document-del-dogc\/?documentId=938056\">BATX<\/a>. L\u2019assignaci\u00f3 hor\u00e0ria de les mat\u00e8ries \u00e9s la indicada a la taula de baix.<\/span><\/div>\n<div><\/div>\n<div>\n<p>En les assignatures instrumentals es treballa amb un grup\u00a0dem\u00e8s\u00a0per reduir la\u00a0r\u00e0tio\u00a0durant aquestes assignatures (catal\u00e0,\u00a0castell\u00e0,\u00a0matem\u00e0tiques).<\/p>\n<p>En els cr\u00e8dits de tecnologia, ci\u00e8ncies de la naturalesa i angl\u00e8s es fan desdoblaments: durant una hora a la setmana, el grup es divideix en dos i el professor treballa amb un grup redu\u00eft. Durant aquesta hora s\u2019acostumen a fer activitats de caire m\u00e9s pr\u00e0ctic (laboratori i tallers).<\/p>\n<p>A tots els cursos de l&#8217;ESO hi ha la possibilitat de cursar el franc\u00e8s com a segona llengua estrangera. A 1r i 2n d&#8217;ESO durant un trimestre i a 3r i 4t com a assignatura anual. Aquesta assignatura t\u00e9 continuaci\u00f3 al batxillerat.<\/p>\n<p>A tots els cursos d&#8217;ESO es realitza un projecte globalitzador de\u00a0 2 hores setmanals: 1r d&#8217;ESO rob\u00f2tica, 2n d&#8217;ESO coeducaci\u00f3, 3r d&#8217;ESO astronomia i 4t d&#8217;ESO <span class=\"hiddenSpellError\">Desfake<\/span>,\u00a0Educaci\u00f3\u00a0en\u00a0l&#8217;era\u00a0de la\u00a0desinformaci\u00f3.<\/p>\n<table style=\"border-collapse: collapse; width: 100%; height: 352px;\">\n<tbody>\n<tr style=\"height: 32px;\">\n<td style=\"width: 20%; text-align: center; height: 32px;\"><strong>Mat\u00e8ries<\/strong><\/td>\n<td style=\"width: 20%; text-align: center; height: 32px;\"><strong>1r ESO<\/strong><\/td>\n<td style=\"width: 20%; text-align: center; height: 32px;\"><strong>2n ESO<\/strong><\/td>\n<td style=\"width: 20%; text-align: center; height: 32px;\"><strong>3r ESO<\/strong><\/td>\n<td style=\"width: 20%; text-align: center; height: 32px;\"><strong>4t ESO<\/strong><\/td>\n<\/tr>\n<tr style=\"height: 32px;\">\n<td style=\"width: 20%; text-align: center; height: 32px;\">Llengua catalana<\/td>\n<td style=\"width: 20%; text-align: center; height: 32px;\">3<\/td>\n<td style=\"width: 20%; text-align: center; height: 32px;\">3<\/td>\n<td style=\"width: 20%; text-align: center; height: 32px;\">2<\/td>\n<td style=\"width: 20%; text-align: center; height: 32px;\">3<\/td>\n<\/tr>\n<tr style=\"height: 32px;\">\n<td style=\"width: 20%; text-align: center; height: 32px;\">Llengua castellana<\/td>\n<td style=\"width: 20%; text-align: center; height: 32px;\">3<\/td>\n<td style=\"width: 20%; text-align: center; height: 32px;\">3<\/td>\n<td style=\"width: 20%; text-align: center; height: 32px;\">2<\/td>\n<td style=\"width: 20%; text-align: center; height: 32px;\">3<\/td>\n<\/tr>\n<tr style=\"height: 32px;\">\n<td style=\"width: 20%; text-align: center; height: 32px;\">Llengua estrangera angl\u00e8s<\/td>\n<td style=\"width: 20%; text-align: center; height: 32px;\">3<\/td>\n<td style=\"width: 20%; text-align: center; height: 32px;\">3<\/td>\n<td style=\"width: 20%; text-align: center; height: 32px;\">3<\/td>\n<td style=\"width: 20%; text-align: center; height: 32px;\">3<\/td>\n<\/tr>\n<tr style=\"height: 32px;\">\n<td style=\"width: 20%; text-align: center; height: 32px;\">Matem\u00e0tiques<\/td>\n<td style=\"width: 20%; text-align: center; height: 32px;\">3<\/td>\n<td style=\"width: 20%; text-align: center; height: 32px;\">3<\/td>\n<td style=\"width: 20%; text-align: center; height: 32px;\">4<\/td>\n<td style=\"width: 20%; text-align: center; height: 32px;\">4<\/td>\n<\/tr>\n<tr style=\"height: 32px;\">\n<td style=\"width: 20%; text-align: center; height: 32px;\">Ci\u00e8ncies Socials<\/td>\n<td style=\"width: 20%; text-align: center; height: 32px;\">3<\/td>\n<td style=\"width: 20%; text-align: center; height: 32px;\">3<\/td>\n<td style=\"width: 20%; text-align: center; height: 32px;\">3<\/td>\n<td style=\"width: 20%; text-align: center; height: 32px;\">2<\/td>\n<\/tr>\n<tr style=\"height: 32px;\">\n<td style=\"width: 20%; text-align: center; height: 32px;\">F\u00edsica i Qu\u00edmica<\/td>\n<td style=\"width: 20%; text-align: center; height: 32px;\"><\/td>\n<td style=\"width: 20%; text-align: center; height: 32px;\">3<\/td>\n<td style=\"width: 20%; text-align: center; height: 32px;\">2<\/td>\n<td style=\"width: 20%; text-align: center; height: 32px;\"><\/td>\n<\/tr>\n<tr style=\"height: 32px;\">\n<td style=\"width: 20%; text-align: center; height: 32px;\">Biologia i Geologia<\/td>\n<td style=\"width: 20%; text-align: center; height: 32px;\">2<\/td>\n<td style=\"width: 20%; text-align: center; height: 32px;\"><\/td>\n<td style=\"width: 20%; text-align: center; height: 32px;\">2<\/td>\n<td style=\"width: 20%; text-align: center; height: 32px;\"><\/td>\n<\/tr>\n<tr style=\"height: 32px;\">\n<td style=\"width: 20%; text-align: center; height: 32px;\">Tecnologia i Digilitzaci\u00f3<\/td>\n<td style=\"width: 20%; text-align: center; height: 32px;\">1<\/td>\n<td style=\"width: 20%; text-align: center; height: 32px;\">2<\/td>\n<td style=\"width: 20%; text-align: center; height: 32px;\">2<\/td>\n<td style=\"width: 20%; text-align: center; height: 32px;\"><\/td>\n<\/tr>\n<tr style=\"height: 32px;\">\n<td style=\"width: 20%; height: 32px; text-align: center;\">Educaci\u00f3 en Valors<\/td>\n<td style=\"width: 20%; height: 32px; text-align: center;\"><\/td>\n<td style=\"width: 20%; height: 32px; text-align: center;\"><\/td>\n<td style=\"width: 20%; height: 32px; text-align: center;\"><\/td>\n<td style=\"width: 20%; height: 32px; text-align: center;\">1<\/td>\n<\/tr>\n<tr style=\"height: 32px;\">\n<td style=\"width: 20%; text-align: center; height: 32px;\">M\u00fasica<\/td>\n<td style=\"width: 20%; text-align: center; height: 32px;\">2<\/td>\n<td style=\"width: 20%; text-align: center; height: 32px;\">2<\/td>\n<td style=\"width: 20%; text-align: center; height: 32px;\"><\/td>\n<td style=\"width: 20%; text-align: center; height: 32px;\"><\/td>\n<\/tr>\n<tr>\n<td style=\"width: 20%; text-align: center;\">Educaci\u00f3 Pl\u00e0stica, Visual i Audiovisual<\/td>\n<td style=\"width: 20%; text-align: center;\">2<\/td>\n<td style=\"width: 20%; text-align: center;\"><\/td>\n<td style=\"width: 20%; text-align: center;\">2<\/td>\n<td style=\"width: 20%; text-align: center;\"><\/td>\n<\/tr>\n<tr>\n<td style=\"width: 20%; text-align: center;\">Educaci\u00f3 F\u00edsica<\/td>\n<td style=\"width: 20%; text-align: center;\">2<\/td>\n<td style=\"width: 20%; text-align: center;\">2<\/td>\n<td style=\"width: 20%; text-align: center;\">2<\/td>\n<td style=\"width: 20%; text-align: center;\">2<\/td>\n<\/tr>\n<tr>\n<td style=\"width: 20%; text-align: center;\">Religi\u00f3\/Activitats C\u00edviques i Culturals<\/td>\n<td style=\"width: 20%; text-align: center;\">1<\/td>\n<td style=\"width: 20%; text-align: center;\">1<\/td>\n<td style=\"width: 20%; text-align: center;\">1<\/td>\n<td style=\"width: 20%; text-align: center;\">1<\/td>\n<\/tr>\n<tr>\n<td style=\"width: 20%; text-align: center;\">Optatives<\/td>\n<td style=\"width: 20%; text-align: center;\">2<\/td>\n<td style=\"width: 20%; text-align: center;\">2<\/td>\n<td style=\"width: 20%; text-align: center;\">2<\/td>\n<td style=\"width: 20%; text-align: center;\">8<\/td>\n<\/tr>\n<tr>\n<td style=\"width: 20%; text-align: center;\">Projectes<\/td>\n<td style=\"width: 20%; text-align: center;\">2<\/td>\n<td style=\"width: 20%; text-align: center;\">2<\/td>\n<td style=\"width: 20%; text-align: center;\">2<\/td>\n<td style=\"width: 20%; text-align: center;\">2<\/td>\n<\/tr>\n<tr>\n<td style=\"width: 20%; text-align: center;\">Servei Comunitari<\/td>\n<td style=\"width: 20%; text-align: center;\">&#8211;<\/td>\n<td style=\"width: 20%; text-align: center;\">&#8211;<\/td>\n<td style=\"width: 20%; text-align: center;\">&#8211;<\/td>\n<td style=\"width: 20%; text-align: center;\">Sense assignaci\u00f3 hor\u00e0ria<\/td>\n<\/tr>\n<tr>\n<td style=\"width: 20%; text-align: center;\">Tutoria<\/td>\n<td style=\"width: 20%; text-align: center;\">1<\/td>\n<td style=\"width: 20%; text-align: center;\">1<\/td>\n<td style=\"width: 20%; text-align: center;\">1<\/td>\n<td style=\"width: 20%; text-align: center;\">1<\/td>\n<\/tr>\n<tr>\n<td style=\"width: 20%; text-align: center;\">TOTAL<\/td>\n<td style=\"width: 20%; text-align: center;\">30<\/td>\n<td style=\"width: 20%; text-align: center;\">30<\/td>\n<td style=\"width: 20%; text-align: center;\">30<\/td>\n<td style=\"width: 20%; text-align: center;\">30<\/td>\n<\/tr>\n<\/tbody>\n<\/table>\n<\/div>\n<h2 style=\"text-align: center;\"><b><span style=\"font-size: medium;\">BATXILLERAT<\/span><\/b><\/h2>\n<hr \/>\n<div>\n<p>\u00a0<span style=\"font-size: medium;\"><span style=\"font-family: arial, sans-serif;\">Al Batxillerat est\u00e0 vigent la <a href=\"https:\/\/dogc.gencat.cat\/ca\/document-del-dogc\/?documentId=938056\">LOMLOE<\/a>, d\u2019ordenaci\u00f3 dels ensenyaments de batxillerat, <\/span><\/span><span style=\"font-size: medium;\"><span style=\"font-family: arial, sans-serif;\">amb l\u2019obligatorietat de cursar una mat\u00e8ria comuna d\u2019opci\u00f3 pr\u00f2pia de cada modalitat, tant a primer curs <\/span><\/span><span style=\"font-size: medium;\"><span style=\"font-family: arial, sans-serif;\">com a segon, per ajustar-se als requeriments normatius<\/span><\/span><\/p>\n<p><span style=\"font-size: medium;\">Als dos cursos de batxillerat hi ha mat\u00e8ries comunes, mat\u00e8ries obligat\u00f2ria de modalitat<\/span><span style=\"font-size: medium;\"><span style=\"font-size: medium;\">, mat\u00e8ries de modalitat i mat\u00e8ries optatives. Les mat\u00e8ries obligat\u00f2ries de modalitat s\u2019han <\/span><\/span><span style=\"font-size: medium;\"><span style=\"font-size: medium;\">de cursar\u00a0obligat\u00f2riament en funci\u00f3 de la modalitat triada per l\u2019alumne; les mat\u00e8ries <\/span><\/span><span style=\"font-size: medium;\">optatives completen el curr\u00edculum personal de cada alumne.<\/span><span style=\"font-size: medium;\"><span style=\"font-size: medium;\">\u00a0<\/span><\/span><\/p>\n<p><span style=\"font-size: medium;\">L\u2019alumne tria una modalitat, amb la mat\u00e8ria obligat\u00f2ria de modalitat corresponent, les mat\u00e8ries <\/span><span style=\"font-size: medium;\">de modalitat i les optatives que cursar\u00e0 a cada curs, tenint en compte l\u2019oferta que el <\/span><span style=\"font-size: medium;\">centre presenta per al conjunt de l\u2019etapa i l\u2019orientaci\u00f3 acad\u00e8mica rebuda del centre.<\/span><\/p>\n<p><span style=\"font-size: medium;\">L\u2019alumne, al final del batxillerat, ha d\u2019haver cursat almenys sis mat\u00e8ries d\u2019una mateixa <\/span><span style=\"font-size: medium;\">modalitat: la mat\u00e8ria obligat\u00f2ria de modalitat triada i, com a m\u00ednim, dues <\/span><span style=\"font-size: medium;\">mat\u00e8ries m\u00e9s de la seva modalitat a cada curs. La darrera franja es completa amb mat\u00e8ries optatives<\/span><span style=\"font-size: medium;\">.<\/span><\/p>\n<p>A l&#8217;institut Thalassa s&#8217;oferta la modalitat de ci\u00e8ncies i tecnologia i la modalitat\u00a0d\u2019humanitats i ci\u00e8ncies socials.<span style=\"font-family: inherit; font-size: 1em;\">\u00a0<\/span><\/p>\n<p><span style=\"font-size: medium;\">El nombre d\u2019hores setmanals de les diferents mat\u00e8ries en cadascun dels dos cursos del batxillerat (2024-2025) \u00e9s la que es mostra en el document seg\u00fcent:<\/span><\/p>\n<table style=\"border-collapse: collapse; width: 85.5758%; height: 608px;\">\n<tbody>\n<tr style=\"height: 32px;\">\n<td style=\"width: 33.3333%; text-align: center; height: 32px;\"><strong>Mat\u00e8ries<\/strong><\/td>\n<td style=\"width: 33.3333%; height: 32px; text-align: center;\"><strong>1r<\/strong><\/td>\n<td style=\"width: 33.3333%; height: 32px; text-align: center;\"><strong>2n<\/strong><\/td>\n<\/tr>\n<tr style=\"height: 32px;\">\n<td style=\"width: 33.3333%; height: 32px;\">Llengua catalana i literatura I i II<\/td>\n<td style=\"width: 33.3333%; height: 32px; text-align: center;\">2<\/td>\n<td style=\"width: 33.3333%; height: 32px; text-align: center;\">2<\/td>\n<\/tr>\n<tr style=\"height: 32px;\">\n<td style=\"width: 33.3333%; height: 32px;\">Llengua castellana i literatura I i II<\/td>\n<td style=\"width: 33.3333%; height: 32px; text-align: center;\">2<\/td>\n<td style=\"width: 33.3333%; height: 32px; text-align: center;\">2<\/td>\n<\/tr>\n<tr style=\"height: 32px;\">\n<td style=\"width: 33.3333%; height: 32px;\">Llengua estrangera I i II<\/td>\n<td style=\"width: 33.3333%; height: 32px; text-align: center;\">3<\/td>\n<td style=\"width: 33.3333%; height: 32px; text-align: center;\">3<\/td>\n<\/tr>\n<tr style=\"height: 32px;\">\n<td style=\"width: 33.3333%; height: 32px;\">Educaci\u00f3 F\u00edsica<\/td>\n<td style=\"width: 33.3333%; height: 32px; text-align: center;\">2<\/td>\n<td style=\"width: 33.3333%; height: 32px; text-align: center;\">&#8211;<\/td>\n<\/tr>\n<tr style=\"height: 32px;\">\n<td style=\"width: 33.3333%; height: 32px;\">Filosofia<\/td>\n<td style=\"width: 33.3333%; height: 32px; text-align: center;\">2<\/td>\n<td style=\"width: 33.3333%; height: 32px; text-align: center;\"><\/td>\n<\/tr>\n<tr style=\"height: 96px;\">\n<td style=\"width: 33.3333%; height: 96px;\"><\/td>\n<td style=\"width: 33.3333%; height: 96px; text-align: center;\"><\/td>\n<td style=\"width: 33.3333%; height: 96px; text-align: center;\"><\/td>\n<\/tr>\n<tr style=\"height: 32px;\">\n<td style=\"width: 33.3333%; height: 32px;\">Hist\u00f2ria de la filosofia<\/td>\n<td style=\"width: 33.3333%; height: 32px; text-align: center;\">&#8211;<\/td>\n<td style=\"width: 33.3333%; height: 32px; text-align: center;\">3<\/td>\n<\/tr>\n<tr style=\"height: 32px;\">\n<td style=\"width: 33.3333%; height: 32px;\">Hist\u00f2ria<\/td>\n<td style=\"width: 33.3333%; height: 32px; text-align: center;\">&#8211;<\/td>\n<td style=\"width: 33.3333%; height: 32px; text-align: center;\">3<\/td>\n<\/tr>\n<tr style=\"height: 32px;\">\n<td style=\"width: 33.3333%; height: 32px;\">Tutoria<\/td>\n<td style=\"width: 33.3333%; height: 32px; text-align: center;\">1<\/td>\n<td style=\"width: 33.3333%; height: 32px; text-align: center;\">1<\/td>\n<\/tr>\n<tr style=\"height: 32px;\">\n<td style=\"width: 33.3333%; height: 32px;\">Treball de recerca<\/td>\n<td style=\"width: 33.3333%; height: 32px; text-align: center;\">&#8211;<\/td>\n<td style=\"width: 33.3333%; height: 32px; text-align: center;\">(sense assignaci\u00f3 hor\u00e0ria)<\/td>\n<\/tr>\n<tr style=\"height: 32px;\">\n<td style=\"width: 33.3333%; height: 32px;\">Mat\u00e8ria obligat\u00f2ria de modalitat I i II<\/td>\n<td style=\"width: 33.3333%; height: 32px; text-align: center;\">3<\/td>\n<td style=\"width: 33.3333%; height: 32px; text-align: center;\">4<\/td>\n<\/tr>\n<tr style=\"height: 32px;\">\n<td style=\"width: 33.3333%; height: 32px;\">Mat\u00e8ria de modalitat<\/td>\n<td style=\"width: 33.3333%; height: 32px; text-align: center;\">3<\/td>\n<td style=\"width: 33.3333%; height: 32px; text-align: center;\">4<\/td>\n<\/tr>\n<tr style=\"height: 32px;\">\n<td style=\"width: 33.3333%; height: 32px;\">Mat\u00e8ria de modalitat<\/td>\n<td style=\"width: 33.3333%; height: 32px; text-align: center;\">3<\/td>\n<td style=\"width: 33.3333%; height: 32px; text-align: center;\">4<\/td>\n<\/tr>\n<tr style=\"height: 32px;\">\n<td style=\"width: 33.3333%; height: 32px;\">Optatives franja 1 (o de modalitat)<\/td>\n<td style=\"width: 33.3333%; height: 32px; text-align: center;\">3<\/td>\n<td style=\"width: 33.3333%; height: 32px; text-align: center;\">4<\/td>\n<\/tr>\n<tr style=\"height: 32px;\">\n<td style=\"width: 33.3333%; height: 32px; text-align: left;\">Optatives franja 2<\/td>\n<td style=\"width: 33.3333%; height: 32px; text-align: center;\">3<\/td>\n<td style=\"width: 33.3333%; height: 32px; text-align: center;\"><\/td>\n<\/tr>\n<tr style=\"height: 32px;\">\n<td style=\"width: 33.3333%; height: 32px; text-align: left;\">Optatives franja 3<\/td>\n<td style=\"width: 33.3333%; text-align: center; height: 32px;\">3<\/td>\n<td style=\"width: 33.3333%; text-align: center; height: 32px;\"><\/td>\n<\/tr>\n<tr>\n<td style=\"width: 33.3333%; text-align: center;\"><strong>Total<\/strong><\/td>\n<td style=\"width: 33.3333%; text-align: center;\"><strong>30h<\/strong><\/td>\n<td style=\"width: 33.3333%; text-align: center;\"><strong>30h<\/strong><\/td>\n<\/tr>\n<\/tbody>\n<\/table>\n<p>&nbsp;<\/p>\n<\/div>\n<div style=\"text-align: center;\"><span style=\"background-color: transparent;\">\u00a0<\/span><\/div>\n<div style=\"text-align: left;\"><span style=\"background-color: transparent;\">Les mat\u00e8ries <span style=\"font-size: medium;\">obligat\u00f2ries de modalitat<\/span> per a primer curs i segon de batxillerat s\u00f3n:<\/span><\/div>\n<div><\/div>\n<div style=\"text-align: left;\">\n<ul>\n<li>Modalitat Ci\u00e8ncies i tecnologia: Matem\u00e0tiques I i II<\/li>\n<li>Modalitat Humanitats: Llat\u00ed I i II<\/li>\n<li>Modalitat Ci\u00e8ncies Socials:\u00a0Matem\u00e0tiques aplicades CS I i\u00a0II.<\/li>\n<\/ul>\n<p>En aquest document teniu l&#8217;oferta de mat\u00e8ries de modalitat o espec\u00edfiques ofertades pel curs 2024-25:<\/p>\n<p><a href=\"https:\/\/drive.google.com\/file\/d\/1UVAjm6fYliDYXqNrdiKKhhovlcKepaQp\/view?usp=drive_link\">Itinerari promocio_2024_25<\/a><\/p>\n<\/div>\n<table style=\"text-align: right;\" width=\"100%\">\n<tbody>\n<tr>\n<td width=\"50%\"><\/td>\n<td style=\"text-align: right;\" width=\"50%\"><a href=\"#inici\"><span style=\"font-size: small;\">inici<\/span><\/a><\/td>\n<\/tr>\n<\/tbody>\n<\/table>\n","protected":false},"excerpt":{"rendered":"<p>QU\u00c8 FEM?<\/p>\n<p>Al nostre Centre, durant aquest curs escolar, hi estudiaran uns 450 alumnes d\u2019ESO i Batxillerat. 50 professors i professores s\u2019encarregaran de la part acad\u00e8mica, conjuntament amb altres professionals de la psicopedagogia. Tamb\u00e9 cal esmentar el treball del personal d\u2019administraci\u00f3 i de consergeria.<\/p>\n<p><a href=\"#eso\">ESO<\/a><br \/>\n<a href=\"#batx\">BATXILLERAT<\/a><\/p>\n<p><a&hellip;  <a href=\"https:\/\/agora.xtec.cat\/iesthalassa\/linstitut\/que-fem\/\" title=\"Read Qu\u00e8 fem?\">Llegeix m\u00e9s\u00bb<\/a><\/p>\n","protected":false},"author":1,"featured_media":0,"parent":19,"menu_order":3,"comment_status":"closed","ping_status":"closed","template":"page-templates\/side-menu.php","meta":{"_bbp_topic_count":0,"_bbp_reply_count":0,"_bbp_total_topic_count":0,"_bbp_total_reply_count":0,"_bbp_voice_count":0,"_bbp_anonymous_reply_count":0,"_bbp_topic_count_hidden":0,"_bbp_reply_count_hidden":0,"_bbp_forum_subforum_count":0,"footnotes":""},"class_list":["post-530","page","type-page","status-publish","hentry"],"post_mailing_queue_ids":[],"_links":{"self":[{"href":"https:\/\/agora.xtec.cat\/iesthalassa\/wp-json\/wp\/v2\/pages\/530","targetHints":{"allow":["GET"]}}],"collection":[{"href":"https:\/\/agora.xtec.cat\/iesthalassa\/wp-json\/wp\/v2\/pages"}],"about":[{"href":"https:\/\/agora.xtec.cat\/iesthalassa\/wp-json\/wp\/v2\/types\/page"}],"author":[{"embeddable":true,"href":"https:\/\/agora.xtec.cat\/iesthalassa\/wp-json\/wp\/v2\/users\/1"}],"replies":[{"embeddable":true,"href":"https:\/\/agora.xtec.cat\/iesthalassa\/wp-json\/wp\/v2\/comments?post=530"}],"version-history":[{"count":5,"href":"https:\/\/agora.xtec.cat\/iesthalassa\/wp-json\/wp\/v2\/pages\/530\/revisions"}],"predecessor-version":[{"id":3553,"href":"https:\/\/agora.xtec.cat\/iesthalassa\/wp-json\/wp\/v2\/pages\/530\/revisions\/3553"}],"up":[{"embeddable":true,"href":"https:\/\/agora.xtec.cat\/iesthalassa\/wp-json\/wp\/v2\/pages\/19"}],"wp:attachment":[{"href":"https:\/\/agora.xtec.cat\/iesthalassa\/wp-json\/wp\/v2\/media?parent=530"}],"curies":[{"name":"wp","href":"https:\/\/api.w.org\/{rel}","templated":true}]}}