{"id":49,"date":"2014-09-17T16:55:55","date_gmt":"2014-09-17T16:55:55","guid":{"rendered":"http:\/\/agora.xtec.cat\/iesthalassa\/?page_id=49"},"modified":"2025-07-10T13:30:14","modified_gmt":"2025-07-10T11:30:14","slug":"normes-dorganitzacio-i-funcionament","status":"publish","type":"page","link":"https:\/\/agora.xtec.cat\/iesthalassa\/linstitut\/normes-dorganitzacio-i-funcionament\/","title":{"rendered":"Normes i funcionament"},"content":{"rendered":"<p><b><span style=\"font-size: large;\">NORMES GENERALS DEL CENTRE<\/span><\/b><\/p>\n<p><span style=\"font-size: medium;\">La comunicaci\u00f3 quotidiana del professorat amb les fam\u00edlies es far\u00e0 a trav\u00e9s de correu electr\u00f2nic, l&#8217;app TPV escola, l&#8217;I Educa o per Tel\u00e8fon.<\/span><\/p>\n<p>Les instal\u00b7lacions del Centre s\u00f3n d\u2019\u00fas comunitari, per aix\u00f2 tenim el deure de conservar-les i de mantenir el centre net i per al seu bon funcionament. Per tant,<\/p>\n<ul>\n<li><span style=\"font-size: medium;\">Evitarem llen\u00e7ar res a terra.<\/span><\/li>\n<\/ul>\n<ul>\n<li><span style=\"font-size: medium;\">Es mantindran netes taules, cadires, portes, parets i la resta d\u2019instal\u00b7lacions.<\/span><\/li>\n<\/ul>\n<ul>\n<li><span style=\"font-size: medium;\">Quan els desperfectes a les instal\u00b7lacions del centre siguin causats per un mal \u00fas o mal tracte, l\u2019alumne\/a haur\u00e0 de reparar econ\u00f2micament aquests desperfectes i se li aplicar\u00e0 una sanci\u00f3.<\/span><\/li>\n<\/ul>\n<ul>\n<li><span style=\"font-size: medium;\">Recomanem a les fam\u00edlies que a l\u2019hora d\u2019embolicar l\u2019esmorzar dels seus fills\/es no ho facin amb paper d\u2019alumini.<\/span><\/li>\n<\/ul>\n<p><span style=\"font-size: medium;\"><br \/>\nL\u2019\u00fas de <strong>tel\u00e8fons m\u00f2bils i rellotges intel\u00b7ligents est\u00e0 prohibit<\/strong> a tot el recinte del centre educatiu. Aquesta mesura t\u00e9 com a objectiu afavorir la concentraci\u00f3, el respecte i un entorn d\u2019aprenentatge adequat per a tot l\u2019alumnat.<br \/>\n<\/span><\/p>\n<p>Est\u00e0 totalment prohibit que l\u2019alumnat fumi dins del recinte escolar.<\/p>\n<p>Els lavabos s\u2019utilitzen en el temps d\u2019esbarjo. Per poder anar-hi en un altre moment, cal el perm\u00eds del professor\/a de l\u2019aula.<\/p>\n<p>Per afavorir l\u2019organitzaci\u00f3 dels pagaments de les sortides que realitza l\u2019alumnat, \u00e9s molt important que els pagaments es facin a traves de l&#8217;App TPV-Escola.<\/p>\n<p><span style=\"font-size: medium;\"><br \/>\nSi algun alumne\/a t\u00e9 un problema d\u2019al\u00b7l\u00e8rgia o alguna malaltia que el tutor\/a hagi de con\u00e8ixer, cal que ho notifiqui per escrit.<\/span><\/p>\n<p>Cal recordar que a l\u2019Institut s\u2019ha de venir vestit correctament.\u00a0<b>Recordem tamb\u00e9 que no es poden utilitzar gorres a l\u2019Institut<\/b>.<\/p>\n<p><b>Tampoc es pot venir a l\u2019Institut amb patins, monopatins o estris similars. Les bicicletes\/patins les hauran de deixar lligades a l\u2019exterior<\/b>.<\/p>\n","protected":false},"excerpt":{"rendered":"<p>NORMES GENERALS DEL CENTRE<br \/>\nLa comunicaci\u00f3 quotidiana del professorat amb les fam\u00edlies es far\u00e0 a trav\u00e9s de correu electr\u00f2nic, l&#8217;app TPV escola, l&#8217;I Educa o per Tel\u00e8fon.<br \/>\nLes instal\u00b7lacions del Centre s\u00f3n d\u2019\u00fas comunitari, per aix\u00f2 tenim el deure de conservar-les i de mantenir el centre net&hellip;  <a href=\"https:\/\/agora.xtec.cat\/iesthalassa\/linstitut\/normes-dorganitzacio-i-funcionament\/\" title=\"Read Normes i funcionament\">Llegeix m\u00e9s\u00bb<\/a><\/p>\n","protected":false},"author":1,"featured_media":0,"parent":19,"menu_order":60,"comment_status":"closed","ping_status":"closed","template":"page-templates\/side-menu.php","meta":{"_bbp_topic_count":0,"_bbp_reply_count":0,"_bbp_total_topic_count":0,"_bbp_total_reply_count":0,"_bbp_voice_count":0,"_bbp_anonymous_reply_count":0,"_bbp_topic_count_hidden":0,"_bbp_reply_count_hidden":0,"_bbp_forum_subforum_count":0,"footnotes":""},"class_list":["post-49","page","type-page","status-publish","hentry"],"post_mailing_queue_ids":[],"_links":{"self":[{"href":"https:\/\/agora.xtec.cat\/iesthalassa\/wp-json\/wp\/v2\/pages\/49","targetHints":{"allow":["GET"]}}],"collection":[{"href":"https:\/\/agora.xtec.cat\/iesthalassa\/wp-json\/wp\/v2\/pages"}],"about":[{"href":"https:\/\/agora.xtec.cat\/iesthalassa\/wp-json\/wp\/v2\/types\/page"}],"author":[{"embeddable":true,"href":"https:\/\/agora.xtec.cat\/iesthalassa\/wp-json\/wp\/v2\/users\/1"}],"replies":[{"embeddable":true,"href":"https:\/\/agora.xtec.cat\/iesthalassa\/wp-json\/wp\/v2\/comments?post=49"}],"version-history":[{"count":4,"href":"https:\/\/agora.xtec.cat\/iesthalassa\/wp-json\/wp\/v2\/pages\/49\/revisions"}],"predecessor-version":[{"id":3770,"href":"https:\/\/agora.xtec.cat\/iesthalassa\/wp-json\/wp\/v2\/pages\/49\/revisions\/3770"}],"up":[{"embeddable":true,"href":"https:\/\/agora.xtec.cat\/iesthalassa\/wp-json\/wp\/v2\/pages\/19"}],"wp:attachment":[{"href":"https:\/\/agora.xtec.cat\/iesthalassa\/wp-json\/wp\/v2\/media?parent=49"}],"curies":[{"name":"wp","href":"https:\/\/api.w.org\/{rel}","templated":true}]}}