{"id":46,"date":"2014-09-17T16:53:45","date_gmt":"2014-09-17T16:53:45","guid":{"rendered":"http:\/\/agora.xtec.cat\/iesthalassa\/?page_id=46"},"modified":"2025-07-10T13:26:06","modified_gmt":"2025-07-10T11:26:06","slug":"organigrama","status":"publish","type":"page","link":"https:\/\/agora.xtec.cat\/iesthalassa\/linstitut\/organigrama\/","title":{"rendered":"Organigrama"},"content":{"rendered":"<hr \/>\n<p><b>COMPONENTS DE L&#8217;EQUIP DIRECTIU<\/b><\/p>\n<hr \/>\n<ul>\n<li><b>Director<\/b>: Daniel P\u00e9rez<\/li>\n<li><b>Cap d\u2019estudis<\/b>: Bel\u00e9n Romeo<\/li>\n<li><b>Coordinadora pedag\u00f2gica<\/b>: Leonor Moreno<\/li>\n<li><b>Secret\u00e0ri<\/b>: Adri\u00e0 Martorell<\/li>\n<\/ul>\n<p>Tot i que la majoria de q\u00fcestions relatives al seu fill\/a les han de resoldre mitjan\u00e7ant el tutor\/a del grup, en cas que necessitin parlar amb els membres de l\u2019equip directiu cal que es posin en contacte telef\u00f2nic amb el centre per fixar dia i hora.<\/p>\n<hr \/>\n<p><b>COORDINACIONS<\/b><\/p>\n<hr \/>\n<p>A m\u00e9s d\u2019aquests \u00f2rgans de coordinaci\u00f3 que afecten la totalitat de l\u2019Institut tamb\u00e9 hi ha els Caps de Departament i de Seminari, que coordinen i organitzen les activitats dels departaments, impulsen la innovaci\u00f3 pedag\u00f2gica i tecnol\u00f2gica i la formaci\u00f3 permanent del professorat.<\/p>\n<ul>\n<li><span style=\"font-size: medium;\"><b>Coordinadora de 1r d\u2019ESO<\/b>: Juan Manuel Ruiz<br \/>\n<\/span><\/li>\n<li><span style=\"font-size: medium;\"><b>Coordinador de 2n d\u2019ESO<\/b>: Ariadna Casas<\/span><\/li>\n<li><span style=\"font-size: medium;\"><b>Coordinadora de 3r d\u2019ESO<\/b>: Cristina Vegas<br \/>\n<\/span><\/li>\n<li><span style=\"font-size: medium;\"><b>Coordinador de 4t d\u2019ESO<\/b>: Andrea Leone<\/span><\/li>\n<li><span style=\"font-size: medium;\"><b>Coordinadora de Batxillerat<\/b>: Clara March<\/span><\/li>\n<li><span style=\"font-size: medium;\"><b>Coordinador d\u2019inform\u00e0tica<\/b>: Joan Navidad<\/span><\/li>\n<\/ul>\n<hr \/>\n<p><iframe loading=\"lazy\" src=\"https:\/\/docs.google.com\/document\/d\/e\/2PACX-1vSGytBO9Kbe5L8cn-3lap89pAN4Uh5CUctRvKzCUmOs4uiNhiRv1yJhX7sEFsaW8usPdK3iLyCXznEQ\/pub?embedded=true\" width=\"300%\" height=\"600px\"><span data-mce-type=\"bookmark\" style=\"display: inline-block; width: 0px; overflow: hidden; line-height: 0;\" class=\"mce_SELRES_start\">\ufeff<\/span><\/iframe><\/p>\n","protected":false},"excerpt":{"rendered":"<p>COMPONENTS DE L&#8217;EQUIP DIRECTIU<\/p>\n<ul>\n<li>Director: Daniel P\u00e9rez<\/li>\n<li>Cap d\u2019estudis: Bel\u00e9n Romeo<\/li>\n<li>Coordinadora pedag\u00f2gica: Leonor Moreno<\/li>\n<li>Secret\u00e0ri: Adri\u00e0 Martorell<\/li>\n<\/ul>\n<p>Tot i que la majoria de q\u00fcestions relatives al seu fill\/a les han de resoldre mitjan\u00e7ant el tutor\/a del grup, en cas que necessitin parlar amb els membres de l\u2019equip directiu cal&hellip;  <a href=\"https:\/\/agora.xtec.cat\/iesthalassa\/linstitut\/organigrama\/\" title=\"Read Organigrama\">Llegeix m\u00e9s\u00bb<\/a><\/p>\n","protected":false},"author":1,"featured_media":0,"parent":19,"menu_order":2,"comment_status":"closed","ping_status":"closed","template":"page-templates\/side-menu.php","meta":{"_bbp_topic_count":0,"_bbp_reply_count":0,"_bbp_total_topic_count":0,"_bbp_total_reply_count":0,"_bbp_voice_count":0,"_bbp_anonymous_reply_count":0,"_bbp_topic_count_hidden":0,"_bbp_reply_count_hidden":0,"_bbp_forum_subforum_count":0,"footnotes":""},"class_list":["post-46","page","type-page","status-publish","hentry"],"post_mailing_queue_ids":[],"_links":{"self":[{"href":"https:\/\/agora.xtec.cat\/iesthalassa\/wp-json\/wp\/v2\/pages\/46","targetHints":{"allow":["GET"]}}],"collection":[{"href":"https:\/\/agora.xtec.cat\/iesthalassa\/wp-json\/wp\/v2\/pages"}],"about":[{"href":"https:\/\/agora.xtec.cat\/iesthalassa\/wp-json\/wp\/v2\/types\/page"}],"author":[{"embeddable":true,"href":"https:\/\/agora.xtec.cat\/iesthalassa\/wp-json\/wp\/v2\/users\/1"}],"replies":[{"embeddable":true,"href":"https:\/\/agora.xtec.cat\/iesthalassa\/wp-json\/wp\/v2\/comments?post=46"}],"version-history":[{"count":6,"href":"https:\/\/agora.xtec.cat\/iesthalassa\/wp-json\/wp\/v2\/pages\/46\/revisions"}],"predecessor-version":[{"id":3769,"href":"https:\/\/agora.xtec.cat\/iesthalassa\/wp-json\/wp\/v2\/pages\/46\/revisions\/3769"}],"up":[{"embeddable":true,"href":"https:\/\/agora.xtec.cat\/iesthalassa\/wp-json\/wp\/v2\/pages\/19"}],"wp:attachment":[{"href":"https:\/\/agora.xtec.cat\/iesthalassa\/wp-json\/wp\/v2\/media?parent=46"}],"curies":[{"name":"wp","href":"https:\/\/api.w.org\/{rel}","templated":true}]}}