{"id":3695,"date":"2025-02-25T22:08:12","date_gmt":"2025-02-25T21:08:12","guid":{"rendered":"https:\/\/agora.xtec.cat\/iesthalassa\/?page_id=3695"},"modified":"2025-05-07T11:13:24","modified_gmt":"2025-05-07T09:13:24","slug":"aula-dacollida","status":"publish","type":"page","link":"https:\/\/agora.xtec.cat\/iesthalassa\/grups\/aula-dacollida\/","title":{"rendered":"Aula d&#8217;acollida"},"content":{"rendered":"<p><span style=\"font-weight: 400;\">L\u2019aula d\u2019acollida \u00e9s un lloc on els alumnes que venim de fora treballem el catal\u00e0. Fem jocs en catal\u00e0, aprenem vocabulari i tamb\u00e9 fem exercicis per a practicar. Els dilluns, la Irene ens dona paraules noves perqu\u00e8 fem frases amb elles.<\/span><\/p>\n<p><span style=\"font-weight: 400;\">A m\u00e9s, d\u2019altra banda, hem creat un c\u00f2mic i uns quants articles. Aqu\u00ed us deixem alguns dels nostres millors treballs.<\/span><\/p>\n<p>&nbsp;<\/p>\n<p><iframe loading=\"lazy\" src=\"https:\/\/drive.google.com\/file\/d\/1yL19Ql3sZTe7Gg2t0wVeuozL34oJj-1j\/preview\" width=\"100%\" height=\"600px\"><\/iframe><\/p>\n<p><iframe loading=\"lazy\" src=\"https:\/\/drive.google.com\/file\/d\/125fde7Vi1ofPfq0rYq2w8fyZeVw61awD\/preview\" width=\"100%\" height=\"600px\"><\/iframe><\/p>\n<p><iframe loading=\"lazy\" src=\"https:\/\/drive.google.com\/file\/d\/1Pt9I1nDRug751jy6pGnFZrcGzFYpVbOF\/preview\" width=\"100%\" height=\"600px\"><\/iframe><\/p>\n<p><iframe loading=\"lazy\" src=\"https:\/\/drive.google.com\/file\/d\/17i5UbYZOEoqTZ0TTTORC-nmR-ZAlhKT3\/preview\" width=\"100%\" height=\"600px\"><\/iframe><\/p>\n<p><iframe loading=\"lazy\" src=\"https:\/\/drive.google.com\/file\/d\/1oPY-0bPP3LTaTSYVRNSVgB4ct4CqFucf\/preview\" width=\"100%\" height=\"600px\"><\/iframe><\/p>\n","protected":false},"excerpt":{"rendered":"<p>L\u2019aula d\u2019acollida \u00e9s un lloc on els alumnes que venim de fora treballem el catal\u00e0. Fem jocs en catal\u00e0, aprenem vocabulari i tamb\u00e9 fem exercicis per a practicar. Els dilluns, la Irene ens dona paraules noves perqu\u00e8 fem frases amb elles.<br \/>\nA m\u00e9s, d\u2019altra banda, hem&hellip;  <a href=\"https:\/\/agora.xtec.cat\/iesthalassa\/grups\/aula-dacollida\/\" title=\"Read Aula d&#8217;acollida\">Llegeix m\u00e9s\u00bb<\/a><\/p>\n","protected":false},"author":1,"featured_media":0,"parent":738,"menu_order":0,"comment_status":"closed","ping_status":"closed","template":"","meta":{"_bbp_topic_count":0,"_bbp_reply_count":0,"_bbp_total_topic_count":0,"_bbp_total_reply_count":0,"_bbp_voice_count":0,"_bbp_anonymous_reply_count":0,"_bbp_topic_count_hidden":0,"_bbp_reply_count_hidden":0,"_bbp_forum_subforum_count":0,"footnotes":""},"class_list":["post-3695","page","type-page","status-publish","hentry"],"post_mailing_queue_ids":[],"_links":{"self":[{"href":"https:\/\/agora.xtec.cat\/iesthalassa\/wp-json\/wp\/v2\/pages\/3695","targetHints":{"allow":["GET"]}}],"collection":[{"href":"https:\/\/agora.xtec.cat\/iesthalassa\/wp-json\/wp\/v2\/pages"}],"about":[{"href":"https:\/\/agora.xtec.cat\/iesthalassa\/wp-json\/wp\/v2\/types\/page"}],"author":[{"embeddable":true,"href":"https:\/\/agora.xtec.cat\/iesthalassa\/wp-json\/wp\/v2\/users\/1"}],"replies":[{"embeddable":true,"href":"https:\/\/agora.xtec.cat\/iesthalassa\/wp-json\/wp\/v2\/comments?post=3695"}],"version-history":[{"count":6,"href":"https:\/\/agora.xtec.cat\/iesthalassa\/wp-json\/wp\/v2\/pages\/3695\/revisions"}],"predecessor-version":[{"id":3726,"href":"https:\/\/agora.xtec.cat\/iesthalassa\/wp-json\/wp\/v2\/pages\/3695\/revisions\/3726"}],"up":[{"embeddable":true,"href":"https:\/\/agora.xtec.cat\/iesthalassa\/wp-json\/wp\/v2\/pages\/738"}],"wp:attachment":[{"href":"https:\/\/agora.xtec.cat\/iesthalassa\/wp-json\/wp\/v2\/media?parent=3695"}],"curies":[{"name":"wp","href":"https:\/\/api.w.org\/{rel}","templated":true}]}}