{"id":3274,"date":"2023-06-06T14:05:18","date_gmt":"2023-06-06T12:05:18","guid":{"rendered":"https:\/\/agora.xtec.cat\/iesthalassa\/?page_id=3274"},"modified":"2023-06-06T14:13:35","modified_gmt":"2023-06-06T12:13:35","slug":"pla-dacollida-digital","status":"publish","type":"page","link":"https:\/\/agora.xtec.cat\/iesthalassa\/pla-dacollida-digital\/","title":{"rendered":"Pla d&#8217;acollida digital"},"content":{"rendered":"<p><b>ACOLLIDA DIGITAL DE FAM\u00cdLIES<\/b><\/p>\n<p><span style=\"font-weight: 400;\">El protocol d\u2019acollida digital de les fam\u00edlies noves al centre\u00a0 (ja sigui a l\u2019inici de curs o durant el mateix) \u00e9s el seg\u00fcent:<\/span><\/p>\n<ol>\n<li style=\"font-weight: 400;\" aria-level=\"1\"><span style=\"font-weight: 400;\">Es dona d\u2019alta a la fam\u00edlia en l\u2019aplicaci\u00f3 Ieduca a trav\u00e9s d\u2019un formulari que han d\u2019emplenar amb les seves dades. A la web (<\/span><a href=\"https:\/\/agora.xtec.cat\/iesthalassa\/families\/ieducatokapp\/\"><span style=\"font-weight: 400;\">enlla\u00e7<\/span><\/a><span style=\"font-weight: 400;\">) disposen d\u2019informaci\u00f3 sobre l\u2019aplicaci\u00f3 Ieduca: com descarregar-la, activar-la i fer-la servir.<\/span><\/li>\n<li style=\"font-weight: 400;\" aria-level=\"1\"><span style=\"font-weight: 400;\">En iniciar el curs (o durant el mateix en els casos de matr\u00edcula viva) es facilita a les fam\u00edlies el correu electr\u00f2nic de contacte amb el tutor\/a i la resta de l\u2019equip docent<\/span><\/li>\n<li style=\"font-weight: 400;\" aria-level=\"1\"><span style=\"font-weight: 400;\">Les fam\u00edlies reben informaci\u00f3 sobre la <\/span><a href=\"https:\/\/agora.xtec.cat\/iesthalassa\/linstitut\/normes-dorganitzacio-i-funcionament\/\"><span style=\"font-weight: 400;\">normativa<\/span><\/a><span style=\"font-weight: 400;\"> general i sobre els usos dels dispositius.<\/span><\/li>\n<li style=\"font-weight: 400;\" aria-level=\"1\"><span style=\"font-weight: 400;\">Es facilita a les fam\u00edlies informaci\u00f3 d\u2019acc\u00e9s a la plataforma associada a l\u2019editorial del llibre de l\u2019\u00e0mbit de ci\u00e8ncies.\u00a0<\/span><\/li>\n<li style=\"font-weight: 400;\" aria-level=\"1\"><span style=\"font-weight: 400;\">A la <\/span><a href=\"https:\/\/agora.xtec.cat\/iesthalassa\/families\/\"><span style=\"font-weight: 400;\">p\u00e0gina web de l\u2019escola<\/span><\/a><span style=\"font-weight: 400;\"> es pot trobar informaci\u00f3 sobre el desenvolupament de les activitats del centre. Tamb\u00e9 es poden consultar els diferents projectes pedag\u00f2gics del centre.<\/span><\/li>\n<li style=\"font-weight: 400;\" aria-level=\"1\"><span style=\"font-weight: 400;\">A l\u2019apartat<\/span> <a href=\"https:\/\/agora.xtec.cat\/iesthalassa\/families\/\"><span style=\"font-weight: 400;\">Fam\u00edlies<\/span><\/a><span style=\"font-weight: 400;\"> del web del centre les fam\u00edlies disposen de la informaci\u00f3 sobre la preinscripci\u00f3 i la matr\u00edcula 2023-2024, l\u2019AFA, el pagament de sortides, el calendari de curs, l\u2019horari dels grups i la informaci\u00f3 sobre l\u2019ieduca.<\/span><\/li>\n<\/ol>\n<p><b>ACOLLIDA DIGITAL DE PROFESSORAT<\/b><\/p>\n<p><span style=\"font-weight: 400;\">El protocol d\u2019acollida digital del professorat nouvingut al centre\u00a0 (ja sigui a l\u2019inici de curs o durant el mateix) \u00e9s el seg\u00fcent:<\/span><\/p>\n<ol>\n<li style=\"font-weight: 400;\" aria-level=\"1\"><span style=\"font-weight: 400;\">Correu de benvinguda amb informacions d\u2019inter\u00e8s<\/span><\/li>\n<\/ol>\n<ul>\n<li style=\"font-weight: 400;\" aria-level=\"2\"><span style=\"font-weight: 400;\">Horari del professor\/a i del grup si t\u00e9 tutoria.<\/span><\/li>\n<li style=\"font-weight: 400;\" aria-level=\"2\"><span style=\"font-weight: 400;\">Funcionament de la fotocopiadora del centre. Es lliura el correu electr\u00f2nic i el contacte del coordinador digital.<\/span><\/li>\n<li style=\"font-weight: 400;\" aria-level=\"2\"><span style=\"font-weight: 400;\">Correu de contacte amb les fam\u00edlies (tutoria\/especialitat).<\/span><\/li>\n<li style=\"font-weight: 400;\" aria-level=\"2\"><span style=\"font-weight: 400;\">Donada d\u2019alta i indicacions per fer \u00fas de l\u2019aplicaci\u00f3 Ieduca per comunicar-se amb les fam\u00edlies.<\/span><\/li>\n<li style=\"font-weight: 400;\" aria-level=\"2\"><span style=\"font-weight: 400;\">Document de benvinguda amb informacions organitzatives del centre.<\/span><\/li>\n<li style=\"font-weight: 400;\" aria-level=\"2\"><span style=\"font-weight: 400;\">Compartici\u00f3 i explicaci\u00f3 del drive amb documentaci\u00f3 del centre (programacions, avaluacions, documents organitzatius\u2026). A destacar: unitat compartida del Thalassa.<\/span><\/li>\n<\/ul>\n<p>&nbsp;<\/p>\n<ol start=\"2\">\n<li><span style=\"font-weight: 400;\"> Acompanyament durant els primers dies per part del coordinador\/a de l\u2019\u00e0mbit i l\u2019equip directiu per assolir els acords digitals i pedag\u00f2gics del centre.\u00a0<\/span><\/li>\n<\/ol>\n<p><span style=\"font-weight: 400;\">\u00a0<\/span><\/p>\n<p><b>ACOLLIDA DIGITAL DE L\u2019ALUMNAT<\/b><\/p>\n<p><span style=\"font-weight: 400;\">Per tal que l\u2019alumnat del centre pugui optimitzar al m\u00e0xim els serveis digitals que se li proporcionen, es realitzen les seg\u00fcents actuacions:<\/span><\/p>\n<ol>\n<li style=\"font-weight: 400;\" aria-level=\"1\"><span style=\"font-weight: 400;\">El professorat del centre t\u00e9 com a objectiu compartir el contingut del web de l\u2019escola amb tot l\u2019alumnat i les seves fam\u00edlies.<\/span><\/li>\n<li style=\"font-weight: 400;\" aria-level=\"1\"><span style=\"font-weight: 400;\">Es gestiona, des de cada mat\u00e8ria la donada d\u2019alta al classroom. Es realitzar\u00e0 un recordatori de l\u2019\u00fas de la plataforma des de les tutories a l&#8217;inici de curs i en cas de noves incorporacions durant el curs tamb\u00e9.<\/span><\/li>\n<\/ol>\n<ol>\n<li style=\"font-weight: 400;\" aria-level=\"1\"><span style=\"font-weight: 400;\">Es gestiona, des de l\u2019equip directiu o la comissi\u00f3 digital, la creaci\u00f3 d\u2019un compte de correu amb el domini del centre, pr\u00e8via autoritzaci\u00f3 de les fam\u00edlies (a trav\u00e9s del <\/span><a href=\"https:\/\/tpvescola.com\/Default2.aspx\"><span style=\"font-weight: 400;\">TPV ESCOLA<\/span><\/a><span style=\"font-weight: 400;\">)<\/span><\/li>\n<li style=\"font-weight: 400;\" aria-level=\"1\"><span style=\"font-weight: 400;\">Per part de la tutoria i l\u2019equip directiu s\u2019efectua el lliurament, explicaci\u00f3 del funcionament i normativa dels dispositius per a \u00fas de l\u2019alumnat cedits pel Departament a l\u2019alumnat de CS ().<\/span><\/li>\n<\/ol>\n","protected":false},"excerpt":{"rendered":"<p>ACOLLIDA DIGITAL DE FAM\u00cdLIES<br \/>\nEl protocol d\u2019acollida digital de les fam\u00edlies noves al centre\u00a0 (ja sigui a l\u2019inici de curs o durant el mateix) \u00e9s el seg\u00fcent:<\/p>\n<ol>\n<li style=\"font-weight: 400;\" aria-level=\"1\">Es dona d\u2019alta a la fam\u00edlia en l\u2019aplicaci\u00f3 Ieduca a trav\u00e9s d\u2019un formulari que han d\u2019emplenar amb&hellip;  <a href=\"https:\/\/agora.xtec.cat\/iesthalassa\/pla-dacollida-digital\/\" title=\"Read Pla d&#8217;acollida digital\">Llegeix m\u00e9s\u00bb<\/a><br \/>\n","protected":false},"author":1,"featured_media":0,"parent":0,"menu_order":0,"comment_status":"closed","ping_status":"closed","template":"","meta":{"_bbp_topic_count":0,"_bbp_reply_count":0,"_bbp_total_topic_count":0,"_bbp_total_reply_count":0,"_bbp_voice_count":0,"_bbp_anonymous_reply_count":0,"_bbp_topic_count_hidden":0,"_bbp_reply_count_hidden":0,"_bbp_forum_subforum_count":0,"footnotes":""},"class_list":["post-3274","page","type-page","status-publish","hentry"],"post_mailing_queue_ids":[],"_links":{"self":[{"href":"https:\/\/agora.xtec.cat\/iesthalassa\/wp-json\/wp\/v2\/pages\/3274","targetHints":{"allow":["GET"]}}],"collection":[{"href":"https:\/\/agora.xtec.cat\/iesthalassa\/wp-json\/wp\/v2\/pages"}],"about":[{"href":"https:\/\/agora.xtec.cat\/iesthalassa\/wp-json\/wp\/v2\/types\/page"}],"author":[{"embeddable":true,"href":"https:\/\/agora.xtec.cat\/iesthalassa\/wp-json\/wp\/v2\/users\/1"}],"replies":[{"embeddable":true,"href":"https:\/\/agora.xtec.cat\/iesthalassa\/wp-json\/wp\/v2\/comments?post=3274"}],"version-history":[{"count":4,"href":"https:\/\/agora.xtec.cat\/iesthalassa\/wp-json\/wp\/v2\/pages\/3274\/revisions"}],"predecessor-version":[{"id":3280,"href":"https:\/\/agora.xtec.cat\/iesthalassa\/wp-json\/wp\/v2\/pages\/3274\/revisions\/3280"}],"wp:attachment":[{"href":"https:\/\/agora.xtec.cat\/iesthalassa\/wp-json\/wp\/v2\/media?parent=3274"}],"curies":[{"name":"wp","href":"https:\/\/api.w.org\/{rel}","templated":true}]}}