{"id":3269,"date":"2023-06-06T14:01:33","date_gmt":"2023-06-06T12:01:33","guid":{"rendered":"https:\/\/agora.xtec.cat\/iesthalassa\/?page_id=3269"},"modified":"2023-06-06T14:04:16","modified_gmt":"2023-06-06T12:04:16","slug":"cultura-digital","status":"publish","type":"page","link":"https:\/\/agora.xtec.cat\/iesthalassa\/cultura-digital\/","title":{"rendered":"Cultura digital"},"content":{"rendered":"<p>L\u2019EDC fa refer\u00e8ncia al recull de documentaci\u00f3 que conforma la cultura digital de la comunitat educativa. Tot tenint en compte que aquesta est\u00e0 en constant evoluci\u00f3, en aquest apartat farem un recull dels serveis, accions i eines digitals dels quals disposa al centre per a acompanyar a l\u2019alumnat en el seu creixement i desenvolupament integral.<\/p>\n<p><img decoding=\"async\" src=\"https:\/\/agora.xtec.cat\/ceiplolaanglada\/wp-content\/uploads\/usu1935\/2023\/05\/2_Que-es-la-Cultura-Digital-dun-centre_v3-768x543-1.jpg\" \/><\/p>\n<p>&nbsp;<\/p>\n<p>Fruit de l\u2019experi\u00e8ncia del centre, al llarg dels anys hem anat definint procediments, protocols, normes, acords<br \/>\ni plans per assolir les compet\u00e8ncies digitals. Aquests queden reflectits en el marc normatiu de les NOFC, el PEC del centre i el projecte de direcci\u00f3.<\/p>\n","protected":false},"excerpt":{"rendered":"<p>L\u2019EDC fa refer\u00e8ncia al recull de documentaci\u00f3 que conforma la cultura digital de la comunitat educativa. Tot tenint en compte que aquesta est\u00e0 en constant evoluci\u00f3, en aquest apartat farem un recull dels serveis, accions i eines digitals dels quals disposa al centre per a&hellip;  <a href=\"https:\/\/agora.xtec.cat\/iesthalassa\/cultura-digital\/\" title=\"Read Cultura digital\">Llegeix m\u00e9s\u00bb<\/a><\/p>\n","protected":false},"author":1,"featured_media":0,"parent":0,"menu_order":0,"comment_status":"closed","ping_status":"closed","template":"","meta":{"_bbp_topic_count":0,"_bbp_reply_count":0,"_bbp_total_topic_count":0,"_bbp_total_reply_count":0,"_bbp_voice_count":0,"_bbp_anonymous_reply_count":0,"_bbp_topic_count_hidden":0,"_bbp_reply_count_hidden":0,"_bbp_forum_subforum_count":0,"footnotes":""},"class_list":["post-3269","page","type-page","status-publish","hentry"],"post_mailing_queue_ids":[],"_links":{"self":[{"href":"https:\/\/agora.xtec.cat\/iesthalassa\/wp-json\/wp\/v2\/pages\/3269","targetHints":{"allow":["GET"]}}],"collection":[{"href":"https:\/\/agora.xtec.cat\/iesthalassa\/wp-json\/wp\/v2\/pages"}],"about":[{"href":"https:\/\/agora.xtec.cat\/iesthalassa\/wp-json\/wp\/v2\/types\/page"}],"author":[{"embeddable":true,"href":"https:\/\/agora.xtec.cat\/iesthalassa\/wp-json\/wp\/v2\/users\/1"}],"replies":[{"embeddable":true,"href":"https:\/\/agora.xtec.cat\/iesthalassa\/wp-json\/wp\/v2\/comments?post=3269"}],"version-history":[{"count":3,"href":"https:\/\/agora.xtec.cat\/iesthalassa\/wp-json\/wp\/v2\/pages\/3269\/revisions"}],"predecessor-version":[{"id":3273,"href":"https:\/\/agora.xtec.cat\/iesthalassa\/wp-json\/wp\/v2\/pages\/3269\/revisions\/3273"}],"wp:attachment":[{"href":"https:\/\/agora.xtec.cat\/iesthalassa\/wp-json\/wp\/v2\/media?parent=3269"}],"curies":[{"name":"wp","href":"https:\/\/api.w.org\/{rel}","templated":true}]}}