{"id":3142,"date":"2023-03-10T10:01:17","date_gmt":"2023-03-10T09:01:17","guid":{"rendered":"https:\/\/agora.xtec.cat\/iesthalassa\/?page_id=3142"},"modified":"2023-06-06T13:50:53","modified_gmt":"2023-06-06T11:50:53","slug":"certificats","status":"publish","type":"page","link":"https:\/\/agora.xtec.cat\/iesthalassa\/linstitut\/certificats\/","title":{"rendered":"Certificats"},"content":{"rendered":"<p>Aqu\u00ed us introdu\u00efm els certificats que tenim disponibles en el nostre centre:<\/p>\n<p>&nbsp;<\/p>\n<ul>\n<li><strong>ACTIC (compet\u00e8ncia digital):<\/strong><\/li>\n<\/ul>\n<p>L&#8217;Acreditaci\u00f3 de Compet\u00e8ncies en Tecnologies de la Informaci\u00f3 i la Comunicaci\u00f3, \u00e9s el certificat que acredita les compet\u00e8ncies en tecnologies.<\/p>\n<ul>\n<li><strong>B1 i B2 EOI (escola oficial d&#8217;idiomes) Angl\u00e8s:<\/strong><\/li>\n<\/ul>\n<p>Diferents certificats els quals ens permeten acreditar el nostres coneixements de l&#8217;idioma.<\/p>\n<ul>\n<li><strong>B1 EOI (escola oficial d&#8217;idiomes) Franc\u00e8s:<\/strong><\/li>\n<\/ul>\n<p>Certificat el qual en permet acreditar els nostres coneixements del l&#8217;idioma.<\/p>\n","protected":false},"excerpt":{"rendered":"<p>Aqu\u00ed us introdu\u00efm els certificats que tenim disponibles en el nostre centre:<br \/>\n&nbsp;<\/p>\n<ul>\n<li>ACTIC (compet\u00e8ncia digital):<\/li>\n<\/ul>\n<p>L&#8217;Acreditaci\u00f3 de Compet\u00e8ncies en Tecnologies de la Informaci\u00f3 i la Comunicaci\u00f3, \u00e9s el certificat que acredita les compet\u00e8ncies en tecnologies.<\/p>\n<ul>\n<li>B1 i B2 EOI (escola oficial d&#8217;idiomes) Angl\u00e8s:<\/li>\n<\/ul>\n<p>Diferents certificats els quals ens permeten&hellip;  <a href=\"https:\/\/agora.xtec.cat\/iesthalassa\/linstitut\/certificats\/\" title=\"Read Certificats\">Llegeix m\u00e9s\u00bb<\/a><\/p>\n","protected":false},"author":1,"featured_media":0,"parent":19,"menu_order":0,"comment_status":"closed","ping_status":"closed","template":"","meta":{"_bbp_topic_count":0,"_bbp_reply_count":0,"_bbp_total_topic_count":0,"_bbp_total_reply_count":0,"_bbp_voice_count":0,"_bbp_anonymous_reply_count":0,"_bbp_topic_count_hidden":0,"_bbp_reply_count_hidden":0,"_bbp_forum_subforum_count":0,"footnotes":""},"class_list":["post-3142","page","type-page","status-publish","hentry"],"post_mailing_queue_ids":[],"_links":{"self":[{"href":"https:\/\/agora.xtec.cat\/iesthalassa\/wp-json\/wp\/v2\/pages\/3142","targetHints":{"allow":["GET"]}}],"collection":[{"href":"https:\/\/agora.xtec.cat\/iesthalassa\/wp-json\/wp\/v2\/pages"}],"about":[{"href":"https:\/\/agora.xtec.cat\/iesthalassa\/wp-json\/wp\/v2\/types\/page"}],"author":[{"embeddable":true,"href":"https:\/\/agora.xtec.cat\/iesthalassa\/wp-json\/wp\/v2\/users\/1"}],"replies":[{"embeddable":true,"href":"https:\/\/agora.xtec.cat\/iesthalassa\/wp-json\/wp\/v2\/comments?post=3142"}],"version-history":[{"count":2,"href":"https:\/\/agora.xtec.cat\/iesthalassa\/wp-json\/wp\/v2\/pages\/3142\/revisions"}],"predecessor-version":[{"id":3266,"href":"https:\/\/agora.xtec.cat\/iesthalassa\/wp-json\/wp\/v2\/pages\/3142\/revisions\/3266"}],"up":[{"embeddable":true,"href":"https:\/\/agora.xtec.cat\/iesthalassa\/wp-json\/wp\/v2\/pages\/19"}],"wp:attachment":[{"href":"https:\/\/agora.xtec.cat\/iesthalassa\/wp-json\/wp\/v2\/media?parent=3142"}],"curies":[{"name":"wp","href":"https:\/\/api.w.org\/{rel}","templated":true}]}}