{"id":2012,"date":"2020-10-19T12:11:48","date_gmt":"2020-10-19T10:11:48","guid":{"rendered":"https:\/\/agora.xtec.cat\/iesthalassa\/?page_id=2012"},"modified":"2023-03-10T10:56:56","modified_gmt":"2023-03-10T09:56:56","slug":"escola-inclusiva","status":"publish","type":"page","link":"https:\/\/agora.xtec.cat\/iesthalassa\/projectes\/escola-inclusiva\/","title":{"rendered":"Escola Inclusiva"},"content":{"rendered":"<p>Amb l\u2019educaci\u00f3 inclusiva tots sumem ! Tenim una societat diversa i el nostre centre \u00e9s un reflex d\u2019aquesta realitat. Tots els alumnes tenen el seu lloc al nostre institut. Entenem les dificultats d\u2019aprenentatge com a possibilitats de millora i les difer\u00e8ncies per nosaltres s\u00f3n enriquidores, podem aprendre tots de tots. Fomentem el comprom\u00eds social entre iguals, aprenentatge en valors i l\u2019empatia a fi de despertar la consci\u00e8ncia d\u2019acceptaci\u00f3 d\u2019un m\u00f3n divers.<\/p>\n<p>El <b>SIEI <\/b>\u00e9s un nou recurs de l\u2019Institut, que se suma als suports universals i addicionals per a la inclusi\u00f3.<\/p>\n<p>Aquest suport va adre\u00e7at a <b>alumnes amb necessitats educatives especials ( NEE) <\/b>derivades d\u2019una diversitat funcional, tant a nivell intel\u00b7lectual com en la conducta adaptativa, els quals requereixen al llarg de tota l\u2019escolaritat mesures i suports intensius per poder relacionar-se, participar i aprendre.<\/p>\n<p>L\u2019atenci\u00f3 dels alumnes que reben aquest suport \u00e9s responsabilitat de tot l\u2019equip docent i en concret del tutor del grup de refer\u00e8ncia,\u00a0 <b>l\u2019alumne t\u00e9 el seu grup de refer\u00e8ncia, i \u00e9s aquest espai que ha d\u2019adaptar-se a la necessitat de l\u2019alumne.<\/b><\/p>\n<p>Actualment comptem amb una dotaci\u00f3 de 2 professionals de suport intensiu i una educadora que ofereixen:<\/p>\n<ul>\n<li>Un suport a l\u2019<b>aula ordin\u00e0ria (AO).\u00a0<\/b><\/li>\n<li>Atenci\u00f3 individual de l\u2019alumne a l\u2019<b>espai de suport<\/b>.<\/li>\n<li>Acompanyament de l\u2019alumne en sortides i \/o activitats realitzades fora del centre.<\/li>\n<li>Coordinaci\u00f3 amb les fam\u00edlies i professionals externs.<\/li>\n<li>Suport per a l\u2019equip docent:<\/li>\n<\/ul>\n<p>-Col\u00b7laborar en l\u2019elaboraci\u00f3 del <b>pla de suport individualitzat <\/b>(PI) amb els tutors i amb la resta de l&#8217;equip docent, i d&#8217;una manera especial amb els de l&#8217;especialitat d&#8217;orientaci\u00f3 educativa i amb l&#8217;EAP.<\/p>\n<p>&#8211; Planificar amb tutors i altres especialistes activitats d\u2019aprenentatge de <b>disseny universal<\/b> amb metodologies flexibles i col.laborar en la seva implementaci\u00f3 a fi de promoure la participaci\u00f3 i aprenentatges dels alumnes NESE.<\/p>\n<p>-Col\u00b7laborar en el <b>seguiment i l\u2019avaluaci\u00f3<\/b> dels alumnes amb la valoraci\u00f3 sistem\u00e0tica del proc\u00e9s d\u2019assoliment de les compet\u00e8ncies.<\/p>\n<p><strong><span style=\"text-decoration: underline;\">Aqu\u00ed teniu el BLOG fet pels alumnes d&#8217;aquest curs on detallen les diferents activitats que realitzen:<\/span><\/strong><\/p>\n<ul>\n<li><strong>Ructer\u00e0pia:<\/strong><\/li>\n<\/ul>\n<p><a href=\"https:\/\/sites.google.com\/view\/ruc-terapia-thalassa\/inici?pli=1\">https:\/\/sites.google.com\/view\/ruc-terapia-thalassa\/inici?pli=1<\/a><\/p>\n","protected":false},"excerpt":{"rendered":"<p>Amb l\u2019educaci\u00f3 inclusiva tots sumem ! Tenim una societat diversa i el nostre centre \u00e9s un reflex d\u2019aquesta realitat. Tots els alumnes tenen el seu lloc al nostre institut. Entenem les dificultats d\u2019aprenentatge com a possibilitats de millora i les difer\u00e8ncies per nosaltres s\u00f3n enriquidores,&hellip;  <a href=\"https:\/\/agora.xtec.cat\/iesthalassa\/projectes\/escola-inclusiva\/\" title=\"Read Escola Inclusiva\">Llegeix m\u00e9s\u00bb<\/a><\/p>\n","protected":false},"author":1,"featured_media":0,"parent":642,"menu_order":9,"comment_status":"closed","ping_status":"closed","template":"","meta":{"_bbp_topic_count":0,"_bbp_reply_count":0,"_bbp_total_topic_count":0,"_bbp_total_reply_count":0,"_bbp_voice_count":0,"_bbp_anonymous_reply_count":0,"_bbp_topic_count_hidden":0,"_bbp_reply_count_hidden":0,"_bbp_forum_subforum_count":0,"footnotes":""},"class_list":["post-2012","page","type-page","status-publish","hentry"],"post_mailing_queue_ids":[],"_links":{"self":[{"href":"https:\/\/agora.xtec.cat\/iesthalassa\/wp-json\/wp\/v2\/pages\/2012","targetHints":{"allow":["GET"]}}],"collection":[{"href":"https:\/\/agora.xtec.cat\/iesthalassa\/wp-json\/wp\/v2\/pages"}],"about":[{"href":"https:\/\/agora.xtec.cat\/iesthalassa\/wp-json\/wp\/v2\/types\/page"}],"author":[{"embeddable":true,"href":"https:\/\/agora.xtec.cat\/iesthalassa\/wp-json\/wp\/v2\/users\/1"}],"replies":[{"embeddable":true,"href":"https:\/\/agora.xtec.cat\/iesthalassa\/wp-json\/wp\/v2\/comments?post=2012"}],"version-history":[{"count":3,"href":"https:\/\/agora.xtec.cat\/iesthalassa\/wp-json\/wp\/v2\/pages\/2012\/revisions"}],"predecessor-version":[{"id":3146,"href":"https:\/\/agora.xtec.cat\/iesthalassa\/wp-json\/wp\/v2\/pages\/2012\/revisions\/3146"}],"up":[{"embeddable":true,"href":"https:\/\/agora.xtec.cat\/iesthalassa\/wp-json\/wp\/v2\/pages\/642"}],"wp:attachment":[{"href":"https:\/\/agora.xtec.cat\/iesthalassa\/wp-json\/wp\/v2\/media?parent=2012"}],"curies":[{"name":"wp","href":"https:\/\/api.w.org\/{rel}","templated":true}]}}