{"id":55,"date":"2014-09-17T16:59:49","date_gmt":"2014-09-17T16:59:49","guid":{"rendered":"http:\/\/agora.xtec.cat\/iesterraroja\/?page_id=55"},"modified":"2017-10-18T15:45:01","modified_gmt":"2017-10-18T13:45:01","slug":"horaris","status":"publish","type":"page","link":"https:\/\/agora.xtec.cat\/iesterraroja\/linstitut\/horaris\/","title":{"rendered":"Horaris"},"content":{"rendered":"<h4>Horari del centre<\/h4>\n<p>L&#8217;horari de l&#8217;alumnat \u00e9s de 8:00h a 14:40h.<\/p>\n<p>El centre roman obert tots els matins en el mateix horari i dilluns i dimecres a la tarda de 15:30h a 17:30h.<\/p>\n<h4>Horari d&#8217;administraci\u00f3<\/h4>\n<p>L&#8217;horari d&#8217;atenci\u00f3 al p\u00fablic \u00e9s de 9h a 14h.<\/p>\n<p>Podeu contactar per tel\u00e8fon 933869004 o per correu electr\u00f2nic a iesterraroja@xtec.cat<\/p>\n","protected":false},"excerpt":{"rendered":"<p>Horari del centre<br \/>\nL&#8217;horari de l&#8217;alumnat \u00e9s de 8:00h a 14:40h.<br \/>\nEl centre roman obert tots els matins en el mateix horari i dilluns i dimecres a la tarda de 15:30h a 17:30h.<br \/>\nHorari d&#8217;administraci\u00f3<br \/>\nL&#8217;horari d&#8217;atenci\u00f3 al p\u00fablic \u00e9s de 9h a 14h.<br \/>\nPodeu contactar per tel\u00e8fon 933869004 o&hellip;  <a href=\"https:\/\/agora.xtec.cat\/iesterraroja\/linstitut\/horaris\/\" title=\"Read Horaris\">Llegeix m\u00e9s\u00bb<\/a><\/p>\n","protected":false},"author":1,"featured_media":0,"parent":19,"menu_order":80,"comment_status":"closed","ping_status":"closed","template":"page-templates\/side-menu.php","meta":{"_bbp_topic_count":0,"_bbp_reply_count":0,"_bbp_total_topic_count":0,"_bbp_total_reply_count":0,"_bbp_voice_count":0,"_bbp_anonymous_reply_count":0,"_bbp_topic_count_hidden":0,"_bbp_reply_count_hidden":0,"_bbp_forum_subforum_count":0,"footnotes":""},"class_list":["post-55","page","type-page","status-publish","hentry"],"post_mailing_queue_ids":[],"_links":{"self":[{"href":"https:\/\/agora.xtec.cat\/iesterraroja\/wp-json\/wp\/v2\/pages\/55","targetHints":{"allow":["GET"]}}],"collection":[{"href":"https:\/\/agora.xtec.cat\/iesterraroja\/wp-json\/wp\/v2\/pages"}],"about":[{"href":"https:\/\/agora.xtec.cat\/iesterraroja\/wp-json\/wp\/v2\/types\/page"}],"author":[{"embeddable":true,"href":"https:\/\/agora.xtec.cat\/iesterraroja\/wp-json\/wp\/v2\/users\/1"}],"replies":[{"embeddable":true,"href":"https:\/\/agora.xtec.cat\/iesterraroja\/wp-json\/wp\/v2\/comments?post=55"}],"version-history":[{"count":3,"href":"https:\/\/agora.xtec.cat\/iesterraroja\/wp-json\/wp\/v2\/pages\/55\/revisions"}],"predecessor-version":[{"id":9272,"href":"https:\/\/agora.xtec.cat\/iesterraroja\/wp-json\/wp\/v2\/pages\/55\/revisions\/9272"}],"up":[{"embeddable":true,"href":"https:\/\/agora.xtec.cat\/iesterraroja\/wp-json\/wp\/v2\/pages\/19"}],"wp:attachment":[{"href":"https:\/\/agora.xtec.cat\/iesterraroja\/wp-json\/wp\/v2\/media?parent=55"}],"curies":[{"name":"wp","href":"https:\/\/api.w.org\/{rel}","templated":true}]}}