{"id":11270,"date":"2023-03-09T19:16:25","date_gmt":"2023-03-09T18:16:25","guid":{"rendered":"https:\/\/agora.xtec.cat\/iesterraroja\/?page_id=11270"},"modified":"2023-06-29T12:01:38","modified_gmt":"2023-06-29T10:01:38","slug":"preinscripcio-pfi-2023-2024","status":"publish","type":"page","link":"https:\/\/agora.xtec.cat\/iesterraroja\/preinscripcio-pfi-2023-2024\/","title":{"rendered":"PREINSCRIPCI\u00d3 PFI 2023-2024"},"content":{"rendered":"<p><a href=\"https:\/\/agora.xtec.cat\/iesterraroja\/wp-content\/uploads\/usu1553\/2023\/03\/Captura-de-pantalla-2023-03-11-a-les-9.07.55.png\"><img loading=\"lazy\" decoding=\"async\" class=\"wp-image-11289 alignleft\" src=\"https:\/\/agora.xtec.cat\/iesterraroja\/wp-content\/uploads\/usu1553\/2023\/03\/Captura-de-pantalla-2023-03-11-a-les-9.07.55-922x1024.png\" alt=\"\" width=\"500\" height=\"555\" srcset=\"https:\/\/agora.xtec.cat\/iesterraroja\/wp-content\/uploads\/usu1553\/2023\/03\/Captura-de-pantalla-2023-03-11-a-les-9.07.55-922x1024.png 922w, https:\/\/agora.xtec.cat\/iesterraroja\/wp-content\/uploads\/usu1553\/2023\/03\/Captura-de-pantalla-2023-03-11-a-les-9.07.55-270x300.png 270w, https:\/\/agora.xtec.cat\/iesterraroja\/wp-content\/uploads\/usu1553\/2023\/03\/Captura-de-pantalla-2023-03-11-a-les-9.07.55-768x853.png 768w, https:\/\/agora.xtec.cat\/iesterraroja\/wp-content\/uploads\/usu1553\/2023\/03\/Captura-de-pantalla-2023-03-11-a-les-9.07.55.png 990w\" sizes=\"auto, (max-width: 500px) 100vw, 500px\" \/><\/a><\/p>\n<h4><\/h4>\n<h4><\/h4>\n<h4><\/h4>\n<h4><a href=\"https:\/\/drive.google.com\/file\/d\/1sp-KNMV7q5R-Rc_w2m-BQxgxRvPeVLAo\/view?usp=sharing\">\ud83d\udd17 Publicaci\u00f3 de l&#8217;oferta inicial de places PFIs<\/a><\/h4>\n<p>&nbsp;<\/p>\n<h3 class=\"entry-title\"><strong>PFI auxiliar de vendes, oficina i atenci\u00f3 al p\u00fablic<\/strong><\/h3>\n<h4><a href=\"https:\/\/drive.google.com\/file\/d\/1s2JViJfvTF6DGDcyaJoj3xBIOoaDVg7N\/view?usp=sharing\">\ud83d\udd17 Publicaci\u00f3 de la llista amb la puntuaci\u00f3 provisional PFI Auxiliar de vendes, oficina i atenci\u00f3 al p\u00fablic<\/a><\/h4>\n<h4><a href=\"https:\/\/drive.google.com\/file\/d\/19bMEolcgfxKRY8uEev8rX7vkpoEWMf0g\/view?usp=share_link\">\ud83d\udd17 Publicaci\u00f3 de la llista ordenada definitiva PFI Auxiliar de vendes, oficina i atenci\u00f3 al p\u00fablic<\/a><\/h4>\n<h4><a href=\"https:\/\/drive.google.com\/file\/d\/1gDlyhjoMLiGdiMgymE3KgiKyY-ySa-KZ\/view?usp=share_link\">\ud83d\udd17 Llista d&#8217;admesos PFI Auxiliar de vendes, oficina i atenci\u00f3 al p\u00fablic<\/a><\/h4>\n<p>&nbsp;<\/p>\n<h3 class=\"entry-title\"><strong>PFI Auxiliar d\u2019Activitats Esportives<\/strong><\/h3>\n<h4><a href=\"https:\/\/drive.google.com\/file\/d\/1uBslyNL1X20O0ldZQIjRWjHxhel4PjfN\/view?usp=sharing\">\ud83d\udd17 Publicaci\u00f3 de la llista amb la puntuaci\u00f3 provisional PFI Auxiliar d&#8217;activitats esportives<\/a><\/h4>\n<h4><a href=\"https:\/\/drive.google.com\/file\/d\/13WkRegtLy_bDP7mvnFuphj8XrckIbMsQ\/view?usp=share_link\">\ud83d\udd17 Publicaci\u00f3 de la llista ordenada definitiva PFI Auxiliar d&#8217;activitats esportives<\/a><\/h4>\n<h4><a href=\"https:\/\/drive.google.com\/file\/d\/12vGHfzI-DpxysQGDtdDjYAgsZwGJWDm0\/view?usp=share_link\">\ud83d\udd17 Llista d&#8217;admesos PFI Auxiliar d&#8217;activitats esportives<\/a><\/h4>\n<p>&nbsp;<\/p>\n<h3 class=\"entry-title\"><b>Llista de preinscrits al P.F.I. amb centre d&#8217;assignaci\u00f3<\/b><\/h3>\n<h4><a href=\"https:\/\/drive.google.com\/file\/d\/1Fe8stFMOnqvsNuryogaishkH0jhAvkk4\/view?usp=share_link\">\ud83d\udd17 Llista de preinscrits al P.F.I amb centre d&#8217;assignaci\u00f3<\/a><\/h4>\n","protected":false},"excerpt":{"rendered":"<p><a href=\"https:\/\/agora.xtec.cat\/iesterraroja\/wp-content\/uploads\/usu1553\/2023\/03\/Captura-de-pantalla-2023-03-11-a-les-9.07.55.png\"><\/a><\/p>\n<p><a href=\"https:\/\/drive.google.com\/file\/d\/1sp-KNMV7q5R-Rc_w2m-BQxgxRvPeVLAo\/view?usp=sharing\">\ud83d\udd17 Publicaci\u00f3 de l&#8217;oferta inicial de places PFIs<\/a><br \/>\n&nbsp;<br \/>\nPFI auxiliar de vendes, oficina i atenci\u00f3 al p\u00fablic<br \/>\n<a href=\"https:\/\/drive.google.com\/file\/d\/1s2JViJfvTF6DGDcyaJoj3xBIOoaDVg7N\/view?usp=sharing\">\ud83d\udd17 Publicaci\u00f3 de la llista amb la puntuaci\u00f3 provisional PFI Auxiliar de vendes, oficina i atenci\u00f3 al p\u00fablic<\/a><br \/>\n<a href=\"https:\/\/drive.google.com\/file\/d\/19bMEolcgfxKRY8uEev8rX7vkpoEWMf0g\/view?usp=share_link\">\ud83d\udd17 Publicaci\u00f3 de la llista ordenada definitiva PFI Auxiliar&hellip;  <a href=\"https:\/\/agora.xtec.cat\/iesterraroja\/preinscripcio-pfi-2023-2024\/\" title=\"Read PREINSCRIPCI\u00d3 PFI 2023-2024\">Llegeix m\u00e9s\u00bb<\/a><\/p>\n","protected":false},"author":1,"featured_media":0,"parent":0,"menu_order":0,"comment_status":"closed","ping_status":"closed","template":"","meta":{"_bbp_topic_count":0,"_bbp_reply_count":0,"_bbp_total_topic_count":0,"_bbp_total_reply_count":0,"_bbp_voice_count":0,"_bbp_anonymous_reply_count":0,"_bbp_topic_count_hidden":0,"_bbp_reply_count_hidden":0,"_bbp_forum_subforum_count":0,"footnotes":""},"class_list":["post-11270","page","type-page","status-publish","hentry"],"post_mailing_queue_ids":[],"_links":{"self":[{"href":"https:\/\/agora.xtec.cat\/iesterraroja\/wp-json\/wp\/v2\/pages\/11270","targetHints":{"allow":["GET"]}}],"collection":[{"href":"https:\/\/agora.xtec.cat\/iesterraroja\/wp-json\/wp\/v2\/pages"}],"about":[{"href":"https:\/\/agora.xtec.cat\/iesterraroja\/wp-json\/wp\/v2\/types\/page"}],"author":[{"embeddable":true,"href":"https:\/\/agora.xtec.cat\/iesterraroja\/wp-json\/wp\/v2\/users\/1"}],"replies":[{"embeddable":true,"href":"https:\/\/agora.xtec.cat\/iesterraroja\/wp-json\/wp\/v2\/comments?post=11270"}],"version-history":[{"count":3,"href":"https:\/\/agora.xtec.cat\/iesterraroja\/wp-json\/wp\/v2\/pages\/11270\/revisions"}],"predecessor-version":[{"id":11411,"href":"https:\/\/agora.xtec.cat\/iesterraroja\/wp-json\/wp\/v2\/pages\/11270\/revisions\/11411"}],"wp:attachment":[{"href":"https:\/\/agora.xtec.cat\/iesterraroja\/wp-json\/wp\/v2\/media?parent=11270"}],"curies":[{"name":"wp","href":"https:\/\/api.w.org\/{rel}","templated":true}]}}