{"id":11150,"date":"2023-01-12T20:51:45","date_gmt":"2023-01-12T19:51:45","guid":{"rendered":"https:\/\/agora.xtec.cat\/iesterraroja\/?page_id=11150"},"modified":"2024-03-24T19:36:34","modified_gmt":"2024-03-24T18:36:34","slug":"pfi-esports","status":"publish","type":"page","link":"https:\/\/agora.xtec.cat\/iesterraroja\/pfi\/pfi-esports\/","title":{"rendered":"PFI Auxiliar d&#8217;Activitats Esportives (No s&#8217;imparteix el curs vinent)"},"content":{"rendered":"<div class=\"gmail-NG-menu__wrapper_title\" role=\"main\">\n<p class=\"gmail-NG-menu__title\" style=\"text-align: justify;\">Aquests estudis capaciten per dur a terme tasques auxiliars en l\u2019\u00e0mbit de l\u2019organitzaci\u00f3 i la dinamitzaci\u00f3 d\u2019activitats i en el funcionament d\u2019instal\u00b7lacions esportives.<\/p>\n<p class=\"gmail-NG-menu__title\" style=\"text-align: justify;\">Tenen una durada total de 1.000 hores, un curs acad\u00e8mic.<\/p>\n<\/div>\n<p style=\"text-align: justify;\"><strong><a href=\"https:\/\/xtec.gencat.cat\/web\/.content\/curriculum\/professionals\/pfi\/Auxiliar-dactivitats-esportives.pdf\">FITXA T\u00c8CNICA RESUM<\/a><\/strong><\/p>\n<div class=\"gmail-NG-menu__wrapper_title\" role=\"main\">\n<p class=\"gmail-NG-menu__title\" style=\"text-align: justify;\"><strong>Ensenyament:\u00a0<\/strong>Programes de formaci\u00f3 i inserci\u00f3<\/p>\n<p class=\"gmail-NG-menu__title\" style=\"text-align: justify;\"><strong>Fam\u00edlia professional:<\/strong>\u00a0Activitats f\u00edsiques i esportives<\/p>\n<h6 style=\"text-align: justify;\"><span style=\"font-size: large;\">Quines s\u00f3n les sortides acad\u00e8miques i professionals?<\/span><\/h6>\n<p class=\"gmail-NG-menu__title\" style=\"text-align: justify;\"><strong>Sortides acad\u00e8miques<\/strong><\/p>\n<ul style=\"text-align: justify;\">\n<li class=\"gmail-NG-menu__title\">La superaci\u00f3 d\u2019aquest programa de formaci\u00f3 i inserci\u00f3 (PFI) comporta el seg\u00fcent:<\/li>\n<li class=\"gmail-NG-menu__title\">Certificat acad\u00e8mic i professional, que cont\u00e9 la qualificaci\u00f3 final obtinguda en el PFI i acredita les compet\u00e8ncies professionals assolides.<\/li>\n<li class=\"gmail-NG-menu__title\">Certificat del Curs d\u2019acc\u00e9s als cicles formatius de grau mitj\u00e0 (CAM), si el PFI s\u2019ha cursat en un centre autoritzat a impartir aquest Curs d\u2019acc\u00e9s.<\/li>\n<li class=\"gmail-NG-menu__title\">Acc\u00e9s als cicles formatius de grau mitj\u00e0, d\u2019acord amb la Resoluci\u00f3 EDU\/2638\/2020, de 26 d\u2019octubre.<\/li>\n<li class=\"gmail-NG-menu__title\">Reconeixement dels m\u00f2duls professionals superats en el PFI per a l\u2019obtenci\u00f3 del t\u00edtol professional b\u00e0sic associat al perfil.<\/li>\n<li class=\"gmail-NG-menu__title\">Acc\u00e9s als centres de formaci\u00f3 d\u2019adults per obtenir el graduat en educaci\u00f3 secund\u00e0ria obligat\u00f2ria (GESO), sense complir el requisit de tenir 18 anys<\/li>\n<\/ul>\n<p class=\"gmail-NG-menu__title\" style=\"text-align: justify;\"><strong>Sortides professional<\/strong><\/p>\n<ul style=\"text-align: justify;\">\n<li class=\"gmail-NG-menu__title\">La superaci\u00f3 d\u2019aquest PFI permet accedir al m\u00f3n laboral com a:<\/li>\n<li class=\"gmail-NG-menu__title\">Acompanyant d\u2019usuaris i usu\u00e0ries en instal\u00b7lacions esportives.<\/li>\n<li class=\"gmail-NG-menu__title\">Auxiliar de control d\u2019instal\u00b7lacions esportives.<\/li>\n<li class=\"gmail-NG-menu__title\">Auxiliar de d\u2019accessos a instal\u00b7lacions esportives.<\/li>\n<li class=\"gmail-NG-menu__title\">Auxiliar de monitor o monitora d\u2019activitats poliesportives.<\/li>\n<li class=\"gmail-NG-menu__title\">Auxiliar de monitor o monitora d\u2019activitats d\u2019estiu.<\/li>\n<\/ul>\n<h6 class=\"gmail-NG-menu__title\" style=\"text-align: justify;\"><span style=\"font-size: large;\">Qu\u00e8 necessito saber?<\/span><\/h6>\n<p class=\"gmail-NG-menu__title\" style=\"text-align: justify;\"><strong>Mat\u00e8ries i continguts que s\u2019imparteixen<\/strong><\/p>\n<p class=\"gmail-NG-menu__title\" style=\"text-align: justify;\"><strong>M\u00f2duls de formaci\u00f3 professional (entre 615 i 665 hores)<\/strong><\/p>\n<ul style=\"text-align: justify;\">\n<li class=\"gmail-NG-menu__title\">Acc\u00e9s d\u2019Usuaris i Organitzaci\u00f3 de la Instal\u00b7laci\u00f3 Fisicoesportiva<\/li>\n<li class=\"gmail-NG-menu__title\">Assist\u00e8ncia en l\u2019Organitzaci\u00f3 d\u2019Espais, Activitats i Repartiment de Material en la Instal\u00b7laci\u00f3 Fisicoesportiva<\/li>\n<li class=\"gmail-NG-menu__title\">Operacions B\u00e0siques de suport d\u2019Emerg\u00e8ncies en Instal\u00b7lacions Esportives<\/li>\n<li class=\"gmail-NG-menu__title\">Primers Auxilis<\/li>\n<li class=\"gmail-NG-menu__title\">Fonaments de les Activitats F\u00edsiques i Esportives<\/li>\n<li class=\"gmail-NG-menu__title\">Projecte Integrat<\/li>\n<li class=\"gmail-NG-menu__title\">Formaci\u00f3 B\u00e0sica en Prevenci\u00f3 de Riscos Laborals<\/li>\n<li class=\"gmail-NG-menu__title\">Formaci\u00f3 Pr\u00e0ctica en Empreses (m\u00ednim 180 hores)<\/li>\n<\/ul>\n<p class=\"gmail-NG-menu__title\" style=\"text-align: justify;\"><strong>M\u00f2duls de formaci\u00f3 general (entre 295 i 345 hores)<\/strong><\/p>\n<ul style=\"text-align: justify;\">\n<li class=\"gmail-NG-menu__title\">Estrat\u00e8gies i Eines de Comunicaci\u00f3<\/li>\n<li class=\"gmail-NG-menu__title\">Entorn Social i Territorial<\/li>\n<li class=\"gmail-NG-menu__title\">Estrat\u00e8gies i Eines Matem\u00e0tiques<\/li>\n<li class=\"gmail-NG-menu__title\">Incorporaci\u00f3 al M\u00f3n Professional<\/li>\n<\/ul>\n<p class=\"gmail-NG-menu__title\" style=\"text-align: justify;\"><strong>Tutoria, seguiment i orientaci\u00f3 personalitzada (40 hores)\u00a0<\/strong>Inclouen:<\/p>\n<p class=\"gmail-NG-menu__title\" style=\"text-align: justify;\">Qualificaci\u00f3 professional incompleta: AFD 500_1 Operacions auxiliars en l\u2019organitzaci\u00f3 d\u2019activitats i funcionament d\u2019instal\u00b7lacions esportives<\/p>\n<\/div>\n<p><a href=\"https:\/\/agora.xtec.cat\/iesterraroja\/wp-content\/uploads\/usu1553\/2023\/04\/PFIesport1.png\"><img loading=\"lazy\" decoding=\"async\" class=\"alignnone size-full wp-image-11315\" src=\"https:\/\/agora.xtec.cat\/iesterraroja\/wp-content\/uploads\/usu1553\/2023\/04\/PFIesport1.png\" alt=\"\" width=\"892\" height=\"668\" srcset=\"https:\/\/agora.xtec.cat\/iesterraroja\/wp-content\/uploads\/usu1553\/2023\/04\/PFIesport1.png 892w, https:\/\/agora.xtec.cat\/iesterraroja\/wp-content\/uploads\/usu1553\/2023\/04\/PFIesport1-300x225.png 300w, https:\/\/agora.xtec.cat\/iesterraroja\/wp-content\/uploads\/usu1553\/2023\/04\/PFIesport1-768x575.png 768w, https:\/\/agora.xtec.cat\/iesterraroja\/wp-content\/uploads\/usu1553\/2023\/04\/PFIesport1-200x150.png 200w\" sizes=\"auto, (max-width: 892px) 100vw, 892px\" \/><\/a><\/p>\n<p><a href=\"https:\/\/agora.xtec.cat\/iesterraroja\/wp-content\/uploads\/usu1553\/2023\/04\/PFIesport2.png\"><img loading=\"lazy\" decoding=\"async\" class=\"alignnone wp-image-11316\" src=\"https:\/\/agora.xtec.cat\/iesterraroja\/wp-content\/uploads\/usu1553\/2023\/04\/PFIesport2.png\" alt=\"\" width=\"373\" height=\"498\" srcset=\"https:\/\/agora.xtec.cat\/iesterraroja\/wp-content\/uploads\/usu1553\/2023\/04\/PFIesport2.png 500w, https:\/\/agora.xtec.cat\/iesterraroja\/wp-content\/uploads\/usu1553\/2023\/04\/PFIesport2-225x300.png 225w\" sizes=\"auto, (max-width: 373px) 100vw, 373px\" \/>\u00a0<\/a> <a href=\"https:\/\/agora.xtec.cat\/iesterraroja\/wp-content\/uploads\/usu1553\/2023\/04\/PFIesport3.png\"><img loading=\"lazy\" decoding=\"async\" class=\"alignnone wp-image-11317\" src=\"https:\/\/agora.xtec.cat\/iesterraroja\/wp-content\/uploads\/usu1553\/2023\/04\/PFIesport3.png\" alt=\"\" width=\"373\" height=\"498\" srcset=\"https:\/\/agora.xtec.cat\/iesterraroja\/wp-content\/uploads\/usu1553\/2023\/04\/PFIesport3.png 500w, https:\/\/agora.xtec.cat\/iesterraroja\/wp-content\/uploads\/usu1553\/2023\/04\/PFIesport3-225x300.png 225w\" sizes=\"auto, (max-width: 373px) 100vw, 373px\" \/><\/a><\/p>\n","protected":false},"excerpt":{"rendered":"<p>Aquests estudis capaciten per dur a terme tasques auxiliars en l\u2019\u00e0mbit de l\u2019organitzaci\u00f3 i la dinamitzaci\u00f3 d\u2019activitats i en el funcionament d\u2019instal\u00b7lacions esportives.<br \/>\nTenen una durada total de 1.000 hores, un curs acad\u00e8mic.<\/p>\n<p><a href=\"https:\/\/xtec.gencat.cat\/web\/.content\/curriculum\/professionals\/pfi\/Auxiliar-dactivitats-esportives.pdf\">FITXA T\u00c8CNICA RESUM<\/a><\/p>\n<p>Ensenyament:\u00a0Programes de formaci\u00f3 i inserci\u00f3<br \/>\nFam\u00edlia professional:\u00a0Activitats f\u00edsiques i esportives<br \/>\nQuines s\u00f3n les&hellip;  <a href=\"https:\/\/agora.xtec.cat\/iesterraroja\/pfi\/pfi-esports\/\" title=\"Read PFI Auxiliar d&#8217;Activitats Esportives (No s&#8217;imparteix el curs vinent)\">Llegeix m\u00e9s\u00bb<\/a><\/p>\n","protected":false},"author":1,"featured_media":0,"parent":11136,"menu_order":0,"comment_status":"closed","ping_status":"closed","template":"page-templates\/side-menu.php","meta":{"_bbp_topic_count":0,"_bbp_reply_count":0,"_bbp_total_topic_count":0,"_bbp_total_reply_count":0,"_bbp_voice_count":0,"_bbp_anonymous_reply_count":0,"_bbp_topic_count_hidden":0,"_bbp_reply_count_hidden":0,"_bbp_forum_subforum_count":0,"footnotes":""},"class_list":["post-11150","page","type-page","status-publish","hentry"],"post_mailing_queue_ids":[],"_links":{"self":[{"href":"https:\/\/agora.xtec.cat\/iesterraroja\/wp-json\/wp\/v2\/pages\/11150","targetHints":{"allow":["GET"]}}],"collection":[{"href":"https:\/\/agora.xtec.cat\/iesterraroja\/wp-json\/wp\/v2\/pages"}],"about":[{"href":"https:\/\/agora.xtec.cat\/iesterraroja\/wp-json\/wp\/v2\/types\/page"}],"author":[{"embeddable":true,"href":"https:\/\/agora.xtec.cat\/iesterraroja\/wp-json\/wp\/v2\/users\/1"}],"replies":[{"embeddable":true,"href":"https:\/\/agora.xtec.cat\/iesterraroja\/wp-json\/wp\/v2\/comments?post=11150"}],"version-history":[{"count":4,"href":"https:\/\/agora.xtec.cat\/iesterraroja\/wp-json\/wp\/v2\/pages\/11150\/revisions"}],"predecessor-version":[{"id":11657,"href":"https:\/\/agora.xtec.cat\/iesterraroja\/wp-json\/wp\/v2\/pages\/11150\/revisions\/11657"}],"up":[{"embeddable":true,"href":"https:\/\/agora.xtec.cat\/iesterraroja\/wp-json\/wp\/v2\/pages\/11136"}],"wp:attachment":[{"href":"https:\/\/agora.xtec.cat\/iesterraroja\/wp-json\/wp\/v2\/media?parent=11150"}],"curies":[{"name":"wp","href":"https:\/\/api.w.org\/{rel}","templated":true}]}}